{"id":26669,"date":"2022-11-28T12:27:33","date_gmt":"2022-11-28T12:27:33","guid":{"rendered":"http:\/\/www.sakababeauty.com\/?post_type=product&#038;p=26669"},"modified":"2022-11-28T12:27:33","modified_gmt":"2022-11-28T12:27:33","slug":"clinique-dramatically-different-hydrating-jelly-anti-pollution-gelee","status":"publish","type":"product","link":"https:\/\/sakaba.mghosteur.com\/en\/product\/clinique-dramatically-different-hydrating-jelly-anti-pollution-gelee\/","title":{"rendered":"Clinique Dramatically different hydrating jelly anti-pollution Gelee"},"content":{"rendered":"","protected":false},"excerpt":{"rendered":"","protected":false},"featured_media":0,"comment_status":"closed","ping_status":"closed","template":"","meta":[],"product_brand":[],"product_cat":[377],"product_tag":[],"class_list":{"0":"post-26669","1":"product","2":"type-product","3":"status-publish","5":"product_cat-bath-body-works","7":"first","8":"instock","9":"shipping-taxable","10":"product-type-simple"},"jetpack-related-posts":[{"id":29890,"url":"https:\/\/sakaba.mghosteur.com\/en\/product\/vaseline-100-pure-petroleum-jelly-50g\/","url_meta":{"origin":26669,"position":0},"title":"VASELINE 100% PURE PETROLEUM JELLY 50G","author":"admin","date":"April 27, 2023","format":false,"excerpt":"D\u00e9couvrez la gel\u00e9e de p\u00e9trole Vaseline\u00ae, une solution efficace pour prendre soin de votre peau s\u00e8che, ab\u00eem\u00e9e ou craquel\u00e9e. Sa formule triplement purifi\u00e9e est cliniquement prouv\u00e9e pour aider \u00e0 gu\u00e9rir les dommages cutan\u00e9s en cr\u00e9ant une barri\u00e8re protectrice et en emprisonnant l'humidit\u00e9. Cette gel\u00e9e hypoallerg\u00e9nique et non com\u00e9dog\u00e8ne est parfaite\u2026","rel":"","context":"Similar post","block_context":{"text":"Similar post","link":""},"img":{"alt_text":"","src":"","width":0,"height":0},"classes":[]},{"id":26659,"url":"https:\/\/sakaba.mghosteur.com\/en\/product\/clinique-dramatically-different-oil-free-gel-peau-grasse\/","url_meta":{"origin":26669,"position":1},"title":"Clinique Dramatically Different Oil-Free Gel Peau-Grasse","author":"admin","date":"November 28, 2022","format":false,"excerpt":"","rel":"","context":"Similar post","block_context":{"text":"Similar post","link":""},"img":{"alt_text":"","src":"","width":0,"height":0},"classes":[]},{"id":31735,"url":"https:\/\/sakaba.mghosteur.com\/en\/product\/byoma-creamy-jelly-cleanser\/","url_meta":{"origin":26669,"position":2},"title":"BYOMA CREAMY JELLY CLEANSER","author":"admin","date":"May 10, 2024","format":false,"excerpt":"GEL\u00c9E NETTOYANTE CR\u00c9MEUSE HYDRATANTE ET \u00c9CLAIRCISSANTE 175 ML\/5,91 FL.OZ Cette gel\u00e9e nettoyante hydratante ultra-cr\u00e8me \u00e9limine en douceur et efficacement la salet\u00e9, l'exc\u00e8s de s\u00e9bum et le maquillage sans perturber la barri\u00e8re cutan\u00e9e. C'est le nettoyant quotidien id\u00e9al pour votre visage, tout-en-un. Infus\u00e9e de notre complexe tri-c\u00e9ramide, qui renforce la barri\u00e8re\u2026","rel":"","context":"Similar post","block_context":{"text":"Similar post","link":""},"img":{"alt_text":"","src":"","width":0,"height":0},"classes":[]},{"id":31530,"url":"https:\/\/sakaba.mghosteur.com\/en\/product\/vaseline-cocoa-butter-healing-jelly-212g\/","url_meta":{"origin":26669,"position":3},"title":"VASELINE COCOA BUTTER HEALING JELLY 212G","author":"admin","date":"May 10, 2024","format":false,"excerpt":"D\u00e9couvrez cette gel\u00e9e cicatrisante Vaseline, une solution pour la peau s\u00e8che et terne. Enrichie en beurre de cacao, cette formule ravive et nourrit la peau, lui redonnant un \u00e9clat radieux et une apparence saine. Id\u00e9ale pour les peaux s\u00e8ches et ternes, cette gel\u00e9e cicatrisante est fabriqu\u00e9e avec de la vaseline\u2026","rel":"","context":"Similar post","block_context":{"text":"Similar post","link":""},"img":{"alt_text":"","src":"","width":0,"height":0},"classes":[]},{"id":29887,"url":"https:\/\/sakaba.mghosteur.com\/en\/product\/vaseline-100-healing-petroleum-jelly-212g\/","url_meta":{"origin":26669,"position":4},"title":"VASELINE 100% HEALING PETROLEUM JELLY 212G","author":"admin","date":"April 27, 2023","format":false,"excerpt":"D\u00e9couvrez la gel\u00e9e cicatrisante originale de la marque Vaseline pour une peau hydrat\u00e9e et soign\u00e9e. Cette gel\u00e9e est triplement purifi\u00e9e et 100 % pure pour aider \u00e0 gu\u00e9rir les peaux ab\u00eem\u00e9es, craquel\u00e9es et s\u00e8ches. Elle cr\u00e9e une barri\u00e8re protectrice et favorise le processus naturel de gu\u00e9rison de la peau gr\u00e2ce\u2026","rel":"","context":"Similar post","block_context":{"text":"Similar post","link":""},"img":{"alt_text":"","src":"","width":0,"height":0},"classes":[]},{"id":25925,"url":"https:\/\/sakaba.mghosteur.com\/en\/product\/carols-daughter-wash-day-delight-jelly-to-cream-conditioner\/","url_meta":{"origin":26669,"position":5},"title":"CAROL&#8217;S DAUGHTER WASH DAY DELIGHT JELLY TO CREAM CONDITIONER","author":"admin","date":"November 23, 2022","format":false,"excerpt":"L'apr\u00e8s-shampoing Wash Day Delight a une formule unique de gel\u00e9e en cr\u00e8me qui est m\u00e9lang\u00e9e \u00e0 de l'alo\u00e8s et de la glyc\u00e9rine, un ingr\u00e9dient d'origine naturelle qui absorbe l'humidit\u00e9 dans les cheveux. La technologie anti-n\u0153uds donne \u00e0 cet apr\u00e8s-shampoing une consistance facile \u00e0 \u00e9taler qui offre un glissement parfait, de\u2026","rel":"","context":"Similar post","block_context":{"text":"Similar post","link":""},"img":{"alt_text":"","src":"","width":0,"height":0},"classes":[]}],"_links":{"self":[{"href":"https:\/\/sakaba.mghosteur.com\/en\/wp-json\/wp\/v2\/product\/26669","targetHints":{"allow":["GET"]}}],"collection":[{"href":"https:\/\/sakaba.mghosteur.com\/en\/wp-json\/wp\/v2\/product"}],"about":[{"href":"https:\/\/sakaba.mghosteur.com\/en\/wp-json\/wp\/v2\/types\/product"}],"replies":[{"embeddable":true,"href":"https:\/\/sakaba.mghosteur.com\/en\/wp-json\/wp\/v2\/comments?post=26669"}],"version-history":[{"count":0,"href":"https:\/\/sakaba.mghosteur.com\/en\/wp-json\/wp\/v2\/product\/26669\/revisions"}],"wp:attachment":[{"href":"https:\/\/sakaba.mghosteur.com\/en\/wp-json\/wp\/v2\/media?parent=26669"}],"wp:term":[{"taxonomy":"product_brand","embeddable":true,"href":"https:\/\/sakaba.mghosteur.com\/en\/wp-json\/wp\/v2\/product_brand?post=26669"},{"taxonomy":"product_cat","embeddable":true,"href":"https:\/\/sakaba.mghosteur.com\/en\/wp-json\/wp\/v2\/product_cat?post=26669"},{"taxonomy":"product_tag","embeddable":true,"href":"https:\/\/sakaba.mghosteur.com\/en\/wp-json\/wp\/v2\/product_tag?post=26669"}],"curies":[{"name":"wp","href":"https:\/\/api.w.org\/{rel}","templated":true}]}}