{"id":26672,"date":"2022-11-28T12:30:04","date_gmt":"2022-11-28T12:30:04","guid":{"rendered":"http:\/\/www.sakababeauty.com\/?post_type=product&#038;p=26672"},"modified":"2022-11-28T12:30:05","modified_gmt":"2022-11-28T12:30:05","slug":"clinique-facial-soap-mild-with-dish","status":"publish","type":"product","link":"https:\/\/sakaba.mghosteur.com\/en\/product\/clinique-facial-soap-mild-with-dish\/","title":{"rendered":"Clinique Facial Soap Mild with Dish"},"content":{"rendered":"","protected":false},"excerpt":{"rendered":"","protected":false},"featured_media":0,"comment_status":"closed","ping_status":"closed","template":"","meta":[],"product_brand":[],"product_cat":[446],"product_tag":[],"class_list":{"0":"post-26672","1":"product","2":"type-product","3":"status-publish","5":"product_cat-nettoyant","7":"first","8":"instock","9":"shipping-taxable","10":"product-type-simple"},"jetpack-related-posts":[{"id":26596,"url":"https:\/\/sakaba.mghosteur.com\/en\/product\/clinique-all-about-clean-liquid-facial-soap-mild-peau\/","url_meta":{"origin":26672,"position":0},"title":"Clinique All About Clean Liquid Facial Soap Mild- Peau","author":"admin","date":"November 28, 2022","format":false,"excerpt":"","rel":"","context":"Similar post","block_context":{"text":"Similar post","link":""},"img":{"alt_text":"","src":"","width":0,"height":0},"classes":[]},{"id":29598,"url":"https:\/\/sakaba.mghosteur.com\/en\/product\/fenty-skin-the-fenty-skin-soap-dish\/","url_meta":{"origin":26672,"position":1},"title":"FENTY SKIN THE FENTY SKIN SOAP DISH","author":"admin","date":"April 10, 2023","format":false,"excerpt":"D\u00e9couvrez le Porte-Savon Fenty Skin pour une exp\u00e9rience de douche \u00e9l\u00e9gante et pratique. Con\u00e7u pour garder votre savon en barre sec et mignon, il facilite \u00e9galement le stockage de votre nettoyant Cocoa Cleans'r. Gr\u00e2ce \u00e0 son design drainable, il maintient votre douche propre en \u00e9vitant les flaques d'eau. Ne passez\u2026","rel":"","context":"Similar post","block_context":{"text":"Similar post","link":""},"img":{"alt_text":"","src":"","width":0,"height":0},"classes":[]},{"id":24272,"url":"https:\/\/sakaba.mghosteur.com\/en\/product\/simple-moisturising-facial-wash-100-soap-free\/","url_meta":{"origin":26672,"position":2},"title":"SIMPLE MOISTURISING FACIAL WASH 100% SOAP FREE","author":"admin","date":"November 9, 2022","format":false,"excerpt":"","rel":"","context":"Similar post","block_context":{"text":"Similar post","link":""},"img":{"alt_text":"","src":"","width":0,"height":0},"classes":[]},{"id":26196,"url":"https:\/\/sakaba.mghosteur.com\/en\/product\/lightening-soap-with-vitamin-c-hyaluronic-acid\/","url_meta":{"origin":26672,"position":3},"title":"LIGHTENING SOAP WITH VITAMIN C +HYALURONIC ACID","author":"admin","date":"November 24, 2022","format":false,"excerpt":"","rel":"","context":"Similar post","block_context":{"text":"Similar post","link":""},"img":{"alt_text":"","src":"","width":0,"height":0},"classes":[]},{"id":32827,"url":"https:\/\/sakaba.mghosteur.com\/en\/product\/black-soap-with-shea-butter\/","url_meta":{"origin":26672,"position":4},"title":"BLACK SOAP WITH SHEA BUTTER","author":"admin","date":"May 16, 2024","format":false,"excerpt":"","rel":"","context":"Similar post","block_context":{"text":"Similar post","link":""},"img":{"alt_text":"","src":"","width":0,"height":0},"classes":[]},{"id":25557,"url":"https:\/\/sakaba.mghosteur.com\/en\/product\/goats-milk-company-soap-bar-with-coconut\/","url_meta":{"origin":26672,"position":5},"title":"GOATS MILK COMPANY SOAP BAR WITH COCONUT","author":"admin","date":"November 14, 2022","format":false,"excerpt":"","rel":"","context":"Similar post","block_context":{"text":"Similar post","link":""},"img":{"alt_text":"","src":"","width":0,"height":0},"classes":[]}],"_links":{"self":[{"href":"https:\/\/sakaba.mghosteur.com\/en\/wp-json\/wp\/v2\/product\/26672","targetHints":{"allow":["GET"]}}],"collection":[{"href":"https:\/\/sakaba.mghosteur.com\/en\/wp-json\/wp\/v2\/product"}],"about":[{"href":"https:\/\/sakaba.mghosteur.com\/en\/wp-json\/wp\/v2\/types\/product"}],"replies":[{"embeddable":true,"href":"https:\/\/sakaba.mghosteur.com\/en\/wp-json\/wp\/v2\/comments?post=26672"}],"version-history":[{"count":0,"href":"https:\/\/sakaba.mghosteur.com\/en\/wp-json\/wp\/v2\/product\/26672\/revisions"}],"wp:attachment":[{"href":"https:\/\/sakaba.mghosteur.com\/en\/wp-json\/wp\/v2\/media?parent=26672"}],"wp:term":[{"taxonomy":"product_brand","embeddable":true,"href":"https:\/\/sakaba.mghosteur.com\/en\/wp-json\/wp\/v2\/product_brand?post=26672"},{"taxonomy":"product_cat","embeddable":true,"href":"https:\/\/sakaba.mghosteur.com\/en\/wp-json\/wp\/v2\/product_cat?post=26672"},{"taxonomy":"product_tag","embeddable":true,"href":"https:\/\/sakaba.mghosteur.com\/en\/wp-json\/wp\/v2\/product_tag?post=26672"}],"curies":[{"name":"wp","href":"https:\/\/api.w.org\/{rel}","templated":true}]}}