{"id":26675,"date":"2022-11-28T12:36:10","date_gmt":"2022-11-28T12:36:10","guid":{"rendered":"http:\/\/www.sakababeauty.com\/?post_type=product&#038;p=26675"},"modified":"2022-11-28T12:36:10","modified_gmt":"2022-11-28T12:36:10","slug":"clinique-smart-night-1-7-oz","status":"publish","type":"product","link":"https:\/\/sakaba.mghosteur.com\/en\/product\/clinique-smart-night-1-7-oz\/","title":{"rendered":"Clinique Smart Night 1.7 OZ"},"content":{"rendered":"","protected":false},"excerpt":{"rendered":"","protected":false},"featured_media":0,"comment_status":"closed","ping_status":"closed","template":"","meta":[],"product_brand":[],"product_cat":[334],"product_tag":[],"class_list":{"0":"post-26675","1":"product","2":"type-product","3":"status-publish","5":"product_cat-traitement-serum","7":"first","8":"instock","9":"shipping-taxable","10":"product-type-simple"},"jetpack-related-posts":[{"id":27861,"url":"https:\/\/sakaba.mghosteur.com\/en\/product\/estee-lauder-advanced-night-repair-synchronized-multi-recovery-complex-1-7-oz\/","url_meta":{"origin":26675,"position":0},"title":"Estee Lauder Advanced Night Repair Synchronized Multi-Recovery Complex 1.7 OZ","author":"admin","date":"November 29, 2022","format":false,"excerpt":"","rel":"","context":"Similar post","block_context":{"text":"Similar post","link":""},"img":{"alt_text":"","src":"","width":0,"height":0},"classes":[]},{"id":27805,"url":"https:\/\/sakaba.mghosteur.com\/en\/product\/lancome-advanced-genifique-anti-aging-face-serum-1-7-oz\/","url_meta":{"origin":26675,"position":1},"title":"Lancome Advanced G\u00e9nifique Anti-Aging Face Serum, 1.7 oz.","author":"admin","date":"November 29, 2022","format":false,"excerpt":"","rel":"","context":"Similar post","block_context":{"text":"Similar post","link":""},"img":{"alt_text":"","src":"","width":0,"height":0},"classes":[]},{"id":26587,"url":"https:\/\/sakaba.mghosteur.com\/en\/product\/clinique-moisture-surge-intense-72h-lipid-replenis-1-7-oz25\/","url_meta":{"origin":26675,"position":2},"title":"Clinique Moisture Surge Intense 72H Lipid-Replenis 1.7 OZ25","author":"admin","date":"November 28, 2022","format":false,"excerpt":"","rel":"","context":"Similar post","block_context":{"text":"Similar post","link":""},"img":{"alt_text":"","src":"","width":0,"height":0},"classes":[]},{"id":27858,"url":"https:\/\/sakaba.mghosteur.com\/en\/product\/estee-lauder-advanced-night-repair-synchronized-multi-recovery-complex-1-oz\/","url_meta":{"origin":26675,"position":3},"title":"Estee Lauder Advanced Night Repair Synchronized Multi-Recovery Complex 1 OZ","author":"admin","date":"November 29, 2022","format":false,"excerpt":"","rel":"","context":"Similar post","block_context":{"text":"Similar post","link":""},"img":{"alt_text":"","src":"","width":0,"height":0},"classes":[]},{"id":32986,"url":"https:\/\/sakaba.mghosteur.com\/en\/product\/clarins-bright-plus-advanced-brightening-dark-spot-targeting-serum-1-7-oz\/","url_meta":{"origin":26675,"position":4},"title":"Clarins Bright Plus Advanced Brightening Dark Spot-Targeting Serum 1.7 OZ","author":"admin","date":"May 17, 2024","format":false,"excerpt":"S\u00e9rum illuminateur puissant qui aide \u00e0 raviver la peau terne et cible tous les types de taches brunes pour un teint visiblement plus lumineux et plus uniforme.","rel":"","context":"Similar post","block_context":{"text":"Similar post","link":""},"img":{"alt_text":"","src":"","width":0,"height":0},"classes":[]},{"id":24031,"url":"https:\/\/sakaba.mghosteur.com\/en\/product\/aveeno-daily-moisturizing-lotion-nourishes-dry-skin-12-oz\/","url_meta":{"origin":26675,"position":5},"title":"Aveeno Daily Moisturizing Lotion Nourishes Dry Skin 12 oz","author":"admin","date":"November 9, 2022","format":false,"excerpt":"Nourrissez intens\u00e9ment la peau s\u00e8che avec une formule \u00e0 base d'avoine pr\u00e9biotique. La lotion quotidienne douce nourrit et aide \u00e0 reconstituer la barri\u00e8re d'hydratation naturelle de la peau et offre une hydratation cliniquement prouv\u00e9e qui dure 24 heures. Hydratation 24 heures cliniquement prouv\u00e9e La lotion quotidienne nourrit la peau s\u00e8che\u2026","rel":"","context":"Similar post","block_context":{"text":"Similar post","link":""},"img":{"alt_text":"","src":"","width":0,"height":0},"classes":[]}],"_links":{"self":[{"href":"https:\/\/sakaba.mghosteur.com\/en\/wp-json\/wp\/v2\/product\/26675","targetHints":{"allow":["GET"]}}],"collection":[{"href":"https:\/\/sakaba.mghosteur.com\/en\/wp-json\/wp\/v2\/product"}],"about":[{"href":"https:\/\/sakaba.mghosteur.com\/en\/wp-json\/wp\/v2\/types\/product"}],"replies":[{"embeddable":true,"href":"https:\/\/sakaba.mghosteur.com\/en\/wp-json\/wp\/v2\/comments?post=26675"}],"version-history":[{"count":0,"href":"https:\/\/sakaba.mghosteur.com\/en\/wp-json\/wp\/v2\/product\/26675\/revisions"}],"wp:attachment":[{"href":"https:\/\/sakaba.mghosteur.com\/en\/wp-json\/wp\/v2\/media?parent=26675"}],"wp:term":[{"taxonomy":"product_brand","embeddable":true,"href":"https:\/\/sakaba.mghosteur.com\/en\/wp-json\/wp\/v2\/product_brand?post=26675"},{"taxonomy":"product_cat","embeddable":true,"href":"https:\/\/sakaba.mghosteur.com\/en\/wp-json\/wp\/v2\/product_cat?post=26675"},{"taxonomy":"product_tag","embeddable":true,"href":"https:\/\/sakaba.mghosteur.com\/en\/wp-json\/wp\/v2\/product_tag?post=26675"}],"curies":[{"name":"wp","href":"https:\/\/api.w.org\/{rel}","templated":true}]}}