{"id":26678,"date":"2022-11-28T12:38:24","date_gmt":"2022-11-28T12:38:24","guid":{"rendered":"http:\/\/www.sakababeauty.com\/?post_type=product&#038;p=26678"},"modified":"2022-11-28T12:38:25","modified_gmt":"2022-11-28T12:38:25","slug":"clinique-all-about-clean-forming-cleanser","status":"publish","type":"product","link":"https:\/\/sakaba.mghosteur.com\/en\/product\/clinique-all-about-clean-forming-cleanser\/","title":{"rendered":"Clinique All About Clean Forming Cleanser"},"content":{"rendered":"","protected":false},"excerpt":{"rendered":"","protected":false},"featured_media":0,"comment_status":"closed","ping_status":"closed","template":"","meta":[],"product_brand":[],"product_cat":[446],"product_tag":[],"class_list":{"0":"post-26678","1":"product","2":"type-product","3":"status-publish","5":"product_cat-nettoyant","7":"first","8":"instock","9":"shipping-taxable","10":"product-type-simple"},"jetpack-related-posts":[{"id":26596,"url":"https:\/\/sakaba.mghosteur.com\/en\/product\/clinique-all-about-clean-liquid-facial-soap-mild-peau\/","url_meta":{"origin":26678,"position":0},"title":"Clinique All About Clean Liquid Facial Soap Mild- Peau","author":"admin","date":"November 28, 2022","format":false,"excerpt":"","rel":"","context":"Similar post","block_context":{"text":"Similar post","link":""},"img":{"alt_text":"","src":"","width":0,"height":0},"classes":[]},{"id":32666,"url":"https:\/\/sakaba.mghosteur.com\/en\/product\/olehenriksen-the-clean-truth-foaming-cleanser\/","url_meta":{"origin":26678,"position":1},"title":"OLEHENRIKSEN THE CLEAN TRUTH FOAMING CLEANSER","author":"admin","date":"May 15, 2024","format":false,"excerpt":"","rel":"","context":"Similar post","block_context":{"text":"Similar post","link":""},"img":{"alt_text":"","src":"","width":0,"height":0},"classes":[]},{"id":24551,"url":"https:\/\/sakaba.mghosteur.com\/en\/product\/clean-clear-morning-burst-facial-cleanser\/","url_meta":{"origin":26678,"position":2},"title":"CLEAN &amp; CLEAR MORNING BURST FACIAL CLEANSER","author":"admin","date":"November 10, 2022","format":false,"excerpt":"Le nettoyant visage Clean & Clear Morning Burst nourrit la peau tout en \u00e9liminant la salet\u00e9, le s\u00e9bum et les impuret\u00e9s qui s'accumulent pendant la nuit. Con\u00e7u pour nettoyer et dynamiser, ce nettoyant visage quotidien sans huile \u00e9limine en douceur les cellules mortes de la peau et nettoie la peau.\u2026","rel":"","context":"Similar post","block_context":{"text":"Similar post","link":""},"img":{"alt_text":"","src":"","width":0,"height":0},"classes":[]},{"id":24566,"url":"https:\/\/sakaba.mghosteur.com\/en\/product\/clean-clear-advantage-acne-spot-treatment\/","url_meta":{"origin":26678,"position":3},"title":"CLEAN &amp; CLEAR ADVANTAGE ACNE SPOT TREATMENT","author":"admin","date":"November 10, 2022","format":false,"excerpt":"Le traitement localis\u00e9 contre l'acn\u00e9 CLEAN and CLEAR ADVANTAGE agit rapidement pour r\u00e9duire les signes visibles de l'acn\u00e9. La taille des boutons, leur gonflement et leurs rougeurs sont r\u00e9duits. Ce traitement cutan\u00e9 est id\u00e9al pour les peaux normales, grasses et mixtes. Il a \u00e9t\u00e9 cliniquement prouv\u00e9 qu'il permet d'obtenir une\u2026","rel":"","context":"Similar post","block_context":{"text":"Similar post","link":""},"img":{"alt_text":"","src":"","width":0,"height":0},"classes":[]},{"id":33054,"url":"https:\/\/sakaba.mghosteur.com\/en\/product\/dove-original-clean-all-day-sweet-odor-protection\/","url_meta":{"origin":26678,"position":4},"title":"DOVE ORIGINAL CLEAN ALL DAY SWEET &#038; ODOR PROTECTION","author":"admin","date":"May 17, 2024","format":false,"excerpt":"","rel":"","context":"Similar post","block_context":{"text":"Similar post","link":""},"img":{"alt_text":"","src":"","width":0,"height":0},"classes":[]},{"id":27385,"url":"https:\/\/sakaba.mghosteur.com\/en\/product\/ren-clean-skincare-overnight-glow-dark-spot\/","url_meta":{"origin":26678,"position":5},"title":"REN CLEAN SKINCARE OVERNIGHT GLOW DARK SPOT","author":"admin","date":"November 29, 2022","format":false,"excerpt":"La cr\u00e8me de nuit anti-taches Overnight Glow de Ren est une cr\u00e8me anti-imperfections pour tous les types de peau. R\u00e9veillez-vous avec une peau visiblement plus rebondie le matin, sans taches brunes dans l'obscurit\u00e9. Cliniquement prouv\u00e9e pour r\u00e9duire la taille des taches brunes apr\u00e8s 7 jours*, la formule v\u00e9g\u00e9talienne de la\u2026","rel":"","context":"Similar post","block_context":{"text":"Similar post","link":""},"img":{"alt_text":"","src":"","width":0,"height":0},"classes":[]}],"_links":{"self":[{"href":"https:\/\/sakaba.mghosteur.com\/en\/wp-json\/wp\/v2\/product\/26678","targetHints":{"allow":["GET"]}}],"collection":[{"href":"https:\/\/sakaba.mghosteur.com\/en\/wp-json\/wp\/v2\/product"}],"about":[{"href":"https:\/\/sakaba.mghosteur.com\/en\/wp-json\/wp\/v2\/types\/product"}],"replies":[{"embeddable":true,"href":"https:\/\/sakaba.mghosteur.com\/en\/wp-json\/wp\/v2\/comments?post=26678"}],"version-history":[{"count":0,"href":"https:\/\/sakaba.mghosteur.com\/en\/wp-json\/wp\/v2\/product\/26678\/revisions"}],"wp:attachment":[{"href":"https:\/\/sakaba.mghosteur.com\/en\/wp-json\/wp\/v2\/media?parent=26678"}],"wp:term":[{"taxonomy":"product_brand","embeddable":true,"href":"https:\/\/sakaba.mghosteur.com\/en\/wp-json\/wp\/v2\/product_brand?post=26678"},{"taxonomy":"product_cat","embeddable":true,"href":"https:\/\/sakaba.mghosteur.com\/en\/wp-json\/wp\/v2\/product_cat?post=26678"},{"taxonomy":"product_tag","embeddable":true,"href":"https:\/\/sakaba.mghosteur.com\/en\/wp-json\/wp\/v2\/product_tag?post=26678"}],"curies":[{"name":"wp","href":"https:\/\/api.w.org\/{rel}","templated":true}]}}