{"id":26681,"date":"2022-11-28T12:40:01","date_gmt":"2022-11-28T12:40:01","guid":{"rendered":"http:\/\/www.sakababeauty.com\/?post_type=product&#038;p=26681"},"modified":"2022-11-28T12:40:02","modified_gmt":"2022-11-28T12:40:02","slug":"clinique-clarifying-lotion-exfoliante-3-peau-grass","status":"publish","type":"product","link":"https:\/\/sakaba.mghosteur.com\/en\/product\/clinique-clarifying-lotion-exfoliante-3-peau-grass\/","title":{"rendered":"Clinique Clarifying Lotion EXFOLIANTE 3 Peau-Grass"},"content":{"rendered":"","protected":false},"excerpt":{"rendered":"","protected":false},"featured_media":0,"comment_status":"closed","ping_status":"closed","template":"","meta":[],"product_brand":[],"product_cat":[446],"product_tag":[],"class_list":{"0":"post-26681","1":"product","2":"type-product","3":"status-publish","5":"product_cat-nettoyant","7":"first","8":"instock","9":"shipping-taxable","10":"product-type-simple"},"jetpack-related-posts":[{"id":26593,"url":"https:\/\/sakaba.mghosteur.com\/en\/product\/clinique-clarifying-lotion-exfoliante2-peau-seche\/","url_meta":{"origin":26681,"position":0},"title":"Clinique Clarifying Lotion  EXFOLIANTE2 Peau-S\u00e8che","author":"admin","date":"November 28, 2022","format":false,"excerpt":"","rel":"","context":"Similar post","block_context":{"text":"Similar post","link":""},"img":{"alt_text":"","src":"","width":0,"height":0},"classes":[]},{"id":28148,"url":"https:\/\/sakaba.mghosteur.com\/en\/product\/gold-bond-radiance-renewal-hand-and-body-lotions-14oz\/","url_meta":{"origin":26681,"position":1},"title":"Gold Bond Radiance Renewal Hand and Body Lotions &#8211; 14oz","author":"admin","date":"November 30, 2022","format":false,"excerpt":"D\u00e9couvrez la Cr\u00e8me\/Lotion R\u00e9novateur d'\u00e9clat Gold Bond pour une peau rayonnante et hydrat\u00e9e toute la journ\u00e9e. Cette formule \u00e0 triple action offre une exfoliation douce pour une peau lisse et \u00e9clatante, une hydratation imm\u00e9diate et une r\u00e9tention d'humidit\u00e9 pendant 24 heures. Gr\u00e2ce \u00e0 un m\u00e9lange unique de beurre de karit\u00e9\u2026","rel":"","context":"Similar post","block_context":{"text":"Similar post","link":""},"img":{"alt_text":"","src":"","width":0,"height":0},"classes":[]},{"id":24151,"url":"https:\/\/sakaba.mghosteur.com\/en\/product\/amlactin-daily-moisturizing-body-lotion-7-9-oz\/","url_meta":{"origin":26681,"position":2},"title":"Amlactin Daily Moisturizing Body Lotion, 7.9 oz.","author":"admin","date":"November 9, 2022","format":false,"excerpt":"Enrichissez votre peau au quotidien avec cette lotion exfoliante \u00e0 base d'acide lactique \u00e0 12% cliniquement prouv\u00e9. Hydrate imm\u00e9diatement et restaure l'\u00e9clat de la peau Exfolie en douceur, hydrate en profondeur Hydratation non grasse et longue dur\u00e9e Formul\u00e9 avec du lactate d'ammonium, \u00e9quivalent \u00e012 % d'acide lactique Formul\u00e9 sans parfum,\u2026","rel":"","context":"Similar post","block_context":{"text":"Similar post","link":""},"img":{"alt_text":"","src":"","width":0,"height":0},"classes":[]},{"id":31773,"url":"https:\/\/sakaba.mghosteur.com\/en\/product\/amlactin-rapid-relief-12-lactic-acid-lotion-400g\/","url_meta":{"origin":26681,"position":3},"title":"AMLACTIN RAPID RELIEF 12% LACTIC ACID LOTION 400G","author":"admin","date":"May 10, 2024","format":false,"excerpt":"Enrichissez votre peau au quotidien avec cette lotion exfoliante \u00e0 base d'acide lactique \u00e0 12% cliniquement prouv\u00e9. Hydrate imm\u00e9diatement et restaure l'\u00e9clat de la peau Exfolie en douceur, hydrate en profondeur Hydratation non grasse et longue dur\u00e9e Formul\u00e9 avec du lactate d'ammonium, \u00e9quivalent \u00e012 % d'acide lactique Formul\u00e9 sans parfum,\u2026","rel":"","context":"Similar post","block_context":{"text":"Similar post","link":""},"img":{"alt_text":"","src":"","width":0,"height":0},"classes":[]},{"id":33516,"url":"https:\/\/sakaba.mghosteur.com\/en\/product\/aveeno-daily-moisturizing-body-lotion-for-dry-skin-18oz\/","url_meta":{"origin":26681,"position":4},"title":"Aveeno Daily Moisturizing Body Lotion For Dry Skin, 18oz.","author":"admin","date":"May 22, 2024","format":false,"excerpt":"Nourrissez intens\u00e9ment la peau s\u00e8che avec une formule \u00e0 base d'avoine pr\u00e9biotique. La lotion quotidienne douce nourrit et aide \u00e0 reconstituer la barri\u00e8re d'hydratation naturelle de la peau et offre une hydratation cliniquement prouv\u00e9e qui dure 24 heures. Hydratation 24 heures cliniquement prouv\u00e9e La lotion quotidienne nourrit la peau s\u00e8che\u2026","rel":"","context":"Similar post","block_context":{"text":"Similar post","link":""},"img":{"alt_text":"","src":"","width":0,"height":0},"classes":[]},{"id":24031,"url":"https:\/\/sakaba.mghosteur.com\/en\/product\/aveeno-daily-moisturizing-lotion-nourishes-dry-skin-12-oz\/","url_meta":{"origin":26681,"position":5},"title":"Aveeno Daily Moisturizing Lotion Nourishes Dry Skin 12 oz","author":"admin","date":"November 9, 2022","format":false,"excerpt":"Nourrissez intens\u00e9ment la peau s\u00e8che avec une formule \u00e0 base d'avoine pr\u00e9biotique. La lotion quotidienne douce nourrit et aide \u00e0 reconstituer la barri\u00e8re d'hydratation naturelle de la peau et offre une hydratation cliniquement prouv\u00e9e qui dure 24 heures. Hydratation 24 heures cliniquement prouv\u00e9e La lotion quotidienne nourrit la peau s\u00e8che\u2026","rel":"","context":"Similar post","block_context":{"text":"Similar post","link":""},"img":{"alt_text":"","src":"","width":0,"height":0},"classes":[]}],"_links":{"self":[{"href":"https:\/\/sakaba.mghosteur.com\/en\/wp-json\/wp\/v2\/product\/26681","targetHints":{"allow":["GET"]}}],"collection":[{"href":"https:\/\/sakaba.mghosteur.com\/en\/wp-json\/wp\/v2\/product"}],"about":[{"href":"https:\/\/sakaba.mghosteur.com\/en\/wp-json\/wp\/v2\/types\/product"}],"replies":[{"embeddable":true,"href":"https:\/\/sakaba.mghosteur.com\/en\/wp-json\/wp\/v2\/comments?post=26681"}],"version-history":[{"count":0,"href":"https:\/\/sakaba.mghosteur.com\/en\/wp-json\/wp\/v2\/product\/26681\/revisions"}],"wp:attachment":[{"href":"https:\/\/sakaba.mghosteur.com\/en\/wp-json\/wp\/v2\/media?parent=26681"}],"wp:term":[{"taxonomy":"product_brand","embeddable":true,"href":"https:\/\/sakaba.mghosteur.com\/en\/wp-json\/wp\/v2\/product_brand?post=26681"},{"taxonomy":"product_cat","embeddable":true,"href":"https:\/\/sakaba.mghosteur.com\/en\/wp-json\/wp\/v2\/product_cat?post=26681"},{"taxonomy":"product_tag","embeddable":true,"href":"https:\/\/sakaba.mghosteur.com\/en\/wp-json\/wp\/v2\/product_tag?post=26681"}],"curies":[{"name":"wp","href":"https:\/\/api.w.org\/{rel}","templated":true}]}}