{"id":26699,"date":"2022-11-28T13:14:46","date_gmt":"2022-11-28T13:14:46","guid":{"rendered":"http:\/\/www.sakababeauty.com\/?post_type=product&#038;p=26699"},"modified":"2022-11-28T13:14:46","modified_gmt":"2022-11-28T13:14:46","slug":"biore-mens-charcoal-deep-pore-cleanser","status":"publish","type":"product","link":"https:\/\/sakaba.mghosteur.com\/en\/product\/biore-mens-charcoal-deep-pore-cleanser\/","title":{"rendered":"Biore Men&#8217;s Charcoal Deep Pore Cleanser"},"content":{"rendered":"","protected":false},"excerpt":{"rendered":"","protected":false},"featured_media":0,"comment_status":"closed","ping_status":"closed","template":"","meta":[],"product_brand":[],"product_cat":[288,450],"product_tag":[],"class_list":{"0":"post-26699","1":"product","2":"type-product","3":"status-publish","5":"product_cat-aaf-homme","6":"product_cat-soin-de-la-peau","8":"first","9":"instock","10":"shipping-taxable","11":"product-type-simple"},"jetpack-related-posts":[{"id":26758,"url":"https:\/\/sakaba.mghosteur.com\/en\/product\/biore-mens-charcoal-deep-cleansing-pore-strips-6-count\/","url_meta":{"origin":26699,"position":0},"title":"Biore Men&#8217;s Charcoal Deep Cleansing Pore Strips &#8211; 6 Count","author":"admin","date":"November 28, 2022","format":false,"excerpt":"","rel":"","context":"Similar post","block_context":{"text":"Similar post","link":""},"img":{"alt_text":"","src":"","width":0,"height":0},"classes":[]},{"id":27546,"url":"https:\/\/sakaba.mghosteur.com\/en\/product\/biore-deep-pore-charcoal-cleanser\/","url_meta":{"origin":26699,"position":1},"title":"Bior\u00e9 deep pore charcoal cleanser","author":"admin","date":"November 29, 2022","format":false,"excerpt":"","rel":"","context":"Similar post","block_context":{"text":"Similar post","link":""},"img":{"alt_text":"","src":"","width":0,"height":0},"classes":[]},{"id":33373,"url":"https:\/\/sakaba.mghosteur.com\/en\/product\/biore-deep-pore-cleansing-charcoal-daily-face-wash-for-oily-skin\/","url_meta":{"origin":26699,"position":2},"title":"Biore Deep Pore Cleansing Charcoal Daily Face Wash, for Oily Skin","author":"admin","date":"May 21, 2024","format":false,"excerpt":"","rel":"","context":"Similar post","block_context":{"text":"Similar post","link":""},"img":{"alt_text":"","src":"","width":0,"height":0},"classes":[]},{"id":33364,"url":"https:\/\/sakaba.mghosteur.com\/en\/product\/biore-charcoal-deep-cleansing-pore-strips-normal-to-oily-skin-6-count\/","url_meta":{"origin":26699,"position":3},"title":"Biore Charcoal Deep Cleansing Pore Strips, Normal to Oily Skin, 6 Count","author":"admin","date":"May 21, 2024","format":false,"excerpt":"\u00c9liminez les points noirs et r\u00e9duisez visiblement la taille des pores avec la bande nettoyante en profondeur Bior\u00e9 Blackhead Reducing. Ces bandes nasales nettoyantes en profondeur ciblent les points noirs et d\u00e9bouchent les pores. Pratiques et faciles \u00e0 utiliser, ces bandes de pores peuvent \u00eatre utilis\u00e9es 1 fois par semaine\u2026","rel":"","context":"Similar post","block_context":{"text":"Similar post","link":""},"img":{"alt_text":"","src":"","width":0,"height":0},"classes":[]},{"id":33370,"url":"https:\/\/sakaba.mghosteur.com\/en\/product\/biore-charcoal-facial-cleanser-normal-to-oily-skin-1-salicylic-acid\/","url_meta":{"origin":26699,"position":4},"title":"Bior\u00e9 Charcoal Facial Cleanser, Normal to Oily Skin, 1% Salicylic Acid","author":"admin","date":"May 21, 2024","format":false,"excerpt":"Le nettoyant anti-acn\u00e9 au charbon de bois Biore pour peaux grasses nettoie en profondeur, p\u00e9n\u00e8tre les pores et absorbe l'exc\u00e8s de s\u00e9bum. Avec du charbon naturel, connu pour ses propri\u00e9t\u00e9s d'absorption de s\u00e9bum, ce nettoyant pour peaux grasses fonctionne avec de l'acide salicylique anti-acn\u00e9 et une technologie de purification de\u2026","rel":"","context":"Similar post","block_context":{"text":"Similar post","link":""},"img":{"alt_text":"","src":"","width":0,"height":0},"classes":[]},{"id":26696,"url":"https:\/\/sakaba.mghosteur.com\/en\/product\/biore-mens-charcoal-acne-scrub\/","url_meta":{"origin":26699,"position":5},"title":"Biore Men&#8217;s Charcoal Acne Scrub","author":"admin","date":"November 28, 2022","format":false,"excerpt":"","rel":"","context":"Similar post","block_context":{"text":"Similar post","link":""},"img":{"alt_text":"","src":"","width":0,"height":0},"classes":[]}],"_links":{"self":[{"href":"https:\/\/sakaba.mghosteur.com\/en\/wp-json\/wp\/v2\/product\/26699","targetHints":{"allow":["GET"]}}],"collection":[{"href":"https:\/\/sakaba.mghosteur.com\/en\/wp-json\/wp\/v2\/product"}],"about":[{"href":"https:\/\/sakaba.mghosteur.com\/en\/wp-json\/wp\/v2\/types\/product"}],"replies":[{"embeddable":true,"href":"https:\/\/sakaba.mghosteur.com\/en\/wp-json\/wp\/v2\/comments?post=26699"}],"version-history":[{"count":0,"href":"https:\/\/sakaba.mghosteur.com\/en\/wp-json\/wp\/v2\/product\/26699\/revisions"}],"wp:attachment":[{"href":"https:\/\/sakaba.mghosteur.com\/en\/wp-json\/wp\/v2\/media?parent=26699"}],"wp:term":[{"taxonomy":"product_brand","embeddable":true,"href":"https:\/\/sakaba.mghosteur.com\/en\/wp-json\/wp\/v2\/product_brand?post=26699"},{"taxonomy":"product_cat","embeddable":true,"href":"https:\/\/sakaba.mghosteur.com\/en\/wp-json\/wp\/v2\/product_cat?post=26699"},{"taxonomy":"product_tag","embeddable":true,"href":"https:\/\/sakaba.mghosteur.com\/en\/wp-json\/wp\/v2\/product_tag?post=26699"}],"curies":[{"name":"wp","href":"https:\/\/api.w.org\/{rel}","templated":true}]}}