{"id":26702,"date":"2022-11-28T13:17:37","date_gmt":"2022-11-28T13:17:37","guid":{"rendered":"http:\/\/www.sakababeauty.com\/?post_type=product&#038;p=26702"},"modified":"2022-11-28T13:17:37","modified_gmt":"2022-11-28T13:17:37","slug":"ultra-hydrating-cbd-serum","status":"publish","type":"product","link":"https:\/\/sakaba.mghosteur.com\/en\/product\/ultra-hydrating-cbd-serum\/","title":{"rendered":"ULTRA HYDRATING CBD SERUM"},"content":{"rendered":"","protected":false},"excerpt":{"rendered":"","protected":false},"featured_media":0,"comment_status":"closed","ping_status":"closed","template":"","meta":[],"product_brand":[],"product_cat":[355],"product_tag":[],"class_list":{"0":"post-26702","1":"product","2":"type-product","3":"status-publish","5":"product_cat-hydratant-corps","7":"first","8":"instock","9":"shipping-taxable","10":"product-type-simple"},"jetpack-related-posts":[{"id":31752,"url":"https:\/\/sakaba.mghosteur.com\/en\/product\/byoma-hydrating-serum\/","url_meta":{"origin":26702,"position":0},"title":"BYOMA HYDRATING SERUM","author":"admin","date":"May 10, 2024","format":false,"excerpt":"S\u00e9rum Hydratant Offrez \u00e0 votre peau le luxe d'une hydratation profonde et d'une r\u00e9paration efficace avec ce s\u00e9rum hydratant de qualit\u00e9 sup\u00e9rieure. Chaque goutte de ce s\u00e9rum est un concentr\u00e9 de bienfaits pour votre peau, lui donnant une apparence rebondie et \u00e9clatante tout en renfor\u00e7ant sa barri\u00e8re cutan\u00e9e. Ce s\u00e9rum\u2026","rel":"","context":"Similar post","block_context":{"text":"Similar post","link":""},"img":{"alt_text":"","src":"","width":0,"height":0},"classes":[]},{"id":33676,"url":"https:\/\/sakaba.mghosteur.com\/en\/product\/farmacy-honey-halo-ultra-hydrating\/","url_meta":{"origin":26702,"position":1},"title":"FARMACY HONEY HALO ULTRA HYDRATING","author":"admin","date":"May 22, 2024","format":false,"excerpt":"","rel":"","context":"Similar post","block_context":{"text":"Similar post","link":""},"img":{"alt_text":"","src":"","width":0,"height":0},"classes":[]},{"id":31719,"url":"https:\/\/sakaba.mghosteur.com\/en\/product\/byoma-coffret-hydrating-trio\/","url_meta":{"origin":26702,"position":2},"title":"BYOMA COFFRET HYDRATING TRIO","author":"admin","date":"May 10, 2024","format":false,"excerpt":"MINI NETTOYANT, MINI GEL CR\u00c8ME ET MINI S\u00c9RUM HYDRATANT 30 ML, 15 ML ET 15 ML D\u00e9couvrez ce trio d\u2019essentiels hydratants, approuv\u00e9s par les dermatologues pour chaque visage, chaque jour. Avec le COMPLEXE TRI-CERAMIDE (c\u00e9ramides, cholest\u00e9rol, acides gras), ce coffret offre les \u00e9l\u00e9ments constitutifs d'une routine de soin ultime, donnant\u2026","rel":"","context":"Similar post","block_context":{"text":"Similar post","link":""},"img":{"alt_text":"","src":"","width":0,"height":0},"classes":[]},{"id":33672,"url":"https:\/\/sakaba.mghosteur.com\/en\/product\/farmacy-honey-grail-ultra-hydrating-face-oil\/","url_meta":{"origin":26702,"position":3},"title":"FARMACY HONEY GRAIL ULTRA HYDRATING FACE OIL","author":"admin","date":"May 22, 2024","format":false,"excerpt":"","rel":"","context":"Similar post","block_context":{"text":"Similar post","link":""},"img":{"alt_text":"","src":"","width":0,"height":0},"classes":[]},{"id":34952,"url":"https:\/\/sakaba.mghosteur.com\/en\/product\/innisfree-intensive-hydrating-serum-with-green\/","url_meta":{"origin":26702,"position":4},"title":"INNISFREE INTENSIVE HYDRATING SERUM WITH GREEN","author":"admin","date":"June 3, 2024","format":false,"excerpt":"","rel":"","context":"Similar post","block_context":{"text":"Similar post","link":""},"img":{"alt_text":"","src":"","width":0,"height":0},"classes":[]},{"id":27342,"url":"https:\/\/sakaba.mghosteur.com\/en\/product\/good-molecules-ultra-hydrating-facial-oil\/","url_meta":{"origin":26702,"position":5},"title":"GOOD MOLECULES ULTRA HYDRATING FACIAL OIL","author":"admin","date":"November 29, 2022","format":false,"excerpt":"D\u00e9couvrez l'huile pour le visage ultra-hydratante de Good Molecules ! Cette huile v\u00e9g\u00e9talienne et sans gluten est le choix parfait pour tous les types de peau. Sa formule l\u00e9g\u00e8re contenant de l'huile de cam\u00e9lia et de l'huile d'argousier soulage la s\u00e9cheresse et la d\u00e9shydratation, tout en laissant votre peau avec\u2026","rel":"","context":"Similar post","block_context":{"text":"Similar post","link":""},"img":{"alt_text":"","src":"","width":0,"height":0},"classes":[]}],"_links":{"self":[{"href":"https:\/\/sakaba.mghosteur.com\/en\/wp-json\/wp\/v2\/product\/26702","targetHints":{"allow":["GET"]}}],"collection":[{"href":"https:\/\/sakaba.mghosteur.com\/en\/wp-json\/wp\/v2\/product"}],"about":[{"href":"https:\/\/sakaba.mghosteur.com\/en\/wp-json\/wp\/v2\/types\/product"}],"replies":[{"embeddable":true,"href":"https:\/\/sakaba.mghosteur.com\/en\/wp-json\/wp\/v2\/comments?post=26702"}],"version-history":[{"count":0,"href":"https:\/\/sakaba.mghosteur.com\/en\/wp-json\/wp\/v2\/product\/26702\/revisions"}],"wp:attachment":[{"href":"https:\/\/sakaba.mghosteur.com\/en\/wp-json\/wp\/v2\/media?parent=26702"}],"wp:term":[{"taxonomy":"product_brand","embeddable":true,"href":"https:\/\/sakaba.mghosteur.com\/en\/wp-json\/wp\/v2\/product_brand?post=26702"},{"taxonomy":"product_cat","embeddable":true,"href":"https:\/\/sakaba.mghosteur.com\/en\/wp-json\/wp\/v2\/product_cat?post=26702"},{"taxonomy":"product_tag","embeddable":true,"href":"https:\/\/sakaba.mghosteur.com\/en\/wp-json\/wp\/v2\/product_tag?post=26702"}],"curies":[{"name":"wp","href":"https:\/\/api.w.org\/{rel}","templated":true}]}}