{"id":26712,"date":"2022-11-28T13:32:05","date_gmt":"2022-11-28T13:32:05","guid":{"rendered":"http:\/\/www.sakababeauty.com\/?post_type=product&#038;p=26712"},"modified":"2022-11-28T13:32:05","modified_gmt":"2022-11-28T13:32:05","slug":"okay-clarifying-facial-scrub-papaya","status":"publish","type":"product","link":"https:\/\/sakaba.mghosteur.com\/en\/product\/okay-clarifying-facial-scrub-papaya\/","title":{"rendered":"OKAY Clarifying Facial Scrub papaya"},"content":{"rendered":"","protected":false},"excerpt":{"rendered":"","protected":false},"featured_media":0,"comment_status":"closed","ping_status":"closed","template":"","meta":[],"product_brand":[],"product_cat":[446],"product_tag":[],"class_list":{"0":"post-26712","1":"product","2":"type-product","3":"status-publish","5":"product_cat-nettoyant","7":"first","8":"instock","9":"shipping-taxable","10":"product-type-simple"},"jetpack-related-posts":[{"id":27718,"url":"https:\/\/sakaba.mghosteur.com\/en\/product\/exfoliating-facial-scrub\/","url_meta":{"origin":26712,"position":0},"title":"Exfoliating facial scrub","author":"admin","date":"November 29, 2022","format":false,"excerpt":"","rel":"","context":"Similar post","block_context":{"text":"Similar post","link":""},"img":{"alt_text":"","src":"","width":0,"height":0},"classes":[]},{"id":24559,"url":"https:\/\/sakaba.mghosteur.com\/en\/product\/clean-clear-blackhead-eraser-facial-scrub-with-2-salicylic-acid-acne-medication\/","url_meta":{"origin":26712,"position":1},"title":"Clean &#038; Clear Blackhead Eraser Facial Scrub with 2% Salicylic Acid Acne Medication","author":"admin","date":"November 10, 2022","format":false,"excerpt":"","rel":"","context":"Similar post","block_context":{"text":"Similar post","link":""},"img":{"alt_text":"","src":"","width":0,"height":0},"classes":[]},{"id":24553,"url":"https:\/\/sakaba.mghosteur.com\/en\/product\/clean-clear-morning-burst-facial-scrub\/","url_meta":{"origin":26712,"position":2},"title":"CLEAN &amp; CLEAR MORNING BURST FACIAL SCRUB","author":"admin","date":"November 10, 2022","format":false,"excerpt":"Le gommage visage Clean & Clear Morning Burst est un gommage v\u00e9g\u00e9talien sans huile qui contient de l'acide citrique et de la vitamine C. Il est con\u00e7u pour nettoyer, exfolier et rafra\u00eechir la peau en douceur.","rel":"","context":"Similar post","block_context":{"text":"Similar post","link":""},"img":{"alt_text":"","src":"","width":0,"height":0},"classes":[]},{"id":24412,"url":"https:\/\/sakaba.mghosteur.com\/en\/product\/palmers-coconut-sugar-facial-scrub\/","url_meta":{"origin":26712,"position":3},"title":"PALMERS COCONUT SUGAR FACIAL SCRUB","author":"admin","date":"November 10, 2022","format":false,"excerpt":"D\u00e9couvrez l'huile pour le visage \u00e0 la noix de coco Palmer's, un produit qui peut faire des merveilles pour votre peau. Cette huile est con\u00e7ue pour polir, exfolier et adoucir votre peau, tout en resurfa\u00e7ant sa texture pour un teint plus lumineux et plus frais. Il est suffisamment doux pour\u2026","rel":"","context":"Similar post","block_context":{"text":"Similar post","link":""},"img":{"alt_text":"","src":"","width":0,"height":0},"classes":[]},{"id":26297,"url":"https:\/\/sakaba.mghosteur.com\/en\/product\/frontrow-03-orange-papaya-bar\/","url_meta":{"origin":26712,"position":4},"title":"FRONTROW 03 ORANGE PAPAYA BAR","author":"admin","date":"November 24, 2022","format":false,"excerpt":"","rel":"","context":"Similar post","block_context":{"text":"Similar post","link":""},"img":{"alt_text":"","src":"","width":0,"height":0},"classes":[]},{"id":26253,"url":"https:\/\/sakaba.mghosteur.com\/en\/product\/lighten-up-plus-lightening-gel-natural-papaya-2\/","url_meta":{"origin":26712,"position":5},"title":"LIGHTEN UP PLUS LIGHTENING GEL NATURAL PAPAYA","author":"admin","date":"November 24, 2022","format":false,"excerpt":"","rel":"","context":"Similar post","block_context":{"text":"Similar post","link":""},"img":{"alt_text":"","src":"","width":0,"height":0},"classes":[]}],"_links":{"self":[{"href":"https:\/\/sakaba.mghosteur.com\/en\/wp-json\/wp\/v2\/product\/26712","targetHints":{"allow":["GET"]}}],"collection":[{"href":"https:\/\/sakaba.mghosteur.com\/en\/wp-json\/wp\/v2\/product"}],"about":[{"href":"https:\/\/sakaba.mghosteur.com\/en\/wp-json\/wp\/v2\/types\/product"}],"replies":[{"embeddable":true,"href":"https:\/\/sakaba.mghosteur.com\/en\/wp-json\/wp\/v2\/comments?post=26712"}],"version-history":[{"count":0,"href":"https:\/\/sakaba.mghosteur.com\/en\/wp-json\/wp\/v2\/product\/26712\/revisions"}],"wp:attachment":[{"href":"https:\/\/sakaba.mghosteur.com\/en\/wp-json\/wp\/v2\/media?parent=26712"}],"wp:term":[{"taxonomy":"product_brand","embeddable":true,"href":"https:\/\/sakaba.mghosteur.com\/en\/wp-json\/wp\/v2\/product_brand?post=26712"},{"taxonomy":"product_cat","embeddable":true,"href":"https:\/\/sakaba.mghosteur.com\/en\/wp-json\/wp\/v2\/product_cat?post=26712"},{"taxonomy":"product_tag","embeddable":true,"href":"https:\/\/sakaba.mghosteur.com\/en\/wp-json\/wp\/v2\/product_tag?post=26712"}],"curies":[{"name":"wp","href":"https:\/\/api.w.org\/{rel}","templated":true}]}}