{"id":26716,"date":"2022-11-28T13:33:48","date_gmt":"2022-11-28T13:33:48","guid":{"rendered":"http:\/\/www.sakababeauty.com\/?post_type=product&#038;p=26716"},"modified":"2022-11-28T13:33:49","modified_gmt":"2022-11-28T13:33:49","slug":"yes-to-cucumbers-gentle-milk-cleanser","status":"publish","type":"product","link":"https:\/\/sakaba.mghosteur.com\/en\/product\/yes-to-cucumbers-gentle-milk-cleanser\/","title":{"rendered":"YES TO CUCUMBERS GENTLE MILK CLEANSER"},"content":{"rendered":"","protected":false},"excerpt":{"rendered":"","protected":false},"featured_media":0,"comment_status":"closed","ping_status":"closed","template":"","meta":[],"product_brand":[],"product_cat":[377],"product_tag":[],"class_list":{"0":"post-26716","1":"product","2":"type-product","3":"status-publish","5":"product_cat-bath-body-works","7":"first","8":"instock","9":"shipping-taxable","10":"product-type-simple"},"jetpack-related-posts":[{"id":24721,"url":"https:\/\/sakaba.mghosteur.com\/en\/product\/cetaphil-gentle-foaming-cleanser\/","url_meta":{"origin":26716,"position":0},"title":"CETAPHIL GENTLE FOAMING CLEANSER","author":"admin","date":"November 10, 2022","format":false,"excerpt":"","rel":"","context":"Similar post","block_context":{"text":"Similar post","link":""},"img":{"alt_text":"","src":"","width":0,"height":0},"classes":[]},{"id":24673,"url":"https:\/\/sakaba.mghosteur.com\/en\/product\/cetaphil-gentle-skin-cleanser-4-oz\/","url_meta":{"origin":26716,"position":1},"title":"Cetaphil Gentle Skin Cleanser 4 OZ","author":"admin","date":"November 10, 2022","format":false,"excerpt":"","rel":"","context":"Similar post","block_context":{"text":"Similar post","link":""},"img":{"alt_text":"","src":"","width":0,"height":0},"classes":[]},{"id":24695,"url":"https:\/\/sakaba.mghosteur.com\/en\/product\/cetaphil-gentle-skin-cleanser-20-oz\/","url_meta":{"origin":26716,"position":2},"title":"Cetaphil Gentle Skin Cleanser 20 OZ","author":"admin","date":"November 10, 2022","format":false,"excerpt":"","rel":"","context":"Similar post","block_context":{"text":"Similar post","link":""},"img":{"alt_text":"","src":"","width":0,"height":0},"classes":[]},{"id":29485,"url":"https:\/\/sakaba.mghosteur.com\/en\/product\/cosrx-salicylic-acid-daily-gentle-cleanser\/","url_meta":{"origin":26716,"position":3},"title":"COSRX SALICYLIC ACID DAILY GENTLE CLEANSER","author":"admin","date":"April 6, 2023","format":false,"excerpt":"Le Nettoyant doux quotidien \u00e0 l'acide salicylique est un produit qui nettoie en douceur la peau sans la dess\u00e9cher. Il utilise de l'acide salicylique pour \u00e9liminer les impuret\u00e9s et l'exc\u00e8s de s\u00e9bum tout en luttant contre l'acn\u00e9 et les imperfections. Ce nettoyant laisse la peau douce et lisse sans sensation\u2026","rel":"","context":"Similar post","block_context":{"text":"Similar post","link":""},"img":{"alt_text":"","src":"","width":0,"height":0},"classes":[]},{"id":31411,"url":"https:\/\/sakaba.mghosteur.com\/en\/product\/paula-choice-ultra-gentle-cleanser\/","url_meta":{"origin":26716,"position":4},"title":"PAULA CHOICE ULTRA GENTLE CLEANSER","author":"admin","date":"May 10, 2024","format":false,"excerpt":"D\u00e9couvrez le Nettoyant Ultra Doux Paula's Choice, un nettoyant doux qui \u00e9limine le maquillage et les impuret\u00e9s tout en pr\u00e9servant la barri\u00e8re cutan\u00e9e, laissant une sensation soyeuse apr\u00e8s le rin\u00e7age. Sa formule cr\u00e9meuse \u00e9limine en douceur les impuret\u00e9s et apaise les rougeurs, laissant la peau douce et hydrat\u00e9e. Enrichi en\u2026","rel":"","context":"Similar post","block_context":{"text":"Similar post","link":""},"img":{"alt_text":"","src":"","width":0,"height":0},"classes":[]},{"id":27599,"url":"https:\/\/sakaba.mghosteur.com\/en\/product\/gentle-hydrating-cleanser\/","url_meta":{"origin":26716,"position":5},"title":"GENTLE HYDRATING CLEANSER","author":"admin","date":"November 29, 2022","format":false,"excerpt":"Le Nettoyant Doux Hydratant de la marque HadaLabo est un nettoyant moussant riche et cr\u00e9meux qui nettoie en douceur et emprisonne l'hydratation essentielle pour une peau rafra\u00eechie et soyeuse. Sa formule s\u00fbre et douce d\u00e9riv\u00e9e d'acides amin\u00e9s naturels \u00e9limine efficacement la salet\u00e9, le s\u00e9bum et les impuret\u00e9s de la peau\u2026","rel":"","context":"Similar post","block_context":{"text":"Similar post","link":""},"img":{"alt_text":"","src":"","width":0,"height":0},"classes":[]}],"_links":{"self":[{"href":"https:\/\/sakaba.mghosteur.com\/en\/wp-json\/wp\/v2\/product\/26716","targetHints":{"allow":["GET"]}}],"collection":[{"href":"https:\/\/sakaba.mghosteur.com\/en\/wp-json\/wp\/v2\/product"}],"about":[{"href":"https:\/\/sakaba.mghosteur.com\/en\/wp-json\/wp\/v2\/types\/product"}],"replies":[{"embeddable":true,"href":"https:\/\/sakaba.mghosteur.com\/en\/wp-json\/wp\/v2\/comments?post=26716"}],"version-history":[{"count":0,"href":"https:\/\/sakaba.mghosteur.com\/en\/wp-json\/wp\/v2\/product\/26716\/revisions"}],"wp:attachment":[{"href":"https:\/\/sakaba.mghosteur.com\/en\/wp-json\/wp\/v2\/media?parent=26716"}],"wp:term":[{"taxonomy":"product_brand","embeddable":true,"href":"https:\/\/sakaba.mghosteur.com\/en\/wp-json\/wp\/v2\/product_brand?post=26716"},{"taxonomy":"product_cat","embeddable":true,"href":"https:\/\/sakaba.mghosteur.com\/en\/wp-json\/wp\/v2\/product_cat?post=26716"},{"taxonomy":"product_tag","embeddable":true,"href":"https:\/\/sakaba.mghosteur.com\/en\/wp-json\/wp\/v2\/product_tag?post=26716"}],"curies":[{"name":"wp","href":"https:\/\/api.w.org\/{rel}","templated":true}]}}