{"id":26722,"date":"2022-11-28T13:39:42","date_gmt":"2022-11-28T13:39:42","guid":{"rendered":"http:\/\/www.sakababeauty.com\/?post_type=product&#038;p=26722"},"modified":"2022-11-28T13:39:43","modified_gmt":"2022-11-28T13:39:43","slug":"olay-total-effects-whip-active-moisturizer-25-spf","status":"publish","type":"product","link":"https:\/\/sakaba.mghosteur.com\/en\/product\/olay-total-effects-whip-active-moisturizer-25-spf\/","title":{"rendered":"OLAY Total Effects Whip Active Moisturizer 25 SPF"},"content":{"rendered":"","protected":false},"excerpt":{"rendered":"","protected":false},"featured_media":0,"comment_status":"closed","ping_status":"closed","template":"","meta":[],"product_brand":[],"product_cat":[15],"product_tag":[],"class_list":{"0":"post-26722","1":"product","2":"type-product","3":"status-publish","5":"product_cat-uncategorized","7":"first","8":"instock","9":"shipping-taxable","10":"product-type-simple"},"jetpack-related-posts":[{"id":27194,"url":"https:\/\/sakaba.mghosteur.com\/en\/product\/olay-total-effects-cleansing-whip-polishing-creme-cleanser\/","url_meta":{"origin":26722,"position":0},"title":"Olay, Total Effects, Cleansing Whip, Polishing Creme Cleanser","author":"admin","date":"November 29, 2022","format":false,"excerpt":"Notre nettoyant visage Total Effects Whip \u00e9limine la salet\u00e9, le s\u00e9bum et les accumulations quotidiennes pour laisser votre peau l\u00e9g\u00e8re comme l'air. Notre formule unique, infus\u00e9e de vitamines et d'antioxydants, utilise des micropolisseurs et des hydratants pour nettoyer en profondeur sans endommager ni dess\u00e9cher la peau. D\u00e9sormais, votre peau est\u2026","rel":"","context":"Similar post","block_context":{"text":"Similar post","link":""},"img":{"alt_text":"","src":"","width":0,"height":0},"classes":[]},{"id":31868,"url":"https:\/\/sakaba.mghosteur.com\/en\/product\/olay-total-effects-cleansing-whip-polishing-creme-cleanser-2\/","url_meta":{"origin":26722,"position":1},"title":"Olay, Total Effects, Cleansing Whip, Polishing Creme Cleanser","author":"admin","date":"May 10, 2024","format":false,"excerpt":"Commencez et terminez la journ\u00e9e avec un visage propre (car nous ne pouvons rien contr\u00f4ler entre les deux). Le nettoyant visage Total Effects Whip \u00e9limine la salet\u00e9, le s\u00e9bum et les accumulations quotidiennes pour laisser votre peau l\u00e9g\u00e8re comme l'air. Notre formule unique, infus\u00e9e de vitamines et d'antioxydants, utilise des\u2026","rel":"","context":"Similar post","block_context":{"text":"Similar post","link":""},"img":{"alt_text":"","src":"","width":0,"height":0},"classes":[]},{"id":26725,"url":"https:\/\/sakaba.mghosteur.com\/en\/product\/olay-regenerist-whip-hydrating-moisturizer-25spf\/","url_meta":{"origin":26722,"position":2},"title":"OLAY Regenerist Whip Hydrating Moisturizer 25SPF","author":"admin","date":"November 28, 2022","format":false,"excerpt":"","rel":"","context":"Similar post","block_context":{"text":"Similar post","link":""},"img":{"alt_text":"","src":"","width":0,"height":0},"classes":[]},{"id":24574,"url":"https:\/\/sakaba.mghosteur.com\/en\/product\/aveeno-clear-complexion-sheer-daily-moisturizer\/","url_meta":{"origin":26722,"position":3},"title":"AVEENO CLEAR COMPLEXION SHEER DAILY MOISTURIZER","author":"admin","date":"November 10, 2022","format":false,"excerpt":"Hydratez la peau, unifiez le teint et aidez \u00e0 r\u00e9v\u00e9ler le v\u00e9ritable \u00e9clat de votre peau avec l'hydratant quotidien transparent Aveeno Clear Complexion avec \u00e9cran solaire SPF 30. Sp\u00e9cialement formul\u00e9e pour les peaux sujettes aux \u00e9ruptions cutan\u00e9es, cette lotion l\u00e9g\u00e8re pour le visage contient un complexe total de soja pour\u2026","rel":"","context":"Similar post","block_context":{"text":"Similar post","link":""},"img":{"alt_text":"","src":"","width":0,"height":0},"classes":[]},{"id":27560,"url":"https:\/\/sakaba.mghosteur.com\/en\/product\/touch-anti-aging-spf-30-moisturizer\/","url_meta":{"origin":26722,"position":4},"title":"TOUCH ANTI AGING SPF 30 MOISTURIZER","author":"admin","date":"November 29, 2022","format":false,"excerpt":"","rel":"","context":"Similar post","block_context":{"text":"Similar post","link":""},"img":{"alt_text":"","src":"","width":0,"height":0},"classes":[]},{"id":31820,"url":"https:\/\/sakaba.mghosteur.com\/en\/product\/olay-regenerist-collagen-peptide-24-hydrating-moisturizer\/","url_meta":{"origin":26722,"position":5},"title":"OLAY Regenerist Collagen Peptide 24 Hydrating Moisturizer","author":"admin","date":"May 10, 2024","format":false,"excerpt":"Cette formule l\u00e9g\u00e8re p\u00e9n\u00e8tre rapidement et vous offre 24 heures d'hydratation sans laisser de sensation collante, grasse ou lourde. Elle est sp\u00e9cialement formul\u00e9e avec des ingr\u00e9dients \u00e9prouv\u00e9s, comme le peptide de collag\u00e8ne et la vitamine B3+, pour transformer l'apparence de votre peau.","rel":"","context":"Similar post","block_context":{"text":"Similar post","link":""},"img":{"alt_text":"","src":"","width":0,"height":0},"classes":[]}],"_links":{"self":[{"href":"https:\/\/sakaba.mghosteur.com\/en\/wp-json\/wp\/v2\/product\/26722","targetHints":{"allow":["GET"]}}],"collection":[{"href":"https:\/\/sakaba.mghosteur.com\/en\/wp-json\/wp\/v2\/product"}],"about":[{"href":"https:\/\/sakaba.mghosteur.com\/en\/wp-json\/wp\/v2\/types\/product"}],"replies":[{"embeddable":true,"href":"https:\/\/sakaba.mghosteur.com\/en\/wp-json\/wp\/v2\/comments?post=26722"}],"version-history":[{"count":0,"href":"https:\/\/sakaba.mghosteur.com\/en\/wp-json\/wp\/v2\/product\/26722\/revisions"}],"wp:attachment":[{"href":"https:\/\/sakaba.mghosteur.com\/en\/wp-json\/wp\/v2\/media?parent=26722"}],"wp:term":[{"taxonomy":"product_brand","embeddable":true,"href":"https:\/\/sakaba.mghosteur.com\/en\/wp-json\/wp\/v2\/product_brand?post=26722"},{"taxonomy":"product_cat","embeddable":true,"href":"https:\/\/sakaba.mghosteur.com\/en\/wp-json\/wp\/v2\/product_cat?post=26722"},{"taxonomy":"product_tag","embeddable":true,"href":"https:\/\/sakaba.mghosteur.com\/en\/wp-json\/wp\/v2\/product_tag?post=26722"}],"curies":[{"name":"wp","href":"https:\/\/api.w.org\/{rel}","templated":true}]}}