{"id":26725,"date":"2022-11-28T13:41:14","date_gmt":"2022-11-28T13:41:14","guid":{"rendered":"http:\/\/www.sakababeauty.com\/?post_type=product&#038;p=26725"},"modified":"2022-11-28T13:41:14","modified_gmt":"2022-11-28T13:41:14","slug":"olay-regenerist-whip-hydrating-moisturizer-25spf","status":"publish","type":"product","link":"https:\/\/sakaba.mghosteur.com\/en\/product\/olay-regenerist-whip-hydrating-moisturizer-25spf\/","title":{"rendered":"OLAY Regenerist Whip Hydrating Moisturizer 25SPF"},"content":{"rendered":"","protected":false},"excerpt":{"rendered":"","protected":false},"featured_media":0,"comment_status":"closed","ping_status":"closed","template":"","meta":[],"product_brand":[],"product_cat":[377],"product_tag":[],"class_list":{"0":"post-26725","1":"product","2":"type-product","3":"status-publish","5":"product_cat-bath-body-works","7":"first","8":"instock","9":"shipping-taxable","10":"product-type-simple"},"jetpack-related-posts":[{"id":31820,"url":"https:\/\/sakaba.mghosteur.com\/en\/product\/olay-regenerist-collagen-peptide-24-hydrating-moisturizer\/","url_meta":{"origin":26725,"position":0},"title":"OLAY Regenerist Collagen Peptide 24 Hydrating Moisturizer","author":"admin","date":"May 10, 2024","format":false,"excerpt":"Cette formule l\u00e9g\u00e8re p\u00e9n\u00e8tre rapidement et vous offre 24 heures d'hydratation sans laisser de sensation collante, grasse ou lourde. Elle est sp\u00e9cialement formul\u00e9e avec des ingr\u00e9dients \u00e9prouv\u00e9s, comme le peptide de collag\u00e8ne et la vitamine B3+, pour transformer l'apparence de votre peau.","rel":"","context":"Similar post","block_context":{"text":"Similar post","link":""},"img":{"alt_text":"","src":"","width":0,"height":0},"classes":[]},{"id":26722,"url":"https:\/\/sakaba.mghosteur.com\/en\/product\/olay-total-effects-whip-active-moisturizer-25-spf\/","url_meta":{"origin":26725,"position":1},"title":"OLAY Total Effects Whip Active Moisturizer 25 SPF","author":"admin","date":"November 28, 2022","format":false,"excerpt":"","rel":"","context":"Similar post","block_context":{"text":"Similar post","link":""},"img":{"alt_text":"","src":"","width":0,"height":0},"classes":[]},{"id":24097,"url":"https:\/\/sakaba.mghosteur.com\/en\/product\/olay-regenerist-facial-cleansing-brush\/","url_meta":{"origin":26725,"position":2},"title":"Olay Regenerist Facial Cleansing Brush","author":"admin","date":"November 9, 2022","format":false,"excerpt":"","rel":"","context":"Similar post","block_context":{"text":"Similar post","link":""},"img":{"alt_text":"","src":"","width":0,"height":0},"classes":[]},{"id":26766,"url":"https:\/\/sakaba.mghosteur.com\/en\/product\/olay-regenerist-tone-serum-max-b3-vitamin-c\/","url_meta":{"origin":26725,"position":3},"title":"OLAY Regenerist Tone Serum Max B3+ Vitamin C","author":"admin","date":"November 28, 2022","format":false,"excerpt":"","rel":"","context":"Similar post","block_context":{"text":"Similar post","link":""},"img":{"alt_text":"","src":"","width":0,"height":0},"classes":[]},{"id":31827,"url":"https:\/\/sakaba.mghosteur.com\/en\/product\/olay-regenerist-niacinamide-lait-de-corps\/","url_meta":{"origin":26725,"position":4},"title":"OLAY REGENERIST NIACINAMIDE LAIT DE CORPS","author":"admin","date":"May 10, 2024","format":false,"excerpt":"La lotion corporelle Olay Regenerist Niacinamide est une lotion hydratante con\u00e7ue pour traiter les signes du vieillissement et hydrater intens\u00e9ment la peau. Elle est fabriqu\u00e9e avec une formule riche en nutriments qui comprend de la niacinamide et un complexe de vitamine B3. La lotion est con\u00e7ue pour lisser l'apparence des\u2026","rel":"","context":"Similar post","block_context":{"text":"Similar post","link":""},"img":{"alt_text":"","src":"","width":0,"height":0},"classes":[]},{"id":26728,"url":"https:\/\/sakaba.mghosteur.com\/en\/product\/olay-regenerist-retinol-24-night-serum-max-vitamin-b3\/","url_meta":{"origin":26725,"position":5},"title":"OLAY Regenerist Retinol 24 Night Serum Max Vitamin B3+","author":"admin","date":"November 28, 2022","format":false,"excerpt":"","rel":"","context":"Similar post","block_context":{"text":"Similar post","link":""},"img":{"alt_text":"","src":"","width":0,"height":0},"classes":[]}],"_links":{"self":[{"href":"https:\/\/sakaba.mghosteur.com\/en\/wp-json\/wp\/v2\/product\/26725","targetHints":{"allow":["GET"]}}],"collection":[{"href":"https:\/\/sakaba.mghosteur.com\/en\/wp-json\/wp\/v2\/product"}],"about":[{"href":"https:\/\/sakaba.mghosteur.com\/en\/wp-json\/wp\/v2\/types\/product"}],"replies":[{"embeddable":true,"href":"https:\/\/sakaba.mghosteur.com\/en\/wp-json\/wp\/v2\/comments?post=26725"}],"version-history":[{"count":0,"href":"https:\/\/sakaba.mghosteur.com\/en\/wp-json\/wp\/v2\/product\/26725\/revisions"}],"wp:attachment":[{"href":"https:\/\/sakaba.mghosteur.com\/en\/wp-json\/wp\/v2\/media?parent=26725"}],"wp:term":[{"taxonomy":"product_brand","embeddable":true,"href":"https:\/\/sakaba.mghosteur.com\/en\/wp-json\/wp\/v2\/product_brand?post=26725"},{"taxonomy":"product_cat","embeddable":true,"href":"https:\/\/sakaba.mghosteur.com\/en\/wp-json\/wp\/v2\/product_cat?post=26725"},{"taxonomy":"product_tag","embeddable":true,"href":"https:\/\/sakaba.mghosteur.com\/en\/wp-json\/wp\/v2\/product_tag?post=26725"}],"curies":[{"name":"wp","href":"https:\/\/api.w.org\/{rel}","templated":true}]}}