{"id":26731,"date":"2022-11-28T13:46:07","date_gmt":"2022-11-28T13:46:07","guid":{"rendered":"http:\/\/www.sakababeauty.com\/?post_type=product&#038;p=26731"},"modified":"2022-11-28T13:46:07","modified_gmt":"2022-11-28T13:46:07","slug":"biore-makeup-removing-moisturizing-cleansing-jelly-2","status":"publish","type":"product","link":"https:\/\/sakaba.mghosteur.com\/en\/product\/biore-makeup-removing-moisturizing-cleansing-jelly-2\/","title":{"rendered":"Biore Makeup Removing Moisturizing Cleansing Jelly"},"content":{"rendered":"","protected":false},"excerpt":{"rendered":"","protected":false},"featured_media":0,"comment_status":"closed","ping_status":"closed","template":"","meta":[],"product_brand":[],"product_cat":[377],"product_tag":[],"class_list":{"0":"post-26731","1":"product","2":"type-product","3":"status-publish","5":"product_cat-bath-body-works","7":"first","8":"instock","9":"shipping-taxable","10":"product-type-simple"},"jetpack-related-posts":[{"id":24045,"url":"https:\/\/sakaba.mghosteur.com\/en\/product\/biore-makeup-removing-moisturizing-cleansing-jelly\/","url_meta":{"origin":26731,"position":0},"title":"Biore Makeup Removing Moisturizing Cleansing Jelly","author":"admin","date":"November 9, 2022","format":false,"excerpt":"","rel":"","context":"Similar post","block_context":{"text":"Similar post","link":""},"img":{"alt_text":"","src":"","width":0,"height":0},"classes":[]},{"id":33350,"url":"https:\/\/sakaba.mghosteur.com\/en\/product\/25-count-biore-charcoal-micellar-makeup-removing-cloths\/","url_meta":{"origin":26731,"position":1},"title":"25 Count Biore Charcoal Micellar Makeup Removing Cloths","author":"admin","date":"May 21, 2024","format":false,"excerpt":"Lingettes d\u00e9maquillantes au charbon Bior\u00e9, avec eau micellaire nettoyante, d\u00e9maquillantes et d\u00e9graissantes sans rin\u00e7age, pour peaux grasses, 25 unit\u00e9s","rel":"","context":"Similar post","block_context":{"text":"Similar post","link":""},"img":{"alt_text":"","src":"","width":0,"height":0},"classes":[]},{"id":24048,"url":"https:\/\/sakaba.mghosteur.com\/en\/product\/garnier-skinactive-micellar-makeup-removing-wipes500\/","url_meta":{"origin":26731,"position":2},"title":"Garnier SkinActive Micellar Makeup Removing WIPES500","author":"admin","date":"November 9, 2022","format":false,"excerpt":"","rel":"","context":"Similar post","block_context":{"text":"Similar post","link":""},"img":{"alt_text":"","src":"","width":0,"height":0},"classes":[]},{"id":24078,"url":"https:\/\/sakaba.mghosteur.com\/en\/product\/garnier-skinactive-micellar-makeup-removing-wipes\/","url_meta":{"origin":26731,"position":3},"title":"Garnier SkinActive Micellar Makeup Removing WIPES","author":"admin","date":"November 9, 2022","format":false,"excerpt":"","rel":"","context":"Similar post","block_context":{"text":"Similar post","link":""},"img":{"alt_text":"","src":"","width":0,"height":0},"classes":[]},{"id":29589,"url":"https:\/\/sakaba.mghosteur.com\/en\/product\/fenty-skin-melt-awf-jelly-oil-makeup-melting-cleanser\/","url_meta":{"origin":26731,"position":4},"title":"FENTY SKIN MELT AWF JELLY OIL MAKEUP-MELTING CLEANSER","author":"admin","date":"April 10, 2023","format":false,"excerpt":"D\u00e9couvrez le MELT AWF JELLY OIL MAKEUP-MELTING CLEANSER de la marque FENTY, un nettoyant innovant qui enl\u00e8ve tous les types de maquillage, m\u00eame les formules longue tenue et waterproof, sans stress ni frottement. Gr\u00e2ce \u00e0 sa texture unique en gel\u00e9e qui se transforme en huile l\u00e9g\u00e8re, ce produit contient un\u2026","rel":"","context":"Similar post","block_context":{"text":"Similar post","link":""},"img":{"alt_text":"","src":"","width":0,"height":0},"classes":[]},{"id":27543,"url":"https:\/\/sakaba.mghosteur.com\/en\/product\/biore-deep-cleansing-pore-strips\/","url_meta":{"origin":26731,"position":5},"title":"Bior\u00e9 deep cleansing pore strips","author":"admin","date":"November 29, 2022","format":false,"excerpt":"","rel":"","context":"Similar post","block_context":{"text":"Similar post","link":""},"img":{"alt_text":"","src":"","width":0,"height":0},"classes":[]}],"_links":{"self":[{"href":"https:\/\/sakaba.mghosteur.com\/en\/wp-json\/wp\/v2\/product\/26731","targetHints":{"allow":["GET"]}}],"collection":[{"href":"https:\/\/sakaba.mghosteur.com\/en\/wp-json\/wp\/v2\/product"}],"about":[{"href":"https:\/\/sakaba.mghosteur.com\/en\/wp-json\/wp\/v2\/types\/product"}],"replies":[{"embeddable":true,"href":"https:\/\/sakaba.mghosteur.com\/en\/wp-json\/wp\/v2\/comments?post=26731"}],"version-history":[{"count":0,"href":"https:\/\/sakaba.mghosteur.com\/en\/wp-json\/wp\/v2\/product\/26731\/revisions"}],"wp:attachment":[{"href":"https:\/\/sakaba.mghosteur.com\/en\/wp-json\/wp\/v2\/media?parent=26731"}],"wp:term":[{"taxonomy":"product_brand","embeddable":true,"href":"https:\/\/sakaba.mghosteur.com\/en\/wp-json\/wp\/v2\/product_brand?post=26731"},{"taxonomy":"product_cat","embeddable":true,"href":"https:\/\/sakaba.mghosteur.com\/en\/wp-json\/wp\/v2\/product_cat?post=26731"},{"taxonomy":"product_tag","embeddable":true,"href":"https:\/\/sakaba.mghosteur.com\/en\/wp-json\/wp\/v2\/product_tag?post=26731"}],"curies":[{"name":"wp","href":"https:\/\/api.w.org\/{rel}","templated":true}]}}