{"id":26737,"date":"2022-11-28T14:00:14","date_gmt":"2022-11-28T14:00:14","guid":{"rendered":"http:\/\/www.sakababeauty.com\/?post_type=product&#038;p=26737"},"modified":"2022-11-28T14:22:13","modified_gmt":"2022-11-28T14:22:13","slug":"wave-builder-full-force-durag","status":"publish","type":"product","link":"https:\/\/sakaba.mghosteur.com\/en\/product\/wave-builder-full-force-durag\/","title":{"rendered":"Wave builder full force durag"},"content":{"rendered":"","protected":false},"excerpt":{"rendered":"","protected":false},"featured_media":0,"comment_status":"closed","ping_status":"closed","template":"","meta":[],"product_brand":[],"product_cat":[284,372,288,339],"product_tag":[],"class_list":{"0":"post-26737","1":"product","2":"type-product","3":"status-publish","5":"product_cat-aad-cheveux","6":"product_cat-cheveux-homme","7":"product_cat-aaf-homme","8":"product_cat-soin-cheveux","10":"first","11":"instock","12":"shipping-taxable","13":"product-type-simple"},"jetpack-related-posts":[{"id":31657,"url":"https:\/\/sakaba.mghosteur.com\/en\/product\/red-one-aqua-hair-wax-full-force-150ml\/","url_meta":{"origin":26737,"position":0},"title":"RED ONE AQUA HAIR WAX FULL FORCE 150ML","author":"admin","date":"May 10, 2024","format":false,"excerpt":"D\u00e9couvrez la cire coiffante RedOne RED Aqua Hair Wax, un produit incontournable pour sublimer vos cheveux. Enrichie en vitamines et min\u00e9raux, cette cire vous offre une texture unique qui permet de r\u00e9aliser une multitude de styles capillaires avec aisance. Sa tenue longue dur\u00e9e vous assure une coiffure impeccable en toute\u2026","rel":"","context":"Similar post","block_context":{"text":"Similar post","link":""},"img":{"alt_text":"","src":"","width":0,"height":0},"classes":[]},{"id":28151,"url":"https:\/\/sakaba.mghosteur.com\/en\/product\/boar-wave-brush\/","url_meta":{"origin":26737,"position":1},"title":"BOAR WAVE BRUSH","author":"admin","date":"November 30, 2022","format":false,"excerpt":"","rel":"","context":"Similar post","block_context":{"text":"Similar post","link":""},"img":{"alt_text":"","src":"","width":0,"height":0},"classes":[]},{"id":26841,"url":"https:\/\/sakaba.mghosteur.com\/en\/product\/comb-thru-wave-and-styling-gel\/","url_meta":{"origin":26737,"position":2},"title":"Comb-thru wave and styling gel","author":"admin","date":"November 28, 2022","format":false,"excerpt":"","rel":"","context":"Similar post","block_context":{"text":"Similar post","link":""},"img":{"alt_text":"","src":"","width":0,"height":0},"classes":[]},{"id":33823,"url":"https:\/\/sakaba.mghosteur.com\/en\/product\/pro-line-ii-comb-thru-wave-styling-gel\/","url_meta":{"origin":26737,"position":3},"title":"Pro-Line II Comb-Thru Wave &#038; Styling Gel","author":"admin","date":"May 23, 2024","format":false,"excerpt":"","rel":"","context":"Similar post","block_context":{"text":"Similar post","link":""},"img":{"alt_text":"","src":"","width":0,"height":0},"classes":[]},{"id":27698,"url":"https:\/\/sakaba.mghosteur.com\/en\/product\/balancing-force-oil-control\/","url_meta":{"origin":26737,"position":4},"title":"BALANCING FORCE OIL CONTROL","author":"admin","date":"November 29, 2022","format":false,"excerpt":"","rel":"","context":"Similar post","block_context":{"text":"Similar post","link":""},"img":{"alt_text":"","src":"","width":0,"height":0},"classes":[]},{"id":34673,"url":"https:\/\/sakaba.mghosteur.com\/en\/product\/full-spectrum-fs120-amirite\/","url_meta":{"origin":26737,"position":5},"title":"Full Spectrum  FS120 Amirite","author":"admin","date":"May 30, 2024","format":false,"excerpt":"","rel":"","context":"Similar post","block_context":{"text":"Similar post","link":""},"img":{"alt_text":"","src":"","width":0,"height":0},"classes":[]}],"_links":{"self":[{"href":"https:\/\/sakaba.mghosteur.com\/en\/wp-json\/wp\/v2\/product\/26737","targetHints":{"allow":["GET"]}}],"collection":[{"href":"https:\/\/sakaba.mghosteur.com\/en\/wp-json\/wp\/v2\/product"}],"about":[{"href":"https:\/\/sakaba.mghosteur.com\/en\/wp-json\/wp\/v2\/types\/product"}],"replies":[{"embeddable":true,"href":"https:\/\/sakaba.mghosteur.com\/en\/wp-json\/wp\/v2\/comments?post=26737"}],"version-history":[{"count":0,"href":"https:\/\/sakaba.mghosteur.com\/en\/wp-json\/wp\/v2\/product\/26737\/revisions"}],"wp:attachment":[{"href":"https:\/\/sakaba.mghosteur.com\/en\/wp-json\/wp\/v2\/media?parent=26737"}],"wp:term":[{"taxonomy":"product_brand","embeddable":true,"href":"https:\/\/sakaba.mghosteur.com\/en\/wp-json\/wp\/v2\/product_brand?post=26737"},{"taxonomy":"product_cat","embeddable":true,"href":"https:\/\/sakaba.mghosteur.com\/en\/wp-json\/wp\/v2\/product_cat?post=26737"},{"taxonomy":"product_tag","embeddable":true,"href":"https:\/\/sakaba.mghosteur.com\/en\/wp-json\/wp\/v2\/product_tag?post=26737"}],"curies":[{"name":"wp","href":"https:\/\/api.w.org\/{rel}","templated":true}]}}