{"id":26763,"date":"2022-11-28T14:01:16","date_gmt":"2022-11-28T14:01:16","guid":{"rendered":"http:\/\/www.sakababeauty.com\/?post_type=product&#038;p=26763"},"modified":"2022-11-28T14:01:16","modified_gmt":"2022-11-28T14:01:16","slug":"olay-hydrating-face-scrub-vitamin-c-caviar-lime-essence","status":"publish","type":"product","link":"https:\/\/sakaba.mghosteur.com\/en\/product\/olay-hydrating-face-scrub-vitamin-c-caviar-lime-essence\/","title":{"rendered":"Olay Hydrating Face Scrub &#8211; Vitamin C + Caviar Lime Essence"},"content":{"rendered":"","protected":false},"excerpt":{"rendered":"","protected":false},"featured_media":0,"comment_status":"closed","ping_status":"closed","template":"","meta":[],"product_brand":[],"product_cat":[446],"product_tag":[],"class_list":{"0":"post-26763","1":"product","2":"type-product","3":"status-publish","5":"product_cat-nettoyant","7":"first","8":"instock","9":"shipping-taxable","10":"product-type-simple"},"jetpack-related-posts":[{"id":26787,"url":"https:\/\/sakaba.mghosteur.com\/en\/product\/olay-scrubs-detoxifying-vitamin-c-black-charcoal\/","url_meta":{"origin":26763,"position":0},"title":"Olay Scrubs Detoxifying Vitamin C + Black Charcoal","author":"admin","date":"November 28, 2022","format":false,"excerpt":"","rel":"","context":"Similar post","block_context":{"text":"Similar post","link":""},"img":{"alt_text":"","src":"","width":0,"height":0},"classes":[]},{"id":26782,"url":"https:\/\/sakaba.mghosteur.com\/en\/product\/olay-scrubs-pore-perfecting-vitamin-c-dragon-fruit\/","url_meta":{"origin":26763,"position":1},"title":"Olay Scrubs Pore Perfecting &#8211; Vitamin C + Dragon Fruit","author":"admin","date":"November 28, 2022","format":false,"excerpt":"","rel":"","context":"Similar post","block_context":{"text":"Similar post","link":""},"img":{"alt_text":"","src":"","width":0,"height":0},"classes":[]},{"id":31792,"url":"https:\/\/sakaba.mghosteur.com\/en\/product\/olay-collagen-peptide-firming-hydrating\/","url_meta":{"origin":26763,"position":2},"title":"OLAY COLLAGEN PEPTIDE FIRMING &amp; HYDRATING","author":"admin","date":"May 10, 2024","format":false,"excerpt":"La lotion corporelle raffermissante et hydratante Olay avec collag\u00e8ne est une lotion hydratante qui contient du collag\u00e8ne et un complexe de vitamine B3 pour raffermir et repulper la peau tout en r\u00e9duisant les ridules. Elle est vendue en tube ou en flacon pompe et convient \u00e0 tous les types de\u2026","rel":"","context":"Similar post","block_context":{"text":"Similar post","link":""},"img":{"alt_text":"","src":"","width":0,"height":0},"classes":[]},{"id":31820,"url":"https:\/\/sakaba.mghosteur.com\/en\/product\/olay-regenerist-collagen-peptide-24-hydrating-moisturizer\/","url_meta":{"origin":26763,"position":3},"title":"OLAY Regenerist Collagen Peptide 24 Hydrating Moisturizer","author":"admin","date":"May 10, 2024","format":false,"excerpt":"Cette formule l\u00e9g\u00e8re p\u00e9n\u00e8tre rapidement et vous offre 24 heures d'hydratation sans laisser de sensation collante, grasse ou lourde. Elle est sp\u00e9cialement formul\u00e9e avec des ingr\u00e9dients \u00e9prouv\u00e9s, comme le peptide de collag\u00e8ne et la vitamine B3+, pour transformer l'apparence de votre peau.","rel":"","context":"Similar post","block_context":{"text":"Similar post","link":""},"img":{"alt_text":"","src":"","width":0,"height":0},"classes":[]},{"id":26725,"url":"https:\/\/sakaba.mghosteur.com\/en\/product\/olay-regenerist-whip-hydrating-moisturizer-25spf\/","url_meta":{"origin":26763,"position":4},"title":"OLAY Regenerist Whip Hydrating Moisturizer 25SPF","author":"admin","date":"November 28, 2022","format":false,"excerpt":"","rel":"","context":"Similar post","block_context":{"text":"Similar post","link":""},"img":{"alt_text":"","src":"","width":0,"height":0},"classes":[]},{"id":31848,"url":"https:\/\/sakaba.mghosteur.com\/en\/product\/olay-ultimate-hydration-essence-mist\/","url_meta":{"origin":26763,"position":5},"title":"OLAY Ultimate Hydration Essence Mist","author":"admin","date":"May 10, 2024","format":false,"excerpt":"","rel":"","context":"Similar post","block_context":{"text":"Similar post","link":""},"img":{"alt_text":"","src":"","width":0,"height":0},"classes":[]}],"_links":{"self":[{"href":"https:\/\/sakaba.mghosteur.com\/en\/wp-json\/wp\/v2\/product\/26763","targetHints":{"allow":["GET"]}}],"collection":[{"href":"https:\/\/sakaba.mghosteur.com\/en\/wp-json\/wp\/v2\/product"}],"about":[{"href":"https:\/\/sakaba.mghosteur.com\/en\/wp-json\/wp\/v2\/types\/product"}],"replies":[{"embeddable":true,"href":"https:\/\/sakaba.mghosteur.com\/en\/wp-json\/wp\/v2\/comments?post=26763"}],"version-history":[{"count":0,"href":"https:\/\/sakaba.mghosteur.com\/en\/wp-json\/wp\/v2\/product\/26763\/revisions"}],"wp:attachment":[{"href":"https:\/\/sakaba.mghosteur.com\/en\/wp-json\/wp\/v2\/media?parent=26763"}],"wp:term":[{"taxonomy":"product_brand","embeddable":true,"href":"https:\/\/sakaba.mghosteur.com\/en\/wp-json\/wp\/v2\/product_brand?post=26763"},{"taxonomy":"product_cat","embeddable":true,"href":"https:\/\/sakaba.mghosteur.com\/en\/wp-json\/wp\/v2\/product_cat?post=26763"},{"taxonomy":"product_tag","embeddable":true,"href":"https:\/\/sakaba.mghosteur.com\/en\/wp-json\/wp\/v2\/product_tag?post=26763"}],"curies":[{"name":"wp","href":"https:\/\/api.w.org\/{rel}","templated":true}]}}