{"id":26766,"date":"2022-11-28T14:02:49","date_gmt":"2022-11-28T14:02:49","guid":{"rendered":"http:\/\/www.sakababeauty.com\/?post_type=product&#038;p=26766"},"modified":"2022-11-28T14:03:37","modified_gmt":"2022-11-28T14:03:37","slug":"olay-regenerist-tone-serum-max-b3-vitamin-c","status":"publish","type":"product","link":"https:\/\/sakaba.mghosteur.com\/en\/product\/olay-regenerist-tone-serum-max-b3-vitamin-c\/","title":{"rendered":"OLAY Regenerist Tone Serum Max B3+ Vitamin C"},"content":{"rendered":"","protected":false},"excerpt":{"rendered":"","protected":false},"featured_media":0,"comment_status":"closed","ping_status":"closed","template":"","meta":[],"product_brand":[],"product_cat":[334],"product_tag":[],"class_list":{"0":"post-26766","1":"product","2":"type-product","3":"status-publish","5":"product_cat-traitement-serum","7":"first","8":"instock","9":"shipping-taxable","10":"product-type-simple"},"jetpack-related-posts":[{"id":31836,"url":"https:\/\/sakaba.mghosteur.com\/en\/product\/olay-tone-serum-max-b3-2x-viamin-c\/","url_meta":{"origin":26766,"position":0},"title":"OLAY TONE SERUM MAX B3+ 2X VIAMIN C","author":"admin","date":"May 10, 2024","format":false,"excerpt":"Lib\u00e9rez votre \u00e9clat int\u00e9rieur avec le s\u00e9rum tonifiant Regenerist MAX d'OLAY, formul\u00e9 avec 2 fois plus de vitamine C. Ce s\u00e9rum l\u00e9ger p\u00e9n\u00e8tre la surface de votre peau pour att\u00e9nuer visiblement les taches et uniformiser l'apparence du teint. \u00c9labor\u00e9e avec une concentration maximale de complexe \u00e9nergisant pour la peau avec\u2026","rel":"","context":"Similar post","block_context":{"text":"Similar post","link":""},"img":{"alt_text":"","src":"","width":0,"height":0},"classes":[]},{"id":26728,"url":"https:\/\/sakaba.mghosteur.com\/en\/product\/olay-regenerist-retinol-24-night-serum-max-vitamin-b3\/","url_meta":{"origin":26766,"position":1},"title":"OLAY Regenerist Retinol 24 Night Serum Max Vitamin B3+","author":"admin","date":"November 28, 2022","format":false,"excerpt":"","rel":"","context":"Similar post","block_context":{"text":"Similar post","link":""},"img":{"alt_text":"","src":"","width":0,"height":0},"classes":[]},{"id":31820,"url":"https:\/\/sakaba.mghosteur.com\/en\/product\/olay-regenerist-collagen-peptide-24-hydrating-moisturizer\/","url_meta":{"origin":26766,"position":2},"title":"OLAY Regenerist Collagen Peptide 24 Hydrating Moisturizer","author":"admin","date":"May 10, 2024","format":false,"excerpt":"Cette formule l\u00e9g\u00e8re p\u00e9n\u00e8tre rapidement et vous offre 24 heures d'hydratation sans laisser de sensation collante, grasse ou lourde. Elle est sp\u00e9cialement formul\u00e9e avec des ingr\u00e9dients \u00e9prouv\u00e9s, comme le peptide de collag\u00e8ne et la vitamine B3+, pour transformer l'apparence de votre peau.","rel":"","context":"Similar post","block_context":{"text":"Similar post","link":""},"img":{"alt_text":"","src":"","width":0,"height":0},"classes":[]},{"id":31827,"url":"https:\/\/sakaba.mghosteur.com\/en\/product\/olay-regenerist-niacinamide-lait-de-corps\/","url_meta":{"origin":26766,"position":3},"title":"OLAY REGENERIST NIACINAMIDE LAIT DE CORPS","author":"admin","date":"May 10, 2024","format":false,"excerpt":"La lotion corporelle Olay Regenerist Niacinamide est une lotion hydratante con\u00e7ue pour traiter les signes du vieillissement et hydrater intens\u00e9ment la peau. Elle est fabriqu\u00e9e avec une formule riche en nutriments qui comprend de la niacinamide et un complexe de vitamine B3. La lotion est con\u00e7ue pour lisser l'apparence des\u2026","rel":"","context":"Similar post","block_context":{"text":"Similar post","link":""},"img":{"alt_text":"","src":"","width":0,"height":0},"classes":[]},{"id":31824,"url":"https:\/\/sakaba.mghosteur.com\/en\/product\/olay-regenerist-niacinamide-gel-de-douche-591ml\/","url_meta":{"origin":26766,"position":4},"title":"OLAY REGENERIST NIACINAMIDE  GEL DE DOUCHE 591ML","author":"admin","date":"May 10, 2024","format":false,"excerpt":"Nettoyant hydratant pour le corps Olay Age Defying avec niacinamide. La formule avanc\u00e9e du nettoyant pour le corps d'Olay nettoie et hydrate pour une peau visiblement souple et lisse en r\u00e9duisant l'apparence des ridules. Infus\u00e9e de leur complexe de vitamine B3, cette formule \u00e9limine les impuret\u00e9s de la journ\u00e9e et\u2026","rel":"","context":"Similar post","block_context":{"text":"Similar post","link":""},"img":{"alt_text":"","src":"","width":0,"height":0},"classes":[]},{"id":31807,"url":"https:\/\/sakaba.mghosteur.com\/en\/product\/olay-hyaluronic-lait-de-corps\/","url_meta":{"origin":26766,"position":5},"title":"OLAY HYALURONIC LAIT DE CORPS","author":"admin","date":"May 10, 2024","format":false,"excerpt":"Cette lotion hydratante a une formule riche en nutriments \u00e9labor\u00e9e avec de l'acide hyaluronique et notre complexe de vitamine B3 et a \u00e9t\u00e9 cr\u00e9\u00e9e sp\u00e9cifiquement pour nourrir votre peau en profondeur de la t\u00eate aux pieds pour une peau lisse et durable. Pourquoi ajouter le complexe de vitamine B3 \u00e0\u2026","rel":"","context":"Similar post","block_context":{"text":"Similar post","link":""},"img":{"alt_text":"","src":"","width":0,"height":0},"classes":[]}],"_links":{"self":[{"href":"https:\/\/sakaba.mghosteur.com\/en\/wp-json\/wp\/v2\/product\/26766","targetHints":{"allow":["GET"]}}],"collection":[{"href":"https:\/\/sakaba.mghosteur.com\/en\/wp-json\/wp\/v2\/product"}],"about":[{"href":"https:\/\/sakaba.mghosteur.com\/en\/wp-json\/wp\/v2\/types\/product"}],"replies":[{"embeddable":true,"href":"https:\/\/sakaba.mghosteur.com\/en\/wp-json\/wp\/v2\/comments?post=26766"}],"version-history":[{"count":0,"href":"https:\/\/sakaba.mghosteur.com\/en\/wp-json\/wp\/v2\/product\/26766\/revisions"}],"wp:attachment":[{"href":"https:\/\/sakaba.mghosteur.com\/en\/wp-json\/wp\/v2\/media?parent=26766"}],"wp:term":[{"taxonomy":"product_brand","embeddable":true,"href":"https:\/\/sakaba.mghosteur.com\/en\/wp-json\/wp\/v2\/product_brand?post=26766"},{"taxonomy":"product_cat","embeddable":true,"href":"https:\/\/sakaba.mghosteur.com\/en\/wp-json\/wp\/v2\/product_cat?post=26766"},{"taxonomy":"product_tag","embeddable":true,"href":"https:\/\/sakaba.mghosteur.com\/en\/wp-json\/wp\/v2\/product_tag?post=26766"}],"curies":[{"name":"wp","href":"https:\/\/api.w.org\/{rel}","templated":true}]}}