{"id":26770,"date":"2022-11-28T14:05:06","date_gmt":"2022-11-28T14:05:06","guid":{"rendered":"http:\/\/www.sakababeauty.com\/?post_type=product&#038;p=26770"},"modified":"2022-11-28T14:05:06","modified_gmt":"2022-11-28T14:05:06","slug":"olay-eyes-collagen-peptide-24-eye-cream","status":"publish","type":"product","link":"https:\/\/sakaba.mghosteur.com\/en\/product\/olay-eyes-collagen-peptide-24-eye-cream\/","title":{"rendered":"Olay Eyes Collagen Peptide 24 Eye Cream"},"content":{"rendered":"","protected":false},"excerpt":{"rendered":"","protected":false},"featured_media":0,"comment_status":"closed","ping_status":"closed","template":"","meta":[],"product_brand":[],"product_cat":[334],"product_tag":[],"class_list":{"0":"post-26770","1":"product","2":"type-product","3":"status-publish","5":"product_cat-traitement-serum","7":"first","8":"instock","9":"shipping-taxable","10":"product-type-simple"},"jetpack-related-posts":[{"id":31840,"url":"https:\/\/sakaba.mghosteur.com\/en\/product\/olay-ultimate-eye-cream\/","url_meta":{"origin":26770,"position":0},"title":"Olay Ultimate Eye Cream","author":"admin","date":"May 10, 2024","format":false,"excerpt":"La cr\u00e8me pour les yeux Olay Eyes Ultimate est une cr\u00e8me pour les yeux 3 en 1 qui combat les rides, les yeux gonfl\u00e9s et les cernes. Elle contient des peptides et des vitamines pour renouveler la surface de la peau et r\u00e9duire les poches. Elle dispose \u00e9galement d'une technologie\u2026","rel":"","context":"Similar post","block_context":{"text":"Similar post","link":""},"img":{"alt_text":"","src":"","width":0,"height":0},"classes":[]},{"id":31788,"url":"https:\/\/sakaba.mghosteur.com\/en\/product\/olay-collagen-peptide-24-cream-cleanser-2\/","url_meta":{"origin":26770,"position":1},"title":"OLAY Collagen Peptide 24 Cream Cleanser","author":"admin","date":"May 10, 2024","format":false,"excerpt":"Ce nettoyant cr\u00e9meux exfolie votre peau en douceur sans la dess\u00e9cher ni la tirailler. En un seul nettoyage, il \u00e9limine la salet\u00e9, le s\u00e9bum, le maquillage et les impuret\u00e9s pour la pr\u00e9parer \u00e0 absorber les ingr\u00e9dients de vos soins du visage et de vos hydratants.","rel":"","context":"Similar post","block_context":{"text":"Similar post","link":""},"img":{"alt_text":"","src":"","width":0,"height":0},"classes":[]},{"id":26793,"url":"https:\/\/sakaba.mghosteur.com\/en\/product\/olay-collagen-peptide-24-cream-cleanser\/","url_meta":{"origin":26770,"position":2},"title":"OLAY Collagen Peptide 24 Cream Cleanser","author":"admin","date":"November 28, 2022","format":false,"excerpt":"Ce nettoyant cr\u00e9meux exfolie votre peau en douceur sans la dess\u00e9cher ni la tirailler. En un seul nettoyage, il \u00e9limine la salet\u00e9, le s\u00e9bum, le maquillage et les impuret\u00e9s pour la pr\u00e9parer \u00e0 absorber les ingr\u00e9dients de vos soins du visage et de vos hydratants.","rel":"","context":"Similar post","block_context":{"text":"Similar post","link":""},"img":{"alt_text":"","src":"","width":0,"height":0},"classes":[]},{"id":31811,"url":"https:\/\/sakaba.mghosteur.com\/en\/product\/olay-regenerist-collagen-peptide-24-cream-cleanser\/","url_meta":{"origin":26770,"position":3},"title":"Olay Regenerist Collagen Peptide 24 Cream Cleanser","author":"admin","date":"May 10, 2024","format":false,"excerpt":"Ce nettoyant cr\u00e9meux exfolie votre peau en douceur sans la dess\u00e9cher ni la tirailler. En un seul nettoyage, il \u00e9limine la salet\u00e9, le s\u00e9bum, le maquillage et les impuret\u00e9s pour la pr\u00e9parer \u00e0 absorber les ingr\u00e9dients de vos soins du visage et de vos hydratants. Le matin, le soir, apr\u00e8s\u2026","rel":"","context":"Similar post","block_context":{"text":"Similar post","link":""},"img":{"alt_text":"","src":"","width":0,"height":0},"classes":[]},{"id":31801,"url":"https:\/\/sakaba.mghosteur.com\/en\/product\/olay-eyes-brigthtening-eye-cream\/","url_meta":{"origin":26770,"position":4},"title":"Olay Eyes Brigthtening eye cream","author":"admin","date":"May 10, 2024","format":false,"excerpt":"La cr\u00e8me \u00e9claircissante pour les yeux Olay pour les cernes est une cr\u00e8me qui hydrate le contour des yeux pour aider \u00e0 r\u00e9duire les cernes, les rides et \u00e0 lisser les ridules. Elle contient de la vitamine E, de la vitamine C, de la caf\u00e9ine, de la niacinamide et du\u2026","rel":"","context":"Similar post","block_context":{"text":"Similar post","link":""},"img":{"alt_text":"","src":"","width":0,"height":0},"classes":[]},{"id":26719,"url":"https:\/\/sakaba.mghosteur.com\/en\/product\/olay-collagen-peptide-24-serum\/","url_meta":{"origin":26770,"position":5},"title":"OLAY Collagen Peptide 24 Serum","author":"admin","date":"November 28, 2022","format":false,"excerpt":"","rel":"","context":"Similar post","block_context":{"text":"Similar post","link":""},"img":{"alt_text":"","src":"","width":0,"height":0},"classes":[]}],"_links":{"self":[{"href":"https:\/\/sakaba.mghosteur.com\/en\/wp-json\/wp\/v2\/product\/26770","targetHints":{"allow":["GET"]}}],"collection":[{"href":"https:\/\/sakaba.mghosteur.com\/en\/wp-json\/wp\/v2\/product"}],"about":[{"href":"https:\/\/sakaba.mghosteur.com\/en\/wp-json\/wp\/v2\/types\/product"}],"replies":[{"embeddable":true,"href":"https:\/\/sakaba.mghosteur.com\/en\/wp-json\/wp\/v2\/comments?post=26770"}],"version-history":[{"count":0,"href":"https:\/\/sakaba.mghosteur.com\/en\/wp-json\/wp\/v2\/product\/26770\/revisions"}],"wp:attachment":[{"href":"https:\/\/sakaba.mghosteur.com\/en\/wp-json\/wp\/v2\/media?parent=26770"}],"wp:term":[{"taxonomy":"product_brand","embeddable":true,"href":"https:\/\/sakaba.mghosteur.com\/en\/wp-json\/wp\/v2\/product_brand?post=26770"},{"taxonomy":"product_cat","embeddable":true,"href":"https:\/\/sakaba.mghosteur.com\/en\/wp-json\/wp\/v2\/product_cat?post=26770"},{"taxonomy":"product_tag","embeddable":true,"href":"https:\/\/sakaba.mghosteur.com\/en\/wp-json\/wp\/v2\/product_tag?post=26770"}],"curies":[{"name":"wp","href":"https:\/\/api.w.org\/{rel}","templated":true}]}}