{"id":26794,"date":"2022-11-28T14:12:47","date_gmt":"2022-11-28T14:12:47","guid":{"rendered":"http:\/\/www.sakababeauty.com\/?post_type=product&#038;p=26794"},"modified":"2024-08-20T22:24:05","modified_gmt":"2024-08-20T22:24:05","slug":"kojic-san-skin-lightening-soap-3-pieces","status":"publish","type":"product","link":"https:\/\/sakaba.mghosteur.com\/en\/product\/kojic-san-skin-lightening-soap-3-pieces\/","title":{"rendered":"Kojie San Skin Lightening Kojic Acid Soap 3 Bars"},"content":{"rendered":"<p>D\u00e9couvrez le Kojie San Skin Lightening Kojic Acid Soap 3 Bars, un savon \u00e9claircissant de qualit\u00e9 de 65g qui allie des ingr\u00e9dients \u00e9claircissants efficaces avec de l&#8217;huile de noix de coco nourrissante et un parfum d&#8217;orange frais. La formulation du Kojic acid a \u00e9t\u00e9 d\u00e9couverte lors du traitement du riz pour les vins japonais. Les ingr\u00e9dients naturels d\u00e9riv\u00e9s de ce savon ont \u00e9t\u00e9 prouv\u00e9s pour r\u00e9duire en douceur l&#8217;apparence des taches sombres, de la d\u00e9coloration et d&#8217;autres imperfections* afin de r\u00e9v\u00e9ler rapidement et en toute s\u00e9curit\u00e9 une peau uniforme.<\/p>\n<p>Chaque bo\u00eete contient 3 bars de 65g, adapt\u00e9s pour une utilisation sur le visage et le corps. L&#8217;huile de noix de coco hydratante pr\u00e9pare la peau pour une absorption maximale de l&#8217;acide kojique, qui r\u00e9duit l&#8217;apparence des taches de vieillesse, des taches de rousseur et d&#8217;autres signes de dommages caus\u00e9s par le soleil. Il r\u00e9duit \u00e9galement l&#8217;apparence de marques rouges et de cicatrices, et une utilisation continue donne \u00e0 votre peau un aspect plus clair et plus lumineux.<\/p>\n<p>Le Kojie San Skin Lightening Kojic Acid Soap est exempt de mercure et de m\u00e9taux lourds. Pour plus de s\u00e9curit\u00e9, effectuez un test de sensibilit\u00e9 avant utilisation en appliquant le savon sur une petite partie de votre peau et en surveillant toute r\u00e9action. N&#8217;oubliez pas d&#8217;utiliser une cr\u00e8me solaire en conjonction avec les produits de blanchiment de la peau.<\/p>\n<p>Commandez maintenant et profitez d&#8217;une peau plus claire et plus lumineuse avec le Kojie San Skin Lightening Kojic Acid Soap 3 Bars de 65g.<\/p>","protected":false},"excerpt":{"rendered":"<p>D\u00e9couvrez le Kojie San Skin Lightening Kojic Acid Soap 3 Bars, un savon \u00e9claircissant de qualit\u00e9 de 65g qui allie des ingr\u00e9dients \u00e9claircissants efficaces avec de l&#8217;huile de noix de coco nourrissante et un parfum d&#8217;orange frais. La formulation du Kojic acid a \u00e9t\u00e9 d\u00e9couverte lors du traitement du riz pour les vins japonais. Les<span class=\"read-more-faq\"><a href=\"https:\/\/sakaba.mghosteur.com\/en\/product\/kojic-san-skin-lightening-soap-3-pieces\/\">Read More<\/a><\/span><\/p>","protected":false},"featured_media":0,"comment_status":"closed","ping_status":"closed","template":"","meta":[],"product_brand":[],"product_cat":[293,324,291,1018,451],"product_tag":[],"class_list":{"0":"post-26794","1":"product","2":"type-product","3":"status-publish","5":"product_cat-anti-taches","6":"product_cat-demaquillant-nettoyant","7":"product_cat-eclaircissant","8":"product_cat-aai-produis-coreens","9":"product_cat-aab-soin-du-visage","11":"first","12":"instock","13":"shipping-taxable","14":"product-type-simple"},"jetpack-related-posts":[{"id":31444,"url":"https:\/\/sakaba.mghosteur.com\/en\/product\/kojie-san-skin-lightening-kojic-acid-soap-3-bars-65g-x-3\/","url_meta":{"origin":26794,"position":0},"title":"Kojie San Skin Lightening Kojic Acid Soap 3 Bars 65g x 3","author":"admin","date":"May 10, 2024","format":false,"excerpt":"D\u00e9couvrez le savon \u00e9claircissant pour la peau Kojie San - 65 g, une formule originale \u00e0 base d'acide kojique qui allie des ingr\u00e9dients blanchissants efficaces \u00e0 de l'huile de noix de coco nourrissante et un parfum d'orange frais. L'acide kojique, d\u00e9couvert lors de la transformation du riz pour la fabrication\u2026","rel":"","context":"Similar post","block_context":{"text":"Similar post","link":""},"img":{"alt_text":"","src":"","width":0,"height":0},"classes":[]},{"id":29827,"url":"https:\/\/sakaba.mghosteur.com\/en\/product\/kojie-san-skin-lightening-kojic-acid-soap-2-bars-65g-super-savings\/","url_meta":{"origin":26794,"position":1},"title":"Kojie San Skin Lightening Kojic Acid Soap 2 Bars &#8211; 65g-SUPER SAVINGS","author":"admin","date":"April 26, 2023","format":false,"excerpt":"Le savon \u00e9claircissant pour la peau Kojie San est une solution efficace pour r\u00e9duire l'apparence des taches brunes, de la d\u00e9coloration et d'autres imperfections cutan\u00e9es. Sa formulation unique m\u00e9lange des ingr\u00e9dients blanchissants \u00e0 base d'acide kojique avec de l'huile de noix de coco nourrissante et un parfum d'orange frais pour\u2026","rel":"","context":"Similar post","block_context":{"text":"Similar post","link":""},"img":{"alt_text":"","src":"","width":0,"height":0},"classes":[]},{"id":29837,"url":"https:\/\/sakaba.mghosteur.com\/en\/product\/kojie-san-skin-lightening-kojic-acid-soap-65g\/","url_meta":{"origin":26794,"position":2},"title":"Kojie San Skin Lightening Kojic Acid Soap &#8211; 65g","author":"admin","date":"April 26, 2023","format":false,"excerpt":"Le Savon \u00e9claircissant \u00e0 l'acide kojique de Kojie San - 65g est un produit unique qui m\u00e9lange des ingr\u00e9dients blanchissants efficaces avec de l'huile de noix de coco nourrissante et un parfum d'orange frais. Il est con\u00e7u pour r\u00e9duire rapidement et en toute s\u00e9curit\u00e9 l'apparence des taches brunes, de la\u2026","rel":"","context":"Similar post","block_context":{"text":"Similar post","link":""},"img":{"alt_text":"","src":"","width":0,"height":0},"classes":[]},{"id":29871,"url":"https:\/\/sakaba.mghosteur.com\/en\/product\/kojie-san-skin-lightening-kojic-acid-soap-3-bars-100g\/","url_meta":{"origin":26794,"position":3},"title":"Kojie San Skin Lightening Kojic Acid Soap 3 Bars &#8211; 100g","author":"admin","date":"April 26, 2023","format":false,"excerpt":"D\u00e9couvrez les avantages du Savon Eclaircissant Kojic Acid de Kojie San, avec une formule unique m\u00e9langeant des ingr\u00e9dients \u00e9claircissants efficaces \u00e0 l'huile de noix de coco nourrissante et un parfum frais d'orange. La marque Kojie San a d\u00e9couvert l'acide kojique en traitant du riz pour produire du vin japonais. Les\u2026","rel":"","context":"Similar post","block_context":{"text":"Similar post","link":""},"img":{"alt_text":"","src":"","width":0,"height":0},"classes":[]},{"id":29866,"url":"https:\/\/sakaba.mghosteur.com\/en\/product\/kojie-san-savon-eclaircissant-a-lacide-kojique-2-barres-135g\/","url_meta":{"origin":26794,"position":4},"title":"Kojie San Skin Lightening Kojic Acid Soap 2 Bars &#8211; 135g","author":"admin","date":"April 26, 2023","format":false,"excerpt":"Le savon \u00e9claircissant \u00e0 l'acide kojique de Kojie San est un produit de qualit\u00e9 de 135g, pr\u00e9sent\u00e9 en deux barres. Sa formule unique combine des ingr\u00e9dients blanchissants puissants avec de l'huile de noix de coco nourrissante pour r\u00e9duire rapidement et en toute s\u00e9curit\u00e9 l'apparence des taches brunes, de la d\u00e9coloration\u2026","rel":"","context":"Similar post","block_context":{"text":"Similar post","link":""},"img":{"alt_text":"","src":"","width":0,"height":0},"classes":[]},{"id":26780,"url":"https:\/\/sakaba.mghosteur.com\/en\/product\/kojic-san-skinlightening-soap-135g\/","url_meta":{"origin":26794,"position":5},"title":"Kojie San Skin Lightening Kojic Acid Soap &#8211; 135G","author":"admin","date":"November 28, 2022","format":false,"excerpt":"D\u00e9couvrez le Savon Eclaircissant Kojie San, un produit de beaut\u00e9 de qualit\u00e9 de 135g qui contient de l'acide kojique comme ingr\u00e9dient actif principal. Cet ingr\u00e9dient naturel de haute qualit\u00e9 aide \u00e0 pr\u00e9venir la production de m\u00e9lanine, rendant ainsi votre peau plus claire et plus l\u00e9g\u00e8re. Le savon Kojie San est\u2026","rel":"","context":"Similar post","block_context":{"text":"Similar post","link":""},"img":{"alt_text":"","src":"","width":0,"height":0},"classes":[]}],"_links":{"self":[{"href":"https:\/\/sakaba.mghosteur.com\/en\/wp-json\/wp\/v2\/product\/26794","targetHints":{"allow":["GET"]}}],"collection":[{"href":"https:\/\/sakaba.mghosteur.com\/en\/wp-json\/wp\/v2\/product"}],"about":[{"href":"https:\/\/sakaba.mghosteur.com\/en\/wp-json\/wp\/v2\/types\/product"}],"replies":[{"embeddable":true,"href":"https:\/\/sakaba.mghosteur.com\/en\/wp-json\/wp\/v2\/comments?post=26794"}],"version-history":[{"count":0,"href":"https:\/\/sakaba.mghosteur.com\/en\/wp-json\/wp\/v2\/product\/26794\/revisions"}],"wp:attachment":[{"href":"https:\/\/sakaba.mghosteur.com\/en\/wp-json\/wp\/v2\/media?parent=26794"}],"wp:term":[{"taxonomy":"product_brand","embeddable":true,"href":"https:\/\/sakaba.mghosteur.com\/en\/wp-json\/wp\/v2\/product_brand?post=26794"},{"taxonomy":"product_cat","embeddable":true,"href":"https:\/\/sakaba.mghosteur.com\/en\/wp-json\/wp\/v2\/product_cat?post=26794"},{"taxonomy":"product_tag","embeddable":true,"href":"https:\/\/sakaba.mghosteur.com\/en\/wp-json\/wp\/v2\/product_tag?post=26794"}],"curies":[{"name":"wp","href":"https:\/\/api.w.org\/{rel}","templated":true}]}}