{"id":26804,"date":"2022-11-28T14:20:38","date_gmt":"2022-11-28T14:20:38","guid":{"rendered":"http:\/\/www.sakababeauty.com\/?post_type=product&#038;p=26804"},"modified":"2024-08-20T22:37:01","modified_gmt":"2024-08-20T22:37:01","slug":"skin-lightening-body-lotion","status":"publish","type":"product","link":"https:\/\/sakaba.mghosteur.com\/en\/product\/skin-lightening-body-lotion\/","title":{"rendered":"SKIN LIGHTENING BODY LOTION"},"content":{"rendered":"<p><span style=\"vertical-align: inherit\"><span style=\"vertical-align: inherit\">La lotion \u00e9claircissante pour le corps Kojie San KOJIC est une solution id\u00e9ale pour ceux qui cherchent \u00e0 \u00e9claircir leur peau et \u00e0 r\u00e9duire les taches brunes. <\/span><span style=\"vertical-align: inherit\">Avec son principal ingr\u00e9dient actif, l&#8217;acide kojique, cette lotion est formul\u00e9e pour blanchir naturellement la peau tout en la contient hydrat\u00e9e et saine. <\/span><span style=\"vertical-align: inherit\">Sa texture l\u00e9g\u00e8re et non grasse est enrichie en beurre de karit\u00e9, qui nourrit la peau pour la rendre douce et lisse tout au long de la journ\u00e9e.<\/span><\/span><\/p>\n<p><span style=\"vertical-align: inherit\"><span style=\"vertical-align: inherit\">Les ingr\u00e9dients de qualit\u00e9 sup\u00e9rieure de cette lotion \u00e9claircissante contiennent de la vitamine B3, du collag\u00e8ne, des extraits de pois et d&#8217;\u00e9corce de Khaya senegalensis, ainsi que de nombreux autres ingr\u00e9dients qui activent une peau \u00e9clatante. <\/span><span style=\"vertical-align: inherit\">Cette lotion est \u00e9galement dot\u00e9e d&#8217;un indice de protection solaire SPF25 pour prot\u00e9ger votre peau des rayons UV nocifs.<\/span><\/span><\/p>\n<p><span style=\"vertical-align: inherit\"><span style=\"vertical-align: inherit\">La lotion \u00e9claircissante pour le corps Kojie San KOJIC est fabriqu\u00e9e aux Philippines conform\u00e9ment aux normes de r\u00e9glementation cosm\u00e9tique de l&#8217;UE. <\/span><span style=\"vertical-align: inherit\">Nous vous recommandons toujours de r\u00e9aliser un test cutan\u00e9 en tamponnant une petite quantit\u00e9 de produit derri\u00e8re votre oreille avant utilisation pour \u00e9viter toute r\u00e9action allergique.<\/span><\/span><\/p>","protected":false},"excerpt":{"rendered":"<p>La lotion \u00e9claircissante pour le corps Kojie San KOJIC est une solution id\u00e9ale pour ceux qui cherchent \u00e0 \u00e9claircir leur peau et \u00e0 r\u00e9duire les taches brunes. Avec son principal ingr\u00e9dient actif, l&#8217;acide kojique, cette lotion est formul\u00e9e pour blanchir naturellement la peau tout en la contient hydrat\u00e9e et saine. Sa texture l\u00e9g\u00e8re et non<span class=\"read-more-faq\"><a href=\"https:\/\/sakaba.mghosteur.com\/en\/product\/skin-lightening-body-lotion\/\">Read More<\/a><\/span><\/p>","protected":false},"featured_media":0,"comment_status":"closed","ping_status":"closed","template":"","meta":[],"product_brand":[],"product_cat":[293,447,291,1061,1018],"product_tag":[],"class_list":{"0":"post-26804","1":"product","2":"type-product","3":"status-publish","5":"product_cat-anti-taches","6":"product_cat-aac-bain-et-corps","7":"product_cat-eclaircissant","8":"product_cat-lait-huile_corporelle","9":"product_cat-aai-produis-coreens","11":"first","12":"instock","13":"shipping-taxable","14":"product-type-simple"},"jetpack-related-posts":[{"id":26244,"url":"https:\/\/sakaba.mghosteur.com\/en\/product\/lighten-up-plus-lightening-body-lotion\/","url_meta":{"origin":26804,"position":0},"title":"LIGHTEN UP PLUS LIGHTENING BODY LOTION","author":"admin","date":"November 24, 2022","format":false,"excerpt":"Lighten Up PLUS Lightening Body Lotion est le produit parfait pour ceux qui cherchent \u00e0 uniformiser leur teint et \u00e0 \u00e9claircir leur peau en seulement 7 jours. Cette luxueuse lotion pour le corps hydrate en profondeur la peau tout en la clarifiant et en r\u00e9duisant les taches brunes. Elle contient\u2026","rel":"","context":"Similar post","block_context":{"text":"Similar post","link":""},"img":{"alt_text":"","src":"","width":0,"height":0},"classes":[]},{"id":27106,"url":"https:\/\/sakaba.mghosteur.com\/en\/product\/hadalabo-premium-shiro-jyun-premium\/","url_meta":{"origin":26804,"position":1},"title":"HADALABO PREMIUM SHIRO JYUN PREMIUM","author":"admin","date":"November 28, 2022","format":false,"excerpt":"D\u00e9couvrez la lotion HadaLabo Premium Shiro Jyun Premium, un produit de qualit\u00e9 de la marque HadaLabo, qui contient de l'acide hyaluronique, des d\u00e9riv\u00e9s de vitamine C et de la vitamine E pour hydrater la peau. Elle est \u00e9galement enrichie en acide tranexamique, un ingr\u00e9dient \u00e9claircissant reconnu, pour un teint plus\u2026","rel":"","context":"Similar post","block_context":{"text":"Similar post","link":""},"img":{"alt_text":"","src":"","width":0,"height":0},"classes":[]},{"id":29883,"url":"https:\/\/sakaba.mghosteur.com\/en\/product\/healthy-white-uv-lightening-100-ml\/","url_meta":{"origin":26804,"position":2},"title":"HEALTHY WHITE UV LIGHTENING 100 ML","author":"admin","date":"April 27, 2023","format":false,"excerpt":"D\u00e9couvrez la lotion \u00e9claircissante UV Vaseline Healthy White, sp\u00e9cialement con\u00e7ue pour rendre votre peau plus lumineuse en seulement deux semaines d'utilisation r\u00e9guli\u00e8re, deux fois par jour. Gr\u00e2ce \u00e0 son \u00e9cran solaire int\u00e9gr\u00e9, cette lotion emp\u00eache votre peau de noircir tout en hydratant en profondeur gr\u00e2ce \u00e0 son s\u00e9rum de yaourt.\u2026","rel":"","context":"Similar post","block_context":{"text":"Similar post","link":""},"img":{"alt_text":"","src":"","width":0,"height":0},"classes":[]},{"id":31677,"url":"https:\/\/sakaba.mghosteur.com\/en\/product\/aplb-glutathione-niacinamide-body-lotion-12-5\/","url_meta":{"origin":26804,"position":3},"title":"APLB GLUTATHIONE NIACINAMIDE BODY LOTION 12.5%","author":"admin","date":"May 10, 2024","format":false,"excerpt":"D\u00e9couvrez la Lotion Corporelle Glutathion Niacinamide, \u00e9galement connue sous le nom de LIPO GLUTA NIAC CEN 12,5%. Avec une concentration puissante de Glutathion \u00e0 1 000 ppm et de Niacinamide \u00e0 1 000 ppm, enrichie de 12,3 % d'extrait de Centella Asiatica, ce produit offre une exp\u00e9rience de soin corporel\u2026","rel":"","context":"Similar post","block_context":{"text":"Similar post","link":""},"img":{"alt_text":"","src":"","width":0,"height":0},"classes":[]},{"id":26548,"url":"https:\/\/sakaba.mghosteur.com\/en\/product\/skin-success-body-lotion-glow\/","url_meta":{"origin":26804,"position":4},"title":"SKIN SUCCESS BODY LOTION GLOW","author":"admin","date":"November 25, 2022","format":false,"excerpt":"La lotion pour les mains et le corps Palmer's Skin Success GLOW Water Lily est un produit parfait pour celles et ceux qui recherchent une peau radieuse et \u00e9quilibr\u00e9e. Avec des ingr\u00e9dients naturels tels que le Lys Blanc, le Champignon Songyi, la Vitamine C et la R\u00e9glisse, cette lotion nourrit\u2026","rel":"","context":"Similar post","block_context":{"text":"Similar post","link":""},"img":{"alt_text":"","src":"","width":0,"height":0},"classes":[]},{"id":31523,"url":"https:\/\/sakaba.mghosteur.com\/en\/product\/vaseline-daily-brightening-even-tone-lotion-200ml\/","url_meta":{"origin":26804,"position":5},"title":"VASELINE DAILY BRIGHTENING EVEN TONE LOTION 200ML","author":"admin","date":"May 10, 2024","format":false,"excerpt":"VASELINE DAILY BRIGHTENING LOTION D\u00e9tails La lotion Vaseline Healthy Bright est reconnue comme l'une des meilleures lotions \u00e9claircissantes pour la peau, aidant \u00e0 soigner* la peau s\u00e8che et endommag\u00e9e tout en restaurant naturellement son \u00e9clat en seulement 2 semaines. Avantages Obtenez une peau radieuse en seulement 2 semaines. Une lotion\u2026","rel":"","context":"Similar post","block_context":{"text":"Similar post","link":""},"img":{"alt_text":"","src":"","width":0,"height":0},"classes":[]}],"_links":{"self":[{"href":"https:\/\/sakaba.mghosteur.com\/en\/wp-json\/wp\/v2\/product\/26804","targetHints":{"allow":["GET"]}}],"collection":[{"href":"https:\/\/sakaba.mghosteur.com\/en\/wp-json\/wp\/v2\/product"}],"about":[{"href":"https:\/\/sakaba.mghosteur.com\/en\/wp-json\/wp\/v2\/types\/product"}],"replies":[{"embeddable":true,"href":"https:\/\/sakaba.mghosteur.com\/en\/wp-json\/wp\/v2\/comments?post=26804"}],"version-history":[{"count":0,"href":"https:\/\/sakaba.mghosteur.com\/en\/wp-json\/wp\/v2\/product\/26804\/revisions"}],"wp:attachment":[{"href":"https:\/\/sakaba.mghosteur.com\/en\/wp-json\/wp\/v2\/media?parent=26804"}],"wp:term":[{"taxonomy":"product_brand","embeddable":true,"href":"https:\/\/sakaba.mghosteur.com\/en\/wp-json\/wp\/v2\/product_brand?post=26804"},{"taxonomy":"product_cat","embeddable":true,"href":"https:\/\/sakaba.mghosteur.com\/en\/wp-json\/wp\/v2\/product_cat?post=26804"},{"taxonomy":"product_tag","embeddable":true,"href":"https:\/\/sakaba.mghosteur.com\/en\/wp-json\/wp\/v2\/product_tag?post=26804"}],"curies":[{"name":"wp","href":"https:\/\/api.w.org\/{rel}","templated":true}]}}