{"id":26807,"date":"2022-11-28T14:22:51","date_gmt":"2022-11-28T14:22:51","guid":{"rendered":"http:\/\/www.sakababeauty.com\/?post_type=product&#038;p=26807"},"modified":"2022-11-28T14:23:25","modified_gmt":"2022-11-28T14:23:25","slug":"dalfour-ultrawhite-beauty-lotion","status":"publish","type":"product","link":"https:\/\/sakaba.mghosteur.com\/en\/product\/dalfour-ultrawhite-beauty-lotion\/","title":{"rendered":"DALFOUR ULTRAWHITE BEAUTY LOTION"},"content":{"rendered":"","protected":false},"excerpt":{"rendered":"","protected":false},"featured_media":0,"comment_status":"closed","ping_status":"closed","template":"","meta":[],"product_brand":[],"product_cat":[355],"product_tag":[],"class_list":{"0":"post-26807","1":"product","2":"type-product","3":"status-publish","5":"product_cat-hydratant-corps","7":"first","8":"instock","9":"shipping-taxable","10":"product-type-simple"},"jetpack-related-posts":[{"id":26799,"url":"https:\/\/sakaba.mghosteur.com\/en\/product\/ultrawhite-beauty-soap\/","url_meta":{"origin":26807,"position":0},"title":"ULTRAWHITE BEAUTY SOAP","author":"admin","date":"November 28, 2022","format":false,"excerpt":"","rel":"","context":"Similar post","block_context":{"text":"Similar post","link":""},"img":{"alt_text":"","src":"","width":0,"height":0},"classes":[]},{"id":26652,"url":"https:\/\/sakaba.mghosteur.com\/en\/product\/dalfour-beauty-protect\/","url_meta":{"origin":26807,"position":1},"title":"DALFOUR BEAUTY PROTECT+","author":"admin","date":"November 28, 2022","format":false,"excerpt":"","rel":"","context":"Similar post","block_context":{"text":"Similar post","link":""},"img":{"alt_text":"","src":"","width":0,"height":0},"classes":[]},{"id":26654,"url":"https:\/\/sakaba.mghosteur.com\/en\/product\/dalfour-beauty-excel\/","url_meta":{"origin":26807,"position":2},"title":"DALFOUR BEAUTY EXCEL","author":"admin","date":"November 28, 2022","format":false,"excerpt":"","rel":"","context":"Similar post","block_context":{"text":"Similar post","link":""},"img":{"alt_text":"","src":"","width":0,"height":0},"classes":[]},{"id":27154,"url":"https:\/\/sakaba.mghosteur.com\/en\/product\/lumene-finland-brightening-beauty-lotion\/","url_meta":{"origin":26807,"position":3},"title":"LUMENE FINLAND BRIGHTENING BEAUTY LOTION","author":"admin","date":"November 29, 2022","format":false,"excerpt":"","rel":"","context":"Similar post","block_context":{"text":"Similar post","link":""},"img":{"alt_text":"","src":"","width":0,"height":0},"classes":[]},{"id":27831,"url":"https:\/\/sakaba.mghosteur.com\/en\/product\/first-aid-beauty-smoothing-body-lotion-mini\/","url_meta":{"origin":26807,"position":4},"title":"FIRST AID BEAUTY SMOOTHING BODY LOTION MINI","author":"admin","date":"November 29, 2022","format":false,"excerpt":"Une lotion corporelle multit\u00e2che avec 10 % d'AHA qui combine les bienfaits d'un exfoliant chimique et d'un hydratant pour \u00e9liminer les bosses et hydrater la peau. Contient 10 % d'acide lactique (AHA) pour resurfacer la couche sup\u00e9rieure de la peau, aidant \u00e0 r\u00e9duire l'apparence des bosses dures et rugueuses souvent\u2026","rel":"","context":"Similar post","block_context":{"text":"Similar post","link":""},"img":{"alt_text":"","src":"","width":0,"height":0},"classes":[]},{"id":27811,"url":"https:\/\/sakaba.mghosteur.com\/en\/product\/first-aid-beauty-smoothing-body-lotion-with-10-aha\/","url_meta":{"origin":26807,"position":5},"title":"FIRST AID BEAUTY SMOOTHING BODY LOTION WITH 10% AHA","author":"admin","date":"November 29, 2022","format":false,"excerpt":"Une lotion corporelle multit\u00e2che avec 10 % d'AHA qui combine les bienfaits d'un exfoliant chimique et d'un hydratant pour \u00e9liminer les bosses et hydrater la peau. Contient 10 % d'acide lactique (AHA) pour resurfacer la couche sup\u00e9rieure de la peau, aidant \u00e0 r\u00e9duire l'apparence des bosses dures et rugueuses souvent\u2026","rel":"","context":"Similar post","block_context":{"text":"Similar post","link":""},"img":{"alt_text":"","src":"","width":0,"height":0},"classes":[]}],"_links":{"self":[{"href":"https:\/\/sakaba.mghosteur.com\/en\/wp-json\/wp\/v2\/product\/26807","targetHints":{"allow":["GET"]}}],"collection":[{"href":"https:\/\/sakaba.mghosteur.com\/en\/wp-json\/wp\/v2\/product"}],"about":[{"href":"https:\/\/sakaba.mghosteur.com\/en\/wp-json\/wp\/v2\/types\/product"}],"replies":[{"embeddable":true,"href":"https:\/\/sakaba.mghosteur.com\/en\/wp-json\/wp\/v2\/comments?post=26807"}],"version-history":[{"count":0,"href":"https:\/\/sakaba.mghosteur.com\/en\/wp-json\/wp\/v2\/product\/26807\/revisions"}],"wp:attachment":[{"href":"https:\/\/sakaba.mghosteur.com\/en\/wp-json\/wp\/v2\/media?parent=26807"}],"wp:term":[{"taxonomy":"product_brand","embeddable":true,"href":"https:\/\/sakaba.mghosteur.com\/en\/wp-json\/wp\/v2\/product_brand?post=26807"},{"taxonomy":"product_cat","embeddable":true,"href":"https:\/\/sakaba.mghosteur.com\/en\/wp-json\/wp\/v2\/product_cat?post=26807"},{"taxonomy":"product_tag","embeddable":true,"href":"https:\/\/sakaba.mghosteur.com\/en\/wp-json\/wp\/v2\/product_tag?post=26807"}],"curies":[{"name":"wp","href":"https:\/\/api.w.org\/{rel}","templated":true}]}}