{"id":26823,"date":"2022-11-28T14:30:36","date_gmt":"2022-11-28T14:30:36","guid":{"rendered":"http:\/\/www.sakababeauty.com\/?post_type=product&#038;p=26823"},"modified":"2022-11-28T14:30:37","modified_gmt":"2022-11-28T14:30:37","slug":"topicrem-mela-serum-booster","status":"publish","type":"product","link":"https:\/\/sakaba.mghosteur.com\/en\/product\/topicrem-mela-serum-booster\/","title":{"rendered":"TOPICREM MELA SERUM BOOSTER"},"content":{"rendered":"","protected":false},"excerpt":{"rendered":"","protected":false},"featured_media":0,"comment_status":"closed","ping_status":"closed","template":"","meta":[],"product_brand":[],"product_cat":[355],"product_tag":[],"class_list":{"0":"post-26823","1":"product","2":"type-product","3":"status-publish","5":"product_cat-hydratant-corps","7":"first","8":"instock","9":"shipping-taxable","10":"product-type-simple"},"jetpack-related-posts":[{"id":27142,"url":"https:\/\/sakaba.mghosteur.com\/en\/product\/mele-even-dark-spot-control-serum\/","url_meta":{"origin":26823,"position":0},"title":"MELE EVEN DARK SPOT CONTROL SERUM","author":"admin","date":"November 29, 2022","format":false,"excerpt":"Ce s\u00e9rum de soin sp\u00e9cialement formul\u00e9 r\u00e9duit l'apparence des taches brunes pour \u00e9liminer les impuret\u00e9s. Ce s\u00e9rum pour le visage cible et r\u00e9duit l'apparence des taches brunes pour r\u00e9v\u00e9ler une peau radieuse et plus uniforme. Mode d'emploi : Bien agiter avant chaque utilisation. Appliquer sur l'ensemble du visage le matin\u2026","rel":"","context":"Similar post","block_context":{"text":"Similar post","link":""},"img":{"alt_text":"","src":"","width":0,"height":0},"classes":[]},{"id":27796,"url":"https:\/\/sakaba.mghosteur.com\/en\/product\/anti-redness-serum-antioxidant-booster\/","url_meta":{"origin":26823,"position":1},"title":"ANTI REDNESS SERUM ANTIOXIDANT BOOSTER","author":"admin","date":"November 29, 2022","format":false,"excerpt":"","rel":"","context":"Similar post","block_context":{"text":"Similar post","link":""},"img":{"alt_text":"","src":"","width":0,"height":0},"classes":[]},{"id":24013,"url":"https:\/\/sakaba.mghosteur.com\/en\/product\/neutrogena-hydro-boost-hydrating-serum-hyaluronic-acid\/","url_meta":{"origin":26823,"position":2},"title":"NEUTROGENA HYDRO BOOST HYDRATING SERUM HYALURONIC ACID","author":"admin","date":"November 9, 2022","format":false,"excerpt":"Hydro Boost pour une hydratation suppl\u00e9mentaire. Masser d\u00e9licatement sur la peau en \u00e9vitant le contour des yeux. Utiliser matin et soir pour des r\u00e9sultats optimaux. INGR\u00c9DIENTS Eau, glyc\u00e9rine, dim\u00e9thicone, cyclohexasiloxane, cyclopentasiloxane, polym\u00e8re crois\u00e9 de dim\u00e9thiconol, polyacrylamide, acide hyaluronique, acide carbom\u00e8re, C13-14 isoparaffine, chlorph\u00e9n\u00e9sine, laureth-7, propyl\u00e8ne glycol, EDTA disodique, parfum. Le\u2026","rel":"","context":"Similar post","block_context":{"text":"Similar post","link":""},"img":{"alt_text":"","src":"","width":0,"height":0},"classes":[]},{"id":30330,"url":"https:\/\/sakaba.mghosteur.com\/en\/product\/neutrogena-hydro-boost-night-pressed-serum\/","url_meta":{"origin":26823,"position":3},"title":"NEUTROGENA HYDRO BOOST NIGHT PRESSED SERUM","author":"admin","date":"May 8, 2023","format":false,"excerpt":"D\u00e9couvrez le s\u00e9rum press\u00e9 pour le visage Hydro Boost Night \u00e0 l'acide hyaluronique pur de la marque Neutrogena, un concentr\u00e9 multi-r\u00e9parateur unique con\u00e7u pour revitaliser et restaurer la barri\u00e8re d'hydratation de votre peau pendant la nuit. Ce s\u00e9rum pour le visage fond instantan\u00e9ment dans votre peau pour une hydratation en\u2026","rel":"","context":"Similar post","block_context":{"text":"Similar post","link":""},"img":{"alt_text":"","src":"","width":0,"height":0},"classes":[]},{"id":33116,"url":"https:\/\/sakaba.mghosteur.com\/en\/product\/medix-5-5-20-aha-pha-renew-booster-serum-50ml\/","url_meta":{"origin":26823,"position":4},"title":"MEDIX 5.5 20% AHA PHA RENEW BOOSTER SERUM 50ML","author":"admin","date":"May 20, 2024","format":false,"excerpt":"Avec un PH de 5,5, le niveau de PH optimal pour une barri\u00e8re cutan\u00e9e saine, ce S\u00c9RUM booster est un m\u00e9lange resurfa\u00e7ant d'ALPHA HYDROXY ACIDES et de POLY HYDROXY ACIDES qui favorise l'\u00e9claircissement et le renouvellement des cellules de la peau.","rel":"","context":"Similar post","block_context":{"text":"Similar post","link":""},"img":{"alt_text":"","src":"","width":0,"height":0},"classes":[]},{"id":26862,"url":"https:\/\/sakaba.mghosteur.com\/en\/product\/paula-choice-10-niacinamide-booster\/","url_meta":{"origin":26823,"position":5},"title":"PAULA  CHOICE 10% NIACINAMIDE BOOSTER","author":"admin","date":"November 28, 2022","format":false,"excerpt":"Le 10% Niacinamide Booster de Paula's Choice est un s\u00e9rum concentr\u00e9 qui am\u00e9liore la texture de la peau, affine la taille des pores et r\u00e9duit les ridules. Ce produit contient 10% de niacinamide (vitamine B3) qui favorise une apparence plus lumineuse et plus jeune de la peau. La formule est\u2026","rel":"","context":"Similar post","block_context":{"text":"Similar post","link":""},"img":{"alt_text":"","src":"","width":0,"height":0},"classes":[]}],"_links":{"self":[{"href":"https:\/\/sakaba.mghosteur.com\/en\/wp-json\/wp\/v2\/product\/26823","targetHints":{"allow":["GET"]}}],"collection":[{"href":"https:\/\/sakaba.mghosteur.com\/en\/wp-json\/wp\/v2\/product"}],"about":[{"href":"https:\/\/sakaba.mghosteur.com\/en\/wp-json\/wp\/v2\/types\/product"}],"replies":[{"embeddable":true,"href":"https:\/\/sakaba.mghosteur.com\/en\/wp-json\/wp\/v2\/comments?post=26823"}],"version-history":[{"count":0,"href":"https:\/\/sakaba.mghosteur.com\/en\/wp-json\/wp\/v2\/product\/26823\/revisions"}],"wp:attachment":[{"href":"https:\/\/sakaba.mghosteur.com\/en\/wp-json\/wp\/v2\/media?parent=26823"}],"wp:term":[{"taxonomy":"product_brand","embeddable":true,"href":"https:\/\/sakaba.mghosteur.com\/en\/wp-json\/wp\/v2\/product_brand?post=26823"},{"taxonomy":"product_cat","embeddable":true,"href":"https:\/\/sakaba.mghosteur.com\/en\/wp-json\/wp\/v2\/product_cat?post=26823"},{"taxonomy":"product_tag","embeddable":true,"href":"https:\/\/sakaba.mghosteur.com\/en\/wp-json\/wp\/v2\/product_tag?post=26823"}],"curies":[{"name":"wp","href":"https:\/\/api.w.org\/{rel}","templated":true}]}}