{"id":26828,"date":"2022-11-28T14:32:58","date_gmt":"2022-11-28T14:32:58","guid":{"rendered":"http:\/\/www.sakababeauty.com\/?post_type=product&#038;p=26828"},"modified":"2024-06-13T14:01:44","modified_gmt":"2024-06-13T14:01:44","slug":"paula-choice-hyauloronic-acid-booster","status":"publish","type":"product","link":"https:\/\/sakaba.mghosteur.com\/en\/product\/paula-choice-hyauloronic-acid-booster\/","title":{"rendered":"PAULA CHOICE  HYAULORONIC ACID BOOSTER"},"content":{"rendered":"<p>Le booster d&#8217;acide hyaluronique de la marque Paula&#8217;s Choice est un produit de soin hautement concentr\u00e9 qui aide \u00e0 r\u00e9tablir le niveau d&#8217;humidit\u00e9 de la peau pour lui donner un aspect plus souple, repulp\u00e9 et lisse. Il est parfait pour les peaux d\u00e9shydrat\u00e9es et ternes, et peut am\u00e9liorer l&#8217;apparence des rides et des ridules. Sa texture gel fluide permet une application facile et il peut \u00eatre utilis\u00e9 seul ou ajout\u00e9 \u00e0 votre cr\u00e8me hydratante ou s\u00e9rum. Obtenez une peau plus hydrat\u00e9e et \u00e9clatante avec ce booster d&#8217;acide hyaluronique de qualit\u00e9 sup\u00e9rieure.<\/p>","protected":false},"excerpt":{"rendered":"<p>Le booster d&#8217;acide hyaluronique de la marque Paula&#8217;s Choice est un produit de soin hautement concentr\u00e9 qui aide \u00e0 r\u00e9tablir le niveau d&#8217;humidit\u00e9 de la peau pour lui donner un aspect plus souple, repulp\u00e9 et lisse. Il est parfait pour les peaux d\u00e9shydrat\u00e9es et ternes, et peut am\u00e9liorer l&#8217;apparence des rides et des ridules. Sa<span class=\"read-more-faq\"><a href=\"https:\/\/sakaba.mghosteur.com\/en\/product\/paula-choice-hyauloronic-acid-booster\/\">Read More<\/a><\/span><\/p>","protected":false},"featured_media":0,"comment_status":"closed","ping_status":"closed","template":"","meta":[],"product_brand":[],"product_cat":[451,334],"product_tag":[],"class_list":{"0":"post-26828","1":"product","2":"type-product","3":"status-publish","5":"product_cat-aab-soin-du-visage","6":"product_cat-traitement-serum","8":"first","9":"instock","10":"shipping-taxable","11":"product-type-simple"},"jetpack-related-posts":[{"id":26892,"url":"https:\/\/sakaba.mghosteur.com\/en\/product\/10-azelaic-acid-booster\/","url_meta":{"origin":26828,"position":0},"title":"10% AZELAIC ACID BOOSTER","author":"admin","date":"November 28, 2022","format":false,"excerpt":"Le Booster 10% Acide Az\u00e9la\u00efque de la marque Paula's Choice est une formule unique qui utilise de l'acide az\u00e9la\u00efque puissant ainsi que d'autres ingr\u00e9dients puissants pour clarifier le teint irr\u00e9gulier, cibler les taches tenaces et apaiser les irritations. Cette formule vous donnera une peau plus lisse, plus radieuse et d'apparence\u2026","rel":"","context":"Similar post","block_context":{"text":"Similar post","link":""},"img":{"alt_text":"","src":"","width":0,"height":0},"classes":[]},{"id":24013,"url":"https:\/\/sakaba.mghosteur.com\/en\/product\/neutrogena-hydro-boost-hydrating-serum-hyaluronic-acid\/","url_meta":{"origin":26828,"position":1},"title":"NEUTROGENA HYDRO BOOST HYDRATING SERUM HYALURONIC ACID","author":"admin","date":"November 9, 2022","format":false,"excerpt":"Hydro Boost pour une hydratation suppl\u00e9mentaire. Masser d\u00e9licatement sur la peau en \u00e9vitant le contour des yeux. Utiliser matin et soir pour des r\u00e9sultats optimaux. INGR\u00c9DIENTS Eau, glyc\u00e9rine, dim\u00e9thicone, cyclohexasiloxane, cyclopentasiloxane, polym\u00e8re crois\u00e9 de dim\u00e9thiconol, polyacrylamide, acide hyaluronique, acide carbom\u00e8re, C13-14 isoparaffine, chlorph\u00e9n\u00e9sine, laureth-7, propyl\u00e8ne glycol, EDTA disodique, parfum. Le\u2026","rel":"","context":"Similar post","block_context":{"text":"Similar post","link":""},"img":{"alt_text":"","src":"","width":0,"height":0},"classes":[]},{"id":24015,"url":"https:\/\/sakaba.mghosteur.com\/en\/product\/neutrogena-hydro-boost-hyaluronic-acid-serum\/","url_meta":{"origin":26828,"position":2},"title":"NEUTROGENA HYDRO BOOST HYALURONIC ACID SERUM","author":"admin","date":"November 9, 2022","format":false,"excerpt":"Le s\u00e9rum visage quotidien \u00e0 l'acide hyaluronique Neutrogena Hydro Boost est un produit de soin de la peau ultra-l\u00e9ger qui offre une hydratation longue dur\u00e9e pour une peau extra-lisse et souple. Adapt\u00e9 aux peaux sensibles, il d\u00e9salt\u00e8re la peau en profondeur gr\u00e2ce \u00e0 sa formule unique contenant deux tailles d'acide\u2026","rel":"","context":"Similar post","block_context":{"text":"Similar post","link":""},"img":{"alt_text":"","src":"","width":0,"height":0},"classes":[]},{"id":30334,"url":"https:\/\/sakaba.mghosteur.com\/en\/product\/neutrogena-hydro-boost-water-gel-48g\/","url_meta":{"origin":26828,"position":3},"title":"NEUTROGENA HYDRO BOOST WATER GEL 48g","author":"admin","date":"May 8, 2023","format":false,"excerpt":"D\u00e9couvrez le Gel d'eau Hydro Boost \u00e0 l'acide hyaluronique de Neutrogena\u00ae, sp\u00e9cialement con\u00e7u pour r\u00e9pondre aux besoins de la peau s\u00e8che. Gr\u00e2ce \u00e0 sa formule prim\u00e9e, ce gel hydratant p\u00e9n\u00e8tre rapidement dans la peau pour offrir une hydratation intense et durable. Cette cr\u00e8me hydratante pour le visage est la plus\u2026","rel":"","context":"Similar post","block_context":{"text":"Similar post","link":""},"img":{"alt_text":"","src":"","width":0,"height":0},"classes":[]},{"id":31403,"url":"https:\/\/sakaba.mghosteur.com\/en\/product\/paulas-choice-pro-collagen-multi-peptide-booster\/","url_meta":{"origin":26828,"position":4},"title":"PAULA&#8217;S CHOICE PRO-COLLAGEN MULTI-PEPTIDE BOOSTER","author":"admin","date":"May 10, 2024","format":false,"excerpt":"Pro-Collagen Multi-Peptide Booster Reconstruisez, renforcez et raffermissez votre peau en profondeur gr\u00e2ce \u00e0 six peptides pro-collag\u00e8ne. Ce booster offre un soutien multicouche pour des r\u00e9sultats imm\u00e9diats et durables. Le complexe peptidique de pointe agit en profondeur pour offrir un soutien multicouche, lissant visiblement les rides en seulement 15 minutes. Cliniquement\u2026","rel":"","context":"Similar post","block_context":{"text":"Similar post","link":""},"img":{"alt_text":"","src":"","width":0,"height":0},"classes":[]},{"id":30330,"url":"https:\/\/sakaba.mghosteur.com\/en\/product\/neutrogena-hydro-boost-night-pressed-serum\/","url_meta":{"origin":26828,"position":5},"title":"NEUTROGENA HYDRO BOOST NIGHT PRESSED SERUM","author":"admin","date":"May 8, 2023","format":false,"excerpt":"D\u00e9couvrez le s\u00e9rum press\u00e9 pour le visage Hydro Boost Night \u00e0 l'acide hyaluronique pur de la marque Neutrogena, un concentr\u00e9 multi-r\u00e9parateur unique con\u00e7u pour revitaliser et restaurer la barri\u00e8re d'hydratation de votre peau pendant la nuit. Ce s\u00e9rum pour le visage fond instantan\u00e9ment dans votre peau pour une hydratation en\u2026","rel":"","context":"Similar post","block_context":{"text":"Similar post","link":""},"img":{"alt_text":"","src":"","width":0,"height":0},"classes":[]}],"_links":{"self":[{"href":"https:\/\/sakaba.mghosteur.com\/en\/wp-json\/wp\/v2\/product\/26828","targetHints":{"allow":["GET"]}}],"collection":[{"href":"https:\/\/sakaba.mghosteur.com\/en\/wp-json\/wp\/v2\/product"}],"about":[{"href":"https:\/\/sakaba.mghosteur.com\/en\/wp-json\/wp\/v2\/types\/product"}],"replies":[{"embeddable":true,"href":"https:\/\/sakaba.mghosteur.com\/en\/wp-json\/wp\/v2\/comments?post=26828"}],"version-history":[{"count":0,"href":"https:\/\/sakaba.mghosteur.com\/en\/wp-json\/wp\/v2\/product\/26828\/revisions"}],"wp:attachment":[{"href":"https:\/\/sakaba.mghosteur.com\/en\/wp-json\/wp\/v2\/media?parent=26828"}],"wp:term":[{"taxonomy":"product_brand","embeddable":true,"href":"https:\/\/sakaba.mghosteur.com\/en\/wp-json\/wp\/v2\/product_brand?post=26828"},{"taxonomy":"product_cat","embeddable":true,"href":"https:\/\/sakaba.mghosteur.com\/en\/wp-json\/wp\/v2\/product_cat?post=26828"},{"taxonomy":"product_tag","embeddable":true,"href":"https:\/\/sakaba.mghosteur.com\/en\/wp-json\/wp\/v2\/product_tag?post=26828"}],"curies":[{"name":"wp","href":"https:\/\/api.w.org\/{rel}","templated":true}]}}