{"id":26831,"date":"2022-11-28T14:33:58","date_gmt":"2022-11-28T14:33:58","guid":{"rendered":"http:\/\/www.sakababeauty.com\/?post_type=product&#038;p=26831"},"modified":"2024-06-13T14:00:44","modified_gmt":"2024-06-13T14:00:44","slug":"paula-choice-c15-super-booster","status":"publish","type":"product","link":"https:\/\/sakaba.mghosteur.com\/en\/product\/paula-choice-c15-super-booster\/","title":{"rendered":"PAULA CHOICE C15 SUPER BOOSTER"},"content":{"rendered":"<div class=\"group w-full text-gray-800 dark:text-gray-100 border-b border-black\/10 dark:border-gray-900\/50 bg-gray-50 dark:bg-[#444654]\">\n<div class=\"text-base gap-4 md:gap-6 md:max-w-2xl lg:max-w-xl xl:max-w-3xl p-4 md:py-6 flex lg:px-0 m-auto\">\n<div class=\"relative flex w-[calc(100%-50px)] flex-col gap-1 md:gap-3 lg:w-[calc(100%-115px)]\">\n<div class=\"flex flex-grow flex-col gap-3\">\n<div class=\"min-h-[20px] flex flex-col items-start gap-4 whitespace-pre-wrap\">\n<div class=\"markdown prose w-full break-words dark:prose-invert light\">\n<p>Le Super Booster C15 de Paula&#8217;s Choice est un produit de soin de la peau puissant et efficace. Avec une concentration \u00e9lev\u00e9e de 15% de vitamine C pure, ce booster aide \u00e0 \u00e9claircir la peau in\u00e9gale et \u00e0 am\u00e9liorer l&#8217;apparence des rides et ridules. Sa formule liquide ultra-l\u00e9g\u00e8re est rapidement absorb\u00e9e par la peau, r\u00e9v\u00e9lant un teint plus \u00e9clatant. Vous pouvez l&#8217;utiliser seul ou ajouter \u00e0 votre cr\u00e8me hydratante ou s\u00e9rum pour des r\u00e9sultats encore plus spectaculaires. Essayez-le d\u00e8s maintenant pour une peau plus lumineuse et plus jeune!<\/p>\n<\/div>\n<\/div>\n<\/div>\n<div class=\"flex justify-between lg:block\">\n<div class=\"text-gray-400 flex self-end lg:self-center justify-center mt-2 gap-2 md:gap-3 lg:gap-1 lg:absolute lg:top-0 lg:translate-x-full lg:right-0 lg:mt-0 lg:pl-2 visible\"><\/div>\n<\/div>\n<\/div>\n<\/div>\n<\/div>","protected":false},"excerpt":{"rendered":"<p>Le Super Booster C15 de Paula&#8217;s Choice est un produit de soin de la peau puissant et efficace. Avec une concentration \u00e9lev\u00e9e de 15% de vitamine C pure, ce booster aide \u00e0 \u00e9claircir la peau in\u00e9gale et \u00e0 am\u00e9liorer l&#8217;apparence des rides et ridules. Sa formule liquide ultra-l\u00e9g\u00e8re est rapidement absorb\u00e9e par la peau, r\u00e9v\u00e9lant<span class=\"read-more-faq\"><a href=\"https:\/\/sakaba.mghosteur.com\/en\/product\/paula-choice-c15-super-booster\/\">Read More<\/a><\/span><\/p>","protected":false},"featured_media":0,"comment_status":"closed","ping_status":"closed","template":"","meta":[],"product_brand":[],"product_cat":[451,334],"product_tag":[],"class_list":{"0":"post-26831","1":"product","2":"type-product","3":"status-publish","5":"product_cat-aab-soin-du-visage","6":"product_cat-traitement-serum","8":"first","9":"instock","10":"shipping-taxable","11":"product-type-simple"},"jetpack-related-posts":[{"id":26845,"url":"https:\/\/sakaba.mghosteur.com\/en\/product\/paula-choice-c15-super-booster-2\/","url_meta":{"origin":26831,"position":0},"title":"PAULA CHOICE C5 SUPER BOOST MOISTURIZER","author":"admin","date":"November 28, 2022","format":false,"excerpt":"Le Hydratant Super Boost C5 de Paula's Choice est un produit multi-actif qui hydrate votre peau tout en vous offrant des bienfaits anti-\u00e2ge. Avec une formule cliniquement prouv\u00e9e, cet hydratant combine une hydratation efficace avec 5% de vitamine C stabilis\u00e9e pour \u00e9claircir votre teint terne. Le Hexapeptide-5 renforce la fermet\u00e9\u2026","rel":"","context":"Similar post","block_context":{"text":"Similar post","link":""},"img":{"alt_text":"","src":"","width":0,"height":0},"classes":[]},{"id":26865,"url":"https:\/\/sakaba.mghosteur.com\/en\/product\/paula-choice-1retinol-booster\/","url_meta":{"origin":26831,"position":1},"title":"PAULA CHOICE 1%RETINOL BOOSTER","author":"admin","date":"November 28, 2022","format":false,"excerpt":"Le Booster de R\u00e9tinol 1% de Paula's Choice est un concentr\u00e9 l\u00e9ger qui aide \u00e0 am\u00e9liorer l'apparence de votre peau en uniformisant le teint, en r\u00e9duisant l'apparence des rides et en cr\u00e9ant un teint plus lisse et plus \u00e9clatant. La formule pure de r\u00e9tinol est lib\u00e9r\u00e9e lentement pour une efficacit\u00e9\u2026","rel":"","context":"Similar post","block_context":{"text":"Similar post","link":""},"img":{"alt_text":"","src":"","width":0,"height":0},"classes":[]},{"id":26862,"url":"https:\/\/sakaba.mghosteur.com\/en\/product\/paula-choice-10-niacinamide-booster\/","url_meta":{"origin":26831,"position":2},"title":"PAULA  CHOICE 10% NIACINAMIDE BOOSTER","author":"admin","date":"November 28, 2022","format":false,"excerpt":"Le 10% Niacinamide Booster de Paula's Choice est un s\u00e9rum concentr\u00e9 qui am\u00e9liore la texture de la peau, affine la taille des pores et r\u00e9duit les ridules. Ce produit contient 10% de niacinamide (vitamine B3) qui favorise une apparence plus lumineuse et plus jeune de la peau. La formule est\u2026","rel":"","context":"Similar post","block_context":{"text":"Similar post","link":""},"img":{"alt_text":"","src":"","width":0,"height":0},"classes":[]},{"id":26828,"url":"https:\/\/sakaba.mghosteur.com\/en\/product\/paula-choice-hyauloronic-acid-booster\/","url_meta":{"origin":26831,"position":3},"title":"PAULA CHOICE  HYAULORONIC ACID BOOSTER","author":"admin","date":"November 28, 2022","format":false,"excerpt":"Le booster d'acide hyaluronique de la marque Paula's Choice est un produit de soin hautement concentr\u00e9 qui aide \u00e0 r\u00e9tablir le niveau d'humidit\u00e9 de la peau pour lui donner un aspect plus souple, repulp\u00e9 et lisse. Il est parfait pour les peaux d\u00e9shydrat\u00e9es et ternes, et peut am\u00e9liorer l'apparence des\u2026","rel":"","context":"Similar post","block_context":{"text":"Similar post","link":""},"img":{"alt_text":"","src":"","width":0,"height":0},"classes":[]},{"id":26892,"url":"https:\/\/sakaba.mghosteur.com\/en\/product\/10-azelaic-acid-booster\/","url_meta":{"origin":26831,"position":4},"title":"10% AZELAIC ACID BOOSTER","author":"admin","date":"November 28, 2022","format":false,"excerpt":"Le Booster 10% Acide Az\u00e9la\u00efque de la marque Paula's Choice est une formule unique qui utilise de l'acide az\u00e9la\u00efque puissant ainsi que d'autres ingr\u00e9dients puissants pour clarifier le teint irr\u00e9gulier, cibler les taches tenaces et apaiser les irritations. Cette formule vous donnera une peau plus lisse, plus radieuse et d'apparence\u2026","rel":"","context":"Similar post","block_context":{"text":"Similar post","link":""},"img":{"alt_text":"","src":"","width":0,"height":0},"classes":[]},{"id":31363,"url":"https:\/\/sakaba.mghosteur.com\/en\/product\/paula-choice-super-hydrate-overnight-mask\/","url_meta":{"origin":26831,"position":5},"title":"PAULA CHOICE SUPER HYDRATE OVERNIGHT MASK","author":"admin","date":"May 10, 2024","format":false,"excerpt":"Masque Nuit Super Hydratant \u00c0 la recherche d'un soin adapt\u00e9 \u00e0 votre peau ? D\u00e9couvrez notre Masque Nuit Super Hydratant, con\u00e7u pour r\u00e9pondre aux besoins de tous les types de peaux, notamment celles sujettes aux rougeurs et \u00e0 la sensibilit\u00e9. Ce masque agit en profondeur pour hydrater intens\u00e9ment les peaux\u2026","rel":"","context":"Similar post","block_context":{"text":"Similar post","link":""},"img":{"alt_text":"","src":"","width":0,"height":0},"classes":[]}],"_links":{"self":[{"href":"https:\/\/sakaba.mghosteur.com\/en\/wp-json\/wp\/v2\/product\/26831","targetHints":{"allow":["GET"]}}],"collection":[{"href":"https:\/\/sakaba.mghosteur.com\/en\/wp-json\/wp\/v2\/product"}],"about":[{"href":"https:\/\/sakaba.mghosteur.com\/en\/wp-json\/wp\/v2\/types\/product"}],"replies":[{"embeddable":true,"href":"https:\/\/sakaba.mghosteur.com\/en\/wp-json\/wp\/v2\/comments?post=26831"}],"version-history":[{"count":0,"href":"https:\/\/sakaba.mghosteur.com\/en\/wp-json\/wp\/v2\/product\/26831\/revisions"}],"wp:attachment":[{"href":"https:\/\/sakaba.mghosteur.com\/en\/wp-json\/wp\/v2\/media?parent=26831"}],"wp:term":[{"taxonomy":"product_brand","embeddable":true,"href":"https:\/\/sakaba.mghosteur.com\/en\/wp-json\/wp\/v2\/product_brand?post=26831"},{"taxonomy":"product_cat","embeddable":true,"href":"https:\/\/sakaba.mghosteur.com\/en\/wp-json\/wp\/v2\/product_cat?post=26831"},{"taxonomy":"product_tag","embeddable":true,"href":"https:\/\/sakaba.mghosteur.com\/en\/wp-json\/wp\/v2\/product_tag?post=26831"}],"curies":[{"name":"wp","href":"https:\/\/api.w.org\/{rel}","templated":true}]}}