{"id":26834,"date":"2022-11-28T14:37:17","date_gmt":"2022-11-28T14:37:17","guid":{"rendered":"http:\/\/www.sakababeauty.com\/?post_type=product&#038;p=26834"},"modified":"2023-03-22T18:36:31","modified_gmt":"2023-03-22T18:36:31","slug":"daily-pore-refining-treatment-2-bha","status":"publish","type":"product","link":"https:\/\/sakaba.mghosteur.com\/en\/product\/daily-pore-refining-treatment-2-bha\/","title":{"rendered":"DAILY PORE REFINING TREATMENT 2% BHA"},"content":{"rendered":"<p>Le soin quotidien d&#8217;affinage des pores avec 2% de BHA de la marque Paula&#8217;s Choice est un exfoliant liquide qui offre de multiples avantages pour ceux qui luttent contre les signes visibles de dommages caus\u00e9s par le soleil, le vieillissement, la peau bossel\u00e9e et les pores dilat\u00e9s et obstru\u00e9s. Gr\u00e2ce \u00e0 sa formule l\u00e9g\u00e8re, il peut \u00eatre utilis\u00e9 jusqu&#8217;\u00e0 deux fois par jour apr\u00e8s avoir nettoy\u00e9 et tonifi\u00e9 la peau pour r\u00e9duire visiblement la taille des pores et cibler plusieurs signes de vieillissement. Le BHA exfolie la peau en douceur et naturellement, ce qui rend ce produit parfait pour une utilisation quotidienne.<\/p>","protected":false},"excerpt":{"rendered":"<p>Le soin quotidien d&#8217;affinage des pores avec 2% de BHA de la marque Paula&#8217;s Choice est un exfoliant liquide qui offre de multiples avantages pour ceux qui luttent contre les signes visibles de dommages caus\u00e9s par le soleil, le vieillissement, la peau bossel\u00e9e et les pores dilat\u00e9s et obstru\u00e9s. Gr\u00e2ce \u00e0 sa formule l\u00e9g\u00e8re, il<span class=\"read-more-faq\"><a href=\"https:\/\/sakaba.mghosteur.com\/en\/product\/daily-pore-refining-treatment-2-bha\/\">Read More<\/a><\/span><\/p>","protected":false},"featured_media":0,"comment_status":"closed","ping_status":"closed","template":"","meta":[],"product_brand":[],"product_cat":[377],"product_tag":[],"class_list":{"0":"post-26834","1":"product","2":"type-product","3":"status-publish","5":"product_cat-bath-body-works","7":"first","8":"instock","9":"shipping-taxable","10":"product-type-simple"},"jetpack-related-posts":[{"id":26852,"url":"https:\/\/sakaba.mghosteur.com\/en\/product\/skin-perfecting-25aha-2bha-exfoliant-peel\/","url_meta":{"origin":26834,"position":0},"title":"SKIN PERFECTING 25%AHA +2%BHA EXFOLIANT PEEL","author":"admin","date":"November 28, 2022","format":false,"excerpt":"D\u00e9couvrez le Peeling Exfoliant 25% AHA + 2% BHA de la marque Paula's Choice, un gommage exfoliant multi-acides qui transformera votre peau en profondeur. Ce produit unique en son genre est con\u00e7u pour lisser les rides, affiner la texture de la peau, \u00e9claircir le teint et d\u00e9sobstruer les pores pour\u2026","rel":"","context":"Similar post","block_context":{"text":"Similar post","link":""},"img":{"alt_text":"","src":"","width":0,"height":0},"classes":[]},{"id":31394,"url":"https:\/\/sakaba.mghosteur.com\/en\/product\/paula-s-choice-weigntless-body-treatment-2-bha\/","url_meta":{"origin":26834,"position":1},"title":"PAULA&#8217; S CHOICE WEIGNTLESS BODY TREATMENT 2% BHA","author":"admin","date":"May 10, 2024","format":false,"excerpt":"Cet exfoliant corporel sans rin\u00e7age, renfermant 2 % d'acide salicylique, un BHA r\u00e9put\u00e9, offre une exfoliation douce, lib\u00e9rant la peau des cellules mortes accumul\u00e9es pour r\u00e9v\u00e9ler une peau radieuse et lisse en dessous. La concentration de 2 % d'acide salicylique adoucit et affine la texture rugueuse de la peau, tandis\u2026","rel":"","context":"Similar post","block_context":{"text":"Similar post","link":""},"img":{"alt_text":"","src":"","width":0,"height":0},"classes":[]},{"id":27777,"url":"https:\/\/sakaba.mghosteur.com\/en\/product\/bha-pha-6-serum-pores\/","url_meta":{"origin":26834,"position":2},"title":"BHA PHA 6% SERUM PORES","author":"admin","date":"November 29, 2022","format":false,"excerpt":"Un s\u00e9rum visage con\u00e7u pour les personnes ayant des probl\u00e8mes de pores dilat\u00e9s, visibles et obstru\u00e9s. Compos\u00e9 \u00e0 96 % d'ingr\u00e9dients naturels, dont 6 % d'acide salicylique naturel (BHA) et d'acide polyhydroxy (PHA), ce s\u00e9rum commence \u00e0 matifier et \u00e0 lisser votre peau d\u00e8s la premi\u00e8re utilisation et continue de\u2026","rel":"","context":"Similar post","block_context":{"text":"Similar post","link":""},"img":{"alt_text":"","src":"","width":0,"height":0},"classes":[]},{"id":31575,"url":"https:\/\/sakaba.mghosteur.com\/en\/product\/cosrx-aha-bha-clarifying-treatment-toner-280ml\/","url_meta":{"origin":26834,"position":3},"title":"COSRX AHA BHA CLARIFYING TREATMENT TONER 280ML","author":"admin","date":"May 10, 2024","format":false,"excerpt":"D\u00e9couvrez le Toner Clarifiant AHA\/BHA B\u00e9n\u00e9ficiez des avantages des AHA et BHA pour une peau claire ! Gr\u00e2ce \u00e0 sa formulation unique alliant AHA, BHA et des extraits botaniques purifiants, ce tonique aide \u00e0 am\u00e9liorer la texture de votre peau, \u00e0 lui redonner de la vitalit\u00e9 et \u00e0 contr\u00f4ler l'apparence\u2026","rel":"","context":"Similar post","block_context":{"text":"Similar post","link":""},"img":{"alt_text":"","src":"","width":0,"height":0},"classes":[]},{"id":27417,"url":"https:\/\/sakaba.mghosteur.com\/en\/product\/the-inkey-list-beta-hydroxy-acid\/","url_meta":{"origin":26834,"position":4},"title":"THE INKEY LIST BETA HYDROXY ACID","author":"admin","date":"November 29, 2022","format":false,"excerpt":"Ce s\u00e9rum d'acide b\u00eata-hydroxyl\u00e9 (BHA) de la marque The Inkey List est un must-have pour tous ceux qui cherchent \u00e0 am\u00e9liorer leur routine de soin de la peau. Avec une concentration de 2 % d'acide salicylique, il est capable de p\u00e9n\u00e9trer profond\u00e9ment dans les pores de votre peau, aidant \u00e0\u2026","rel":"","context":"Similar post","block_context":{"text":"Similar post","link":""},"img":{"alt_text":"","src":"","width":0,"height":0},"classes":[]},{"id":34860,"url":"https:\/\/sakaba.mghosteur.com\/en\/product\/glow-recipe-hey-you-youre-glowing-coffret\/","url_meta":{"origin":26834,"position":5},"title":"GLOW RECIPE HEY YOU, YOU\u2019RE GLOWING COFFRET","author":"admin","date":"June 3, 2024","format":false,"excerpt":"Un duo best-seller en format standard contenant de la niacinamide et de l'acide hyaluronique pour resserrer visiblement les pores et \u00e9claircir la peau pour un aspect hydrat\u00e9 et \u00e9clatant. Ce duo devenu viral comprend le tonique Watermelon Glow PHA + BHA Pore-Tight, qui lisse et hydrate pour une peau visiblement\u2026","rel":"","context":"Similar post","block_context":{"text":"Similar post","link":""},"img":{"alt_text":"","src":"","width":0,"height":0},"classes":[]}],"_links":{"self":[{"href":"https:\/\/sakaba.mghosteur.com\/en\/wp-json\/wp\/v2\/product\/26834","targetHints":{"allow":["GET"]}}],"collection":[{"href":"https:\/\/sakaba.mghosteur.com\/en\/wp-json\/wp\/v2\/product"}],"about":[{"href":"https:\/\/sakaba.mghosteur.com\/en\/wp-json\/wp\/v2\/types\/product"}],"replies":[{"embeddable":true,"href":"https:\/\/sakaba.mghosteur.com\/en\/wp-json\/wp\/v2\/comments?post=26834"}],"version-history":[{"count":0,"href":"https:\/\/sakaba.mghosteur.com\/en\/wp-json\/wp\/v2\/product\/26834\/revisions"}],"wp:attachment":[{"href":"https:\/\/sakaba.mghosteur.com\/en\/wp-json\/wp\/v2\/media?parent=26834"}],"wp:term":[{"taxonomy":"product_brand","embeddable":true,"href":"https:\/\/sakaba.mghosteur.com\/en\/wp-json\/wp\/v2\/product_brand?post=26834"},{"taxonomy":"product_cat","embeddable":true,"href":"https:\/\/sakaba.mghosteur.com\/en\/wp-json\/wp\/v2\/product_cat?post=26834"},{"taxonomy":"product_tag","embeddable":true,"href":"https:\/\/sakaba.mghosteur.com\/en\/wp-json\/wp\/v2\/product_tag?post=26834"}],"curies":[{"name":"wp","href":"https:\/\/api.w.org\/{rel}","templated":true}]}}