{"id":26837,"date":"2022-11-28T14:38:47","date_gmt":"2022-11-28T14:38:47","guid":{"rendered":"http:\/\/www.sakababeauty.com\/?post_type=product&#038;p=26837"},"modified":"2023-04-03T11:41:18","modified_gmt":"2023-04-03T11:41:18","slug":"paula-choice-barrier-repair-moisturizer","status":"publish","type":"product","link":"https:\/\/sakaba.mghosteur.com\/en\/product\/paula-choice-barrier-repair-moisturizer\/","title":{"rendered":"PAULA CHOICE BARRIER REPAIR MOISTURIZER"},"content":{"rendered":"<p>D\u00e9couvrez l&#8217;hydratant r\u00e9parateur barri\u00e8re au r\u00e9tinol de la marque Paula&#8217;s Choice, un produit anti-\u00e2ge r\u00e9g\u00e9n\u00e9rant pour la peau. Cette formule avanc\u00e9e cible tous les signes du vieillissement et aide \u00e0 am\u00e9liorer l&#8217;apparence des rides gr\u00e2ce \u00e0 sa concentration de r\u00e9tinol \u00e0 faible dose de 0,01%. Sa formule hydratante et cr\u00e9meuse nourrit la peau d\u00e9shydrat\u00e9e pour un teint plus ferme et \u00e9clatant. Utilisez-le comme derni\u00e8re \u00e9tape de votre routine de soins de la peau PM pour des r\u00e9sultats optimaux.<\/p>","protected":false},"excerpt":{"rendered":"<p>D\u00e9couvrez l&#8217;hydratant r\u00e9parateur barri\u00e8re au r\u00e9tinol de la marque Paula&#8217;s Choice, un produit anti-\u00e2ge r\u00e9g\u00e9n\u00e9rant pour la peau. Cette formule avanc\u00e9e cible tous les signes du vieillissement et aide \u00e0 am\u00e9liorer l&#8217;apparence des rides gr\u00e2ce \u00e0 sa concentration de r\u00e9tinol \u00e0 faible dose de 0,01%. Sa formule hydratante et cr\u00e9meuse nourrit la peau d\u00e9shydrat\u00e9e pour<span class=\"read-more-faq\"><a href=\"https:\/\/sakaba.mghosteur.com\/en\/product\/paula-choice-barrier-repair-moisturizer\/\">Read More<\/a><\/span><\/p>","protected":false},"featured_media":0,"comment_status":"closed","ping_status":"closed","template":"","meta":[],"product_brand":[],"product_cat":[377],"product_tag":[],"class_list":{"0":"post-26837","1":"product","2":"type-product","3":"status-publish","5":"product_cat-bath-body-works","7":"first","8":"instock","9":"shipping-taxable","10":"product-type-simple"},"jetpack-related-posts":[{"id":26865,"url":"https:\/\/sakaba.mghosteur.com\/en\/product\/paula-choice-1retinol-booster\/","url_meta":{"origin":26837,"position":0},"title":"PAULA CHOICE 1%RETINOL BOOSTER","author":"admin","date":"November 28, 2022","format":false,"excerpt":"Le Booster de R\u00e9tinol 1% de Paula's Choice est un concentr\u00e9 l\u00e9ger qui aide \u00e0 am\u00e9liorer l'apparence de votre peau en uniformisant le teint, en r\u00e9duisant l'apparence des rides et en cr\u00e9ant un teint plus lisse et plus \u00e9clatant. La formule pure de r\u00e9tinol est lib\u00e9r\u00e9e lentement pour une efficacit\u00e9\u2026","rel":"","context":"Similar post","block_context":{"text":"Similar post","link":""},"img":{"alt_text":"","src":"","width":0,"height":0},"classes":[]},{"id":31373,"url":"https:\/\/sakaba.mghosteur.com\/en\/product\/paulas-choice-intensive-wrinkle-repair-retinol-serum\/","url_meta":{"origin":26837,"position":1},"title":"PAULA&#8217;S CHOICE INTENSIVE WRINKLE REPAIR RETINOL SERUM","author":"admin","date":"May 10, 2024","format":false,"excerpt":"S\u00e9rum Anti-\u00c2ge au R\u00e9tinol Pour celles et ceux qui cherchent \u00e0 pr\u00e9server la jeunesse de leur peau tout en att\u00e9nuant les signes visibles du temps, le S\u00e9rum Anti-\u00c2ge au R\u00e9tinol est un alli\u00e9 pr\u00e9cieux. Con\u00e7u pour tous les types de peau, il r\u00e9pond aux besoins de ceux souhaitant lutter contre\u2026","rel":"","context":"Similar post","block_context":{"text":"Similar post","link":""},"img":{"alt_text":"","src":"","width":0,"height":0},"classes":[]},{"id":26883,"url":"https:\/\/sakaba.mghosteur.com\/en\/product\/paula-choice-0-3-retinol-2-bakuchiol-treatment\/","url_meta":{"origin":26837,"position":2},"title":"PAULA CHOICE 0.3% RETINOL +2% BAKUCHIOL TREATMENT","author":"admin","date":"November 28, 2022","format":false,"excerpt":"Le Traitement 0,3 % r\u00e9tinol + 2 % bakuchiol de la marque Paula's Choice est un produit de soin de la peau qui cible les signes du vieillissement tels que les ridules, les rides profondes, les pores dilat\u00e9s et la perte de fermet\u00e9. La formule contient du r\u00e9tinol \u00e0 0,3\u2026","rel":"","context":"Similar post","block_context":{"text":"Similar post","link":""},"img":{"alt_text":"","src":"","width":0,"height":0},"classes":[]},{"id":26880,"url":"https:\/\/sakaba.mghosteur.com\/en\/product\/1-retinol-treatment-with-peptides-vitamin-c\/","url_meta":{"origin":26837,"position":3},"title":"1% RETINOL TREATMENT WITH PEPTIDES +VITAMIN C","author":"admin","date":"November 28, 2022","format":false,"excerpt":"Le traitement au R\u00e9tinol 1% de la marque Paula's Choice est une solution de r\u00e9tinol puissante qui hydrate et offre des avantages anti-\u00e2ge remarquables. Sa formulation unique avec un syst\u00e8me de lib\u00e9ration contr\u00f4l\u00e9e permet une absorption uniforme et constante, pour des r\u00e9sultats optimaux. La lotion l\u00e9g\u00e8re de ce traitement aide\u2026","rel":"","context":"Similar post","block_context":{"text":"Similar post","link":""},"img":{"alt_text":"","src":"","width":0,"height":0},"classes":[]},{"id":31399,"url":"https:\/\/sakaba.mghosteur.com\/en\/product\/paulas-choice-triple-active-total-repair-serum\/","url_meta":{"origin":26837,"position":4},"title":"PAULA&#8217;S CHOICE TRIPLE ACTIVE TOTAL REPAIR SERUM","author":"admin","date":"May 10, 2024","format":false,"excerpt":"D\u00e9couvrez le S\u00e9rum Triple Active Total Repair, une formule avanc\u00e9e anti-\u00e2ge cliniquement prouv\u00e9e pour am\u00e9liorer visiblement les ridules, la d\u00e9coloration et la fermet\u00e9 de la peau gr\u00e2ce \u00e0 un m\u00e9lange puissant d'hexylr\u00e9sorcinol, de r\u00e9tinol et de niacinamide. Le r\u00e9tinyl propionate \u00e0 0,3% raffermit et lisse visiblement la peau. La niacinamide\u2026","rel":"","context":"Similar post","block_context":{"text":"Similar post","link":""},"img":{"alt_text":"","src":"","width":0,"height":0},"classes":[]},{"id":56099,"url":"https:\/\/sakaba.mghosteur.com\/en\/product\/advanced-clinicals-retinol-advanced-firming-cream\/","url_meta":{"origin":26837,"position":5},"title":"Advanced Clinicals Retinol Advanced Firming Cream","author":"Sope DIA","date":"January 2, 2026","format":false,"excerpt":"ADVANCED CLINICAL \u2013 RETINOL CREAM est infus\u00e9e d\u2019aloe vera, de camomille, de glyc\u00e9rine et de th\u00e9 vert. Ces composants agissent tous ensemble pour raffermir efficacement la peau et r\u00e9duire l\u2019apparence de la peau endommag\u00e9e par le soleil, des rides, des ridules et de la peau cr\u00e9pue. Aloe Vera prot\u00e8ge contre\u2026","rel":"","context":"Similar post","block_context":{"text":"Similar post","link":""},"img":{"alt_text":"","src":"","width":0,"height":0},"classes":[]}],"_links":{"self":[{"href":"https:\/\/sakaba.mghosteur.com\/en\/wp-json\/wp\/v2\/product\/26837","targetHints":{"allow":["GET"]}}],"collection":[{"href":"https:\/\/sakaba.mghosteur.com\/en\/wp-json\/wp\/v2\/product"}],"about":[{"href":"https:\/\/sakaba.mghosteur.com\/en\/wp-json\/wp\/v2\/types\/product"}],"replies":[{"embeddable":true,"href":"https:\/\/sakaba.mghosteur.com\/en\/wp-json\/wp\/v2\/comments?post=26837"}],"version-history":[{"count":0,"href":"https:\/\/sakaba.mghosteur.com\/en\/wp-json\/wp\/v2\/product\/26837\/revisions"}],"wp:attachment":[{"href":"https:\/\/sakaba.mghosteur.com\/en\/wp-json\/wp\/v2\/media?parent=26837"}],"wp:term":[{"taxonomy":"product_brand","embeddable":true,"href":"https:\/\/sakaba.mghosteur.com\/en\/wp-json\/wp\/v2\/product_brand?post=26837"},{"taxonomy":"product_cat","embeddable":true,"href":"https:\/\/sakaba.mghosteur.com\/en\/wp-json\/wp\/v2\/product_cat?post=26837"},{"taxonomy":"product_tag","embeddable":true,"href":"https:\/\/sakaba.mghosteur.com\/en\/wp-json\/wp\/v2\/product_tag?post=26837"}],"curies":[{"name":"wp","href":"https:\/\/api.w.org\/{rel}","templated":true}]}}