{"id":26848,"date":"2022-11-28T14:45:58","date_gmt":"2022-11-28T14:45:58","guid":{"rendered":"http:\/\/www.sakababeauty.com\/?post_type=product&#038;p=26848"},"modified":"2024-08-30T03:46:33","modified_gmt":"2024-08-30T03:46:33","slug":"skin-revealing-body-lotion-10-aha","status":"publish","type":"product","link":"https:\/\/sakaba.mghosteur.com\/en\/product\/skin-revealing-body-lotion-10-aha\/","title":{"rendered":"SKIN REVEALING BODY LOTION 10% AHA"},"content":{"rendered":"<p>D\u00e9couvrez la Lotion Corporelle R\u00e9v\u00e9latrice de Peau 10% AHA de la marque Paula&#8217;s Choice, un exfoliant doux pour votre corps qui \u00e9limine les peaux mortes et r\u00e9v\u00e8le une peau plus lisse et plus douce. Cette lotion am\u00e9liore l&#8217;apparence des bosses rouges et dures sur les bras et les jambes, tout en r\u00e9v\u00e9lant une peau d&#8217;apparence plus jeune et hydrat\u00e9e gr\u00e2ce \u00e0 ses AHA. La formule cr\u00e9meuse laisse votre peau douce et hydrat\u00e9e, am\u00e9liorant visiblement sa texture et lui donnant un aspect plus sain.<\/p>","protected":false},"excerpt":{"rendered":"<p>D\u00e9couvrez la Lotion Corporelle R\u00e9v\u00e9latrice de Peau 10% AHA de la marque Paula&#8217;s Choice, un exfoliant doux pour votre corps qui \u00e9limine les peaux mortes et r\u00e9v\u00e8le une peau plus lisse et plus douce. Cette lotion am\u00e9liore l&#8217;apparence des bosses rouges et dures sur les bras et les jambes, tout en r\u00e9v\u00e9lant une peau d&#8217;apparence<span class=\"read-more-faq\"><a href=\"https:\/\/sakaba.mghosteur.com\/en\/product\/skin-revealing-body-lotion-10-aha\/\">Read More<\/a><\/span><\/p>","protected":false},"featured_media":0,"comment_status":"closed","ping_status":"closed","template":"","meta":[],"product_brand":[],"product_cat":[447,355,1061],"product_tag":[],"class_list":{"0":"post-26848","1":"product","2":"type-product","3":"status-publish","5":"product_cat-aac-bain-et-corps","6":"product_cat-hydratant-corps","7":"product_cat-lait-huile_corporelle","9":"first","10":"instock","11":"shipping-taxable","12":"product-type-simple"},"jetpack-related-posts":[{"id":27811,"url":"https:\/\/sakaba.mghosteur.com\/en\/product\/first-aid-beauty-smoothing-body-lotion-with-10-aha\/","url_meta":{"origin":26848,"position":0},"title":"FIRST AID BEAUTY SMOOTHING BODY LOTION WITH 10% AHA","author":"admin","date":"November 29, 2022","format":false,"excerpt":"Une lotion corporelle multit\u00e2che avec 10 % d'AHA qui combine les bienfaits d'un exfoliant chimique et d'un hydratant pour \u00e9liminer les bosses et hydrater la peau. Contient 10 % d'acide lactique (AHA) pour resurfacer la couche sup\u00e9rieure de la peau, aidant \u00e0 r\u00e9duire l'apparence des bosses dures et rugueuses souvent\u2026","rel":"","context":"Similar post","block_context":{"text":"Similar post","link":""},"img":{"alt_text":"","src":"","width":0,"height":0},"classes":[]},{"id":27831,"url":"https:\/\/sakaba.mghosteur.com\/en\/product\/first-aid-beauty-smoothing-body-lotion-mini\/","url_meta":{"origin":26848,"position":1},"title":"FIRST AID BEAUTY SMOOTHING BODY LOTION MINI","author":"admin","date":"November 29, 2022","format":false,"excerpt":"Une lotion corporelle multit\u00e2che avec 10 % d'AHA qui combine les bienfaits d'un exfoliant chimique et d'un hydratant pour \u00e9liminer les bosses et hydrater la peau. Contient 10 % d'acide lactique (AHA) pour resurfacer la couche sup\u00e9rieure de la peau, aidant \u00e0 r\u00e9duire l'apparence des bosses dures et rugueuses souvent\u2026","rel":"","context":"Similar post","block_context":{"text":"Similar post","link":""},"img":{"alt_text":"","src":"","width":0,"height":0},"classes":[]},{"id":26629,"url":"https:\/\/sakaba.mghosteur.com\/en\/product\/alpha-skin-care-renewal-body-lotion-12-glycolic\/","url_meta":{"origin":26848,"position":2},"title":"ALPHA SKIN CARE RENEWAL BODY LOTION 12% GLYCOLIC","author":"admin","date":"November 28, 2022","format":false,"excerpt":"Formul\u00e9 avec 12 % d'acide alpha-hydroxy glycolique (AHA) pour hydrater en profondeur et exfolier en douceur, laissant la peau douce, lisse et d'apparence plus jeune de la t\u00eate aux pieds. TYPES DE PEAU : Tous types de peau FORMULE ANTI-\u00c2GE : Ce lotion anti-\u00e2ge est sp\u00e9cialement formul\u00e9e avec l'\u00e9quilibre optimal\u2026","rel":"","context":"Similar post","block_context":{"text":"Similar post","link":""},"img":{"alt_text":"","src":"","width":0,"height":0},"classes":[]},{"id":26646,"url":"https:\/\/sakaba.mghosteur.com\/en\/product\/alpha-skin-care-moisturizing-body-wash-sea-mist\/","url_meta":{"origin":26848,"position":3},"title":"ALPHA SKIN CARE MOISTURIZING BODY WASH SEA MIST","author":"admin","date":"November 28, 2022","format":false,"excerpt":"Formul\u00e9 avec 10 % d'acide alpha-hydroxy glycolique (AHA) pour lib\u00e9rer en douceur les cellules mortes de la peau et r\u00e9v\u00e9ler une peau fra\u00eeche, saine et d'apparence plus jeune. TYPES DE PEAU : Peau normale \u00e0 s\u00e8che. FORMULE ANTI-\u00c2GE : Notre cr\u00e8me anti-\u00e2ge est sp\u00e9cialement formul\u00e9e avec l'\u00e9quilibre optimal de 10\u2026","rel":"","context":"Similar post","block_context":{"text":"Similar post","link":""},"img":{"alt_text":"","src":"","width":0,"height":0},"classes":[]},{"id":29902,"url":"https:\/\/sakaba.mghosteur.com\/en\/product\/vaseline-cocoa-radiant-body-lotion-600ml\/","url_meta":{"origin":26848,"position":4},"title":"VASELINE COCOA RADIANT BODY LOTION 600ML","author":"admin","date":"April 27, 2023","format":false,"excerpt":"D\u00e9couvrez la lotion Vaseline Intensive Care Cocoa Radiant, sp\u00e9cialement con\u00e7ue pour aider \u00e0 rajeunir la peau terne et s\u00e8che. Sa formule \u00e0 absorption rapide, test\u00e9e par des dermatologues, procure 48 heures d'hydratation pour un \u00e9clat radieux et durable. Cette lotion est id\u00e9ale pour les peaux s\u00e8ches et ternes. Elle contient\u2026","rel":"","context":"Similar post","block_context":{"text":"Similar post","link":""},"img":{"alt_text":"","src":"","width":0,"height":0},"classes":[]},{"id":29907,"url":"https:\/\/sakaba.mghosteur.com\/en\/product\/vaseline-cocoa-radiant-body-lotion-947ml\/","url_meta":{"origin":26848,"position":5},"title":"VASELINE COCOA RADIANT BODY LOTION 947ML","author":"admin","date":"April 27, 2023","format":false,"excerpt":"D\u00e9couvrez la lotion Vaseline Intensive Care Cocoa Radiant, sp\u00e9cialement con\u00e7ue pour aider \u00e0 rajeunir la peau terne et s\u00e8che. Sa formule \u00e0 absorption rapide, test\u00e9e par des dermatologues, procure 48 heures d\u2019hydratation pour un \u00e9clat radieux et durable. Cette lotion est id\u00e9ale pour les peaux s\u00e8ches et ternes. Elle contient\u2026","rel":"","context":"Similar post","block_context":{"text":"Similar post","link":""},"img":{"alt_text":"","src":"","width":0,"height":0},"classes":[]}],"_links":{"self":[{"href":"https:\/\/sakaba.mghosteur.com\/en\/wp-json\/wp\/v2\/product\/26848","targetHints":{"allow":["GET"]}}],"collection":[{"href":"https:\/\/sakaba.mghosteur.com\/en\/wp-json\/wp\/v2\/product"}],"about":[{"href":"https:\/\/sakaba.mghosteur.com\/en\/wp-json\/wp\/v2\/types\/product"}],"replies":[{"embeddable":true,"href":"https:\/\/sakaba.mghosteur.com\/en\/wp-json\/wp\/v2\/comments?post=26848"}],"version-history":[{"count":0,"href":"https:\/\/sakaba.mghosteur.com\/en\/wp-json\/wp\/v2\/product\/26848\/revisions"}],"wp:attachment":[{"href":"https:\/\/sakaba.mghosteur.com\/en\/wp-json\/wp\/v2\/media?parent=26848"}],"wp:term":[{"taxonomy":"product_brand","embeddable":true,"href":"https:\/\/sakaba.mghosteur.com\/en\/wp-json\/wp\/v2\/product_brand?post=26848"},{"taxonomy":"product_cat","embeddable":true,"href":"https:\/\/sakaba.mghosteur.com\/en\/wp-json\/wp\/v2\/product_cat?post=26848"},{"taxonomy":"product_tag","embeddable":true,"href":"https:\/\/sakaba.mghosteur.com\/en\/wp-json\/wp\/v2\/product_tag?post=26848"}],"curies":[{"name":"wp","href":"https:\/\/api.w.org\/{rel}","templated":true}]}}