{"id":26852,"date":"2022-11-28T14:50:31","date_gmt":"2022-11-28T14:50:31","guid":{"rendered":"http:\/\/www.sakababeauty.com\/?post_type=product&#038;p=26852"},"modified":"2024-08-30T03:42:48","modified_gmt":"2024-08-30T03:42:48","slug":"skin-perfecting-25aha-2bha-exfoliant-peel","status":"publish","type":"product","link":"https:\/\/sakaba.mghosteur.com\/en\/product\/skin-perfecting-25aha-2bha-exfoliant-peel\/","title":{"rendered":"SKIN PERFECTING 25%AHA +2%BHA EXFOLIANT PEEL"},"content":{"rendered":"<p>D\u00e9couvrez le Peeling Exfoliant 25% AHA + 2% BHA de la marque Paula&#8217;s Choice, un gommage exfoliant multi-acides qui transformera votre peau en profondeur. Ce produit unique en son genre est con\u00e7u pour lisser les rides, affiner la texture de la peau, \u00e9claircir le teint et d\u00e9sobstruer les pores pour un teint plus lumineux. La formule contient 25% d&#8217;AHA pour s&#8217;attaquer aux signes avanc\u00e9s du vieillissement, ainsi que 2% de BHA pour d\u00e9boucher et d\u00e9congestionner les pores dilat\u00e9s. La texture lisse et liquide-gel vous laissera une peau douce et \u00e9clatante.<\/p>","protected":false},"excerpt":{"rendered":"<p>D\u00e9couvrez le Peeling Exfoliant 25% AHA + 2% BHA de la marque Paula&#8217;s Choice, un gommage exfoliant multi-acides qui transformera votre peau en profondeur. Ce produit unique en son genre est con\u00e7u pour lisser les rides, affiner la texture de la peau, \u00e9claircir le teint et d\u00e9sobstruer les pores pour un teint plus lumineux. La<span class=\"read-more-faq\"><a href=\"https:\/\/sakaba.mghosteur.com\/en\/product\/skin-perfecting-25aha-2bha-exfoliant-peel\/\">Read More<\/a><\/span><\/p>","protected":false},"featured_media":0,"comment_status":"closed","ping_status":"closed","template":"","meta":[],"product_brand":[],"product_cat":[293,451,334],"product_tag":[],"class_list":{"0":"post-26852","1":"product","2":"type-product","3":"status-publish","5":"product_cat-anti-taches","6":"product_cat-aab-soin-du-visage","7":"product_cat-traitement-serum","9":"first","10":"instock","11":"shipping-taxable","12":"product-type-simple"},"jetpack-related-posts":[{"id":31575,"url":"https:\/\/sakaba.mghosteur.com\/en\/product\/cosrx-aha-bha-clarifying-treatment-toner-280ml\/","url_meta":{"origin":26852,"position":0},"title":"COSRX AHA BHA CLARIFYING TREATMENT TONER 280ML","author":"admin","date":"May 10, 2024","format":false,"excerpt":"D\u00e9couvrez le Toner Clarifiant AHA\/BHA B\u00e9n\u00e9ficiez des avantages des AHA et BHA pour une peau claire ! Gr\u00e2ce \u00e0 sa formulation unique alliant AHA, BHA et des extraits botaniques purifiants, ce tonique aide \u00e0 am\u00e9liorer la texture de votre peau, \u00e0 lui redonner de la vitalit\u00e9 et \u00e0 contr\u00f4ler l'apparence\u2026","rel":"","context":"Similar post","block_context":{"text":"Similar post","link":""},"img":{"alt_text":"","src":"","width":0,"height":0},"classes":[]},{"id":31377,"url":"https:\/\/sakaba.mghosteur.com\/en\/product\/beauty-of-joseon-green-plum-refreshing-toner-aha-bha\/","url_meta":{"origin":26852,"position":1},"title":"BEAUTY OF JOSEON GREEN PLUM REFRESHING TONER AHA + BHA","author":"admin","date":"May 10, 2024","format":false,"excerpt":"Toner Rafra\u00eechissant \u00e0 la Prune Verte : AHA + BHA Ce qu'il est : Le rythme naturel de la peau implique un cycle de r\u00e9g\u00e9n\u00e9ration cellulaire et d'exfoliation sur 28 jours. Si ce processus est entrav\u00e9 par des cellules mortes obstruant les pores, cela peut conduire \u00e0 une inflammation et\u2026","rel":"","context":"Similar post","block_context":{"text":"Similar post","link":""},"img":{"alt_text":"","src":"","width":0,"height":0},"classes":[]},{"id":29442,"url":"https:\/\/sakaba.mghosteur.com\/en\/product\/cosrx-aha-bha-clarifying-treatment-toner\/","url_meta":{"origin":26852,"position":2},"title":"COSRX AHA\/BHA CLARIFYING TREATMENT TONER","author":"admin","date":"April 4, 2023","format":false,"excerpt":"Le Tonique de traitement clarifiant AHA\/BHA de la marque COSRX est un produit qui aide \u00e0 am\u00e9liorer la texture de la peau et \u00e0 contr\u00f4ler les pores. La formule comprend des ingr\u00e9dients AHA + BHA + Purifying Botanical qui aident \u00e0 \u00e9liminer les impuret\u00e9s, exfolier et hydrater en une seule\u2026","rel":"","context":"Similar post","block_context":{"text":"Similar post","link":""},"img":{"alt_text":"","src":"","width":0,"height":0},"classes":[]},{"id":26868,"url":"https:\/\/sakaba.mghosteur.com\/en\/product\/paula-choice-2-bha-liquid-exfoliant\/","url_meta":{"origin":26852,"position":3},"title":"PAULA CHOICE 2% BHA LIQUID EXFOLIANT","author":"admin","date":"November 28, 2022","format":false,"excerpt":"Le produit num\u00e9ro 1 de la marque Paula's Choice, cet exfoliant liquide 2% BHA est un favori culte qui nettoie en profondeur les pores, lisse les rides et unifie le teint de la peau. Sa formule douce sans rin\u00e7age \u00e0 base d'acide salicylique \u00e9prouv\u00e9 en clinique permet de d\u00e9sobstruer rapidement\u2026","rel":"","context":"Similar post","block_context":{"text":"Similar post","link":""},"img":{"alt_text":"","src":"","width":0,"height":0},"classes":[]},{"id":27474,"url":"https:\/\/sakaba.mghosteur.com\/en\/product\/the-ordinary-aha-30-bha-2-peeling-solution\/","url_meta":{"origin":26852,"position":4},"title":"The Ordinary AHA 30% + BHA 2% Peeling Solution","author":"admin","date":"November 29, 2022","format":false,"excerpt":"La Solution gommante AHA 30% + BHA 2% de The Ordinary est la solution id\u00e9ale pour exfolier en profondeur votre peau et lui donner un aspect plus lumineux et uniforme. Elle est formul\u00e9e avec des acides alpha-hydroxyl\u00e9s (AHA), des acides b\u00eata-hydroxyl\u00e9s (BHA) et un d\u00e9riv\u00e9 de poivre de Tasmanie \u00e9tudi\u00e9,\u2026","rel":"","context":"Similar post","block_context":{"text":"Similar post","link":""},"img":{"alt_text":"","src":"","width":0,"height":0},"classes":[]},{"id":27962,"url":"https:\/\/sakaba.mghosteur.com\/en\/product\/skinflex-aha-bha-enzyme-exfoliante-pads\/","url_meta":{"origin":26852,"position":5},"title":"SKINFIX AHA \/BHA ENZYME EXFOLIANTE PADS","author":"admin","date":"November 29, 2022","format":false,"excerpt":"","rel":"","context":"Similar post","block_context":{"text":"Similar post","link":""},"img":{"alt_text":"","src":"","width":0,"height":0},"classes":[]}],"_links":{"self":[{"href":"https:\/\/sakaba.mghosteur.com\/en\/wp-json\/wp\/v2\/product\/26852","targetHints":{"allow":["GET"]}}],"collection":[{"href":"https:\/\/sakaba.mghosteur.com\/en\/wp-json\/wp\/v2\/product"}],"about":[{"href":"https:\/\/sakaba.mghosteur.com\/en\/wp-json\/wp\/v2\/types\/product"}],"replies":[{"embeddable":true,"href":"https:\/\/sakaba.mghosteur.com\/en\/wp-json\/wp\/v2\/comments?post=26852"}],"version-history":[{"count":0,"href":"https:\/\/sakaba.mghosteur.com\/en\/wp-json\/wp\/v2\/product\/26852\/revisions"}],"wp:attachment":[{"href":"https:\/\/sakaba.mghosteur.com\/en\/wp-json\/wp\/v2\/media?parent=26852"}],"wp:term":[{"taxonomy":"product_brand","embeddable":true,"href":"https:\/\/sakaba.mghosteur.com\/en\/wp-json\/wp\/v2\/product_brand?post=26852"},{"taxonomy":"product_cat","embeddable":true,"href":"https:\/\/sakaba.mghosteur.com\/en\/wp-json\/wp\/v2\/product_cat?post=26852"},{"taxonomy":"product_tag","embeddable":true,"href":"https:\/\/sakaba.mghosteur.com\/en\/wp-json\/wp\/v2\/product_tag?post=26852"}],"curies":[{"name":"wp","href":"https:\/\/api.w.org\/{rel}","templated":true}]}}