{"id":26859,"date":"2022-11-28T15:49:22","date_gmt":"2022-11-28T15:49:22","guid":{"rendered":"http:\/\/www.sakababeauty.com\/?post_type=product&#038;p=26859"},"modified":"2023-04-03T13:01:26","modified_gmt":"2023-04-03T13:01:26","slug":"paula-choice-niacinamide-20-treatment","status":"publish","type":"product","link":"https:\/\/sakaba.mghosteur.com\/en\/product\/paula-choice-niacinamide-20-treatment\/","title":{"rendered":"PAULA CHOICE NIACINAMIDE 20% TREATMENT"},"content":{"rendered":"<p>D\u00e9couvrez le Traitement Niacinamide 20% de la marque Paula&#8217;s Choice. Ce s\u00e9rum concentr\u00e9 en vitamine B3 resserre les pores, diminue les bosses rugueuses et am\u00e9liore la texture de la peau. Les pores dilat\u00e9s sont consid\u00e9rablement r\u00e9duits et la peau est visiblement plus lisse et uniforme. Ce traitement aide \u00e9galement \u00e0 att\u00e9nuer les marques post-imperfections pour un teint plus \u00e9clatant. Faites confiance \u00e0 Paula&#8217;s Choice pour une peau saine et radieuse.<\/p>","protected":false},"excerpt":{"rendered":"<p>D\u00e9couvrez le Traitement Niacinamide 20% de la marque Paula&#8217;s Choice. Ce s\u00e9rum concentr\u00e9 en vitamine B3 resserre les pores, diminue les bosses rugueuses et am\u00e9liore la texture de la peau. Les pores dilat\u00e9s sont consid\u00e9rablement r\u00e9duits et la peau est visiblement plus lisse et uniforme. Ce traitement aide \u00e9galement \u00e0 att\u00e9nuer les marques post-imperfections pour<span class=\"read-more-faq\"><a href=\"https:\/\/sakaba.mghosteur.com\/en\/product\/paula-choice-niacinamide-20-treatment\/\">Read More<\/a><\/span><\/p>","protected":false},"featured_media":0,"comment_status":"closed","ping_status":"closed","template":"","meta":[],"product_brand":[],"product_cat":[377],"product_tag":[],"class_list":{"0":"post-26859","1":"product","2":"type-product","3":"status-publish","5":"product_cat-bath-body-works","7":"first","8":"instock","9":"shipping-taxable","10":"product-type-simple"},"jetpack-related-posts":[{"id":26342,"url":"https:\/\/sakaba.mghosteur.com\/en\/product\/paulas-choice-pore-reducing-toner-with-niacinamid\/","url_meta":{"origin":26859,"position":0},"title":"PAULA&#8217;S CHOICE PORE REDUCING TONER with niacinamid","author":"admin","date":"November 25, 2022","format":false,"excerpt":"Le Tonique r\u00e9ducteur de pores de la marque Paula's Choice est un tonique facial quotidien qui peut aider \u00e0 \u00e9quilibrer la peau grasse tout en r\u00e9duisant l'apparence des pores dilat\u00e9s. Cette formule fluide l\u00e9g\u00e8re est facile \u00e0 utiliser et peut \u00eatre appliqu\u00e9e deux fois par jour apr\u00e8s avoir nettoy\u00e9 la\u2026","rel":"","context":"Similar post","block_context":{"text":"Similar post","link":""},"img":{"alt_text":"","src":"","width":0,"height":0},"classes":[]},{"id":26862,"url":"https:\/\/sakaba.mghosteur.com\/en\/product\/paula-choice-10-niacinamide-booster\/","url_meta":{"origin":26859,"position":1},"title":"PAULA  CHOICE 10% NIACINAMIDE BOOSTER","author":"admin","date":"November 28, 2022","format":false,"excerpt":"Le 10% Niacinamide Booster de Paula's Choice est un s\u00e9rum concentr\u00e9 qui am\u00e9liore la texture de la peau, affine la taille des pores et r\u00e9duit les ridules. Ce produit contient 10% de niacinamide (vitamine B3) qui favorise une apparence plus lumineuse et plus jeune de la peau. La formule est\u2026","rel":"","context":"Similar post","block_context":{"text":"Similar post","link":""},"img":{"alt_text":"","src":"","width":0,"height":0},"classes":[]},{"id":26351,"url":"https:\/\/sakaba.mghosteur.com\/en\/product\/paula-choice-clear-60ml-2\/","url_meta":{"origin":26859,"position":2},"title":"PAULA CHOICE CLEAR Oil-Free Moisturizer","author":"admin","date":"November 25, 2022","format":false,"excerpt":"Le Oil-Free Moisturizer de la marque Paula's Choice est un hydratant l\u00e9ger et sans huile sp\u00e9cialement formul\u00e9 pour les peaux sujettes aux imperfections. Ce produit fournit une hydratation apaisante qui n'obstrue pas les pores et ne provoque pas d'\u00e9ruptions cutan\u00e9es. La niacinamide contenue dans la formule aide \u00e0 minimiser les\u2026","rel":"","context":"Similar post","block_context":{"text":"Similar post","link":""},"img":{"alt_text":"","src":"","width":0,"height":0},"classes":[]},{"id":29327,"url":"https:\/\/sakaba.mghosteur.com\/en\/product\/paula-choice-5-niacinamide-body-serum\/","url_meta":{"origin":26859,"position":3},"title":"PAULA CHOICE 5% NIACINAMIDE BODY SERUM","author":"admin","date":"April 3, 2023","format":false,"excerpt":"Ce S\u00e9rum Corps 5% Niacinamide de la marque Paula's Choice est une solution l\u00e9g\u00e8re et efficace pour cibler les probl\u00e8mes de teint in\u00e9gal, de texture rugueuse et de d\u00e9coloration de la peau. Gr\u00e2ce \u00e0 sa composition contenant 5% de niacinamide et 5% de d-panth\u00e9nol, il peut \u00e9galement aider \u00e0 restaurer\u2026","rel":"","context":"Similar post","block_context":{"text":"Similar post","link":""},"img":{"alt_text":"","src":"","width":0,"height":0},"classes":[]},{"id":26889,"url":"https:\/\/sakaba.mghosteur.com\/en\/product\/paulas-choice-antioxidant-pore-purifier\/","url_meta":{"origin":26859,"position":4},"title":"PAULA&#8217;S CHOICE ANTIOXIDANT PORE PURIFIER","author":"admin","date":"November 28, 2022","format":false,"excerpt":"Le Defense Antioxidant Pore Purifier de Paula's Choice est un traitement illuminant pour tous types de peaux. Ce produit est con\u00e7u pour aider \u00e0 r\u00e9duire les signes de l'\u00e2ge, am\u00e9liorer l'apparence des pores dilat\u00e9s et redonner de l'\u00e9clat \u00e0 la peau terne. Il est \u00e9galement formul\u00e9 pour prot\u00e9ger la peau\u2026","rel":"","context":"Similar post","block_context":{"text":"Similar post","link":""},"img":{"alt_text":"","src":"","width":0,"height":0},"classes":[]},{"id":26358,"url":"https:\/\/sakaba.mghosteur.com\/en\/product\/paulas-choice-anti-redness-exfoliating-solution\/","url_meta":{"origin":26859,"position":5},"title":"PAULA&#8217;S CHOICE ANTI REDNESS EXFOLIATING SOLUTION","author":"admin","date":"November 25, 2022","format":false,"excerpt":"La Solution exfoliante anti-rougeurs de force r\u00e9guli\u00e8re avec 2% d'acide salicylique de la marque Paula's Choice est un produit de soin de la peau id\u00e9al pour les personnes souffrant d'acn\u00e9 l\u00e9g\u00e8re \u00e0 mod\u00e9r\u00e9e. Cette solution douce et sans rin\u00e7age contient de l'acide salicylique qui aide \u00e0 \u00e9liminer les \u00e9ruptions cutan\u00e9es,\u2026","rel":"","context":"Similar post","block_context":{"text":"Similar post","link":""},"img":{"alt_text":"","src":"","width":0,"height":0},"classes":[]}],"_links":{"self":[{"href":"https:\/\/sakaba.mghosteur.com\/en\/wp-json\/wp\/v2\/product\/26859","targetHints":{"allow":["GET"]}}],"collection":[{"href":"https:\/\/sakaba.mghosteur.com\/en\/wp-json\/wp\/v2\/product"}],"about":[{"href":"https:\/\/sakaba.mghosteur.com\/en\/wp-json\/wp\/v2\/types\/product"}],"replies":[{"embeddable":true,"href":"https:\/\/sakaba.mghosteur.com\/en\/wp-json\/wp\/v2\/comments?post=26859"}],"version-history":[{"count":0,"href":"https:\/\/sakaba.mghosteur.com\/en\/wp-json\/wp\/v2\/product\/26859\/revisions"}],"wp:attachment":[{"href":"https:\/\/sakaba.mghosteur.com\/en\/wp-json\/wp\/v2\/media?parent=26859"}],"wp:term":[{"taxonomy":"product_brand","embeddable":true,"href":"https:\/\/sakaba.mghosteur.com\/en\/wp-json\/wp\/v2\/product_brand?post=26859"},{"taxonomy":"product_cat","embeddable":true,"href":"https:\/\/sakaba.mghosteur.com\/en\/wp-json\/wp\/v2\/product_cat?post=26859"},{"taxonomy":"product_tag","embeddable":true,"href":"https:\/\/sakaba.mghosteur.com\/en\/wp-json\/wp\/v2\/product_tag?post=26859"}],"curies":[{"name":"wp","href":"https:\/\/api.w.org\/{rel}","templated":true}]}}