{"id":26862,"date":"2022-11-28T15:51:01","date_gmt":"2022-11-28T15:51:01","guid":{"rendered":"http:\/\/www.sakababeauty.com\/?post_type=product&#038;p=26862"},"modified":"2024-06-13T14:03:03","modified_gmt":"2024-06-13T14:03:03","slug":"paula-choice-10-niacinamide-booster","status":"publish","type":"product","link":"https:\/\/sakaba.mghosteur.com\/en\/product\/paula-choice-10-niacinamide-booster\/","title":{"rendered":"PAULA  CHOICE 10% NIACINAMIDE BOOSTER"},"content":{"rendered":"<p>Le 10% Niacinamide Booster de Paula&#8217;s Choice est un s\u00e9rum concentr\u00e9 qui am\u00e9liore la texture de la peau, affine la taille des pores et r\u00e9duit les ridules. Ce produit contient 10% de niacinamide (vitamine B3) qui favorise une apparence plus lumineuse et plus jeune de la peau. La formule est l\u00e9g\u00e8re et transparente, facile \u00e0 utiliser seule ou en la m\u00e9langeant avec votre cr\u00e8me hydratante ou s\u00e9rum. Avec ce booster de s\u00e9rum, vous pouvez obtenir un teint plus uniforme et une peau plus belle.<\/p>","protected":false},"excerpt":{"rendered":"<p>Le 10% Niacinamide Booster de Paula&#8217;s Choice est un s\u00e9rum concentr\u00e9 qui am\u00e9liore la texture de la peau, affine la taille des pores et r\u00e9duit les ridules. Ce produit contient 10% de niacinamide (vitamine B3) qui favorise une apparence plus lumineuse et plus jeune de la peau. La formule est l\u00e9g\u00e8re et transparente, facile \u00e0<span class=\"read-more-faq\"><a href=\"https:\/\/sakaba.mghosteur.com\/en\/product\/paula-choice-10-niacinamide-booster\/\">Read More<\/a><\/span><\/p>","protected":false},"featured_media":0,"comment_status":"closed","ping_status":"closed","template":"","meta":[],"product_brand":[],"product_cat":[451,334],"product_tag":[],"class_list":{"0":"post-26862","1":"product","2":"type-product","3":"status-publish","5":"product_cat-aab-soin-du-visage","6":"product_cat-traitement-serum","8":"first","9":"instock","10":"shipping-taxable","11":"product-type-simple"},"jetpack-related-posts":[{"id":29327,"url":"https:\/\/sakaba.mghosteur.com\/en\/product\/paula-choice-5-niacinamide-body-serum\/","url_meta":{"origin":26862,"position":0},"title":"PAULA CHOICE 5% NIACINAMIDE BODY SERUM","author":"admin","date":"April 3, 2023","format":false,"excerpt":"Ce S\u00e9rum Corps 5% Niacinamide de la marque Paula's Choice est une solution l\u00e9g\u00e8re et efficace pour cibler les probl\u00e8mes de teint in\u00e9gal, de texture rugueuse et de d\u00e9coloration de la peau. Gr\u00e2ce \u00e0 sa composition contenant 5% de niacinamide et 5% de d-panth\u00e9nol, il peut \u00e9galement aider \u00e0 restaurer\u2026","rel":"","context":"Similar post","block_context":{"text":"Similar post","link":""},"img":{"alt_text":"","src":"","width":0,"height":0},"classes":[]},{"id":26892,"url":"https:\/\/sakaba.mghosteur.com\/en\/product\/10-azelaic-acid-booster\/","url_meta":{"origin":26862,"position":1},"title":"10% AZELAIC ACID BOOSTER","author":"admin","date":"November 28, 2022","format":false,"excerpt":"Le Booster 10% Acide Az\u00e9la\u00efque de la marque Paula's Choice est une formule unique qui utilise de l'acide az\u00e9la\u00efque puissant ainsi que d'autres ingr\u00e9dients puissants pour clarifier le teint irr\u00e9gulier, cibler les taches tenaces et apaiser les irritations. Cette formule vous donnera une peau plus lisse, plus radieuse et d'apparence\u2026","rel":"","context":"Similar post","block_context":{"text":"Similar post","link":""},"img":{"alt_text":"","src":"","width":0,"height":0},"classes":[]},{"id":26859,"url":"https:\/\/sakaba.mghosteur.com\/en\/product\/paula-choice-niacinamide-20-treatment\/","url_meta":{"origin":26862,"position":2},"title":"PAULA CHOICE NIACINAMIDE 20% TREATMENT","author":"admin","date":"November 28, 2022","format":false,"excerpt":"D\u00e9couvrez le Traitement Niacinamide 20% de la marque Paula's Choice. Ce s\u00e9rum concentr\u00e9 en vitamine B3 resserre les pores, diminue les bosses rugueuses et am\u00e9liore la texture de la peau. Les pores dilat\u00e9s sont consid\u00e9rablement r\u00e9duits et la peau est visiblement plus lisse et uniforme. Ce traitement aide \u00e9galement \u00e0\u2026","rel":"","context":"Similar post","block_context":{"text":"Similar post","link":""},"img":{"alt_text":"","src":"","width":0,"height":0},"classes":[]},{"id":26831,"url":"https:\/\/sakaba.mghosteur.com\/en\/product\/paula-choice-c15-super-booster\/","url_meta":{"origin":26862,"position":3},"title":"PAULA CHOICE C15 SUPER BOOSTER","author":"admin","date":"November 28, 2022","format":false,"excerpt":"Le Super Booster C15 de Paula's Choice est un produit de soin de la peau puissant et efficace. Avec une concentration \u00e9lev\u00e9e de 15% de vitamine C pure, ce booster aide \u00e0 \u00e9claircir la peau in\u00e9gale et \u00e0 am\u00e9liorer l'apparence des rides et ridules. Sa formule liquide ultra-l\u00e9g\u00e8re est rapidement\u2026","rel":"","context":"Similar post","block_context":{"text":"Similar post","link":""},"img":{"alt_text":"","src":"","width":0,"height":0},"classes":[]},{"id":26828,"url":"https:\/\/sakaba.mghosteur.com\/en\/product\/paula-choice-hyauloronic-acid-booster\/","url_meta":{"origin":26862,"position":4},"title":"PAULA CHOICE  HYAULORONIC ACID BOOSTER","author":"admin","date":"November 28, 2022","format":false,"excerpt":"Le booster d'acide hyaluronique de la marque Paula's Choice est un produit de soin hautement concentr\u00e9 qui aide \u00e0 r\u00e9tablir le niveau d'humidit\u00e9 de la peau pour lui donner un aspect plus souple, repulp\u00e9 et lisse. Il est parfait pour les peaux d\u00e9shydrat\u00e9es et ternes, et peut am\u00e9liorer l'apparence des\u2026","rel":"","context":"Similar post","block_context":{"text":"Similar post","link":""},"img":{"alt_text":"","src":"","width":0,"height":0},"classes":[]},{"id":26865,"url":"https:\/\/sakaba.mghosteur.com\/en\/product\/paula-choice-1retinol-booster\/","url_meta":{"origin":26862,"position":5},"title":"PAULA CHOICE 1%RETINOL BOOSTER","author":"admin","date":"November 28, 2022","format":false,"excerpt":"Le Booster de R\u00e9tinol 1% de Paula's Choice est un concentr\u00e9 l\u00e9ger qui aide \u00e0 am\u00e9liorer l'apparence de votre peau en uniformisant le teint, en r\u00e9duisant l'apparence des rides et en cr\u00e9ant un teint plus lisse et plus \u00e9clatant. La formule pure de r\u00e9tinol est lib\u00e9r\u00e9e lentement pour une efficacit\u00e9\u2026","rel":"","context":"Similar post","block_context":{"text":"Similar post","link":""},"img":{"alt_text":"","src":"","width":0,"height":0},"classes":[]}],"_links":{"self":[{"href":"https:\/\/sakaba.mghosteur.com\/en\/wp-json\/wp\/v2\/product\/26862","targetHints":{"allow":["GET"]}}],"collection":[{"href":"https:\/\/sakaba.mghosteur.com\/en\/wp-json\/wp\/v2\/product"}],"about":[{"href":"https:\/\/sakaba.mghosteur.com\/en\/wp-json\/wp\/v2\/types\/product"}],"replies":[{"embeddable":true,"href":"https:\/\/sakaba.mghosteur.com\/en\/wp-json\/wp\/v2\/comments?post=26862"}],"version-history":[{"count":0,"href":"https:\/\/sakaba.mghosteur.com\/en\/wp-json\/wp\/v2\/product\/26862\/revisions"}],"wp:attachment":[{"href":"https:\/\/sakaba.mghosteur.com\/en\/wp-json\/wp\/v2\/media?parent=26862"}],"wp:term":[{"taxonomy":"product_brand","embeddable":true,"href":"https:\/\/sakaba.mghosteur.com\/en\/wp-json\/wp\/v2\/product_brand?post=26862"},{"taxonomy":"product_cat","embeddable":true,"href":"https:\/\/sakaba.mghosteur.com\/en\/wp-json\/wp\/v2\/product_cat?post=26862"},{"taxonomy":"product_tag","embeddable":true,"href":"https:\/\/sakaba.mghosteur.com\/en\/wp-json\/wp\/v2\/product_tag?post=26862"}],"curies":[{"name":"wp","href":"https:\/\/api.w.org\/{rel}","templated":true}]}}