{"id":26868,"date":"2022-11-28T15:53:00","date_gmt":"2022-11-28T15:53:00","guid":{"rendered":"http:\/\/www.sakababeauty.com\/?post_type=product&#038;p=26868"},"modified":"2023-03-29T11:57:31","modified_gmt":"2023-03-29T11:57:31","slug":"paula-choice-2-bha-liquid-exfoliant","status":"publish","type":"product","link":"https:\/\/sakaba.mghosteur.com\/en\/product\/paula-choice-2-bha-liquid-exfoliant\/","title":{"rendered":"PAULA CHOICE 2% BHA LIQUID EXFOLIANT"},"content":{"rendered":"<div class=\"group w-full text-gray-800 dark:text-gray-100 border-b border-black\/10 dark:border-gray-900\/50 bg-gray-50 dark:bg-[#444654]\">\n<div class=\"text-base gap-4 md:gap-6 md:max-w-2xl lg:max-w-2xl xl:max-w-3xl p-4 md:py-6 flex lg:px-0 m-auto\">\n<div class=\"relative flex w-[calc(100%-50px)] flex-col gap-1 md:gap-3 lg:w-[calc(100%-115px)]\">\n<div class=\"flex flex-grow flex-col gap-3\">\n<div class=\"min-h-[20px] flex flex-col items-start gap-4 whitespace-pre-wrap\">\n<div class=\"markdown prose w-full break-words dark:prose-invert light\">\n<p>Le produit num\u00e9ro 1 de la marque Paula&#8217;s Choice, cet exfoliant liquide 2% BHA est un favori culte qui nettoie en profondeur les pores, lisse les rides et unifie le teint de la peau. Sa formule douce sans rin\u00e7age \u00e0 base d&#8217;acide salicylique \u00e9prouv\u00e9 en clinique permet de d\u00e9sobstruer rapidement les pores et de minimiser leur apparence. L&#8217;acide b\u00eata-hydroxyl\u00e9 (BHA) \u00e9limine les couches de peau accumul\u00e9es, tandis que la texture fluide et l\u00e9g\u00e8re du produit p\u00e9n\u00e8tre rapidement dans la peau. Il peut \u00eatre utilis\u00e9 jusqu&#8217;\u00e0 deux fois par jour apr\u00e8s avoir nettoy\u00e9 et tonifi\u00e9 la peau.<\/p>\n<\/div>\n<\/div>\n<\/div>\n<div class=\"flex justify-between\">\n<div class=\"text-gray-400 flex self-end lg:self-center justify-center mt-2 gap-3 md:gap-4 lg:gap-1 lg:absolute lg:top-0 lg:translate-x-full lg:right-0 lg:mt-0 lg:pl-2 visible\"><\/div>\n<\/div>\n<\/div>\n<\/div>\n<\/div>","protected":false},"excerpt":{"rendered":"<p>Le produit num\u00e9ro 1 de la marque Paula&#8217;s Choice, cet exfoliant liquide 2% BHA est un favori culte qui nettoie en profondeur les pores, lisse les rides et unifie le teint de la peau. Sa formule douce sans rin\u00e7age \u00e0 base d&#8217;acide salicylique \u00e9prouv\u00e9 en clinique permet de d\u00e9sobstruer rapidement les pores et de minimiser<span class=\"read-more-faq\"><a href=\"https:\/\/sakaba.mghosteur.com\/en\/product\/paula-choice-2-bha-liquid-exfoliant\/\">Read More<\/a><\/span><\/p>","protected":false},"featured_media":0,"comment_status":"closed","ping_status":"closed","template":"","meta":[],"product_brand":[],"product_cat":[377],"product_tag":[],"class_list":{"0":"post-26868","1":"product","2":"type-product","3":"status-publish","5":"product_cat-bath-body-works","7":"first","8":"instock","9":"shipping-taxable","10":"product-type-simple"},"jetpack-related-posts":[{"id":26852,"url":"https:\/\/sakaba.mghosteur.com\/en\/product\/skin-perfecting-25aha-2bha-exfoliant-peel\/","url_meta":{"origin":26868,"position":0},"title":"SKIN PERFECTING 25%AHA +2%BHA EXFOLIANT PEEL","author":"admin","date":"November 28, 2022","format":false,"excerpt":"D\u00e9couvrez le Peeling Exfoliant 25% AHA + 2% BHA de la marque Paula's Choice, un gommage exfoliant multi-acides qui transformera votre peau en profondeur. Ce produit unique en son genre est con\u00e7u pour lisser les rides, affiner la texture de la peau, \u00e9claircir le teint et d\u00e9sobstruer les pores pour\u2026","rel":"","context":"Similar post","block_context":{"text":"Similar post","link":""},"img":{"alt_text":"","src":"","width":0,"height":0},"classes":[]},{"id":26834,"url":"https:\/\/sakaba.mghosteur.com\/en\/product\/daily-pore-refining-treatment-2-bha\/","url_meta":{"origin":26868,"position":1},"title":"DAILY PORE REFINING TREATMENT 2% BHA","author":"admin","date":"November 28, 2022","format":false,"excerpt":"Le soin quotidien d'affinage des pores avec 2% de BHA de la marque Paula's Choice est un exfoliant liquide qui offre de multiples avantages pour ceux qui luttent contre les signes visibles de dommages caus\u00e9s par le soleil, le vieillissement, la peau bossel\u00e9e et les pores dilat\u00e9s et obstru\u00e9s. Gr\u00e2ce\u2026","rel":"","context":"Similar post","block_context":{"text":"Similar post","link":""},"img":{"alt_text":"","src":"","width":0,"height":0},"classes":[]},{"id":31394,"url":"https:\/\/sakaba.mghosteur.com\/en\/product\/paula-s-choice-weigntless-body-treatment-2-bha\/","url_meta":{"origin":26868,"position":2},"title":"PAULA&#8217; S CHOICE WEIGNTLESS BODY TREATMENT 2% BHA","author":"admin","date":"May 10, 2024","format":false,"excerpt":"Cet exfoliant corporel sans rin\u00e7age, renfermant 2 % d'acide salicylique, un BHA r\u00e9put\u00e9, offre une exfoliation douce, lib\u00e9rant la peau des cellules mortes accumul\u00e9es pour r\u00e9v\u00e9ler une peau radieuse et lisse en dessous. La concentration de 2 % d'acide salicylique adoucit et affine la texture rugueuse de la peau, tandis\u2026","rel":"","context":"Similar post","block_context":{"text":"Similar post","link":""},"img":{"alt_text":"","src":"","width":0,"height":0},"classes":[]},{"id":28072,"url":"https:\/\/sakaba.mghosteur.com\/en\/product\/bha-liquid-exfoliant-2\/","url_meta":{"origin":26868,"position":3},"title":"BHA LIQUID EXFOLIANT 2%","author":"admin","date":"November 29, 2022","format":false,"excerpt":"L'exfoliant liquide Naturium BHA 2% est un exfoliant sans rin\u00e7age qui utilise de l'acide salicylique pour d\u00e9boucher les pores, uniformiser le teint et lisser les rides et ridules. Il est sans cruaut\u00e9, \u00e0 base de plantes et d'ingr\u00e9dients marins, sans parab\u00e8ne, v\u00e9g\u00e9talien, sans gluten, sans parfum et non toxique. Il\u2026","rel":"","context":"Similar post","block_context":{"text":"Similar post","link":""},"img":{"alt_text":"","src":"","width":0,"height":0},"classes":[]},{"id":31343,"url":"https:\/\/sakaba.mghosteur.com\/en\/product\/paula-choice-the-exfoliant-experience-1fl\/","url_meta":{"origin":26868,"position":4},"title":"PAULA CHOICE THE EXFOLIANT EXPERIENCE","author":"admin","date":"May 10, 2024","format":false,"excerpt":"D\u00e9couvrez l'exp\u00e9rience exfoliante avec Paula's Choice - un rituel de soins de la peau qui r\u00e9v\u00e9lera une peau \u00e9clatante et revitalis\u00e9e. Instructions d'utilisation : Pour une utilisation individuelle : Apr\u00e8s avoir nettoy\u00e9 et tonifi\u00e9 votre peau, appliquez d\u00e9licatement l'exfoliant BHA ou AHA sur l'ensemble de votre visage et de votre\u2026","rel":"","context":"Similar post","block_context":{"text":"Similar post","link":""},"img":{"alt_text":"","src":"","width":0,"height":0},"classes":[]},{"id":26966,"url":"https:\/\/sakaba.mghosteur.com\/en\/product\/bha-exfoliant-serum-2salicylic-acid-with-green-te\/","url_meta":{"origin":26868,"position":5},"title":"FACETHEORY BHA Exfoliating Serum S3","author":"admin","date":"November 28, 2022","format":false,"excerpt":"Le BHA Exfoliating Serum S3 de FACETHEORY est un exfoliant liquide sans rin\u00e7age reformul\u00e9 avec 5 % de BHA - 2 % d'acide salicylique et maintenant avec 3 % de carnitine - pour cibler l'acn\u00e9, les cellules mortes, les rides et les ridules tout en hydratant et nourrissant la peau.\u2026","rel":"","context":"Similar post","block_context":{"text":"Similar post","link":""},"img":{"alt_text":"","src":"","width":0,"height":0},"classes":[]}],"_links":{"self":[{"href":"https:\/\/sakaba.mghosteur.com\/en\/wp-json\/wp\/v2\/product\/26868","targetHints":{"allow":["GET"]}}],"collection":[{"href":"https:\/\/sakaba.mghosteur.com\/en\/wp-json\/wp\/v2\/product"}],"about":[{"href":"https:\/\/sakaba.mghosteur.com\/en\/wp-json\/wp\/v2\/types\/product"}],"replies":[{"embeddable":true,"href":"https:\/\/sakaba.mghosteur.com\/en\/wp-json\/wp\/v2\/comments?post=26868"}],"version-history":[{"count":0,"href":"https:\/\/sakaba.mghosteur.com\/en\/wp-json\/wp\/v2\/product\/26868\/revisions"}],"wp:attachment":[{"href":"https:\/\/sakaba.mghosteur.com\/en\/wp-json\/wp\/v2\/media?parent=26868"}],"wp:term":[{"taxonomy":"product_brand","embeddable":true,"href":"https:\/\/sakaba.mghosteur.com\/en\/wp-json\/wp\/v2\/product_brand?post=26868"},{"taxonomy":"product_cat","embeddable":true,"href":"https:\/\/sakaba.mghosteur.com\/en\/wp-json\/wp\/v2\/product_cat?post=26868"},{"taxonomy":"product_tag","embeddable":true,"href":"https:\/\/sakaba.mghosteur.com\/en\/wp-json\/wp\/v2\/product_tag?post=26868"}],"curies":[{"name":"wp","href":"https:\/\/api.w.org\/{rel}","templated":true}]}}