{"id":26871,"date":"2022-11-28T15:54:27","date_gmt":"2022-11-28T15:54:27","guid":{"rendered":"http:\/\/www.sakababeauty.com\/?post_type=product&#038;p=26871"},"modified":"2024-08-30T03:46:00","modified_gmt":"2024-08-30T03:46:00","slug":"skin-perfecting-bha-9-salicylic-acid","status":"publish","type":"product","link":"https:\/\/sakaba.mghosteur.com\/en\/product\/skin-perfecting-bha-9-salicylic-acid\/","title":{"rendered":"BHA 9 Treatment"},"content":{"rendered":"<p>Cet exfoliant BHA concentr\u00e9 et unique sans rin\u00e7age \u00e0 l&#8217;acide salicylique fait des merveilles pour am\u00e9liorer l&#8217;apparence des probl\u00e8mes de peau tenaces tels que les pores dilat\u00e9s ou obstru\u00e9s, les bosses et les plaques de peau rugueuse et s\u00e8che. Il convient m\u00eame aux peaux sujettes aux miliums.<\/p>\n<p>Offre une lib\u00e9ration contr\u00f4l\u00e9e et prolong\u00e9e d&#8217;acide salicylique<\/p>\n<p>Minimise l&#8217;apparence des pores dilat\u00e9s<\/p>\n<p>Diminue l&#8217;apparence des bosses dures et blanches<\/p>\n<p>\u00c0 utiliser comme derni\u00e8re \u00e9tape de votre routine de soins de la peau du soir<\/p>","protected":false},"excerpt":{"rendered":"<p>Cet exfoliant BHA concentr\u00e9 et unique sans rin\u00e7age \u00e0 l&#8217;acide salicylique fait des merveilles pour am\u00e9liorer l&#8217;apparence des probl\u00e8mes de peau tenaces tels que les pores dilat\u00e9s ou obstru\u00e9s, les bosses et les plaques de peau rugueuse et s\u00e8che. Il convient m\u00eame aux peaux sujettes aux miliums. Offre une lib\u00e9ration contr\u00f4l\u00e9e et prolong\u00e9e d&#8217;acide salicylique<span class=\"read-more-faq\"><a href=\"https:\/\/sakaba.mghosteur.com\/en\/product\/skin-perfecting-bha-9-salicylic-acid\/\">Read More<\/a><\/span><\/p>","protected":false},"featured_media":0,"comment_status":"closed","ping_status":"closed","template":"","meta":[],"product_brand":[],"product_cat":[294,451,334],"product_tag":[],"class_list":{"0":"post-26871","1":"product","2":"type-product","3":"status-publish","5":"product_cat-acne","6":"product_cat-aab-soin-du-visage","7":"product_cat-traitement-serum","9":"first","10":"instock","11":"shipping-taxable","12":"product-type-simple"},"jetpack-related-posts":[{"id":27777,"url":"https:\/\/sakaba.mghosteur.com\/en\/product\/bha-pha-6-serum-pores\/","url_meta":{"origin":26871,"position":0},"title":"BHA PHA 6% SERUM PORES","author":"admin","date":"November 29, 2022","format":false,"excerpt":"Un s\u00e9rum visage con\u00e7u pour les personnes ayant des probl\u00e8mes de pores dilat\u00e9s, visibles et obstru\u00e9s. Compos\u00e9 \u00e0 96 % d'ingr\u00e9dients naturels, dont 6 % d'acide salicylique naturel (BHA) et d'acide polyhydroxy (PHA), ce s\u00e9rum commence \u00e0 matifier et \u00e0 lisser votre peau d\u00e8s la premi\u00e8re utilisation et continue de\u2026","rel":"","context":"Similar post","block_context":{"text":"Similar post","link":""},"img":{"alt_text":"","src":"","width":0,"height":0},"classes":[]},{"id":26957,"url":"https:\/\/sakaba.mghosteur.com\/en\/product\/porebright-n10-serum\/","url_meta":{"origin":26871,"position":1},"title":"FACETHEORY Porebright Serum N10","author":"admin","date":"November 28, 2022","format":false,"excerpt":"D\u00e9couvrez le S\u00e9rum Porebright N10 de la marque Facetheory, un s\u00e9rum concentr\u00e9 en actifs pour aider \u00e0 r\u00e9duire l'apparence des l\u00e9sions d'acn\u00e9, des pores dilat\u00e9s et de l'hyperpigmentation. Formul\u00e9 avec de la niacinamide (vitamine B3) pour r\u00e9duire l'apparence des pores dilat\u00e9s, de l'acide hyaluronique pour r\u00e9g\u00e9n\u00e9rer et maintenir l'\u00e9quilibre hydrique\u2026","rel":"","context":"Similar post","block_context":{"text":"Similar post","link":""},"img":{"alt_text":"","src":"","width":0,"height":0},"classes":[]},{"id":26868,"url":"https:\/\/sakaba.mghosteur.com\/en\/product\/paula-choice-2-bha-liquid-exfoliant\/","url_meta":{"origin":26871,"position":2},"title":"PAULA CHOICE 2% BHA LIQUID EXFOLIANT","author":"admin","date":"November 28, 2022","format":false,"excerpt":"Le produit num\u00e9ro 1 de la marque Paula's Choice, cet exfoliant liquide 2% BHA est un favori culte qui nettoie en profondeur les pores, lisse les rides et unifie le teint de la peau. Sa formule douce sans rin\u00e7age \u00e0 base d'acide salicylique \u00e9prouv\u00e9 en clinique permet de d\u00e9sobstruer rapidement\u2026","rel":"","context":"Similar post","block_context":{"text":"Similar post","link":""},"img":{"alt_text":"","src":"","width":0,"height":0},"classes":[]},{"id":27417,"url":"https:\/\/sakaba.mghosteur.com\/en\/product\/the-inkey-list-beta-hydroxy-acid\/","url_meta":{"origin":26871,"position":3},"title":"THE INKEY LIST BETA HYDROXY ACID","author":"admin","date":"November 29, 2022","format":false,"excerpt":"Ce s\u00e9rum d'acide b\u00eata-hydroxyl\u00e9 (BHA) de la marque The Inkey List est un must-have pour tous ceux qui cherchent \u00e0 am\u00e9liorer leur routine de soin de la peau. Avec une concentration de 2 % d'acide salicylique, il est capable de p\u00e9n\u00e9trer profond\u00e9ment dans les pores de votre peau, aidant \u00e0\u2026","rel":"","context":"Similar post","block_context":{"text":"Similar post","link":""},"img":{"alt_text":"","src":"","width":0,"height":0},"classes":[]},{"id":31394,"url":"https:\/\/sakaba.mghosteur.com\/en\/product\/paula-s-choice-weigntless-body-treatment-2-bha\/","url_meta":{"origin":26871,"position":4},"title":"PAULA&#8217; S CHOICE WEIGNTLESS BODY TREATMENT 2% BHA","author":"admin","date":"May 10, 2024","format":false,"excerpt":"Cet exfoliant corporel sans rin\u00e7age, renfermant 2 % d'acide salicylique, un BHA r\u00e9put\u00e9, offre une exfoliation douce, lib\u00e9rant la peau des cellules mortes accumul\u00e9es pour r\u00e9v\u00e9ler une peau radieuse et lisse en dessous. La concentration de 2 % d'acide salicylique adoucit et affine la texture rugueuse de la peau, tandis\u2026","rel":"","context":"Similar post","block_context":{"text":"Similar post","link":""},"img":{"alt_text":"","src":"","width":0,"height":0},"classes":[]},{"id":26948,"url":"https:\/\/sakaba.mghosteur.com\/en\/product\/facetheory-glycolacsal-solution\/","url_meta":{"origin":26871,"position":5},"title":"FACETHEORY Glycolacsal Solution T4","author":"admin","date":"November 28, 2022","format":false,"excerpt":"Produit: Solution T4 Glycolacsal de la marque Facetheory La Solution T4 Glycolacsal de Facetheory est un toner exfoliant formul\u00e9 avec un trio d'acides: l'acide glycolique (8,5%), l'acide salicylique (1%) et l'acide lactique (0,5%) pour clarifier, \u00e9claircir et unifier le teint. Ces actifs acc\u00e9l\u00e8rent le renouvellement cellulaire, r\u00e9duisent les ridules, les\u2026","rel":"","context":"Similar post","block_context":{"text":"Similar post","link":""},"img":{"alt_text":"","src":"","width":0,"height":0},"classes":[]}],"_links":{"self":[{"href":"https:\/\/sakaba.mghosteur.com\/en\/wp-json\/wp\/v2\/product\/26871","targetHints":{"allow":["GET"]}}],"collection":[{"href":"https:\/\/sakaba.mghosteur.com\/en\/wp-json\/wp\/v2\/product"}],"about":[{"href":"https:\/\/sakaba.mghosteur.com\/en\/wp-json\/wp\/v2\/types\/product"}],"replies":[{"embeddable":true,"href":"https:\/\/sakaba.mghosteur.com\/en\/wp-json\/wp\/v2\/comments?post=26871"}],"version-history":[{"count":0,"href":"https:\/\/sakaba.mghosteur.com\/en\/wp-json\/wp\/v2\/product\/26871\/revisions"}],"wp:attachment":[{"href":"https:\/\/sakaba.mghosteur.com\/en\/wp-json\/wp\/v2\/media?parent=26871"}],"wp:term":[{"taxonomy":"product_brand","embeddable":true,"href":"https:\/\/sakaba.mghosteur.com\/en\/wp-json\/wp\/v2\/product_brand?post=26871"},{"taxonomy":"product_cat","embeddable":true,"href":"https:\/\/sakaba.mghosteur.com\/en\/wp-json\/wp\/v2\/product_cat?post=26871"},{"taxonomy":"product_tag","embeddable":true,"href":"https:\/\/sakaba.mghosteur.com\/en\/wp-json\/wp\/v2\/product_tag?post=26871"}],"curies":[{"name":"wp","href":"https:\/\/api.w.org\/{rel}","templated":true}]}}