{"id":26874,"date":"2022-11-28T16:18:14","date_gmt":"2022-11-28T16:18:14","guid":{"rendered":"http:\/\/www.sakababeauty.com\/?post_type=product&#038;p=26874"},"modified":"2024-06-06T13:06:38","modified_gmt":"2024-06-06T13:06:38","slug":"2-bha-liquid-exfoliant","status":"publish","type":"product","link":"https:\/\/sakaba.mghosteur.com\/en\/product\/2-bha-liquid-exfoliant\/","title":{"rendered":"2% BHA LIQUID EXFOLIANT"},"content":{"rendered":"","protected":false},"excerpt":{"rendered":"","protected":false},"featured_media":0,"comment_status":"closed","ping_status":"closed","template":"","meta":[],"product_brand":[],"product_cat":[334],"product_tag":[],"class_list":{"0":"post-26874","1":"product","2":"type-product","3":"status-publish","5":"product_cat-traitement-serum","7":"first","8":"instock","9":"shipping-taxable","10":"product-type-simple"},"jetpack-related-posts":[{"id":28072,"url":"https:\/\/sakaba.mghosteur.com\/en\/product\/bha-liquid-exfoliant-2\/","url_meta":{"origin":26874,"position":0},"title":"BHA LIQUID EXFOLIANT 2%","author":"admin","date":"November 29, 2022","format":false,"excerpt":"L'exfoliant liquide Naturium BHA 2% est un exfoliant sans rin\u00e7age qui utilise de l'acide salicylique pour d\u00e9boucher les pores, uniformiser le teint et lisser les rides et ridules. Il est sans cruaut\u00e9, \u00e0 base de plantes et d'ingr\u00e9dients marins, sans parab\u00e8ne, v\u00e9g\u00e9talien, sans gluten, sans parfum et non toxique. Il\u2026","rel":"","context":"Similar post","block_context":{"text":"Similar post","link":""},"img":{"alt_text":"","src":"","width":0,"height":0},"classes":[]},{"id":26868,"url":"https:\/\/sakaba.mghosteur.com\/en\/product\/paula-choice-2-bha-liquid-exfoliant\/","url_meta":{"origin":26874,"position":1},"title":"PAULA CHOICE 2% BHA LIQUID EXFOLIANT","author":"admin","date":"November 28, 2022","format":false,"excerpt":"Le produit num\u00e9ro 1 de la marque Paula's Choice, cet exfoliant liquide 2% BHA est un favori culte qui nettoie en profondeur les pores, lisse les rides et unifie le teint de la peau. Sa formule douce sans rin\u00e7age \u00e0 base d'acide salicylique \u00e9prouv\u00e9 en clinique permet de d\u00e9sobstruer rapidement\u2026","rel":"","context":"Similar post","block_context":{"text":"Similar post","link":""},"img":{"alt_text":"","src":"","width":0,"height":0},"classes":[]},{"id":26898,"url":"https:\/\/sakaba.mghosteur.com\/en\/product\/cosrx-bha-blackhead-power-liquid\/","url_meta":{"origin":26874,"position":2},"title":"COSRX BHA BLACKHEAD POWER LIQUID","author":"admin","date":"November 28, 2022","format":false,"excerpt":"Le produit est un liquide anti-points noirs BHA de la marque COSRX. Il contient de la BHA et de la niacinamide pour une exfoliation douce et un contr\u00f4le du s\u00e9bum. Il est id\u00e9al pour les utilisateurs d'acide de niveau interm\u00e9diaire. Ce liquide exfoliant vous permettra de dire adieu aux points\u2026","rel":"","context":"Similar post","block_context":{"text":"Similar post","link":""},"img":{"alt_text":"","src":"","width":0,"height":0},"classes":[]},{"id":26852,"url":"https:\/\/sakaba.mghosteur.com\/en\/product\/skin-perfecting-25aha-2bha-exfoliant-peel\/","url_meta":{"origin":26874,"position":3},"title":"SKIN PERFECTING 25%AHA +2%BHA EXFOLIANT PEEL","author":"admin","date":"November 28, 2022","format":false,"excerpt":"D\u00e9couvrez le Peeling Exfoliant 25% AHA + 2% BHA de la marque Paula's Choice, un gommage exfoliant multi-acides qui transformera votre peau en profondeur. Ce produit unique en son genre est con\u00e7u pour lisser les rides, affiner la texture de la peau, \u00e9claircir le teint et d\u00e9sobstruer les pores pour\u2026","rel":"","context":"Similar post","block_context":{"text":"Similar post","link":""},"img":{"alt_text":"","src":"","width":0,"height":0},"classes":[]},{"id":26834,"url":"https:\/\/sakaba.mghosteur.com\/en\/product\/daily-pore-refining-treatment-2-bha\/","url_meta":{"origin":26874,"position":4},"title":"DAILY PORE REFINING TREATMENT 2% BHA","author":"admin","date":"November 28, 2022","format":false,"excerpt":"Le soin quotidien d'affinage des pores avec 2% de BHA de la marque Paula's Choice est un exfoliant liquide qui offre de multiples avantages pour ceux qui luttent contre les signes visibles de dommages caus\u00e9s par le soleil, le vieillissement, la peau bossel\u00e9e et les pores dilat\u00e9s et obstru\u00e9s. Gr\u00e2ce\u2026","rel":"","context":"Similar post","block_context":{"text":"Similar post","link":""},"img":{"alt_text":"","src":"","width":0,"height":0},"classes":[]},{"id":26966,"url":"https:\/\/sakaba.mghosteur.com\/en\/product\/bha-exfoliant-serum-2salicylic-acid-with-green-te\/","url_meta":{"origin":26874,"position":5},"title":"FACETHEORY BHA Exfoliating Serum S3","author":"admin","date":"November 28, 2022","format":false,"excerpt":"Le BHA Exfoliating Serum S3 de FACETHEORY est un exfoliant liquide sans rin\u00e7age reformul\u00e9 avec 5 % de BHA - 2 % d'acide salicylique et maintenant avec 3 % de carnitine - pour cibler l'acn\u00e9, les cellules mortes, les rides et les ridules tout en hydratant et nourrissant la peau.\u2026","rel":"","context":"Similar post","block_context":{"text":"Similar post","link":""},"img":{"alt_text":"","src":"","width":0,"height":0},"classes":[]}],"_links":{"self":[{"href":"https:\/\/sakaba.mghosteur.com\/en\/wp-json\/wp\/v2\/product\/26874","targetHints":{"allow":["GET"]}}],"collection":[{"href":"https:\/\/sakaba.mghosteur.com\/en\/wp-json\/wp\/v2\/product"}],"about":[{"href":"https:\/\/sakaba.mghosteur.com\/en\/wp-json\/wp\/v2\/types\/product"}],"replies":[{"embeddable":true,"href":"https:\/\/sakaba.mghosteur.com\/en\/wp-json\/wp\/v2\/comments?post=26874"}],"version-history":[{"count":0,"href":"https:\/\/sakaba.mghosteur.com\/en\/wp-json\/wp\/v2\/product\/26874\/revisions"}],"wp:attachment":[{"href":"https:\/\/sakaba.mghosteur.com\/en\/wp-json\/wp\/v2\/media?parent=26874"}],"wp:term":[{"taxonomy":"product_brand","embeddable":true,"href":"https:\/\/sakaba.mghosteur.com\/en\/wp-json\/wp\/v2\/product_brand?post=26874"},{"taxonomy":"product_cat","embeddable":true,"href":"https:\/\/sakaba.mghosteur.com\/en\/wp-json\/wp\/v2\/product_cat?post=26874"},{"taxonomy":"product_tag","embeddable":true,"href":"https:\/\/sakaba.mghosteur.com\/en\/wp-json\/wp\/v2\/product_tag?post=26874"}],"curies":[{"name":"wp","href":"https:\/\/api.w.org\/{rel}","templated":true}]}}