{"id":26877,"date":"2022-11-28T16:24:02","date_gmt":"2022-11-28T16:24:02","guid":{"rendered":"http:\/\/www.sakababeauty.com\/?post_type=product&#038;p=26877"},"modified":"2022-11-28T16:24:02","modified_gmt":"2022-11-28T16:24:02","slug":"paula-choice-expert-exfoliation-duo","status":"publish","type":"product","link":"https:\/\/sakaba.mghosteur.com\/en\/product\/paula-choice-expert-exfoliation-duo\/","title":{"rendered":"PAULA CHOICE EXPERT EXFOLIATION DUO"},"content":{"rendered":"","protected":false},"excerpt":{"rendered":"","protected":false},"featured_media":0,"comment_status":"closed","ping_status":"closed","template":"","meta":[],"product_brand":[],"product_cat":[377],"product_tag":[],"class_list":{"0":"post-26877","1":"product","2":"type-product","3":"status-publish","5":"product_cat-bath-body-works","7":"first","8":"instock","9":"shipping-taxable","10":"product-type-simple"},"jetpack-related-posts":[{"id":26868,"url":"https:\/\/sakaba.mghosteur.com\/en\/product\/paula-choice-2-bha-liquid-exfoliant\/","url_meta":{"origin":26877,"position":0},"title":"PAULA CHOICE 2% BHA LIQUID EXFOLIANT","author":"admin","date":"November 28, 2022","format":false,"excerpt":"Le produit num\u00e9ro 1 de la marque Paula's Choice, cet exfoliant liquide 2% BHA est un favori culte qui nettoie en profondeur les pores, lisse les rides et unifie le teint de la peau. Sa formule douce sans rin\u00e7age \u00e0 base d'acide salicylique \u00e9prouv\u00e9 en clinique permet de d\u00e9sobstruer rapidement\u2026","rel":"","context":"Similar post","block_context":{"text":"Similar post","link":""},"img":{"alt_text":"","src":"","width":0,"height":0},"classes":[]},{"id":31343,"url":"https:\/\/sakaba.mghosteur.com\/en\/product\/paula-choice-the-exfoliant-experience-1fl\/","url_meta":{"origin":26877,"position":1},"title":"PAULA CHOICE THE EXFOLIANT EXPERIENCE","author":"admin","date":"May 10, 2024","format":false,"excerpt":"D\u00e9couvrez l'exp\u00e9rience exfoliante avec Paula's Choice - un rituel de soins de la peau qui r\u00e9v\u00e9lera une peau \u00e9clatante et revitalis\u00e9e. Instructions d'utilisation : Pour une utilisation individuelle : Apr\u00e8s avoir nettoy\u00e9 et tonifi\u00e9 votre peau, appliquez d\u00e9licatement l'exfoliant BHA ou AHA sur l'ensemble de votre visage et de votre\u2026","rel":"","context":"Similar post","block_context":{"text":"Similar post","link":""},"img":{"alt_text":"","src":"","width":0,"height":0},"classes":[]},{"id":31394,"url":"https:\/\/sakaba.mghosteur.com\/en\/product\/paula-s-choice-weigntless-body-treatment-2-bha\/","url_meta":{"origin":26877,"position":2},"title":"PAULA&#8217; S CHOICE WEIGNTLESS BODY TREATMENT 2% BHA","author":"admin","date":"May 10, 2024","format":false,"excerpt":"Cet exfoliant corporel sans rin\u00e7age, renfermant 2 % d'acide salicylique, un BHA r\u00e9put\u00e9, offre une exfoliation douce, lib\u00e9rant la peau des cellules mortes accumul\u00e9es pour r\u00e9v\u00e9ler une peau radieuse et lisse en dessous. La concentration de 2 % d'acide salicylique adoucit et affine la texture rugueuse de la peau, tandis\u2026","rel":"","context":"Similar post","block_context":{"text":"Similar post","link":""},"img":{"alt_text":"","src":"","width":0,"height":0},"classes":[]},{"id":26358,"url":"https:\/\/sakaba.mghosteur.com\/en\/product\/paulas-choice-anti-redness-exfoliating-solution\/","url_meta":{"origin":26877,"position":3},"title":"PAULA&#8217;S CHOICE ANTI REDNESS EXFOLIATING SOLUTION","author":"admin","date":"November 25, 2022","format":false,"excerpt":"La Solution exfoliante anti-rougeurs de force r\u00e9guli\u00e8re avec 2% d'acide salicylique de la marque Paula's Choice est un produit de soin de la peau id\u00e9al pour les personnes souffrant d'acn\u00e9 l\u00e9g\u00e8re \u00e0 mod\u00e9r\u00e9e. Cette solution douce et sans rin\u00e7age contient de l'acide salicylique qui aide \u00e0 \u00e9liminer les \u00e9ruptions cutan\u00e9es,\u2026","rel":"","context":"Similar post","block_context":{"text":"Similar post","link":""},"img":{"alt_text":"","src":"","width":0,"height":0},"classes":[]},{"id":31346,"url":"https:\/\/sakaba.mghosteur.com\/en\/product\/paula-choice-skin-perfecting-6-mandelic-acid-2-lactic-acid-88ml\/","url_meta":{"origin":26877,"position":4},"title":"PAULA CHOICE SKIN PERFECTING 6% MANDELIC ACID + 2%  LACTIC ACID 88ml","author":"admin","date":"May 10, 2024","format":false,"excerpt":"D\u00e9couvrez un produit innovant pour votre routine de soins de la peau : le m\u00e9lange d'acide mand\u00e9lique \u00e0 6 % et d'exfoliant liquide \u00e0 l'acide lactique \u00e0 2 %. Ce puissant m\u00e9lange d'exfoliants AHA offre une solution douce mais efficace pour raviver votre peau. Il aide \u00e0 \u00e9liminer les cellules\u2026","rel":"","context":"Similar post","block_context":{"text":"Similar post","link":""},"img":{"alt_text":"","src":"","width":0,"height":0},"classes":[]},{"id":26353,"url":"https:\/\/sakaba.mghosteur.com\/en\/product\/paula-choice-daily-skin-clearing-treatment\/","url_meta":{"origin":26877,"position":5},"title":"PAULA CHOICE Extra Strength Daily Skin Clearing Treatment with 5% Benzoyl Peroxide","author":"admin","date":"November 25, 2022","format":false,"excerpt":"Ce traitement quotidien pour le nettoyage de la peau est extra-puissant gr\u00e2ce \u00e0 sa formule contenant 5% de peroxyde de benzoyle. Il est sp\u00e9cialement con\u00e7u pour combattre l'acn\u00e9 tenace, pr\u00e9venir les \u00e9ruptions futures et r\u00e9duire les marques rouges. Contrairement \u00e0 d'autres produits similaires, celui-ci ne contient pas d'ingr\u00e9dients agressifs qui\u2026","rel":"","context":"Similar post","block_context":{"text":"Similar post","link":""},"img":{"alt_text":"","src":"","width":0,"height":0},"classes":[]}],"_links":{"self":[{"href":"https:\/\/sakaba.mghosteur.com\/en\/wp-json\/wp\/v2\/product\/26877","targetHints":{"allow":["GET"]}}],"collection":[{"href":"https:\/\/sakaba.mghosteur.com\/en\/wp-json\/wp\/v2\/product"}],"about":[{"href":"https:\/\/sakaba.mghosteur.com\/en\/wp-json\/wp\/v2\/types\/product"}],"replies":[{"embeddable":true,"href":"https:\/\/sakaba.mghosteur.com\/en\/wp-json\/wp\/v2\/comments?post=26877"}],"version-history":[{"count":0,"href":"https:\/\/sakaba.mghosteur.com\/en\/wp-json\/wp\/v2\/product\/26877\/revisions"}],"wp:attachment":[{"href":"https:\/\/sakaba.mghosteur.com\/en\/wp-json\/wp\/v2\/media?parent=26877"}],"wp:term":[{"taxonomy":"product_brand","embeddable":true,"href":"https:\/\/sakaba.mghosteur.com\/en\/wp-json\/wp\/v2\/product_brand?post=26877"},{"taxonomy":"product_cat","embeddable":true,"href":"https:\/\/sakaba.mghosteur.com\/en\/wp-json\/wp\/v2\/product_cat?post=26877"},{"taxonomy":"product_tag","embeddable":true,"href":"https:\/\/sakaba.mghosteur.com\/en\/wp-json\/wp\/v2\/product_tag?post=26877"}],"curies":[{"name":"wp","href":"https:\/\/api.w.org\/{rel}","templated":true}]}}