{"id":26880,"date":"2022-11-28T17:13:43","date_gmt":"2022-11-28T17:13:43","guid":{"rendered":"http:\/\/www.sakababeauty.com\/?post_type=product&#038;p=26880"},"modified":"2024-06-06T12:46:02","modified_gmt":"2024-06-06T12:46:02","slug":"1-retinol-treatment-with-peptides-vitamin-c","status":"publish","type":"product","link":"https:\/\/sakaba.mghosteur.com\/en\/product\/1-retinol-treatment-with-peptides-vitamin-c\/","title":{"rendered":"1% RETINOL TREATMENT WITH PEPTIDES +VITAMIN C"},"content":{"rendered":"<p>Le traitement au R\u00e9tinol 1% de la marque Paula&#8217;s Choice est une solution de r\u00e9tinol puissante qui hydrate et offre des avantages anti-\u00e2ge remarquables. Sa formulation unique avec un syst\u00e8me de lib\u00e9ration contr\u00f4l\u00e9e permet une absorption uniforme et constante, pour des r\u00e9sultats optimaux. La lotion l\u00e9g\u00e8re de ce traitement aide \u00e0 diminuer l&#8217;apparence des rides et ridules, tout en offrant une hydratation avanc\u00e9e gr\u00e2ce \u00e0 son complexe hydratant. Il est recommand\u00e9 de l&#8217;utiliser apr\u00e8s avoir nettoy\u00e9, tonifi\u00e9 et exfoli\u00e9 la peau, pour une utilisation optimale. Avec une concentration de r\u00e9tinol \u00e0 haute r\u00e9sistance de 1%, ce traitement est id\u00e9al pour ceux qui cherchent une solution efficace contre les signes de l&#8217;\u00e2ge.<\/p>","protected":false},"excerpt":{"rendered":"<p>Le traitement au R\u00e9tinol 1% de la marque Paula&#8217;s Choice est une solution de r\u00e9tinol puissante qui hydrate et offre des avantages anti-\u00e2ge remarquables. Sa formulation unique avec un syst\u00e8me de lib\u00e9ration contr\u00f4l\u00e9e permet une absorption uniforme et constante, pour des r\u00e9sultats optimaux. La lotion l\u00e9g\u00e8re de ce traitement aide \u00e0 diminuer l&#8217;apparence des rides<span class=\"read-more-faq\"><a href=\"https:\/\/sakaba.mghosteur.com\/en\/product\/1-retinol-treatment-with-peptides-vitamin-c\/\">Read More<\/a><\/span><\/p>","protected":false},"featured_media":0,"comment_status":"closed","ping_status":"closed","template":"","meta":[],"product_brand":[],"product_cat":[451,334],"product_tag":[],"class_list":{"0":"post-26880","1":"product","2":"type-product","3":"status-publish","5":"product_cat-aab-soin-du-visage","6":"product_cat-traitement-serum","8":"first","9":"instock","10":"shipping-taxable","11":"product-type-simple"},"jetpack-related-posts":[{"id":27444,"url":"https:\/\/sakaba.mghosteur.com\/en\/product\/the-ordinary-retinol-0-5-in-squalane\/","url_meta":{"origin":26880,"position":0},"title":"THE ORDINARY RETINOL 0.5 % IN SQUALANE","author":"admin","date":"November 29, 2022","format":false,"excerpt":"R\u00e9tinol 0,5 % dans Squalane de la marque The Ordinary est une solution sans eau contenant 0,5 % de r\u00e9tinol, un ingr\u00e9dient reconnu pour am\u00e9liorer l'apparence des ridules et des ridules dynamiques r\u00e9sultant d'une perte de collag\u00e8ne et d'\u00e9lastine, tout en unifiant la texture et le teint de la peau.\u2026","rel":"","context":"Similar post","block_context":{"text":"Similar post","link":""},"img":{"alt_text":"","src":"","width":0,"height":0},"classes":[]},{"id":31373,"url":"https:\/\/sakaba.mghosteur.com\/en\/product\/paulas-choice-intensive-wrinkle-repair-retinol-serum\/","url_meta":{"origin":26880,"position":1},"title":"PAULA&#8217;S CHOICE INTENSIVE WRINKLE REPAIR RETINOL SERUM","author":"admin","date":"May 10, 2024","format":false,"excerpt":"S\u00e9rum Anti-\u00c2ge au R\u00e9tinol Pour celles et ceux qui cherchent \u00e0 pr\u00e9server la jeunesse de leur peau tout en att\u00e9nuant les signes visibles du temps, le S\u00e9rum Anti-\u00c2ge au R\u00e9tinol est un alli\u00e9 pr\u00e9cieux. Con\u00e7u pour tous les types de peau, il r\u00e9pond aux besoins de ceux souhaitant lutter contre\u2026","rel":"","context":"Similar post","block_context":{"text":"Similar post","link":""},"img":{"alt_text":"","src":"","width":0,"height":0},"classes":[]},{"id":28972,"url":"https:\/\/sakaba.mghosteur.com\/en\/product\/the-ordinary-retinol-1-in-squalane-serum-water-free\/","url_meta":{"origin":26880,"position":2},"title":"The Ordinary Retinol 1% In Squalane Serum &#8211; Water Free","author":"admin","date":"March 8, 2023","format":false,"excerpt":"Le R\u00e9tinol 1% dans Squalane de The Ordinary est un traitement efficace pour am\u00e9liorer l'apparence des ridules et des rides dynamiques, tout en unifiant la texture et le teint de la peau. Il contient 1% de r\u00e9tinol et du squalane pour maintenir une hydratation en surface. Il est recommand\u00e9 de\u2026","rel":"","context":"Similar post","block_context":{"text":"Similar post","link":""},"img":{"alt_text":"","src":"","width":0,"height":0},"classes":[]},{"id":23957,"url":"https:\/\/sakaba.mghosteur.com\/en\/product\/cerave-skin-renewing-retinol-serum\/","url_meta":{"origin":26880,"position":3},"title":"CERAVE SKIN RENEWING RETINOL SERUM","author":"admin","date":"November 9, 2022","format":false,"excerpt":"Le s\u00e9rum r\u00e9g\u00e9n\u00e9rant au r\u00e9tinol pour la peau douce de CeraVe est un excellent choix pour votre routine de soins anti-\u00e2ge. Ce s\u00e9rum est sp\u00e9cialement formul\u00e9 pour am\u00e9liorer l'apparence des ridules et des rides, de la texture et de l'\u00e9clat de votre peau. En utilisant ce s\u00e9rum, vous pourrez b\u00e9n\u00e9ficier\u2026","rel":"","context":"Similar post","block_context":{"text":"Similar post","link":""},"img":{"alt_text":"","src":"","width":0,"height":0},"classes":[]},{"id":31645,"url":"https:\/\/sakaba.mghosteur.com\/en\/product\/the-inkey-retinol-eye-cream-2\/","url_meta":{"origin":26880,"position":4},"title":"THE INKEY RETINOL EYE CREAM","author":"admin","date":"May 10, 2024","format":false,"excerpt":"Une cr\u00e8me contour des yeux de nuit con\u00e7ue pour cibler les ridules, formul\u00e9e sp\u00e9cifiquement pour r\u00e9duire l'apparence des rides tout en offrant un soutien suppl\u00e9mentaire \u00e0 la peau la plus fragile. Cette cr\u00e8me pour les yeux au r\u00e9tinol a \u00e9t\u00e9 \u00e9labor\u00e9e avec des d\u00e9riv\u00e9s de vitamine A \u00e0 lib\u00e9ration lente,\u2026","rel":"","context":"Similar post","block_context":{"text":"Similar post","link":""},"img":{"alt_text":"","src":"","width":0,"height":0},"classes":[]},{"id":31581,"url":"https:\/\/sakaba.mghosteur.com\/en\/product\/cosrx-the-retinol-super-vitamine-e-panthenol\/","url_meta":{"origin":26880,"position":5},"title":"COSRX THE RETINOL SUPER VITAMINE E + PANTHENOL","author":"admin","date":"May 10, 2024","format":false,"excerpt":"D\u00e9couvrez la cr\u00e8me The Retinol 0.1 Cream de COSRX, un incontournable pour votre routine de soin. Sa formule unique associe 0,1 % de r\u00e9tinol anti-\u00e2ge \u00e0 des actifs apaisants et hydratants, tels que la vitamine E et le panth\u00e9nol. Gr\u00e2ce \u00e0 cette combinaison, cette cr\u00e8me assure une initiation en douceur\u2026","rel":"","context":"Similar post","block_context":{"text":"Similar post","link":""},"img":{"alt_text":"","src":"","width":0,"height":0},"classes":[]}],"_links":{"self":[{"href":"https:\/\/sakaba.mghosteur.com\/en\/wp-json\/wp\/v2\/product\/26880","targetHints":{"allow":["GET"]}}],"collection":[{"href":"https:\/\/sakaba.mghosteur.com\/en\/wp-json\/wp\/v2\/product"}],"about":[{"href":"https:\/\/sakaba.mghosteur.com\/en\/wp-json\/wp\/v2\/types\/product"}],"replies":[{"embeddable":true,"href":"https:\/\/sakaba.mghosteur.com\/en\/wp-json\/wp\/v2\/comments?post=26880"}],"version-history":[{"count":0,"href":"https:\/\/sakaba.mghosteur.com\/en\/wp-json\/wp\/v2\/product\/26880\/revisions"}],"wp:attachment":[{"href":"https:\/\/sakaba.mghosteur.com\/en\/wp-json\/wp\/v2\/media?parent=26880"}],"wp:term":[{"taxonomy":"product_brand","embeddable":true,"href":"https:\/\/sakaba.mghosteur.com\/en\/wp-json\/wp\/v2\/product_brand?post=26880"},{"taxonomy":"product_cat","embeddable":true,"href":"https:\/\/sakaba.mghosteur.com\/en\/wp-json\/wp\/v2\/product_cat?post=26880"},{"taxonomy":"product_tag","embeddable":true,"href":"https:\/\/sakaba.mghosteur.com\/en\/wp-json\/wp\/v2\/product_tag?post=26880"}],"curies":[{"name":"wp","href":"https:\/\/api.w.org\/{rel}","templated":true}]}}