{"id":26886,"date":"2022-11-28T17:17:39","date_gmt":"2022-11-28T17:17:39","guid":{"rendered":"http:\/\/www.sakababeauty.com\/?post_type=product&#038;p=26886"},"modified":"2023-04-03T12:20:16","modified_gmt":"2023-04-03T12:20:16","slug":"paula-choice-essentialglow-moisturizer","status":"publish","type":"product","link":"https:\/\/sakaba.mghosteur.com\/en\/product\/paula-choice-essentialglow-moisturizer\/","title":{"rendered":"PAULA CHOICE Essential Glow Moisturizer SPF 30"},"content":{"rendered":"<p>D\u00e9couvrez l&#8217;hydratant \u00e9clat essentiel FPS 30 de Paula&#8217;s Choice pour une peau radieuse et prot\u00e9g\u00e9e. Cette cr\u00e8me l\u00e9g\u00e8re et illuminatrice contient 12 antioxydants qui aident \u00e0 att\u00e9nuer visiblement les signes de vieillissement environnemental. Gr\u00e2ce \u00e0 sa formule enti\u00e8rement min\u00e9rale, cet hydratant \u00e9clairant offre une protection solaire efficace. Utilisez-le comme derni\u00e8re \u00e9tape de votre routine matinale pour obtenir un \u00e9clat instantan\u00e9 et sain pour votre peau, sans avoir besoin de maquillage.<\/p>","protected":false},"excerpt":{"rendered":"<p>D\u00e9couvrez l&#8217;hydratant \u00e9clat essentiel FPS 30 de Paula&#8217;s Choice pour une peau radieuse et prot\u00e9g\u00e9e. Cette cr\u00e8me l\u00e9g\u00e8re et illuminatrice contient 12 antioxydants qui aident \u00e0 att\u00e9nuer visiblement les signes de vieillissement environnemental. Gr\u00e2ce \u00e0 sa formule enti\u00e8rement min\u00e9rale, cet hydratant \u00e9clairant offre une protection solaire efficace. Utilisez-le comme derni\u00e8re \u00e9tape de votre routine matinale<span class=\"read-more-faq\"><a href=\"https:\/\/sakaba.mghosteur.com\/en\/product\/paula-choice-essentialglow-moisturizer\/\">Read More<\/a><\/span><\/p>","protected":false},"featured_media":0,"comment_status":"closed","ping_status":"closed","template":"","meta":[],"product_brand":[],"product_cat":[377],"product_tag":[],"class_list":{"0":"post-26886","1":"product","2":"type-product","3":"status-publish","5":"product_cat-bath-body-works","7":"first","8":"instock","9":"shipping-taxable","10":"product-type-simple"},"jetpack-related-posts":[{"id":31422,"url":"https:\/\/sakaba.mghosteur.com\/en\/product\/paula-choice-clear-60ml\/","url_meta":{"origin":26886,"position":0},"title":"PAULA CHOICE CLEAR 60ML","author":"admin","date":"May 10, 2024","format":false,"excerpt":"D\u00e9couvrez notre hydratant le plus l\u00e9ger, parfaitement adapt\u00e9 aux peaux grasses sujettes aux imperfections. Cette cr\u00e8me fluide ultra-l\u00e9g\u00e8re agit en plusieurs \u00e9tapes pour offrir \u00e0 votre peau une protection et une hydratation optimales : Matifie la peau : Sa formule sp\u00e9ciale aide \u00e0 r\u00e9duire l'exc\u00e8s de s\u00e9bum, laissant votre peau\u2026","rel":"","context":"Similar post","block_context":{"text":"Similar post","link":""},"img":{"alt_text":"","src":"","width":0,"height":0},"classes":[]},{"id":31363,"url":"https:\/\/sakaba.mghosteur.com\/en\/product\/paula-choice-super-hydrate-overnight-mask\/","url_meta":{"origin":26886,"position":1},"title":"PAULA CHOICE SUPER HYDRATE OVERNIGHT MASK","author":"admin","date":"May 10, 2024","format":false,"excerpt":"Masque Nuit Super Hydratant \u00c0 la recherche d'un soin adapt\u00e9 \u00e0 votre peau ? D\u00e9couvrez notre Masque Nuit Super Hydratant, con\u00e7u pour r\u00e9pondre aux besoins de tous les types de peaux, notamment celles sujettes aux rougeurs et \u00e0 la sensibilit\u00e9. Ce masque agit en profondeur pour hydrater intens\u00e9ment les peaux\u2026","rel":"","context":"Similar post","block_context":{"text":"Similar post","link":""},"img":{"alt_text":"","src":"","width":0,"height":0},"classes":[]},{"id":26845,"url":"https:\/\/sakaba.mghosteur.com\/en\/product\/paula-choice-c15-super-booster-2\/","url_meta":{"origin":26886,"position":2},"title":"PAULA CHOICE C5 SUPER BOOST MOISTURIZER","author":"admin","date":"November 28, 2022","format":false,"excerpt":"Le Hydratant Super Boost C5 de Paula's Choice est un produit multi-actif qui hydrate votre peau tout en vous offrant des bienfaits anti-\u00e2ge. Avec une formule cliniquement prouv\u00e9e, cet hydratant combine une hydratation efficace avec 5% de vitamine C stabilis\u00e9e pour \u00e9claircir votre teint terne. Le Hexapeptide-5 renforce la fermet\u00e9\u2026","rel":"","context":"Similar post","block_context":{"text":"Similar post","link":""},"img":{"alt_text":"","src":"","width":0,"height":0},"classes":[]},{"id":26837,"url":"https:\/\/sakaba.mghosteur.com\/en\/product\/paula-choice-barrier-repair-moisturizer\/","url_meta":{"origin":26886,"position":3},"title":"PAULA CHOICE BARRIER REPAIR MOISTURIZER","author":"admin","date":"November 28, 2022","format":false,"excerpt":"D\u00e9couvrez l'hydratant r\u00e9parateur barri\u00e8re au r\u00e9tinol de la marque Paula's Choice, un produit anti-\u00e2ge r\u00e9g\u00e9n\u00e9rant pour la peau. Cette formule avanc\u00e9e cible tous les signes du vieillissement et aide \u00e0 am\u00e9liorer l'apparence des rides gr\u00e2ce \u00e0 sa concentration de r\u00e9tinol \u00e0 faible dose de 0,01%. Sa formule hydratante et cr\u00e9meuse\u2026","rel":"","context":"Similar post","block_context":{"text":"Similar post","link":""},"img":{"alt_text":"","src":"","width":0,"height":0},"classes":[]},{"id":29393,"url":"https:\/\/sakaba.mghosteur.com\/en\/product\/paula-choice-nighly-reconditioning-moisture\/","url_meta":{"origin":26886,"position":4},"title":"PAULA CHOICE NIGHLY RECONDITIONING MOISTURE","author":"admin","date":"April 3, 2023","format":false,"excerpt":"Le Hydratant revitalisant de nuit est un produit qui nourrit et prot\u00e8ge votre peau pendant la nuit. Il contient huit superaliments et antioxydants qui aident \u00e0 renforcer les d\u00e9fenses environnementales de votre peau. Les graines de lin, les cerises sauvages et d'autres superaliments nourrissent la peau tout en la laissant\u2026","rel":"","context":"Similar post","block_context":{"text":"Similar post","link":""},"img":{"alt_text":"","src":"","width":0,"height":0},"classes":[]},{"id":26865,"url":"https:\/\/sakaba.mghosteur.com\/en\/product\/paula-choice-1retinol-booster\/","url_meta":{"origin":26886,"position":5},"title":"PAULA CHOICE 1%RETINOL BOOSTER","author":"admin","date":"November 28, 2022","format":false,"excerpt":"Le Booster de R\u00e9tinol 1% de Paula's Choice est un concentr\u00e9 l\u00e9ger qui aide \u00e0 am\u00e9liorer l'apparence de votre peau en uniformisant le teint, en r\u00e9duisant l'apparence des rides et en cr\u00e9ant un teint plus lisse et plus \u00e9clatant. La formule pure de r\u00e9tinol est lib\u00e9r\u00e9e lentement pour une efficacit\u00e9\u2026","rel":"","context":"Similar post","block_context":{"text":"Similar post","link":""},"img":{"alt_text":"","src":"","width":0,"height":0},"classes":[]}],"_links":{"self":[{"href":"https:\/\/sakaba.mghosteur.com\/en\/wp-json\/wp\/v2\/product\/26886","targetHints":{"allow":["GET"]}}],"collection":[{"href":"https:\/\/sakaba.mghosteur.com\/en\/wp-json\/wp\/v2\/product"}],"about":[{"href":"https:\/\/sakaba.mghosteur.com\/en\/wp-json\/wp\/v2\/types\/product"}],"replies":[{"embeddable":true,"href":"https:\/\/sakaba.mghosteur.com\/en\/wp-json\/wp\/v2\/comments?post=26886"}],"version-history":[{"count":0,"href":"https:\/\/sakaba.mghosteur.com\/en\/wp-json\/wp\/v2\/product\/26886\/revisions"}],"wp:attachment":[{"href":"https:\/\/sakaba.mghosteur.com\/en\/wp-json\/wp\/v2\/media?parent=26886"}],"wp:term":[{"taxonomy":"product_brand","embeddable":true,"href":"https:\/\/sakaba.mghosteur.com\/en\/wp-json\/wp\/v2\/product_brand?post=26886"},{"taxonomy":"product_cat","embeddable":true,"href":"https:\/\/sakaba.mghosteur.com\/en\/wp-json\/wp\/v2\/product_cat?post=26886"},{"taxonomy":"product_tag","embeddable":true,"href":"https:\/\/sakaba.mghosteur.com\/en\/wp-json\/wp\/v2\/product_tag?post=26886"}],"curies":[{"name":"wp","href":"https:\/\/api.w.org\/{rel}","templated":true}]}}