{"id":26889,"date":"2022-11-28T17:19:00","date_gmt":"2022-11-28T17:19:00","guid":{"rendered":"http:\/\/www.sakababeauty.com\/?post_type=product&#038;p=26889"},"modified":"2024-08-30T03:39:22","modified_gmt":"2024-08-30T03:39:22","slug":"paulas-choice-antioxidant-pore-purifier","status":"publish","type":"product","link":"https:\/\/sakaba.mghosteur.com\/en\/product\/paulas-choice-antioxidant-pore-purifier\/","title":{"rendered":"PAULA&#8217;S CHOICE ANTIOXIDANT PORE PURIFIER"},"content":{"rendered":"<p>Le Defense Antioxidant Pore Purifier de Paula&#8217;s Choice est un traitement illuminant pour tous types de peaux. Ce produit est con\u00e7u pour aider \u00e0 r\u00e9duire les signes de l&#8217;\u00e2ge, am\u00e9liorer l&#8217;apparence des pores dilat\u00e9s et redonner de l&#8217;\u00e9clat \u00e0 la peau terne. Il est \u00e9galement formul\u00e9 pour prot\u00e9ger la peau contre les effets n\u00e9fastes de la pollution et de la lumi\u00e8re bleue. Ce produit est id\u00e9al pour ceux qui cherchent \u00e0 am\u00e9liorer la sant\u00e9 et l&#8217;apparence de leur peau.<\/p>","protected":false},"excerpt":{"rendered":"<p>Le Defense Antioxidant Pore Purifier de Paula&#8217;s Choice est un traitement illuminant pour tous types de peaux. Ce produit est con\u00e7u pour aider \u00e0 r\u00e9duire les signes de l&#8217;\u00e2ge, am\u00e9liorer l&#8217;apparence des pores dilat\u00e9s et redonner de l&#8217;\u00e9clat \u00e0 la peau terne. Il est \u00e9galement formul\u00e9 pour prot\u00e9ger la peau contre les effets n\u00e9fastes de<span class=\"read-more-faq\"><a href=\"https:\/\/sakaba.mghosteur.com\/en\/product\/paulas-choice-antioxidant-pore-purifier\/\">Read More<\/a><\/span><\/p>","protected":false},"featured_media":0,"comment_status":"closed","ping_status":"closed","template":"","meta":[],"product_brand":[],"product_cat":[451,334],"product_tag":[],"class_list":{"0":"post-26889","1":"product","2":"type-product","3":"status-publish","5":"product_cat-aab-soin-du-visage","6":"product_cat-traitement-serum","8":"first","9":"instock","10":"shipping-taxable","11":"product-type-simple"},"jetpack-related-posts":[{"id":26372,"url":"https:\/\/sakaba.mghosteur.com\/en\/product\/paula-choice-super-antioxidant-concentrate-serum\/","url_meta":{"origin":26889,"position":0},"title":"PAULA CHOICE SUPER ANTIOXIDANT CONCENTRATE SERUM","author":"admin","date":"November 25, 2022","format":false,"excerpt":"Le Skin Balancing Super Antioxidant Concentrate Serum de PAULA'S CHOICE est un s\u00e9rum protecteur et anti-inflammatoire qui convient particuli\u00e8rement aux peaux grasses. Il contient du r\u00e9tinol dos\u00e9 tr\u00e8s faiblement \u00e0 0,03%, ce qui le rend adapt\u00e9 aux d\u00e9butants. Avec sa texture fluide et silicon\u00e9e, il assure un teint d'apparence fine,\u2026","rel":"","context":"Similar post","block_context":{"text":"Similar post","link":""},"img":{"alt_text":"","src":"","width":0,"height":0},"classes":[]},{"id":26342,"url":"https:\/\/sakaba.mghosteur.com\/en\/product\/paulas-choice-pore-reducing-toner-with-niacinamid\/","url_meta":{"origin":26889,"position":1},"title":"PAULA&#8217;S CHOICE PORE REDUCING TONER with niacinamid","author":"admin","date":"November 25, 2022","format":false,"excerpt":"Le Tonique r\u00e9ducteur de pores de la marque Paula's Choice est un tonique facial quotidien qui peut aider \u00e0 \u00e9quilibrer la peau grasse tout en r\u00e9duisant l'apparence des pores dilat\u00e9s. Cette formule fluide l\u00e9g\u00e8re est facile \u00e0 utiliser et peut \u00eatre appliqu\u00e9e deux fois par jour apr\u00e8s avoir nettoy\u00e9 la\u2026","rel":"","context":"Similar post","block_context":{"text":"Similar post","link":""},"img":{"alt_text":"","src":"","width":0,"height":0},"classes":[]},{"id":26862,"url":"https:\/\/sakaba.mghosteur.com\/en\/product\/paula-choice-10-niacinamide-booster\/","url_meta":{"origin":26889,"position":2},"title":"PAULA  CHOICE 10% NIACINAMIDE BOOSTER","author":"admin","date":"November 28, 2022","format":false,"excerpt":"Le 10% Niacinamide Booster de Paula's Choice est un s\u00e9rum concentr\u00e9 qui am\u00e9liore la texture de la peau, affine la taille des pores et r\u00e9duit les ridules. Ce produit contient 10% de niacinamide (vitamine B3) qui favorise une apparence plus lumineuse et plus jeune de la peau. La formule est\u2026","rel":"","context":"Similar post","block_context":{"text":"Similar post","link":""},"img":{"alt_text":"","src":"","width":0,"height":0},"classes":[]},{"id":26370,"url":"https:\/\/sakaba.mghosteur.com\/en\/product\/paulas-choice-invisible-finish-moisture-gel\/","url_meta":{"origin":26889,"position":3},"title":"PAULA&#8217;S CHOICE INVISIBLE FINISH MOISTURE GEL","author":"admin","date":"November 25, 2022","format":false,"excerpt":"Le gel hydratant finition invisible de la marque Paula's Choice est un produit essentiel pour hydrater votre peau et minimiser l'apparence des pores. Sa formule l\u00e9g\u00e8re en gel rafra\u00eechit et hydrate votre peau tout en fournissant des antioxydants pour aider \u00e0 se prot\u00e9ger contre les agressions environnementales. Utilisez-le comme derni\u00e8re\u2026","rel":"","context":"Similar post","block_context":{"text":"Similar post","link":""},"img":{"alt_text":"","src":"","width":0,"height":0},"classes":[]},{"id":26868,"url":"https:\/\/sakaba.mghosteur.com\/en\/product\/paula-choice-2-bha-liquid-exfoliant\/","url_meta":{"origin":26889,"position":4},"title":"PAULA CHOICE 2% BHA LIQUID EXFOLIANT","author":"admin","date":"November 28, 2022","format":false,"excerpt":"Le produit num\u00e9ro 1 de la marque Paula's Choice, cet exfoliant liquide 2% BHA est un favori culte qui nettoie en profondeur les pores, lisse les rides et unifie le teint de la peau. Sa formule douce sans rin\u00e7age \u00e0 base d'acide salicylique \u00e9prouv\u00e9 en clinique permet de d\u00e9sobstruer rapidement\u2026","rel":"","context":"Similar post","block_context":{"text":"Similar post","link":""},"img":{"alt_text":"","src":"","width":0,"height":0},"classes":[]},{"id":26348,"url":"https:\/\/sakaba.mghosteur.com\/en\/product\/paulas-choice-oil-absorbing-mask\/","url_meta":{"origin":26889,"position":5},"title":"PAULA&#8217;S CHOICE OIL ABSORBING MASK","author":"admin","date":"November 25, 2022","format":false,"excerpt":"D\u00e9couvrez le Masque Absorbant l'Huile de Paula's Choice, un produit de soin de la peau indispensable pour les personnes \u00e0 la peau grasse ou sujette aux brillances. Ce masque contient un m\u00e9lange unique d'argiles min\u00e9rales qui travaillent ensemble pour affiner la taille des pores et favoriser un teint d'apparence saine\u2026","rel":"","context":"Similar post","block_context":{"text":"Similar post","link":""},"img":{"alt_text":"","src":"","width":0,"height":0},"classes":[]}],"_links":{"self":[{"href":"https:\/\/sakaba.mghosteur.com\/en\/wp-json\/wp\/v2\/product\/26889","targetHints":{"allow":["GET"]}}],"collection":[{"href":"https:\/\/sakaba.mghosteur.com\/en\/wp-json\/wp\/v2\/product"}],"about":[{"href":"https:\/\/sakaba.mghosteur.com\/en\/wp-json\/wp\/v2\/types\/product"}],"replies":[{"embeddable":true,"href":"https:\/\/sakaba.mghosteur.com\/en\/wp-json\/wp\/v2\/comments?post=26889"}],"version-history":[{"count":0,"href":"https:\/\/sakaba.mghosteur.com\/en\/wp-json\/wp\/v2\/product\/26889\/revisions"}],"wp:attachment":[{"href":"https:\/\/sakaba.mghosteur.com\/en\/wp-json\/wp\/v2\/media?parent=26889"}],"wp:term":[{"taxonomy":"product_brand","embeddable":true,"href":"https:\/\/sakaba.mghosteur.com\/en\/wp-json\/wp\/v2\/product_brand?post=26889"},{"taxonomy":"product_cat","embeddable":true,"href":"https:\/\/sakaba.mghosteur.com\/en\/wp-json\/wp\/v2\/product_cat?post=26889"},{"taxonomy":"product_tag","embeddable":true,"href":"https:\/\/sakaba.mghosteur.com\/en\/wp-json\/wp\/v2\/product_tag?post=26889"}],"curies":[{"name":"wp","href":"https:\/\/api.w.org\/{rel}","templated":true}]}}