{"id":26892,"date":"2022-11-28T17:20:27","date_gmt":"2022-11-28T17:20:27","guid":{"rendered":"http:\/\/www.sakababeauty.com\/?post_type=product&#038;p=26892"},"modified":"2024-08-30T03:28:10","modified_gmt":"2024-08-30T03:28:10","slug":"10-azelaic-acid-booster","status":"publish","type":"product","link":"https:\/\/sakaba.mghosteur.com\/en\/product\/10-azelaic-acid-booster\/","title":{"rendered":"10% AZELAIC ACID BOOSTER"},"content":{"rendered":"<p>Le Booster 10% Acide Az\u00e9la\u00efque de la marque Paula&#8217;s Choice est une formule unique qui utilise de l&#8217;acide az\u00e9la\u00efque puissant ainsi que d&#8217;autres ingr\u00e9dients puissants pour clarifier le teint irr\u00e9gulier, cibler les taches tenaces et apaiser les irritations. Cette formule vous donnera une peau plus lisse, plus radieuse et d&#8217;apparence plus jeune. L&#8217;efficacit\u00e9 de l&#8217;acide az\u00e9la\u00efque est soutenue par plus de 20 ans de recherche. La texture gel-cr\u00e8me l\u00e9g\u00e8re et sans huile est facile \u00e0 utiliser seule ou \u00e0 ajouter \u00e0 votre cr\u00e8me hydratante ou s\u00e9rum pr\u00e9f\u00e9r\u00e9s. Obtenez une peau \u00e9clatante avec le Booster 10% Acide Az\u00e9la\u00efque de Paula&#8217;s Choice.<\/p>","protected":false},"excerpt":{"rendered":"<p>Le Booster 10% Acide Az\u00e9la\u00efque de la marque Paula&#8217;s Choice est une formule unique qui utilise de l&#8217;acide az\u00e9la\u00efque puissant ainsi que d&#8217;autres ingr\u00e9dients puissants pour clarifier le teint irr\u00e9gulier, cibler les taches tenaces et apaiser les irritations. Cette formule vous donnera une peau plus lisse, plus radieuse et d&#8217;apparence plus jeune. L&#8217;efficacit\u00e9 de l&#8217;acide<span class=\"read-more-faq\"><a href=\"https:\/\/sakaba.mghosteur.com\/en\/product\/10-azelaic-acid-booster\/\">Read More<\/a><\/span><\/p>","protected":false},"featured_media":0,"comment_status":"closed","ping_status":"closed","template":"","meta":[],"product_brand":[],"product_cat":[293,291,451,334],"product_tag":[],"class_list":{"0":"post-26892","1":"product","2":"type-product","3":"status-publish","5":"product_cat-anti-taches","6":"product_cat-eclaircissant","7":"product_cat-aab-soin-du-visage","8":"product_cat-traitement-serum","10":"first","11":"instock","12":"shipping-taxable","13":"product-type-simple"},"jetpack-related-posts":[],"_links":{"self":[{"href":"https:\/\/sakaba.mghosteur.com\/en\/wp-json\/wp\/v2\/product\/26892","targetHints":{"allow":["GET"]}}],"collection":[{"href":"https:\/\/sakaba.mghosteur.com\/en\/wp-json\/wp\/v2\/product"}],"about":[{"href":"https:\/\/sakaba.mghosteur.com\/en\/wp-json\/wp\/v2\/types\/product"}],"replies":[{"embeddable":true,"href":"https:\/\/sakaba.mghosteur.com\/en\/wp-json\/wp\/v2\/comments?post=26892"}],"version-history":[{"count":0,"href":"https:\/\/sakaba.mghosteur.com\/en\/wp-json\/wp\/v2\/product\/26892\/revisions"}],"wp:attachment":[{"href":"https:\/\/sakaba.mghosteur.com\/en\/wp-json\/wp\/v2\/media?parent=26892"}],"wp:term":[{"taxonomy":"product_brand","embeddable":true,"href":"https:\/\/sakaba.mghosteur.com\/en\/wp-json\/wp\/v2\/product_brand?post=26892"},{"taxonomy":"product_cat","embeddable":true,"href":"https:\/\/sakaba.mghosteur.com\/en\/wp-json\/wp\/v2\/product_cat?post=26892"},{"taxonomy":"product_tag","embeddable":true,"href":"https:\/\/sakaba.mghosteur.com\/en\/wp-json\/wp\/v2\/product_tag?post=26892"}],"curies":[{"name":"wp","href":"https:\/\/api.w.org\/{rel}","templated":true}]}}