{"id":26895,"date":"2022-11-28T17:21:58","date_gmt":"2022-11-28T17:21:58","guid":{"rendered":"http:\/\/www.sakababeauty.com\/?post_type=product&#038;p=26895"},"modified":"2024-08-30T03:38:12","modified_gmt":"2024-08-30T03:38:12","slug":"paula-choice-youth-extending-daily-hydrating-fluid-2","status":"publish","type":"product","link":"https:\/\/sakaba.mghosteur.com\/en\/product\/paula-choice-youth-extending-daily-hydrating-fluid-2\/","title":{"rendered":"PAULA CHOICE YOUTH EXTENDING DAILY HYDRATING FLUID"},"content":{"rendered":"<p>Le Fluide Hydratant Quotidien Prolongateur de Jeunesse FPS 50 de la marque Paula&#8217;s Choice est un produit l\u00e9ger \u00e0 base d&#8217;eau qui contient des antioxydants essentiels et une protection solaire \u00e0 large spectre pour pr\u00e9venir les signes de vieillissement et prot\u00e9ger votre peau des agressions ext\u00e9rieures. Il aide \u00e0 maintenir une apparence plus jeune et saine en luttant contre les facteurs de stress environnementaux. La formule fluide laisse un fini mat et est recommand\u00e9e comme derni\u00e8re \u00e9tape de votre routine de soins de la peau du matin.<\/p>","protected":false},"excerpt":{"rendered":"<p>Le Fluide Hydratant Quotidien Prolongateur de Jeunesse FPS 50 de la marque Paula&#8217;s Choice est un produit l\u00e9ger \u00e0 base d&#8217;eau qui contient des antioxydants essentiels et une protection solaire \u00e0 large spectre pour pr\u00e9venir les signes de vieillissement et prot\u00e9ger votre peau des agressions ext\u00e9rieures. Il aide \u00e0 maintenir une apparence plus jeune et<span class=\"read-more-faq\"><a href=\"https:\/\/sakaba.mghosteur.com\/en\/product\/paula-choice-youth-extending-daily-hydrating-fluid-2\/\">Read More<\/a><\/span><\/p>","protected":false},"featured_media":0,"comment_status":"closed","ping_status":"closed","template":"","meta":[],"product_brand":[],"product_cat":[1055,451],"product_tag":[],"class_list":{"0":"post-26895","1":"product","2":"type-product","3":"status-publish","5":"product_cat-protection-solaire-visage","6":"product_cat-aab-soin-du-visage","8":"first","9":"instock","10":"shipping-taxable","11":"product-type-simple"},"jetpack-related-posts":[{"id":26865,"url":"https:\/\/sakaba.mghosteur.com\/en\/product\/paula-choice-1retinol-booster\/","url_meta":{"origin":26895,"position":0},"title":"PAULA CHOICE 1%RETINOL BOOSTER","author":"admin","date":"November 28, 2022","format":false,"excerpt":"Le Booster de R\u00e9tinol 1% de Paula's Choice est un concentr\u00e9 l\u00e9ger qui aide \u00e0 am\u00e9liorer l'apparence de votre peau en uniformisant le teint, en r\u00e9duisant l'apparence des rides et en cr\u00e9ant un teint plus lisse et plus \u00e9clatant. La formule pure de r\u00e9tinol est lib\u00e9r\u00e9e lentement pour une efficacit\u00e9\u2026","rel":"","context":"Similar post","block_context":{"text":"Similar post","link":""},"img":{"alt_text":"","src":"","width":0,"height":0},"classes":[]},{"id":26342,"url":"https:\/\/sakaba.mghosteur.com\/en\/product\/paulas-choice-pore-reducing-toner-with-niacinamid\/","url_meta":{"origin":26895,"position":1},"title":"PAULA&#8217;S CHOICE PORE REDUCING TONER with niacinamid","author":"admin","date":"November 25, 2022","format":false,"excerpt":"Le Tonique r\u00e9ducteur de pores de la marque Paula's Choice est un tonique facial quotidien qui peut aider \u00e0 \u00e9quilibrer la peau grasse tout en r\u00e9duisant l'apparence des pores dilat\u00e9s. Cette formule fluide l\u00e9g\u00e8re est facile \u00e0 utiliser et peut \u00eatre appliqu\u00e9e deux fois par jour apr\u00e8s avoir nettoy\u00e9 la\u2026","rel":"","context":"Similar post","block_context":{"text":"Similar post","link":""},"img":{"alt_text":"","src":"","width":0,"height":0},"classes":[]},{"id":26828,"url":"https:\/\/sakaba.mghosteur.com\/en\/product\/paula-choice-hyauloronic-acid-booster\/","url_meta":{"origin":26895,"position":2},"title":"PAULA CHOICE  HYAULORONIC ACID BOOSTER","author":"admin","date":"November 28, 2022","format":false,"excerpt":"Le booster d'acide hyaluronique de la marque Paula's Choice est un produit de soin hautement concentr\u00e9 qui aide \u00e0 r\u00e9tablir le niveau d'humidit\u00e9 de la peau pour lui donner un aspect plus souple, repulp\u00e9 et lisse. Il est parfait pour les peaux d\u00e9shydrat\u00e9es et ternes, et peut am\u00e9liorer l'apparence des\u2026","rel":"","context":"Similar post","block_context":{"text":"Similar post","link":""},"img":{"alt_text":"","src":"","width":0,"height":0},"classes":[]},{"id":26868,"url":"https:\/\/sakaba.mghosteur.com\/en\/product\/paula-choice-2-bha-liquid-exfoliant\/","url_meta":{"origin":26895,"position":3},"title":"PAULA CHOICE 2% BHA LIQUID EXFOLIANT","author":"admin","date":"November 28, 2022","format":false,"excerpt":"Le produit num\u00e9ro 1 de la marque Paula's Choice, cet exfoliant liquide 2% BHA est un favori culte qui nettoie en profondeur les pores, lisse les rides et unifie le teint de la peau. Sa formule douce sans rin\u00e7age \u00e0 base d'acide salicylique \u00e9prouv\u00e9 en clinique permet de d\u00e9sobstruer rapidement\u2026","rel":"","context":"Similar post","block_context":{"text":"Similar post","link":""},"img":{"alt_text":"","src":"","width":0,"height":0},"classes":[]},{"id":26372,"url":"https:\/\/sakaba.mghosteur.com\/en\/product\/paula-choice-super-antioxidant-concentrate-serum\/","url_meta":{"origin":26895,"position":4},"title":"PAULA CHOICE SUPER ANTIOXIDANT CONCENTRATE SERUM","author":"admin","date":"November 25, 2022","format":false,"excerpt":"Le Skin Balancing Super Antioxidant Concentrate Serum de PAULA'S CHOICE est un s\u00e9rum protecteur et anti-inflammatoire qui convient particuli\u00e8rement aux peaux grasses. Il contient du r\u00e9tinol dos\u00e9 tr\u00e8s faiblement \u00e0 0,03%, ce qui le rend adapt\u00e9 aux d\u00e9butants. Avec sa texture fluide et silicon\u00e9e, il assure un teint d'apparence fine,\u2026","rel":"","context":"Similar post","block_context":{"text":"Similar post","link":""},"img":{"alt_text":"","src":"","width":0,"height":0},"classes":[]},{"id":31422,"url":"https:\/\/sakaba.mghosteur.com\/en\/product\/paula-choice-clear-60ml\/","url_meta":{"origin":26895,"position":5},"title":"PAULA CHOICE CLEAR 60ML","author":"admin","date":"May 10, 2024","format":false,"excerpt":"D\u00e9couvrez notre hydratant le plus l\u00e9ger, parfaitement adapt\u00e9 aux peaux grasses sujettes aux imperfections. Cette cr\u00e8me fluide ultra-l\u00e9g\u00e8re agit en plusieurs \u00e9tapes pour offrir \u00e0 votre peau une protection et une hydratation optimales : Matifie la peau : Sa formule sp\u00e9ciale aide \u00e0 r\u00e9duire l'exc\u00e8s de s\u00e9bum, laissant votre peau\u2026","rel":"","context":"Similar post","block_context":{"text":"Similar post","link":""},"img":{"alt_text":"","src":"","width":0,"height":0},"classes":[]}],"_links":{"self":[{"href":"https:\/\/sakaba.mghosteur.com\/en\/wp-json\/wp\/v2\/product\/26895","targetHints":{"allow":["GET"]}}],"collection":[{"href":"https:\/\/sakaba.mghosteur.com\/en\/wp-json\/wp\/v2\/product"}],"about":[{"href":"https:\/\/sakaba.mghosteur.com\/en\/wp-json\/wp\/v2\/types\/product"}],"replies":[{"embeddable":true,"href":"https:\/\/sakaba.mghosteur.com\/en\/wp-json\/wp\/v2\/comments?post=26895"}],"version-history":[{"count":0,"href":"https:\/\/sakaba.mghosteur.com\/en\/wp-json\/wp\/v2\/product\/26895\/revisions"}],"wp:attachment":[{"href":"https:\/\/sakaba.mghosteur.com\/en\/wp-json\/wp\/v2\/media?parent=26895"}],"wp:term":[{"taxonomy":"product_brand","embeddable":true,"href":"https:\/\/sakaba.mghosteur.com\/en\/wp-json\/wp\/v2\/product_brand?post=26895"},{"taxonomy":"product_cat","embeddable":true,"href":"https:\/\/sakaba.mghosteur.com\/en\/wp-json\/wp\/v2\/product_cat?post=26895"},{"taxonomy":"product_tag","embeddable":true,"href":"https:\/\/sakaba.mghosteur.com\/en\/wp-json\/wp\/v2\/product_tag?post=26895"}],"curies":[{"name":"wp","href":"https:\/\/api.w.org\/{rel}","templated":true}]}}