{"id":26898,"date":"2022-11-28T17:22:31","date_gmt":"2022-11-28T17:22:31","guid":{"rendered":"http:\/\/www.sakababeauty.com\/?post_type=product&#038;p=26898"},"modified":"2023-04-04T15:06:24","modified_gmt":"2023-04-04T15:06:24","slug":"cosrx-bha-blackhead-power-liquid","status":"publish","type":"product","link":"https:\/\/sakaba.mghosteur.com\/en\/product\/cosrx-bha-blackhead-power-liquid\/","title":{"rendered":"COSRX BHA BLACKHEAD POWER LIQUID"},"content":{"rendered":"<p>Le produit est un liquide anti-points noirs BHA de la marque COSRX. Il contient de la BHA et de la niacinamide pour une exfoliation douce et un contr\u00f4le du s\u00e9bum. Il est id\u00e9al pour les utilisateurs d&#8217;acide de niveau interm\u00e9diaire. Ce liquide exfoliant vous permettra de dire adieu aux points noirs et d&#8217;avoir des pores clairs.<\/p>","protected":false},"excerpt":{"rendered":"<p>Le produit est un liquide anti-points noirs BHA de la marque COSRX. Il contient de la BHA et de la niacinamide pour une exfoliation douce et un contr\u00f4le du s\u00e9bum. Il est id\u00e9al pour les utilisateurs d&#8217;acide de niveau interm\u00e9diaire. Ce liquide exfoliant vous permettra de dire adieu aux points noirs et d&#8217;avoir des pores<span class=\"read-more-faq\"><a href=\"https:\/\/sakaba.mghosteur.com\/en\/product\/cosrx-bha-blackhead-power-liquid\/\">Read More<\/a><\/span><\/p>","protected":false},"featured_media":0,"comment_status":"closed","ping_status":"closed","template":"","meta":[],"product_brand":[],"product_cat":[377],"product_tag":[],"class_list":{"0":"post-26898","1":"product","2":"type-product","3":"status-publish","5":"product_cat-bath-body-works","7":"first","8":"instock","9":"shipping-taxable","10":"product-type-simple"},"jetpack-related-posts":[{"id":28072,"url":"https:\/\/sakaba.mghosteur.com\/en\/product\/bha-liquid-exfoliant-2\/","url_meta":{"origin":26898,"position":0},"title":"BHA LIQUID EXFOLIANT 2%","author":"admin","date":"November 29, 2022","format":false,"excerpt":"L'exfoliant liquide Naturium BHA 2% est un exfoliant sans rin\u00e7age qui utilise de l'acide salicylique pour d\u00e9boucher les pores, uniformiser le teint et lisser les rides et ridules. Il est sans cruaut\u00e9, \u00e0 base de plantes et d'ingr\u00e9dients marins, sans parab\u00e8ne, v\u00e9g\u00e9talien, sans gluten, sans parfum et non toxique. Il\u2026","rel":"","context":"Similar post","block_context":{"text":"Similar post","link":""},"img":{"alt_text":"","src":"","width":0,"height":0},"classes":[]},{"id":26868,"url":"https:\/\/sakaba.mghosteur.com\/en\/product\/paula-choice-2-bha-liquid-exfoliant\/","url_meta":{"origin":26898,"position":1},"title":"PAULA CHOICE 2% BHA LIQUID EXFOLIANT","author":"admin","date":"November 28, 2022","format":false,"excerpt":"Le produit num\u00e9ro 1 de la marque Paula's Choice, cet exfoliant liquide 2% BHA est un favori culte qui nettoie en profondeur les pores, lisse les rides et unifie le teint de la peau. Sa formule douce sans rin\u00e7age \u00e0 base d'acide salicylique \u00e9prouv\u00e9 en clinique permet de d\u00e9sobstruer rapidement\u2026","rel":"","context":"Similar post","block_context":{"text":"Similar post","link":""},"img":{"alt_text":"","src":"","width":0,"height":0},"classes":[]},{"id":26874,"url":"https:\/\/sakaba.mghosteur.com\/en\/product\/2-bha-liquid-exfoliant\/","url_meta":{"origin":26898,"position":2},"title":"2% BHA LIQUID EXFOLIANT","author":"admin","date":"November 28, 2022","format":false,"excerpt":"","rel":"","context":"Similar post","block_context":{"text":"Similar post","link":""},"img":{"alt_text":"","src":"","width":0,"height":0},"classes":[]},{"id":29442,"url":"https:\/\/sakaba.mghosteur.com\/en\/product\/cosrx-aha-bha-clarifying-treatment-toner\/","url_meta":{"origin":26898,"position":3},"title":"COSRX AHA\/BHA CLARIFYING TREATMENT TONER","author":"admin","date":"April 4, 2023","format":false,"excerpt":"Le Tonique de traitement clarifiant AHA\/BHA de la marque COSRX est un produit qui aide \u00e0 am\u00e9liorer la texture de la peau et \u00e0 contr\u00f4ler les pores. La formule comprend des ingr\u00e9dients AHA + BHA + Purifying Botanical qui aident \u00e0 \u00e9liminer les impuret\u00e9s, exfolier et hydrater en une seule\u2026","rel":"","context":"Similar post","block_context":{"text":"Similar post","link":""},"img":{"alt_text":"","src":"","width":0,"height":0},"classes":[]},{"id":31575,"url":"https:\/\/sakaba.mghosteur.com\/en\/product\/cosrx-aha-bha-clarifying-treatment-toner-280ml\/","url_meta":{"origin":26898,"position":4},"title":"COSRX AHA BHA CLARIFYING TREATMENT TONER 280ML","author":"admin","date":"May 10, 2024","format":false,"excerpt":"D\u00e9couvrez le Toner Clarifiant AHA\/BHA B\u00e9n\u00e9ficiez des avantages des AHA et BHA pour une peau claire ! Gr\u00e2ce \u00e0 sa formulation unique alliant AHA, BHA et des extraits botaniques purifiants, ce tonique aide \u00e0 am\u00e9liorer la texture de votre peau, \u00e0 lui redonner de la vitalit\u00e9 et \u00e0 contr\u00f4ler l'apparence\u2026","rel":"","context":"Similar post","block_context":{"text":"Similar post","link":""},"img":{"alt_text":"","src":"","width":0,"height":0},"classes":[]},{"id":26852,"url":"https:\/\/sakaba.mghosteur.com\/en\/product\/skin-perfecting-25aha-2bha-exfoliant-peel\/","url_meta":{"origin":26898,"position":5},"title":"SKIN PERFECTING 25%AHA +2%BHA EXFOLIANT PEEL","author":"admin","date":"November 28, 2022","format":false,"excerpt":"D\u00e9couvrez le Peeling Exfoliant 25% AHA + 2% BHA de la marque Paula's Choice, un gommage exfoliant multi-acides qui transformera votre peau en profondeur. Ce produit unique en son genre est con\u00e7u pour lisser les rides, affiner la texture de la peau, \u00e9claircir le teint et d\u00e9sobstruer les pores pour\u2026","rel":"","context":"Similar post","block_context":{"text":"Similar post","link":""},"img":{"alt_text":"","src":"","width":0,"height":0},"classes":[]}],"_links":{"self":[{"href":"https:\/\/sakaba.mghosteur.com\/en\/wp-json\/wp\/v2\/product\/26898","targetHints":{"allow":["GET"]}}],"collection":[{"href":"https:\/\/sakaba.mghosteur.com\/en\/wp-json\/wp\/v2\/product"}],"about":[{"href":"https:\/\/sakaba.mghosteur.com\/en\/wp-json\/wp\/v2\/types\/product"}],"replies":[{"embeddable":true,"href":"https:\/\/sakaba.mghosteur.com\/en\/wp-json\/wp\/v2\/comments?post=26898"}],"version-history":[{"count":0,"href":"https:\/\/sakaba.mghosteur.com\/en\/wp-json\/wp\/v2\/product\/26898\/revisions"}],"wp:attachment":[{"href":"https:\/\/sakaba.mghosteur.com\/en\/wp-json\/wp\/v2\/media?parent=26898"}],"wp:term":[{"taxonomy":"product_brand","embeddable":true,"href":"https:\/\/sakaba.mghosteur.com\/en\/wp-json\/wp\/v2\/product_brand?post=26898"},{"taxonomy":"product_cat","embeddable":true,"href":"https:\/\/sakaba.mghosteur.com\/en\/wp-json\/wp\/v2\/product_cat?post=26898"},{"taxonomy":"product_tag","embeddable":true,"href":"https:\/\/sakaba.mghosteur.com\/en\/wp-json\/wp\/v2\/product_tag?post=26898"}],"curies":[{"name":"wp","href":"https:\/\/api.w.org\/{rel}","templated":true}]}}