{"id":26901,"date":"2022-11-28T17:23:49","date_gmt":"2022-11-28T17:23:49","guid":{"rendered":"http:\/\/www.sakababeauty.com\/?post_type=product&#038;p=26901"},"modified":"2024-08-28T03:00:11","modified_gmt":"2024-08-28T03:00:11","slug":"advanced-snail-96-mucin-power-essence","status":"publish","type":"product","link":"https:\/\/sakaba.mghosteur.com\/en\/product\/advanced-snail-96-mucin-power-essence\/","title":{"rendered":"COSRX ADVANCED SNAIL 96 MUCIN POWER ESSENCE"},"content":{"rendered":"<div class=\"w-full border-b border-black\/10 dark:border-gray-900\/50 text-gray-800 dark:text-gray-100 group bg-gray-50 dark:bg-[#444654]\">\n<div class=\"text-base gap-4 md:gap-6 m-auto md:max-w-2xl lg:max-w-2xl xl:max-w-3xl p-4 md:py-6 flex lg:px-0\">\n<div class=\"relative flex w-[calc(100%-50px)] flex-col gap-1 md:gap-3 lg:w-[calc(100%-115px)]\">\n<div class=\"flex flex-grow flex-col gap-3\">\n<div class=\"min-h-[20px] flex flex-col items-start gap-4 whitespace-pre-wrap\">\n<div class=\"markdown prose w-full break-words dark:prose-invert light\">\n<p>L&#8217;Advanced Snail 96 Mucin Power Essence de la marque COSRX est une essence l\u00e9g\u00e8re qui p\u00e9n\u00e8tre rapidement dans la peau pour donner \u00e0 votre peau un \u00e9clat naturel de l&#8217;int\u00e9rieur. Cette essence est cr\u00e9\u00e9e \u00e0 partir de mucine d&#8217;escargot filtr\u00e9e nutritive et \u00e0 faible stimulation pour garder votre peau hydrat\u00e9e et illumin\u00e9e toute la journ\u00e9e.<\/p>\n<p>Cette essence a de nombreux avantages pour la peau, notamment l&#8217;estompage des taches brunes, l&#8217;am\u00e9lioration de la texture de la peau, la lutte contre les signes de l&#8217;\u00e2ge et une hydratation intense. Elle convient parfaitement aux peaux ternes et rugueuses ainsi qu&#8217;\u00e0 celles qui ont besoin d&#8217;apaisement pour leur peau endommag\u00e9e, de traitement pour les taches brunes et cicatrices.<\/p>\n<p>Les ingr\u00e9dients cl\u00e9s de cette essence sont le filtrat de s\u00e9cr\u00e9tion d&#8217;escargot \u00e0 96,3 % qui fournit une alimentation riche gr\u00e2ce \u00e0 une absorption rapide et 1 000 ppm d&#8217;hyaluronate de sodium pour un soin repulpant et apaisant qui infuse d&#8217;hydratation. Les ingr\u00e9dients complets sont disponibles sur l&#8217;emballage du produit.<\/p>\n<p>Pour utiliser l&#8217;Advanced Snail 96 Mucin Power Essence, nettoyez et tonifiez votre peau, puis appliquez une petite quantit\u00e9 sur l&#8217;ensemble de votre visage. Tapotez doucement du bout des doigts pour faciliter l&#8217;absorption, puis continuez avec vos hydratants habituels. Donnez \u00e0 votre peau un coup de pouce avec cette essence nourrissante et hydratante pour une peau plus saine et plus \u00e9clatante.<\/p>\n<\/div>\n<\/div>\n<\/div>\n<div class=\"flex justify-between\">\n<div class=\"text-gray-400 flex self-end lg:self-center justify-center mt-2 gap-3 md:gap-4 lg:gap-1 lg:absolute lg:top-0 lg:translate-x-full lg:right-0 lg:mt-0 lg:pl-2 visible\"><\/div>\n<\/div>\n<\/div>\n<\/div>\n<\/div>","protected":false},"excerpt":{"rendered":"<p>L&#8217;Advanced Snail 96 Mucin Power Essence de la marque COSRX est une essence l\u00e9g\u00e8re qui p\u00e9n\u00e8tre rapidement dans la peau pour donner \u00e0 votre peau un \u00e9clat naturel de l&#8217;int\u00e9rieur. Cette essence est cr\u00e9\u00e9e \u00e0 partir de mucine d&#8217;escargot filtr\u00e9e nutritive et \u00e0 faible stimulation pour garder votre peau hydrat\u00e9e et illumin\u00e9e toute la journ\u00e9e.<span class=\"read-more-faq\"><a href=\"https:\/\/sakaba.mghosteur.com\/en\/product\/advanced-snail-96-mucin-power-essence\/\">Read More<\/a><\/span><\/p>","protected":false},"featured_media":0,"comment_status":"closed","ping_status":"closed","template":"","meta":[],"product_brand":[],"product_cat":[293,1018,451,334],"product_tag":[],"class_list":{"0":"post-26901","1":"product","2":"type-product","3":"status-publish","5":"product_cat-anti-taches","6":"product_cat-aai-produis-coreens","7":"product_cat-aab-soin-du-visage","8":"product_cat-traitement-serum","10":"first","11":"instock","12":"shipping-taxable","13":"product-type-simple"},"jetpack-related-posts":[{"id":29432,"url":"https:\/\/sakaba.mghosteur.com\/en\/product\/cosrx-advanced-snail-mucin-power-sheet-mask\/","url_meta":{"origin":26901,"position":0},"title":"COSRX ADVANCED SNAIL MUCIN POWER SHEET MASK","author":"admin","date":"April 4, 2023","format":false,"excerpt":"D\u00e9couvrez le masque en feuille Advanced Snail Mucin Power Sheet Mask de la marque COSRX, parfait pour nourrir et hydrater votre peau en profondeur. Chaque paquet contient 10 feuilles de cellulose d'origine naturelle, imbib\u00e9es de 35 000 ppm de mucine d'escargot pour une efficacit\u00e9 maximale. La formule riche de ce\u2026","rel":"","context":"Similar post","block_context":{"text":"Similar post","link":""},"img":{"alt_text":"","src":"","width":0,"height":0},"classes":[]},{"id":29438,"url":"https:\/\/sakaba.mghosteur.com\/en\/product\/cosrx-advanced-snail-radiance-dual-essence\/","url_meta":{"origin":26901,"position":1},"title":"COSRX ADVANCED SNAIL RADIANCE DUAL ESSENCE","author":"admin","date":"April 4, 2023","format":false,"excerpt":"Le Advanced Snail Radiance Dual Essence de COSRX est un produit r\u00e9volutionnaire qui offre une solution 2 en 1 pour am\u00e9liorer l'\u00e9lasticit\u00e9 et l'\u00e9clat de votre peau. Cette essence est con\u00e7ue pour combiner les bienfaits hydratants et r\u00e9g\u00e9n\u00e9rants de l'essence d'escargot avec les propri\u00e9t\u00e9s \u00e9claircissantes de l'essence de luminosit\u00e9, afin\u2026","rel":"","context":"Similar post","block_context":{"text":"Similar post","link":""},"img":{"alt_text":"","src":"","width":0,"height":0},"classes":[]},{"id":56155,"url":"https:\/\/sakaba.mghosteur.com\/en\/product\/cosrx-advanced-snail-hydrogel-eye-patch\/","url_meta":{"origin":26901,"position":2},"title":"COSRX Advanced Snail Hydrogel Eye Patch","author":"Sope DIA","date":"January 2, 2026","format":false,"excerpt":"Masque contour des yeux concentr\u00e9 \u00e0 la mucine d'escargot : Enrichi en filtrat de s\u00e9cr\u00e9tion d'escargot et en niacinamide, ce masque hydrogel hydrate et illumine instantan\u00e9ment le regard. Il apporte une hydratation et une nutrition intenses aux peaux ternes et fatigu\u00e9es. Solution multi-usages : Offrez-vous une dose d'ingr\u00e9dients concentr\u00e9s pour\u2026","rel":"","context":"Similar post","block_context":{"text":"Similar post","link":""},"img":{"alt_text":"","src":"","width":0,"height":0},"classes":[]},{"id":26438,"url":"https:\/\/sakaba.mghosteur.com\/en\/product\/cosrx-snail-92-all-in-one-cream\/","url_meta":{"origin":26901,"position":3},"title":"COSRX SNAIL 92 ALL IN ONE CREAM","author":"admin","date":"November 25, 2022","format":false,"excerpt":"Le produit Advanced Snail 92 Cr\u00e8me tout en un est une cr\u00e8me hydratante qui nourrit votre peau avec 92% de mucine d'escargot. Cette cr\u00e8me est id\u00e9ale pour apaiser les peaux irrit\u00e9es et sensibles apr\u00e8s des \u00e9ruptions cutan\u00e9es. Avec sa texture de gel riche et nourrissante, cette cr\u00e8me est facilement absorb\u00e9e\u2026","rel":"","context":"Similar post","block_context":{"text":"Similar post","link":""},"img":{"alt_text":"","src":"","width":0,"height":0},"classes":[]},{"id":29429,"url":"https:\/\/sakaba.mghosteur.com\/en\/product\/cosrx-advanced-snail-mucin-gel-cleanser\/","url_meta":{"origin":26901,"position":4},"title":"COSRX ADVANCED SNAIL MUCIN GEL CLEANSER","author":"admin","date":"April 4, 2023","format":false,"excerpt":"","rel":"","context":"Similar post","block_context":{"text":"Similar post","link":""},"img":{"alt_text":"","src":"","width":0,"height":0},"classes":[]},{"id":29456,"url":"https:\/\/sakaba.mghosteur.com\/en\/product\/cosrx-hyaluronic-acid-hydra-power-essence\/","url_meta":{"origin":26901,"position":5},"title":"COSRX HYALURONIC ACID HYDRA POWER ESSENCE","author":"admin","date":"April 4, 2023","format":false,"excerpt":"D\u00e9couvrez l'Acide hyaluronique Hydra Power Essence de la marque COSRX, une formule hautement concentr\u00e9e en acide hyaluronique qui hydrate votre peau en profondeur et lui donne une apparence repulp\u00e9e et jeune. Cette essence en gel sans huile retient l'humidit\u00e9 dans votre peau pour une hydratation longue dur\u00e9e. Sa liste d'ingr\u00e9dients\u2026","rel":"","context":"Similar post","block_context":{"text":"Similar post","link":""},"img":{"alt_text":"","src":"","width":0,"height":0},"classes":[]}],"_links":{"self":[{"href":"https:\/\/sakaba.mghosteur.com\/en\/wp-json\/wp\/v2\/product\/26901","targetHints":{"allow":["GET"]}}],"collection":[{"href":"https:\/\/sakaba.mghosteur.com\/en\/wp-json\/wp\/v2\/product"}],"about":[{"href":"https:\/\/sakaba.mghosteur.com\/en\/wp-json\/wp\/v2\/types\/product"}],"replies":[{"embeddable":true,"href":"https:\/\/sakaba.mghosteur.com\/en\/wp-json\/wp\/v2\/comments?post=26901"}],"version-history":[{"count":0,"href":"https:\/\/sakaba.mghosteur.com\/en\/wp-json\/wp\/v2\/product\/26901\/revisions"}],"wp:attachment":[{"href":"https:\/\/sakaba.mghosteur.com\/en\/wp-json\/wp\/v2\/media?parent=26901"}],"wp:term":[{"taxonomy":"product_brand","embeddable":true,"href":"https:\/\/sakaba.mghosteur.com\/en\/wp-json\/wp\/v2\/product_brand?post=26901"},{"taxonomy":"product_cat","embeddable":true,"href":"https:\/\/sakaba.mghosteur.com\/en\/wp-json\/wp\/v2\/product_cat?post=26901"},{"taxonomy":"product_tag","embeddable":true,"href":"https:\/\/sakaba.mghosteur.com\/en\/wp-json\/wp\/v2\/product_tag?post=26901"}],"curies":[{"name":"wp","href":"https:\/\/api.w.org\/{rel}","templated":true}]}}