{"id":26904,"date":"2022-11-28T17:25:29","date_gmt":"2022-11-28T17:25:29","guid":{"rendered":"http:\/\/www.sakababeauty.com\/?post_type=product&#038;p=26904"},"modified":"2023-04-04T12:51:52","modified_gmt":"2023-04-04T12:51:52","slug":"cosrx-acne-pimple-master-patch","status":"publish","type":"product","link":"https:\/\/sakaba.mghosteur.com\/en\/product\/cosrx-acne-pimple-master-patch\/","title":{"rendered":"COSRX ACNE PIMPLE MASTER PATCH"},"content":{"rendered":"<div class=\"group w-full text-gray-800 dark:text-gray-100 border-b border-black\/10 dark:border-gray-900\/50 bg-gray-50 dark:bg-[#444654]\">\n<div class=\"text-base gap-4 md:gap-6 md:max-w-2xl lg:max-w-xl xl:max-w-3xl p-4 md:py-6 flex lg:px-0 m-auto\">\n<div class=\"relative flex w-[calc(100%-50px)] flex-col gap-1 md:gap-3 lg:w-[calc(100%-115px)]\">\n<div class=\"flex flex-grow flex-col gap-3\">\n<div class=\"min-h-[20px] flex flex-col items-start gap-4 whitespace-pre-wrap\">\n<div class=\"markdown prose w-full break-words dark:prose-invert light\">\n<p>Le Patch Ma\u00eetre des Boutons d&#8217;Acn\u00e9 de la marque COSRX est un produit efficace pour traiter les boutons d&#8217;acn\u00e9. Chaque pack contient 24 patchs de diff\u00e9rentes tailles, avec 9 gros points, 5 points moyens et 10 petits points. Ces patchs sont con\u00e7us pour gu\u00e9rir rapidement l&#8217;acn\u00e9 du jour au lendemain.<\/p>\n<p>Les patchs sont hydrocollo\u00efdes, ce qui signifie qu&#8217;ils prot\u00e8gent la zone affect\u00e9e contre l&#8217;aggravation tout en maintenant l&#8217;humidit\u00e9 de la peau pour \u00e9viter d&#8217;autres \u00e9ruptions. Ils sont faciles \u00e0 utiliser et conviennent \u00e0 tous les types de peau. Si vous cherchez un moyen efficace de traiter votre acn\u00e9 rapidement et facilement, le Patch Ma\u00eetre des Boutons d&#8217;Acn\u00e9 de COSRX est le produit qu&#8217;il vous faut.<\/p>\n<\/div>\n<\/div>\n<\/div>\n<div class=\"flex justify-between lg:block\">\n<div class=\"text-gray-400 flex self-end lg:self-center justify-center mt-2 gap-2 md:gap-3 lg:gap-1 lg:absolute lg:top-0 lg:translate-x-full lg:right-0 lg:mt-0 lg:pl-2 visible\"><\/div>\n<\/div>\n<\/div>\n<\/div>\n<\/div>","protected":false},"excerpt":{"rendered":"<p>Le Patch Ma\u00eetre des Boutons d&#8217;Acn\u00e9 de la marque COSRX est un produit efficace pour traiter les boutons d&#8217;acn\u00e9. Chaque pack contient 24 patchs de diff\u00e9rentes tailles, avec 9 gros points, 5 points moyens et 10 petits points. Ces patchs sont con\u00e7us pour gu\u00e9rir rapidement l&#8217;acn\u00e9 du jour au lendemain. Les patchs sont hydrocollo\u00efdes, ce<span class=\"read-more-faq\"><a href=\"https:\/\/sakaba.mghosteur.com\/en\/product\/cosrx-acne-pimple-master-patch\/\">Read More<\/a><\/span><\/p>","protected":false},"featured_media":0,"comment_status":"closed","ping_status":"closed","template":"","meta":[],"product_brand":[],"product_cat":[377],"product_tag":[],"class_list":{"0":"post-26904","1":"product","2":"type-product","3":"status-publish","5":"product_cat-bath-body-works","7":"first","8":"instock","9":"shipping-taxable","10":"product-type-simple"},"jetpack-related-posts":[{"id":31566,"url":"https:\/\/sakaba.mghosteur.com\/en\/product\/cosrx-master-pacth-set-90-patches-4\/","url_meta":{"origin":26904,"position":0},"title":"COSRX MASTER PATCH SET 90 PATCHES","author":"admin","date":"May 10, 2024","format":false,"excerpt":"D\u00e9couvrez ce produit r\u00e9volutionnaire pour une peau impeccable et \u00e9clatante. Con\u00e7u pour prot\u00e9ger votre peau des irritations ext\u00e9rieures et des contaminants, ce produit est votre alli\u00e9 ultime contre les imperfections. Gr\u00e2ce \u00e0 sa formule innovante, il aide \u00e0 r\u00e9duire visiblement les rougeurs tout en absorbant l'exc\u00e8s de s\u00e9bum et les\u2026","rel":"","context":"Similar post","block_context":{"text":"Similar post","link":""},"img":{"alt_text":"","src":"","width":0,"height":0},"classes":[]},{"id":56155,"url":"https:\/\/sakaba.mghosteur.com\/en\/product\/cosrx-advanced-snail-hydrogel-eye-patch\/","url_meta":{"origin":26904,"position":1},"title":"COSRX Advanced Snail Hydrogel Eye Patch","author":"Sope DIA","date":"January 2, 2026","format":false,"excerpt":"Masque contour des yeux concentr\u00e9 \u00e0 la mucine d'escargot : Enrichi en filtrat de s\u00e9cr\u00e9tion d'escargot et en niacinamide, ce masque hydrogel hydrate et illumine instantan\u00e9ment le regard. Il apporte une hydratation et une nutrition intenses aux peaux ternes et fatigu\u00e9es. Solution multi-usages : Offrez-vous une dose d'ingr\u00e9dients concentr\u00e9s pour\u2026","rel":"","context":"Similar post","block_context":{"text":"Similar post","link":""},"img":{"alt_text":"","src":"","width":0,"height":0},"classes":[]},{"id":29221,"url":"https:\/\/sakaba.mghosteur.com\/en\/product\/caffeine-energizing-hydrogel-eye-patches\/","url_meta":{"origin":26904,"position":2},"title":"CAFFEINE ENERGIZING HYDROGEL EYE PATCHES","author":"admin","date":"March 21, 2023","format":false,"excerpt":"Le CAFFEINE ENERGIZING HYDROGEL EYE PATCHES de Good Molecules est un produit essentiel pour ceux qui cherchent \u00e0 se r\u00e9veiller et \u00e0 rafra\u00eechir leur regard fatigu\u00e9. Ces patchs pour les yeux hydrogel \u00e0 la caf\u00e9ine sont con\u00e7us pour \u00e9claircir et hydrater la peau d\u00e9licate autour de vos yeux tout en\u2026","rel":"","context":"Similar post","block_context":{"text":"Similar post","link":""},"img":{"alt_text":"","src":"","width":0,"height":0},"classes":[]},{"id":27160,"url":"https:\/\/sakaba.mghosteur.com\/en\/product\/mighty-patch\/","url_meta":{"origin":26904,"position":3},"title":"MIGHTY PATCH","author":"admin","date":"November 29, 2022","format":false,"excerpt":"","rel":"","context":"Similar post","block_context":{"text":"Similar post","link":""},"img":{"alt_text":"","src":"","width":0,"height":0},"classes":[]},{"id":27157,"url":"https:\/\/sakaba.mghosteur.com\/en\/product\/mighty-patch-invisible\/","url_meta":{"origin":26904,"position":4},"title":"MIGHTY PATCH INVISIBLE +","author":"admin","date":"November 29, 2022","format":false,"excerpt":"","rel":"","context":"Similar post","block_context":{"text":"Similar post","link":""},"img":{"alt_text":"","src":"","width":0,"height":0},"classes":[]},{"id":25517,"url":"https:\/\/sakaba.mghosteur.com\/en\/product\/salonpas-pain-gel-patch-hot\/","url_meta":{"origin":26904,"position":5},"title":"SALONPAS PAIN GEL PATCH HOT","author":"admin","date":"November 14, 2022","format":false,"excerpt":"","rel":"","context":"Similar post","block_context":{"text":"Similar post","link":""},"img":{"alt_text":"","src":"","width":0,"height":0},"classes":[]}],"_links":{"self":[{"href":"https:\/\/sakaba.mghosteur.com\/en\/wp-json\/wp\/v2\/product\/26904","targetHints":{"allow":["GET"]}}],"collection":[{"href":"https:\/\/sakaba.mghosteur.com\/en\/wp-json\/wp\/v2\/product"}],"about":[{"href":"https:\/\/sakaba.mghosteur.com\/en\/wp-json\/wp\/v2\/types\/product"}],"replies":[{"embeddable":true,"href":"https:\/\/sakaba.mghosteur.com\/en\/wp-json\/wp\/v2\/comments?post=26904"}],"version-history":[{"count":0,"href":"https:\/\/sakaba.mghosteur.com\/en\/wp-json\/wp\/v2\/product\/26904\/revisions"}],"wp:attachment":[{"href":"https:\/\/sakaba.mghosteur.com\/en\/wp-json\/wp\/v2\/media?parent=26904"}],"wp:term":[{"taxonomy":"product_brand","embeddable":true,"href":"https:\/\/sakaba.mghosteur.com\/en\/wp-json\/wp\/v2\/product_brand?post=26904"},{"taxonomy":"product_cat","embeddable":true,"href":"https:\/\/sakaba.mghosteur.com\/en\/wp-json\/wp\/v2\/product_cat?post=26904"},{"taxonomy":"product_tag","embeddable":true,"href":"https:\/\/sakaba.mghosteur.com\/en\/wp-json\/wp\/v2\/product_tag?post=26904"}],"curies":[{"name":"wp","href":"https:\/\/api.w.org\/{rel}","templated":true}]}}