{"id":26917,"date":"2022-11-28T17:33:26","date_gmt":"2022-11-28T17:33:26","guid":{"rendered":"http:\/\/www.sakababeauty.com\/?post_type=product&#038;p=26917"},"modified":"2022-11-28T17:33:26","modified_gmt":"2022-11-28T17:33:26","slug":"rosen-super-smoothie-cleanser","status":"publish","type":"product","link":"https:\/\/sakaba.mghosteur.com\/en\/product\/rosen-super-smoothie-cleanser\/","title":{"rendered":"ROSEN SUPER SMOOTHIE CLEANSER"},"content":{"rendered":"","protected":false},"excerpt":{"rendered":"","protected":false},"featured_media":0,"comment_status":"closed","ping_status":"closed","template":"","meta":[],"product_brand":[],"product_cat":[377],"product_tag":[],"class_list":{"0":"post-26917","1":"product","2":"type-product","3":"status-publish","5":"product_cat-bath-body-works","7":"first","8":"instock","9":"shipping-taxable","10":"product-type-simple"},"jetpack-related-posts":[{"id":29994,"url":"https:\/\/sakaba.mghosteur.com\/en\/product\/neocell-super-collagen-peptides-400g\/","url_meta":{"origin":26917,"position":0},"title":"NEOCELL SUPER COLLAGEN PEPTIDES 400G","author":"admin","date":"May 1, 2023","format":false,"excerpt":"D\u00e9couvrez la poudre de peptides de Super Collag\u00e8ne NeoCell, un suppl\u00e9ment de collag\u00e8ne hydrolys\u00e9 nourri \u00e0 l'herbe pour une beaut\u00e9 int\u00e9rieure \u00e9clatante. Contenant 10 000 mg de collag\u00e8ne de types 1 et 3 par portion, ce compl\u00e9ment alimentaire soutient la sant\u00e9 de votre peau, de vos cheveux, de vos ongles\u2026","rel":"","context":"Similar post","block_context":{"text":"Similar post","link":""},"img":{"alt_text":"","src":"","width":0,"height":0},"classes":[]},{"id":29405,"url":"https:\/\/sakaba.mghosteur.com\/en\/product\/paula-choice-optimal-results-hydrating-cleanser\/","url_meta":{"origin":26917,"position":1},"title":"PAULA CHOICE OPTIMAL RESULTS HYDRATING CLEANSER","author":"admin","date":"April 3, 2023","format":false,"excerpt":"Le S\u00e9rum Complexe Om\u00e9ga+ est un produit de soin pour la peau qui agit comme un super aliment pour la peau. Gr\u00e2ce aux acides gras om\u00e9ga qu'il contient, ce s\u00e9rum renforce la surface de votre peau en lui apportant les nutriments essentiels pour une peau saine, hydrat\u00e9e et visiblement plus\u2026","rel":"","context":"Similar post","block_context":{"text":"Similar post","link":""},"img":{"alt_text":"","src":"","width":0,"height":0},"classes":[]},{"id":31439,"url":"https:\/\/sakaba.mghosteur.com\/en\/product\/kojie-san-skin-lightening-cleanser-toner\/","url_meta":{"origin":26917,"position":2},"title":"KOJIE SAN SKIN LIGHTENING CLEANSER +TONER","author":"admin","date":"May 10, 2024","format":false,"excerpt":"D\u00e9couvrez le Kojie San Dual Action Cleanser + Toner - SUPER SAVINGS Profitez des avantages du Kojie San Dual Action Cleanser + Toner Ce nettoyant et tonique combin\u00e9 gardera votre peau fra\u00eeche en \u00e9liminant l'exc\u00e8s de s\u00e9bum. Les ingr\u00e9dients actifs nettoient d\u00e9licatement la peau, resserrent les pores et exfolient la\u2026","rel":"","context":"Similar post","block_context":{"text":"Similar post","link":""},"img":{"alt_text":"","src":"","width":0,"height":0},"classes":[]},{"id":27118,"url":"https:\/\/sakaba.mghosteur.com\/en\/product\/kravebeauty-great-body-relief-smooth-body-lotion\/","url_meta":{"origin":26917,"position":3},"title":"KRAVEBEAUTY GREAT BODY RELIEF SMOOTH BODY LOTION","author":"admin","date":"November 28, 2022","format":false,"excerpt":"","rel":"","context":"Similar post","block_context":{"text":"Similar post","link":""},"img":{"alt_text":"","src":"","width":0,"height":0},"classes":[]},{"id":26132,"url":"https:\/\/sakaba.mghosteur.com\/en\/product\/motions-classic-formula-hair-relaxer-smooth-silken\/","url_meta":{"origin":26917,"position":4},"title":"Motions Classic Formula Hair Relaxer Smooth &#038; Silken","author":"admin","date":"November 24, 2022","format":false,"excerpt":"","rel":"","context":"Similar post","block_context":{"text":"Similar post","link":""},"img":{"alt_text":"","src":"","width":0,"height":0},"classes":[]},{"id":26108,"url":"https:\/\/sakaba.mghosteur.com\/en\/product\/mielle-pomegranate-honey-curl-smoothie\/","url_meta":{"origin":26917,"position":5},"title":"MIELLE POMEGRANATE &amp; HONEY CURL SMOOTHIE","author":"admin","date":"November 24, 2022","format":false,"excerpt":"Ce d\u00e9licieux smoothie pour boucles apporte une hydratation et une force incroyables gr\u00e2ce \u00e0 des ingr\u00e9dients sains comme l'extrait de grenade, le miel et l'huile de babassu, et il est tr\u00e8s facile \u00e0 utiliser. Appliquez simplement le smoothie sur vos cheveux de la racine \u00e0 la pointe, en veillant \u00e0\u2026","rel":"","context":"Similar post","block_context":{"text":"Similar post","link":""},"img":{"alt_text":"","src":"","width":0,"height":0},"classes":[]}],"_links":{"self":[{"href":"https:\/\/sakaba.mghosteur.com\/en\/wp-json\/wp\/v2\/product\/26917","targetHints":{"allow":["GET"]}}],"collection":[{"href":"https:\/\/sakaba.mghosteur.com\/en\/wp-json\/wp\/v2\/product"}],"about":[{"href":"https:\/\/sakaba.mghosteur.com\/en\/wp-json\/wp\/v2\/types\/product"}],"replies":[{"embeddable":true,"href":"https:\/\/sakaba.mghosteur.com\/en\/wp-json\/wp\/v2\/comments?post=26917"}],"version-history":[{"count":0,"href":"https:\/\/sakaba.mghosteur.com\/en\/wp-json\/wp\/v2\/product\/26917\/revisions"}],"wp:attachment":[{"href":"https:\/\/sakaba.mghosteur.com\/en\/wp-json\/wp\/v2\/media?parent=26917"}],"wp:term":[{"taxonomy":"product_brand","embeddable":true,"href":"https:\/\/sakaba.mghosteur.com\/en\/wp-json\/wp\/v2\/product_brand?post=26917"},{"taxonomy":"product_cat","embeddable":true,"href":"https:\/\/sakaba.mghosteur.com\/en\/wp-json\/wp\/v2\/product_cat?post=26917"},{"taxonomy":"product_tag","embeddable":true,"href":"https:\/\/sakaba.mghosteur.com\/en\/wp-json\/wp\/v2\/product_tag?post=26917"}],"curies":[{"name":"wp","href":"https:\/\/api.w.org\/{rel}","templated":true}]}}