{"id":26920,"date":"2022-11-28T17:36:40","date_gmt":"2022-11-28T17:36:40","guid":{"rendered":"http:\/\/www.sakababeauty.com\/?post_type=product&#038;p=26920"},"modified":"2022-11-28T17:36:40","modified_gmt":"2022-11-28T17:36:40","slug":"propolis-vitamin-sleeping-mask","status":"publish","type":"product","link":"https:\/\/sakaba.mghosteur.com\/en\/product\/propolis-vitamin-sleeping-mask\/","title":{"rendered":"PROPOLIS VITAMIN SLEEPING MASK"},"content":{"rendered":"","protected":false},"excerpt":{"rendered":"","protected":false},"featured_media":0,"comment_status":"closed","ping_status":"closed","template":"","meta":[],"product_brand":[],"product_cat":[377],"product_tag":[],"class_list":{"0":"post-26920","1":"product","2":"type-product","3":"status-publish","5":"product_cat-bath-body-works","7":"first","8":"instock","9":"shipping-taxable","10":"product-type-simple"},"jetpack-related-posts":[{"id":31495,"url":"https:\/\/sakaba.mghosteur.com\/en\/product\/laneige-lip-sleeping-mask-gummy-bear\/","url_meta":{"origin":26920,"position":0},"title":"LANEIGE LIP SLEEPING MASK GUMMY BEAR","author":"admin","date":"May 10, 2024","format":false,"excerpt":"D\u00e9couvrez le masque de nuit nourrissant pour les l\u00e8vres. Ce produit de Laneige vous promet des l\u00e8vres douces d\u00e8s le r\u00e9veil, aussi d\u00e9licates que la peau d'un b\u00e9b\u00e9. Il agit comme un baume nourrissant, assurant une hydratation maximale tout en \u00e9liminant les peaux mortes. Enrichi d'un m\u00e9lange de vitamine C\u2026","rel":"","context":"Similar post","block_context":{"text":"Similar post","link":""},"img":{"alt_text":"","src":"","width":0,"height":0},"classes":[]},{"id":31515,"url":"https:\/\/sakaba.mghosteur.com\/en\/product\/laneige-lip-sleeping-mask-vanilla\/","url_meta":{"origin":26920,"position":1},"title":"LANEIGE LIP SLEEPING MASK VANILLA","author":"admin","date":"May 10, 2024","format":false,"excerpt":"D\u00e9couvrez le masque de nuit nourrissant pour les l\u00e8vres, un essentiel de beaut\u00e9 de Laneige. Ce produit r\u00e9volutionnaire vous offre des l\u00e8vres douces et lisses d\u00e8s le r\u00e9veil, comme la peau d'un b\u00e9b\u00e9. Enrichi d'un m\u00e9lange pr\u00e9cieux de vitamine C et d'antioxydants puissants, ce masque nourrit intens\u00e9ment vos l\u00e8vres tout\u2026","rel":"","context":"Similar post","block_context":{"text":"Similar post","link":""},"img":{"alt_text":"","src":"","width":0,"height":0},"classes":[]},{"id":27167,"url":"https:\/\/sakaba.mghosteur.com\/en\/product\/water-sleeping-mask\/","url_meta":{"origin":26920,"position":2},"title":"WATER SLEEPING MASK","author":"admin","date":"November 29, 2022","format":false,"excerpt":"","rel":"","context":"Similar post","block_context":{"text":"Similar post","link":""},"img":{"alt_text":"","src":"","width":0,"height":0},"classes":[]},{"id":27173,"url":"https:\/\/sakaba.mghosteur.com\/en\/product\/cica-sleeping-mask\/","url_meta":{"origin":26920,"position":3},"title":"CICA SLEEPING MASK","author":"admin","date":"November 29, 2022","format":false,"excerpt":"","rel":"","context":"Similar post","block_context":{"text":"Similar post","link":""},"img":{"alt_text":"","src":"","width":0,"height":0},"classes":[]},{"id":27176,"url":"https:\/\/sakaba.mghosteur.com\/en\/product\/water-sleeping-mask-2\/","url_meta":{"origin":26920,"position":4},"title":"WATER SLEEPING MASK","author":"admin","date":"November 29, 2022","format":false,"excerpt":"","rel":"","context":"Similar post","block_context":{"text":"Similar post","link":""},"img":{"alt_text":"","src":"","width":0,"height":0},"classes":[]},{"id":27227,"url":"https:\/\/sakaba.mghosteur.com\/en\/product\/cica-sleeping-mask-2\/","url_meta":{"origin":26920,"position":5},"title":"CICA SLEEPING MASK","author":"admin","date":"November 29, 2022","format":false,"excerpt":"","rel":"","context":"Similar post","block_context":{"text":"Similar post","link":""},"img":{"alt_text":"","src":"","width":0,"height":0},"classes":[]}],"_links":{"self":[{"href":"https:\/\/sakaba.mghosteur.com\/en\/wp-json\/wp\/v2\/product\/26920","targetHints":{"allow":["GET"]}}],"collection":[{"href":"https:\/\/sakaba.mghosteur.com\/en\/wp-json\/wp\/v2\/product"}],"about":[{"href":"https:\/\/sakaba.mghosteur.com\/en\/wp-json\/wp\/v2\/types\/product"}],"replies":[{"embeddable":true,"href":"https:\/\/sakaba.mghosteur.com\/en\/wp-json\/wp\/v2\/comments?post=26920"}],"version-history":[{"count":0,"href":"https:\/\/sakaba.mghosteur.com\/en\/wp-json\/wp\/v2\/product\/26920\/revisions"}],"wp:attachment":[{"href":"https:\/\/sakaba.mghosteur.com\/en\/wp-json\/wp\/v2\/media?parent=26920"}],"wp:term":[{"taxonomy":"product_brand","embeddable":true,"href":"https:\/\/sakaba.mghosteur.com\/en\/wp-json\/wp\/v2\/product_brand?post=26920"},{"taxonomy":"product_cat","embeddable":true,"href":"https:\/\/sakaba.mghosteur.com\/en\/wp-json\/wp\/v2\/product_cat?post=26920"},{"taxonomy":"product_tag","embeddable":true,"href":"https:\/\/sakaba.mghosteur.com\/en\/wp-json\/wp\/v2\/product_tag?post=26920"}],"curies":[{"name":"wp","href":"https:\/\/api.w.org\/{rel}","templated":true}]}}