{"id":26923,"date":"2022-11-28T17:37:45","date_gmt":"2022-11-28T17:37:45","guid":{"rendered":"http:\/\/www.sakababeauty.com\/?post_type=product&#038;p=26923"},"modified":"2022-11-28T17:37:46","modified_gmt":"2022-11-28T17:37:46","slug":"kiehls-cannabis-sativa-seed-oil-herbal-concentrat","status":"publish","type":"product","link":"https:\/\/sakaba.mghosteur.com\/en\/product\/kiehls-cannabis-sativa-seed-oil-herbal-concentrat\/","title":{"rendered":"KIEHL&#8217;S CANNABIS SATIVA SEED OIL HERBAL CONCENTRAT"},"content":{"rendered":"","protected":false},"excerpt":{"rendered":"","protected":false},"featured_media":0,"comment_status":"closed","ping_status":"closed","template":"","meta":[],"product_brand":[],"product_cat":[377],"product_tag":[],"class_list":{"0":"post-26923","1":"product","2":"type-product","3":"status-publish","5":"product_cat-bath-body-works","7":"first","8":"instock","9":"shipping-taxable","10":"product-type-simple"},"jetpack-related-posts":[{"id":29785,"url":"https:\/\/sakaba.mghosteur.com\/en\/product\/omega-3-fish-oil-concentrate\/","url_meta":{"origin":26923,"position":0},"title":"OMEGA 3 FISH OIL CONCENTRATE","author":"admin","date":"April 25, 2023","format":false,"excerpt":"D\u00e9couvrez les g\u00e9lules de concentr\u00e9 d'huile de poisson om\u00e9ga-3 de la marque Solgar pour soutenir votre sant\u00e9 cardiaque. Ces g\u00e9lules sont une source naturelle et concentr\u00e9e d'acides gras essentiels om\u00e9ga-3, qui jouent un r\u00f4le essentiel dans une alimentation saine. Prendre quotidiennement 250 mg de ces g\u00e9lules aide \u00e0 soutenir la\u2026","rel":"","context":"Similar post","block_context":{"text":"Similar post","link":""},"img":{"alt_text":"","src":"","width":0,"height":0},"classes":[]},{"id":29269,"url":"https:\/\/sakaba.mghosteur.com\/en\/product\/pure-cold-pressed-rosehip-seed-oil\/","url_meta":{"origin":26923,"position":1},"title":"PURE COLD-PRESSED ROSEHIP SEED OIL","author":"admin","date":"March 22, 2023","format":false,"excerpt":"D\u00e9couvrez l'Huile de Graines de Rose Musqu\u00e9e Pure Press\u00e9e \u00e0 Froid de Good Molecules - un produit de soin de la peau naturel et durable pour le visage. Cette huile l\u00e9g\u00e8re et hydratante est riche en antioxydants, en vitamine A naturelle et aide \u00e0 restaurer l'\u00e9lasticit\u00e9 de la peau. Cultiv\u00e9e\u2026","rel":"","context":"Similar post","block_context":{"text":"Similar post","link":""},"img":{"alt_text":"","src":"","width":0,"height":0},"classes":[]},{"id":25561,"url":"https:\/\/sakaba.mghosteur.com\/en\/product\/dr-teals-foaming-bath-with-pure-epsom-salt-hemp-seed-oil\/","url_meta":{"origin":26923,"position":2},"title":"DR TEAL&#8217;S FOAMING BATH WITH PURE EPSOM SALT HEMP SEED OIL","author":"admin","date":"November 14, 2022","format":false,"excerpt":"Bain moussant au sel pur d'Epsom et \u00e0 l'huile de graines de chanvre Le bain moussant du Dr Teal transforme votre bain en une exp\u00e9rience relaxante avec des huiles essentielles apaisantes pour apaiser les sens et aider \u00e0 soulager le stress.\u00a0L'huile de graines de chanvre hydrate et nourrit la peau,\u2026","rel":"","context":"Similar post","block_context":{"text":"Similar post","link":""},"img":{"alt_text":"","src":"","width":0,"height":0},"classes":[]},{"id":28199,"url":"https:\/\/sakaba.mghosteur.com\/en\/product\/100-organic-cold-pressed-rose-hip-seed-oil\/","url_meta":{"origin":26923,"position":3},"title":"THE ORDINARY 100% ORGANIC COLD-PRESSED  ROSE HIP SEED OIL","author":"admin","date":"November 30, 2022","format":false,"excerpt":"L'huile de graines de rose musqu\u00e9e 100 % biologique press\u00e9e \u00e0 froid de la marque The Ordinary est un produit de soin de la peau naturel et puissant. Cette huile hydratante est con\u00e7ue pour lutter contre les signes du vieillissement et \u00e9claircir et \u00e9quilibrer le teint de mani\u00e8re naturelle. Elle\u2026","rel":"","context":"Similar post","block_context":{"text":"Similar post","link":""},"img":{"alt_text":"","src":"","width":0,"height":0},"classes":[]},{"id":25768,"url":"https:\/\/sakaba.mghosteur.com\/en\/product\/africas-best-herbal-gro-super-hair-scalp-conditioner\/","url_meta":{"origin":26923,"position":4},"title":"Africa&#8217;S Best  Herbal Gro Super Hair &#038; Scalp Conditioner","author":"admin","date":"November 22, 2022","format":false,"excerpt":"","rel":"","context":"Similar post","block_context":{"text":"Similar post","link":""},"img":{"alt_text":"","src":"","width":0,"height":0},"classes":[]},{"id":34745,"url":"https:\/\/sakaba.mghosteur.com\/en\/product\/jamaican-black-castor-oil-gm\/","url_meta":{"origin":26923,"position":5},"title":"SUNNY ISLE JAMAICAN BLACK CASTOR OIL GM","author":"admin","date":"May 31, 2024","format":false,"excerpt":"Sunny Isle The Original Jamaican Black Castor Oil is a hair oil that is made from pure Jamaican black castor seeds.\u00a0It is rich in nutrients such as omega fatty acids, vitamin E, and minerals, and is designed to moisturize dry hair, reduce breakage, and help repair damaged strands.\u00a0It has a\u2026","rel":"","context":"Similar post","block_context":{"text":"Similar post","link":""},"img":{"alt_text":"","src":"","width":0,"height":0},"classes":[]}],"_links":{"self":[{"href":"https:\/\/sakaba.mghosteur.com\/en\/wp-json\/wp\/v2\/product\/26923","targetHints":{"allow":["GET"]}}],"collection":[{"href":"https:\/\/sakaba.mghosteur.com\/en\/wp-json\/wp\/v2\/product"}],"about":[{"href":"https:\/\/sakaba.mghosteur.com\/en\/wp-json\/wp\/v2\/types\/product"}],"replies":[{"embeddable":true,"href":"https:\/\/sakaba.mghosteur.com\/en\/wp-json\/wp\/v2\/comments?post=26923"}],"version-history":[{"count":0,"href":"https:\/\/sakaba.mghosteur.com\/en\/wp-json\/wp\/v2\/product\/26923\/revisions"}],"wp:attachment":[{"href":"https:\/\/sakaba.mghosteur.com\/en\/wp-json\/wp\/v2\/media?parent=26923"}],"wp:term":[{"taxonomy":"product_brand","embeddable":true,"href":"https:\/\/sakaba.mghosteur.com\/en\/wp-json\/wp\/v2\/product_brand?post=26923"},{"taxonomy":"product_cat","embeddable":true,"href":"https:\/\/sakaba.mghosteur.com\/en\/wp-json\/wp\/v2\/product_cat?post=26923"},{"taxonomy":"product_tag","embeddable":true,"href":"https:\/\/sakaba.mghosteur.com\/en\/wp-json\/wp\/v2\/product_tag?post=26923"}],"curies":[{"name":"wp","href":"https:\/\/api.w.org\/{rel}","templated":true}]}}