{"id":26926,"date":"2022-11-28T17:38:51","date_gmt":"2022-11-28T17:38:51","guid":{"rendered":"http:\/\/www.sakababeauty.com\/?post_type=product&#038;p=26926"},"modified":"2024-08-08T14:49:07","modified_gmt":"2024-08-08T14:49:07","slug":"kiehls-clearly-corrective-dark-spot-solution","status":"publish","type":"product","link":"https:\/\/sakaba.mghosteur.com\/en\/product\/kiehls-clearly-corrective-dark-spot-solution\/","title":{"rendered":"KIEHL&#8217;S CLEARLY CORRECTIVE DARK SPOT SOLUTION"},"content":{"rendered":"<p>Kiehl&#8217;s Clearly Corrective Dark Spot Solution est un s\u00e9rum pour le visage qui aide \u00e0 r\u00e9duire l&#8217;apparence des taches brunes, de l&#8217;hyperpigmentation et des marques post-acn\u00e9. Il s&#8217;agit d&#8217;un s\u00e9rum quotidien l\u00e9ger et \u00e0 absorption rapide. Il contient une forme stabilis\u00e9e de vitamine C appel\u00e9e C activ\u00e9e, ainsi que de l&#8217;acide salicylique tamponn\u00e9. Il contient \u00e9galement un m\u00e9lange soigneusement s\u00e9lectionn\u00e9 d&#8217;extraits de plantes, notamment d&#8217;extrait d&#8217;\u00e9corce de saule et d&#8217;extrait de racine de pivoine.<\/p>","protected":false},"excerpt":{"rendered":"<p>Kiehl&#8217;s Clearly Corrective Dark Spot Solution est un s\u00e9rum pour le visage qui aide \u00e0 r\u00e9duire l&#8217;apparence des taches brunes, de l&#8217;hyperpigmentation et des marques post-acn\u00e9. Il s&#8217;agit d&#8217;un s\u00e9rum quotidien l\u00e9ger et \u00e0 absorption rapide. Il contient une forme stabilis\u00e9e de vitamine C appel\u00e9e C activ\u00e9e, ainsi que de l&#8217;acide salicylique tamponn\u00e9. Il contient<span class=\"read-more-faq\"><a href=\"https:\/\/sakaba.mghosteur.com\/en\/product\/kiehls-clearly-corrective-dark-spot-solution\/\">Read More<\/a><\/span><\/p>","protected":false},"featured_media":0,"comment_status":"closed","ping_status":"closed","template":"","meta":[],"product_brand":[],"product_cat":[293,291,451,334],"product_tag":[],"class_list":{"0":"post-26926","1":"product","2":"type-product","3":"status-publish","5":"product_cat-anti-taches","6":"product_cat-eclaircissant","7":"product_cat-aab-soin-du-visage","8":"product_cat-traitement-serum","10":"first","11":"instock","12":"shipping-taxable","13":"product-type-simple"},"jetpack-related-posts":[{"id":27908,"url":"https:\/\/sakaba.mghosteur.com\/en\/product\/green-tangerine-vita-c-dark-spot-serum\/","url_meta":{"origin":26926,"position":0},"title":"GREEN TANGERINE VITA C DARK SPOT SERUM+","author":"admin","date":"November 29, 2022","format":false,"excerpt":"Le s\u00e9rum anti-taches brunes \u00e0 la vitamine C contient un puissant m\u00e9lange de 70 % d'extrait de mandarine verte fra\u00eeche, de 4 % de niacinamide et d'arbutine. Les mandarines vertes sont riches en antioxydants et contiennent 10 fois plus de vitamine C que les citrons. Gr\u00e2ce \u00e0 ce fruit, notre\u2026","rel":"","context":"Similar post","block_context":{"text":"Similar post","link":""},"img":{"alt_text":"","src":"","width":0,"height":0},"classes":[]},{"id":28038,"url":"https:\/\/sakaba.mghosteur.com\/en\/product\/versed-out-of-sight-dark-spot-gel\/","url_meta":{"origin":26926,"position":1},"title":"VERSED OUT OF SIGHT DARK SPOT GEL","author":"admin","date":"November 29, 2022","format":false,"excerpt":"Ce s\u00e9rum anti-taches brunes et antioxydant contient un m\u00e9lange d'ingr\u00e9dients concentr\u00e9s (mais s\u00fbrs) pour aider \u00e0 att\u00e9nuer les taches brunes persistantes et les marques post-acn\u00e9iques. Le traitement de l'hyperpigmentation \u00e0 l'acide tranexamique (un favori des dermatologues pour le m\u00e9lasma, la forme la plus tenace d'hyperpigmentation), l'acide kojique, l'extrait de racine\u2026","rel":"","context":"Similar post","block_context":{"text":"Similar post","link":""},"img":{"alt_text":"","src":"","width":0,"height":0},"classes":[]},{"id":29602,"url":"https:\/\/sakaba.mghosteur.com\/en\/product\/fenty-skin-watch-ya-tone-niacinamide-dard-spot-ser\/","url_meta":{"origin":26926,"position":2},"title":"FENTY SKIN WATCH YA TONE NIACINAMIDE DARD SPOT SER","author":"admin","date":"April 10, 2023","format":false,"excerpt":"D\u00e9couvrez le s\u00e9rum WATCH YA TONE NIACINAMIDE DARK SPOT de la marque FENTY, un traitement cibl\u00e9 pour une peau uniforme et lumineuse. Les taches sombres ne sont plus un probl\u00e8me avec ce cocktail concentr\u00e9 d'ingr\u00e9dients anti-taches. En seulement une semaine, vous verrez une am\u00e9lioration de l'apparence de votre peau, qui\u2026","rel":"","context":"Similar post","block_context":{"text":"Similar post","link":""},"img":{"alt_text":"","src":"","width":0,"height":0},"classes":[]},{"id":24733,"url":"https:\/\/sakaba.mghosteur.com\/en\/product\/differin-dark-spot-correcting-serum\/","url_meta":{"origin":26926,"position":3},"title":"DIFFERIN DARK SPOT CORRECTING SERUM","author":"admin","date":"November 10, 2022","format":false,"excerpt":"Le s\u00e9rum correcteur de taches brunes Differin est un s\u00e9rum pour le visage qui aide \u00e0 r\u00e9duire l'apparence des marques post-acn\u00e9, de l'hyperpigmentation, des taches, des taches de vieillesse et m\u00eame des taches de rousseur. Il contient 4 % de niacinamide, un ingr\u00e9dient \u00e9claircissant cliniquement prouv\u00e9. Il contient \u00e9galement de\u2026","rel":"","context":"Similar post","block_context":{"text":"Similar post","link":""},"img":{"alt_text":"","src":"","width":0,"height":0},"classes":[]},{"id":31816,"url":"https:\/\/sakaba.mghosteur.com\/en\/product\/anua-niacinamide-10-txa-4-dark-spot-30ml\/","url_meta":{"origin":26926,"position":4},"title":"ANUA NIACINAMIDE 10% +TXA 4% DARK SPOT 30ML","author":"admin","date":"May 10, 2024","format":false,"excerpt":"Anua Niacinamide 10% + TXA 4% Dark Spot 30ML est un s\u00e9rum qui contient 10% de niacinamide et 4% d'acide tranexamique pour aider \u00e0 r\u00e9duire la d\u00e9coloration et cibler les taches brunes tenaces et l'hyperpigmentation. Il contient \u00e9galement 2% d'arbutine pour aider \u00e0 corriger le teint irr\u00e9gulier en limitant la\u2026","rel":"","context":"Similar post","block_context":{"text":"Similar post","link":""},"img":{"alt_text":"","src":"","width":0,"height":0},"classes":[]},{"id":27032,"url":"https:\/\/sakaba.mghosteur.com\/en\/product\/urban-retinol-rapid-repair-dark-spot-treatment\/","url_meta":{"origin":26926,"position":5},"title":"URBAN RETINOL RAPID REPAIR &amp; DARK SPOT TREATMENT","author":"admin","date":"November 28, 2022","format":false,"excerpt":"L'arme secr\u00e8te de cette formule est bien s\u00fbr le r\u00e9tinol, qui agit pour exfolier et am\u00e9liorer l'apparence du teint, de la texture, des \u00e9ruptions cutan\u00e9es et des marques post-\u00e9ruptions cutan\u00e9es et vous mettre sur la voie d'une peau lisse et \u00e9clatante. Il contient \u00e9galement de l'acide kojique pour cibler l'hyperpigmentation\u2026","rel":"","context":"Similar post","block_context":{"text":"Similar post","link":""},"img":{"alt_text":"","src":"","width":0,"height":0},"classes":[]}],"_links":{"self":[{"href":"https:\/\/sakaba.mghosteur.com\/en\/wp-json\/wp\/v2\/product\/26926","targetHints":{"allow":["GET"]}}],"collection":[{"href":"https:\/\/sakaba.mghosteur.com\/en\/wp-json\/wp\/v2\/product"}],"about":[{"href":"https:\/\/sakaba.mghosteur.com\/en\/wp-json\/wp\/v2\/types\/product"}],"replies":[{"embeddable":true,"href":"https:\/\/sakaba.mghosteur.com\/en\/wp-json\/wp\/v2\/comments?post=26926"}],"version-history":[{"count":0,"href":"https:\/\/sakaba.mghosteur.com\/en\/wp-json\/wp\/v2\/product\/26926\/revisions"}],"wp:attachment":[{"href":"https:\/\/sakaba.mghosteur.com\/en\/wp-json\/wp\/v2\/media?parent=26926"}],"wp:term":[{"taxonomy":"product_brand","embeddable":true,"href":"https:\/\/sakaba.mghosteur.com\/en\/wp-json\/wp\/v2\/product_brand?post=26926"},{"taxonomy":"product_cat","embeddable":true,"href":"https:\/\/sakaba.mghosteur.com\/en\/wp-json\/wp\/v2\/product_cat?post=26926"},{"taxonomy":"product_tag","embeddable":true,"href":"https:\/\/sakaba.mghosteur.com\/en\/wp-json\/wp\/v2\/product_tag?post=26926"}],"curies":[{"name":"wp","href":"https:\/\/api.w.org\/{rel}","templated":true}]}}