{"id":26945,"date":"2022-11-28T17:49:56","date_gmt":"2022-11-28T17:49:56","guid":{"rendered":"http:\/\/www.sakababeauty.com\/?post_type=product&#038;p=26945"},"modified":"2023-05-11T13:12:12","modified_gmt":"2023-05-11T13:12:12","slug":"clarifying-cleanser","status":"publish","type":"product","link":"https:\/\/sakaba.mghosteur.com\/en\/product\/clarifying-cleanser\/","title":{"rendered":"FACETHEORY Clarifying Cleanser C2"},"content":{"rendered":"<p>Le FACETHEORY Clarifying Cleanser C2 est une cr\u00e8me nettoyante clarifiante qui contient un puissant m\u00e9lange d&#8217;acides \u00e0 faible pH pour les peaux mixtes ou grasses, congestionn\u00e9es et sujettes aux imperfections. Il contient 2% d&#8217;acide salicylique qui p\u00e9n\u00e8tre profond\u00e9ment dans les pores pour \u00e9liminer la salet\u00e9 emprisonn\u00e9e et r\u00e9duire l&#8217;apparence des points noirs. Le nettoyant est \u00e9galement formul\u00e9 avec de l&#8217;acide glycolique (4%) et de l&#8217;acide lactique (1%) pour exfolier la peau, \u00e9liminer les cellules mortes de la peau et am\u00e9liorer la texture et l&#8217;apparence globales. L&#8217;acide salicylique (2%) r\u00e9g\u00e9n\u00e8re les cellules de la peau et resurface votre peau pour la laisser douce et lumineuse. En plus, il est exempt de parab\u00e8nes, silicones, PEG, SLS, SLES et huiles min\u00e9rales, est v\u00e9g\u00e9talien et sans cruaut\u00e9 et est fabriqu\u00e9 au Royaume-Uni. Les ingr\u00e9dients actifs comprennent de l&#8217;avocat, de l&#8217;huile d&#8217;amande douce et des acides alpha\/b\u00eata-hydroxy.<\/p>\n<p>Pour l&#8217;utiliser, rincez d&#8217;abord votre visage \u00e0 l&#8217;eau ti\u00e8de, puis appliquez une petite quantit\u00e9 de nettoyant, massez, laissez agir une minute, puis rincez \u00e0 nouveau \u00e0 l&#8217;eau ti\u00e8de. Cependant, ce produit contient un acide alpha\/b\u00eata hydroxy qui peut augmenter la sensibilit\u00e9 de votre peau au soleil et en particulier la possibilit\u00e9 de coups de soleil. Utilisez un \u00e9cran solaire, portez des v\u00eatements de protection et limitez l&#8217;exposition au soleil pendant l&#8217;utilisation de ce produit et pendant une semaine apr\u00e8s. Testez d&#8217;abord sur une petite surface.<\/p>\n<p>Apr\u00e8s votre premi\u00e8re application compl\u00e8te, attendez un jour ou deux avant de commencer une utilisation r\u00e9guli\u00e8re. Arr\u00eatez en cas d&#8217;irritation. \u00c9vitez d&#8217;utiliser simultan\u00e9ment avec des produits \u00e0 base de r\u00e9tinol tant que vous n&#8217;avez pas vu comment votre peau r\u00e9agit aux AHA\/BHA. De plus, il ne doit pas \u00eatre utilis\u00e9 si vous \u00eates allergique \u00e0 l&#8217;aspirine. Si vous avez moins de 18 ans ou si vous \u00eates enceinte, demandez conseil \u00e0 votre m\u00e9decin avant de l&#8217;utiliser.<\/p>","protected":false},"excerpt":{"rendered":"<p>Le FACETHEORY Clarifying Cleanser C2 est une cr\u00e8me nettoyante clarifiante qui contient un puissant m\u00e9lange d&#8217;acides \u00e0 faible pH pour les peaux mixtes ou grasses, congestionn\u00e9es et sujettes aux imperfections. Il contient 2% d&#8217;acide salicylique qui p\u00e9n\u00e8tre profond\u00e9ment dans les pores pour \u00e9liminer la salet\u00e9 emprisonn\u00e9e et r\u00e9duire l&#8217;apparence des points noirs. Le nettoyant est<span class=\"read-more-faq\"><a href=\"https:\/\/sakaba.mghosteur.com\/en\/product\/clarifying-cleanser\/\">Read More<\/a><\/span><\/p>","protected":false},"featured_media":0,"comment_status":"closed","ping_status":"closed","template":"","meta":[],"product_brand":[],"product_cat":[446],"product_tag":[],"class_list":{"0":"post-26945","1":"product","2":"type-product","3":"status-publish","5":"product_cat-nettoyant","7":"first","8":"instock","9":"shipping-taxable","10":"product-type-simple"},"jetpack-related-posts":[{"id":30488,"url":"https:\/\/sakaba.mghosteur.com\/en\/product\/facetheory-clarifying-cleanser-c2-pro\/","url_meta":{"origin":26945,"position":0},"title":"FACETHEORY Clarifying Cleanser C2 Pro","author":"admin","date":"May 11, 2023","format":false,"excerpt":"D\u00e9couvrez le Clarifying Cleanser C2 Pro de la marque FACETHEORY, un nettoyant visage clarifiant qui utilise deux m\u00e9thodes diff\u00e9rentes de nettoyage pour \u00e9liminer les impuret\u00e9s et d\u00e9bloquer les pores de votre peau. Avec une forte concentration d'actifs, ce nettoyant contient de l'acide glycolique (4%), de l'acide lactique (1%) et de\u2026","rel":"","context":"Similar post","block_context":{"text":"Similar post","link":""},"img":{"alt_text":"","src":"","width":0,"height":0},"classes":[]},{"id":26948,"url":"https:\/\/sakaba.mghosteur.com\/en\/product\/facetheory-glycolacsal-solution\/","url_meta":{"origin":26945,"position":1},"title":"FACETHEORY Glycolacsal Solution T4","author":"admin","date":"November 28, 2022","format":false,"excerpt":"Produit: Solution T4 Glycolacsal de la marque Facetheory La Solution T4 Glycolacsal de Facetheory est un toner exfoliant formul\u00e9 avec un trio d'acides: l'acide glycolique (8,5%), l'acide salicylique (1%) et l'acide lactique (0,5%) pour clarifier, \u00e9claircir et unifier le teint. Ces actifs acc\u00e9l\u00e8rent le renouvellement cellulaire, r\u00e9duisent les ridules, les\u2026","rel":"","context":"Similar post","block_context":{"text":"Similar post","link":""},"img":{"alt_text":"","src":"","width":0,"height":0},"classes":[]},{"id":26951,"url":"https:\/\/sakaba.mghosteur.com\/en\/product\/facetheory-vitamin-c-cream-cleanser\/","url_meta":{"origin":26945,"position":2},"title":"FACETHEORY Vitamin C Cream Cleanser C1","author":"admin","date":"November 28, 2022","format":false,"excerpt":"D\u00e9couvrez la Cr\u00e8me Nettoyante \u00e0 la Vitamine C C1 de FACETHEORY, une formule douce mais efficace pour \u00e9liminer les impuret\u00e9s et les d\u00e9bris qui obstruent les pores de votre peau. La vitamine C stabilis\u00e9e neutralise les radicaux libres et prot\u00e8ge votre peau contre les dommages environnementaux futurs, tandis que la\u2026","rel":"","context":"Similar post","block_context":{"text":"Similar post","link":""},"img":{"alt_text":"","src":"","width":0,"height":0},"classes":[]},{"id":29485,"url":"https:\/\/sakaba.mghosteur.com\/en\/product\/cosrx-salicylic-acid-daily-gentle-cleanser\/","url_meta":{"origin":26945,"position":3},"title":"COSRX SALICYLIC ACID DAILY GENTLE CLEANSER","author":"admin","date":"April 6, 2023","format":false,"excerpt":"Le Nettoyant doux quotidien \u00e0 l'acide salicylique est un produit qui nettoie en douceur la peau sans la dess\u00e9cher. Il utilise de l'acide salicylique pour \u00e9liminer les impuret\u00e9s et l'exc\u00e8s de s\u00e9bum tout en luttant contre l'acn\u00e9 et les imperfections. Ce nettoyant laisse la peau douce et lisse sans sensation\u2026","rel":"","context":"Similar post","block_context":{"text":"Similar post","link":""},"img":{"alt_text":"","src":"","width":0,"height":0},"classes":[]},{"id":24177,"url":"https:\/\/sakaba.mghosteur.com\/en\/product\/cerave-sa-body-wash-for-rough-and-bumpy-skin\/","url_meta":{"origin":26945,"position":4},"title":"CERAVE SA BODY WASH FOR ROUGH AND BUMPY SKIN","author":"admin","date":"November 9, 2022","format":false,"excerpt":"Le nettoyant pour le corps CeraVe SA est sp\u00e9cialement con\u00e7u pour les peaux rugueuses et bossel\u00e9es. Il utilise une combinaison d'acide salicylique, de c\u00e9ramides, d'acide hyaluronique et de niacinamide pour nettoyer et exfolier en douceur tout en offrant une hydratation optimale. L'acide salicylique est un exfoliant doux qui aide \u00e0\u2026","rel":"","context":"Similar post","block_context":{"text":"Similar post","link":""},"img":{"alt_text":"","src":"","width":0,"height":0},"classes":[]},{"id":26966,"url":"https:\/\/sakaba.mghosteur.com\/en\/product\/bha-exfoliant-serum-2salicylic-acid-with-green-te\/","url_meta":{"origin":26945,"position":5},"title":"FACETHEORY BHA Exfoliating Serum S3","author":"admin","date":"November 28, 2022","format":false,"excerpt":"Le BHA Exfoliating Serum S3 de FACETHEORY est un exfoliant liquide sans rin\u00e7age reformul\u00e9 avec 5 % de BHA - 2 % d'acide salicylique et maintenant avec 3 % de carnitine - pour cibler l'acn\u00e9, les cellules mortes, les rides et les ridules tout en hydratant et nourrissant la peau.\u2026","rel":"","context":"Similar post","block_context":{"text":"Similar post","link":""},"img":{"alt_text":"","src":"","width":0,"height":0},"classes":[]}],"_links":{"self":[{"href":"https:\/\/sakaba.mghosteur.com\/en\/wp-json\/wp\/v2\/product\/26945","targetHints":{"allow":["GET"]}}],"collection":[{"href":"https:\/\/sakaba.mghosteur.com\/en\/wp-json\/wp\/v2\/product"}],"about":[{"href":"https:\/\/sakaba.mghosteur.com\/en\/wp-json\/wp\/v2\/types\/product"}],"replies":[{"embeddable":true,"href":"https:\/\/sakaba.mghosteur.com\/en\/wp-json\/wp\/v2\/comments?post=26945"}],"version-history":[{"count":0,"href":"https:\/\/sakaba.mghosteur.com\/en\/wp-json\/wp\/v2\/product\/26945\/revisions"}],"wp:attachment":[{"href":"https:\/\/sakaba.mghosteur.com\/en\/wp-json\/wp\/v2\/media?parent=26945"}],"wp:term":[{"taxonomy":"product_brand","embeddable":true,"href":"https:\/\/sakaba.mghosteur.com\/en\/wp-json\/wp\/v2\/product_brand?post=26945"},{"taxonomy":"product_cat","embeddable":true,"href":"https:\/\/sakaba.mghosteur.com\/en\/wp-json\/wp\/v2\/product_cat?post=26945"},{"taxonomy":"product_tag","embeddable":true,"href":"https:\/\/sakaba.mghosteur.com\/en\/wp-json\/wp\/v2\/product_tag?post=26945"}],"curies":[{"name":"wp","href":"https:\/\/api.w.org\/{rel}","templated":true}]}}