{"id":26948,"date":"2022-11-28T17:51:12","date_gmt":"2022-11-28T17:51:12","guid":{"rendered":"http:\/\/www.sakababeauty.com\/?post_type=product&#038;p=26948"},"modified":"2023-05-11T14:08:14","modified_gmt":"2023-05-11T14:08:14","slug":"facetheory-glycolacsal-solution","status":"publish","type":"product","link":"https:\/\/sakaba.mghosteur.com\/en\/product\/facetheory-glycolacsal-solution\/","title":{"rendered":"FACETHEORY Glycolacsal Solution T4"},"content":{"rendered":"<p>Produit: Solution T4 Glycolacsal de la marque Facetheory<\/p>\n<p>La Solution T4 Glycolacsal de Facetheory est un toner exfoliant formul\u00e9 avec un trio d&#8217;acides: l&#8217;acide glycolique (8,5%), l&#8217;acide salicylique (1%) et l&#8217;acide lactique (0,5%) pour clarifier, \u00e9claircir et unifier le teint. Ces actifs acc\u00e9l\u00e8rent le renouvellement cellulaire, r\u00e9duisent les ridules, les rides et minimisent l&#8217;apparence des pores dilat\u00e9s pour r\u00e9v\u00e9ler une nouvelle peau fra\u00eeche.<\/p>\n<p>L&#8217;acide glycolique, un acide alpha-hydroxy, dissout les liaisons entre les cellules mortes de la peau pour favoriser leur \u00e9limination et permettre la r\u00e9g\u00e9n\u00e9ration de nouvelles cellules. L&#8217;acide lactique, \u00e9galement un acide alpha-hydroxy, exfolie les pores et encourage le renouvellement cellulaire, adoucit l&#8217;apparence des ridules et att\u00e9nue les d\u00e9colorations comme l&#8217;hyperpigmentation et les taches de vieillesse. L&#8217;acide salicylique, un acide b\u00eata-hydroxy, est soluble dans l&#8217;huile et p\u00e9n\u00e8tre profond\u00e9ment dans les pores pour dissoudre les huiles de surface et autres impuret\u00e9s qui provoquent des blocages et des \u00e9ruptions cutan\u00e9es. Les pores nettoy\u00e9s sont plus serr\u00e9s et moins visibles, laissant la texture de la peau lisse et raffin\u00e9e.<\/p>\n<p>La Solution T4 Glycolacsal \u00e9limine toutes les traces de d\u00e9bris de surface pour pr\u00e9parer parfaitement la peau \u00e0 absorber votre s\u00e9rum et votre hydratant pr\u00e9f\u00e9r\u00e9s. Ce toner est formul\u00e9 sans alcool ni autres produits chimiques agressifs, donc il ne pique pas et est moins susceptible d&#8217;irriter les peaux sensibles. Il convient pour une utilisation avec des tampons en coton biologique r\u00e9utilisables Tendertouch.<\/p>\n<p>Cette solution tonique ne contient pas de parab\u00e8nes, de silicones, de PEG, de SLS, de SLES et d&#8217;huiles min\u00e9rales. Elle est v\u00e9g\u00e9talienne et sans cruaut\u00e9 animale. Fabriqu\u00e9e au Royaume-Uni, les produits Facetheory contiennent une forte concentration d&#8217;actifs, donc une petite quantit\u00e9 suffit par utilisation.<\/p>\n<p>Pour utiliser la Solution T4 Glycolacsal, il suffit de nettoyer le visage et de le s\u00e9cher doucement avec une serviette propre. Appliquez ensuite la solution sur une peau nettoy\u00e9e \u00e0 l&#8217;aide d&#8217;un coton. Cependant, ce produit contient un acide alpha\/b\u00eata hydroxy qui peut augmenter la sensibilit\u00e9 de votre peau au soleil et en particulier la possibilit\u00e9 de coups de soleil. Il est donc important d&#8217;utiliser un \u00e9cran solaire, de porter des v\u00eatements de protection et de limiter l&#8217;exposition au soleil pendant l&#8217;utilisation de ce produit et pendant une semaine apr\u00e8s. Testez d&#8217;abord sur une petite surface. Apr\u00e8s la premi\u00e8re application compl\u00e8te, attendez un jour ou deux avant de commencer une utilisation r\u00e9guli\u00e8re. Arr\u00eatez imm\u00e9diatement en cas d&#8217;irritation.<\/p>","protected":false},"excerpt":{"rendered":"<p>Produit: Solution T4 Glycolacsal de la marque Facetheory La Solution T4 Glycolacsal de Facetheory est un toner exfoliant formul\u00e9 avec un trio d&#8217;acides: l&#8217;acide glycolique (8,5%), l&#8217;acide salicylique (1%) et l&#8217;acide lactique (0,5%) pour clarifier, \u00e9claircir et unifier le teint. Ces actifs acc\u00e9l\u00e8rent le renouvellement cellulaire, r\u00e9duisent les ridules, les rides et minimisent l&#8217;apparence des<span class=\"read-more-faq\"><a href=\"https:\/\/sakaba.mghosteur.com\/en\/product\/facetheory-glycolacsal-solution\/\">Read More<\/a><\/span><\/p>","protected":false},"featured_media":0,"comment_status":"closed","ping_status":"closed","template":"","meta":[],"product_brand":[],"product_cat":[377],"product_tag":[],"class_list":{"0":"post-26948","1":"product","2":"type-product","3":"status-publish","5":"product_cat-bath-body-works","7":"first","8":"instock","9":"shipping-taxable","10":"product-type-simple"},"jetpack-related-posts":[{"id":26945,"url":"https:\/\/sakaba.mghosteur.com\/en\/product\/clarifying-cleanser\/","url_meta":{"origin":26948,"position":0},"title":"FACETHEORY Clarifying Cleanser C2","author":"admin","date":"November 28, 2022","format":false,"excerpt":"Le FACETHEORY Clarifying Cleanser C2 est une cr\u00e8me nettoyante clarifiante qui contient un puissant m\u00e9lange d'acides \u00e0 faible pH pour les peaux mixtes ou grasses, congestionn\u00e9es et sujettes aux imperfections. Il contient 2% d'acide salicylique qui p\u00e9n\u00e8tre profond\u00e9ment dans les pores pour \u00e9liminer la salet\u00e9 emprisonn\u00e9e et r\u00e9duire l'apparence des\u2026","rel":"","context":"Similar post","block_context":{"text":"Similar post","link":""},"img":{"alt_text":"","src":"","width":0,"height":0},"classes":[]},{"id":26646,"url":"https:\/\/sakaba.mghosteur.com\/en\/product\/alpha-skin-care-moisturizing-body-wash-sea-mist\/","url_meta":{"origin":26948,"position":1},"title":"ALPHA SKIN CARE MOISTURIZING BODY WASH SEA MIST","author":"admin","date":"November 28, 2022","format":false,"excerpt":"Formul\u00e9 avec 10 % d'acide alpha-hydroxy glycolique (AHA) pour lib\u00e9rer en douceur les cellules mortes de la peau et r\u00e9v\u00e9ler une peau fra\u00eeche, saine et d'apparence plus jeune. TYPES DE PEAU : Peau normale \u00e0 s\u00e8che. FORMULE ANTI-\u00c2GE : Notre cr\u00e8me anti-\u00e2ge est sp\u00e9cialement formul\u00e9e avec l'\u00e9quilibre optimal de 10\u2026","rel":"","context":"Similar post","block_context":{"text":"Similar post","link":""},"img":{"alt_text":"","src":"","width":0,"height":0},"classes":[]},{"id":26629,"url":"https:\/\/sakaba.mghosteur.com\/en\/product\/alpha-skin-care-renewal-body-lotion-12-glycolic\/","url_meta":{"origin":26948,"position":2},"title":"ALPHA SKIN CARE RENEWAL BODY LOTION 12% GLYCOLIC","author":"admin","date":"November 28, 2022","format":false,"excerpt":"Formul\u00e9 avec 12 % d'acide alpha-hydroxy glycolique (AHA) pour hydrater en profondeur et exfolier en douceur, laissant la peau douce, lisse et d'apparence plus jeune de la t\u00eate aux pieds. TYPES DE PEAU : Tous types de peau FORMULE ANTI-\u00c2GE : Ce lotion anti-\u00e2ge est sp\u00e9cialement formul\u00e9e avec l'\u00e9quilibre optimal\u2026","rel":"","context":"Similar post","block_context":{"text":"Similar post","link":""},"img":{"alt_text":"","src":"","width":0,"height":0},"classes":[]},{"id":30488,"url":"https:\/\/sakaba.mghosteur.com\/en\/product\/facetheory-clarifying-cleanser-c2-pro\/","url_meta":{"origin":26948,"position":3},"title":"FACETHEORY Clarifying Cleanser C2 Pro","author":"admin","date":"May 11, 2023","format":false,"excerpt":"D\u00e9couvrez le Clarifying Cleanser C2 Pro de la marque FACETHEORY, un nettoyant visage clarifiant qui utilise deux m\u00e9thodes diff\u00e9rentes de nettoyage pour \u00e9liminer les impuret\u00e9s et d\u00e9bloquer les pores de votre peau. Avec une forte concentration d'actifs, ce nettoyant contient de l'acide glycolique (4%), de l'acide lactique (1%) et de\u2026","rel":"","context":"Similar post","block_context":{"text":"Similar post","link":""},"img":{"alt_text":"","src":"","width":0,"height":0},"classes":[]},{"id":26966,"url":"https:\/\/sakaba.mghosteur.com\/en\/product\/bha-exfoliant-serum-2salicylic-acid-with-green-te\/","url_meta":{"origin":26948,"position":4},"title":"FACETHEORY BHA Exfoliating Serum S3","author":"admin","date":"November 28, 2022","format":false,"excerpt":"Le BHA Exfoliating Serum S3 de FACETHEORY est un exfoliant liquide sans rin\u00e7age reformul\u00e9 avec 5 % de BHA - 2 % d'acide salicylique et maintenant avec 3 % de carnitine - pour cibler l'acn\u00e9, les cellules mortes, les rides et les ridules tout en hydratant et nourrissant la peau.\u2026","rel":"","context":"Similar post","block_context":{"text":"Similar post","link":""},"img":{"alt_text":"","src":"","width":0,"height":0},"classes":[]},{"id":27686,"url":"https:\/\/sakaba.mghosteur.com\/en\/product\/ole-henriksen-glow-oh-dark-spot-toner\/","url_meta":{"origin":26948,"position":5},"title":"OLE HENRIKSEN GLOW OH DARK SPOT TONER","author":"admin","date":"November 29, 2022","format":false,"excerpt":"Le tonique anti-taches Glow 2 OH d'Ole Henriksen aide \u00e0 clarifier et \u00e0 affiner l'apparence de la peau pour des r\u00e9sultats \u00e9quilibr\u00e9s. Infus\u00e9e d'un m\u00e9lange d'acides alpha-hydroxy, la formule agit pour minimiser visiblement les taches brunes en sept jours*. Les acides glycolique et lactique combinent leurs pouvoirs exfoliants pour \u00e9liminer\u2026","rel":"","context":"Similar post","block_context":{"text":"Similar post","link":""},"img":{"alt_text":"","src":"","width":0,"height":0},"classes":[]}],"_links":{"self":[{"href":"https:\/\/sakaba.mghosteur.com\/en\/wp-json\/wp\/v2\/product\/26948","targetHints":{"allow":["GET"]}}],"collection":[{"href":"https:\/\/sakaba.mghosteur.com\/en\/wp-json\/wp\/v2\/product"}],"about":[{"href":"https:\/\/sakaba.mghosteur.com\/en\/wp-json\/wp\/v2\/types\/product"}],"replies":[{"embeddable":true,"href":"https:\/\/sakaba.mghosteur.com\/en\/wp-json\/wp\/v2\/comments?post=26948"}],"version-history":[{"count":0,"href":"https:\/\/sakaba.mghosteur.com\/en\/wp-json\/wp\/v2\/product\/26948\/revisions"}],"wp:attachment":[{"href":"https:\/\/sakaba.mghosteur.com\/en\/wp-json\/wp\/v2\/media?parent=26948"}],"wp:term":[{"taxonomy":"product_brand","embeddable":true,"href":"https:\/\/sakaba.mghosteur.com\/en\/wp-json\/wp\/v2\/product_brand?post=26948"},{"taxonomy":"product_cat","embeddable":true,"href":"https:\/\/sakaba.mghosteur.com\/en\/wp-json\/wp\/v2\/product_cat?post=26948"},{"taxonomy":"product_tag","embeddable":true,"href":"https:\/\/sakaba.mghosteur.com\/en\/wp-json\/wp\/v2\/product_tag?post=26948"}],"curies":[{"name":"wp","href":"https:\/\/api.w.org\/{rel}","templated":true}]}}