{"id":26954,"date":"2022-11-28T17:52:52","date_gmt":"2022-11-28T17:52:52","guid":{"rendered":"http:\/\/www.sakababeauty.com\/?post_type=product&#038;p=26954"},"modified":"2023-05-11T13:56:56","modified_gmt":"2023-05-11T13:56:56","slug":"facetheory-cera-c-pore-reducing-toner","status":"publish","type":"product","link":"https:\/\/sakaba.mghosteur.com\/en\/product\/facetheory-cera-c-pore-reducing-toner\/","title":{"rendered":"FACETHEORY Cera-C Pore Reducing Toner T1"},"content":{"rendered":"<p>Le toner Cera-C R\u00e9ducteur de Pores T1 de Facetheory est un toner l\u00e9ger et \u00e9quilibrant formul\u00e9 avec des c\u00e9ramides et de la niacinamide (vitamine B3) pour aider \u00e0 r\u00e9duire l&#8217;apparence des pores dilat\u00e9s et restaurer l&#8217;\u00e9lasticit\u00e9 naturelle de la peau. La vitamine C stabilis\u00e9e aide \u00e0 combattre les bact\u00e9ries responsables de l&#8217;acn\u00e9 et illumine la peau, tandis que le lactate de sodium hydrate et que l&#8217;aloe vera et la vitamine E apaisent. Sans alcool, parab\u00e8nes, silicones, PEG, SLS, SLES et huiles min\u00e9rales, ce toner est v\u00e9g\u00e9talien et sans cruaut\u00e9. Les ingr\u00e9dients actifs incluent des c\u00e9ramides, de la niacinamide, du panth\u00e9nol, de la vitamine C (phosphate d&#8217;ascorbyle de sodium) et de l&#8217;acide lactique. Convient \u00e0 la plupart des types de peau, y compris les peaux grasses ou mixtes aux pores dilat\u00e9s. Appliquer sur peau nettoy\u00e9e \u00e0 l&#8217;aide d&#8217;un coton. Fabriqu\u00e9 au Royaume-Uni avec une forte concentration d&#8217;actifs, donc seule une petite quantit\u00e9 est n\u00e9cessaire par utilisation.<\/p>","protected":false},"excerpt":{"rendered":"<p>Le toner Cera-C R\u00e9ducteur de Pores T1 de Facetheory est un toner l\u00e9ger et \u00e9quilibrant formul\u00e9 avec des c\u00e9ramides et de la niacinamide (vitamine B3) pour aider \u00e0 r\u00e9duire l&#8217;apparence des pores dilat\u00e9s et restaurer l&#8217;\u00e9lasticit\u00e9 naturelle de la peau. La vitamine C stabilis\u00e9e aide \u00e0 combattre les bact\u00e9ries responsables de l&#8217;acn\u00e9 et illumine la<span class=\"read-more-faq\"><a href=\"https:\/\/sakaba.mghosteur.com\/en\/product\/facetheory-cera-c-pore-reducing-toner\/\">Read More<\/a><\/span><\/p>","protected":false},"featured_media":0,"comment_status":"closed","ping_status":"closed","template":"","meta":[],"product_brand":[],"product_cat":[377],"product_tag":[],"class_list":{"0":"post-26954","1":"product","2":"type-product","3":"status-publish","5":"product_cat-bath-body-works","7":"first","8":"instock","9":"shipping-taxable","10":"product-type-simple"},"jetpack-related-posts":[{"id":26957,"url":"https:\/\/sakaba.mghosteur.com\/en\/product\/porebright-n10-serum\/","url_meta":{"origin":26954,"position":0},"title":"FACETHEORY Porebright Serum N10","author":"admin","date":"November 28, 2022","format":false,"excerpt":"D\u00e9couvrez le S\u00e9rum Porebright N10 de la marque Facetheory, un s\u00e9rum concentr\u00e9 en actifs pour aider \u00e0 r\u00e9duire l'apparence des l\u00e9sions d'acn\u00e9, des pores dilat\u00e9s et de l'hyperpigmentation. Formul\u00e9 avec de la niacinamide (vitamine B3) pour r\u00e9duire l'apparence des pores dilat\u00e9s, de l'acide hyaluronique pour r\u00e9g\u00e9n\u00e9rer et maintenir l'\u00e9quilibre hydrique\u2026","rel":"","context":"Similar post","block_context":{"text":"Similar post","link":""},"img":{"alt_text":"","src":"","width":0,"height":0},"classes":[]},{"id":26342,"url":"https:\/\/sakaba.mghosteur.com\/en\/product\/paulas-choice-pore-reducing-toner-with-niacinamid\/","url_meta":{"origin":26954,"position":1},"title":"PAULA&#8217;S CHOICE PORE REDUCING TONER with niacinamid","author":"admin","date":"November 25, 2022","format":false,"excerpt":"Le Tonique r\u00e9ducteur de pores de la marque Paula's Choice est un tonique facial quotidien qui peut aider \u00e0 \u00e9quilibrer la peau grasse tout en r\u00e9duisant l'apparence des pores dilat\u00e9s. Cette formule fluide l\u00e9g\u00e8re est facile \u00e0 utiliser et peut \u00eatre appliqu\u00e9e deux fois par jour apr\u00e8s avoir nettoy\u00e9 la\u2026","rel":"","context":"Similar post","block_context":{"text":"Similar post","link":""},"img":{"alt_text":"","src":"","width":0,"height":0},"classes":[]},{"id":30471,"url":"https:\/\/sakaba.mghosteur.com\/en\/product\/facetheory-amil-c-whip-daily-defence\/","url_meta":{"origin":26954,"position":2},"title":"FACETHEORY Amil-C Whip Daily Defence","author":"admin","date":"May 11, 2023","format":false,"excerpt":"D\u00e9couvrez la cr\u00e8me hydratante en mousse fouett\u00e9e Amil-C Whip Daily Defense de la marque Facetheory, dot\u00e9e d'un filtre chimique UVA\/UVB Bemotrizinol pour prot\u00e9ger votre peau des dommages environnementaux. Cette cr\u00e8me contient 5 % de niacinamide et de vitamine C \u00e0 double action pour \u00e9quilibrer votre teint, r\u00e9duire les rougeurs et\u2026","rel":"","context":"Similar post","block_context":{"text":"Similar post","link":""},"img":{"alt_text":"","src":"","width":0,"height":0},"classes":[]},{"id":26960,"url":"https:\/\/sakaba.mghosteur.com\/en\/product\/supergel-moisturiser-oil-free\/","url_meta":{"origin":26954,"position":3},"title":"FACETHEORY Supergel Oil-free Moisturiser M3 for Oily and Acne","author":"admin","date":"November 28, 2022","format":false,"excerpt":"D\u00e9couvrez le Supergel Hydratant sans huile M3 de FACETHEORY, sp\u00e9cialement formul\u00e9 pour les peaux grasses et sujettes \u00e0 l'acn\u00e9. Ce gel d'aloe vera l\u00e9ger hydrate la peau sans laisser de r\u00e9sidus gras et aide \u00e0 r\u00e9duire la taille des pores gr\u00e2ce au niacinamide et \u00e0 soulager la congestion cutan\u00e9e gr\u00e2ce\u2026","rel":"","context":"Similar post","block_context":{"text":"Similar post","link":""},"img":{"alt_text":"","src":"","width":0,"height":0},"classes":[]},{"id":56144,"url":"https:\/\/sakaba.mghosteur.com\/en\/product\/anua-rice-70-glow-milky-toner\/","url_meta":{"origin":26954,"position":4},"title":"Anua Rice 70 Glow Milky Toner","author":"Sope DIA","date":"January 2, 2026","format":false,"excerpt":"LOTION TONIQUE LAIT\u00c9E L\u00c9G\u00c8RE POUR UNE PEAU DE VERRE : Offre une hydratation intense gr\u00e2ce \u00e0 un m\u00e9lange d'eau de riz, de niacinamide et de c\u00e9ramides, tout en laissant un fini rafra\u00eechissant et non collant pour une peau de verre. EAU DE RIZ ET NIACINAMIDE POUR HYDRATER : Contient 70\u2026","rel":"","context":"Similar post","block_context":{"text":"Similar post","link":""},"img":{"alt_text":"","src":"","width":0,"height":0},"classes":[]},{"id":26972,"url":"https:\/\/sakaba.mghosteur.com\/en\/product\/exaglow-serum-5tranexamic-acid\/","url_meta":{"origin":26954,"position":5},"title":"FACETHEO S\u00e9rum Exaglow S10 5% acide tranexamique","author":"admin","date":"November 28, 2022","format":false,"excerpt":"D\u00e9couvrez le s\u00e9rum Exaglow S10 de FACETHEORY, un s\u00e9rum \u00e9claircissant qui utilise des actifs cl\u00e9s pour un maximum de r\u00e9sultats. Formul\u00e9 avec de l'acide tranexamique, de la vitamine C et de la r\u00e9glisse, ce s\u00e9rum est con\u00e7u pour \u00e9claircir les taches brunes et la pigmentation, ainsi que pour lisser les\u2026","rel":"","context":"Similar post","block_context":{"text":"Similar post","link":""},"img":{"alt_text":"","src":"","width":0,"height":0},"classes":[]}],"_links":{"self":[{"href":"https:\/\/sakaba.mghosteur.com\/en\/wp-json\/wp\/v2\/product\/26954","targetHints":{"allow":["GET"]}}],"collection":[{"href":"https:\/\/sakaba.mghosteur.com\/en\/wp-json\/wp\/v2\/product"}],"about":[{"href":"https:\/\/sakaba.mghosteur.com\/en\/wp-json\/wp\/v2\/types\/product"}],"replies":[{"embeddable":true,"href":"https:\/\/sakaba.mghosteur.com\/en\/wp-json\/wp\/v2\/comments?post=26954"}],"version-history":[{"count":0,"href":"https:\/\/sakaba.mghosteur.com\/en\/wp-json\/wp\/v2\/product\/26954\/revisions"}],"wp:attachment":[{"href":"https:\/\/sakaba.mghosteur.com\/en\/wp-json\/wp\/v2\/media?parent=26954"}],"wp:term":[{"taxonomy":"product_brand","embeddable":true,"href":"https:\/\/sakaba.mghosteur.com\/en\/wp-json\/wp\/v2\/product_brand?post=26954"},{"taxonomy":"product_cat","embeddable":true,"href":"https:\/\/sakaba.mghosteur.com\/en\/wp-json\/wp\/v2\/product_cat?post=26954"},{"taxonomy":"product_tag","embeddable":true,"href":"https:\/\/sakaba.mghosteur.com\/en\/wp-json\/wp\/v2\/product_tag?post=26954"}],"curies":[{"name":"wp","href":"https:\/\/api.w.org\/{rel}","templated":true}]}}