{"id":26957,"date":"2022-11-28T17:53:55","date_gmt":"2022-11-28T17:53:55","guid":{"rendered":"http:\/\/www.sakababeauty.com\/?post_type=product&#038;p=26957"},"modified":"2023-05-11T18:22:37","modified_gmt":"2023-05-11T18:22:37","slug":"porebright-n10-serum","status":"publish","type":"product","link":"https:\/\/sakaba.mghosteur.com\/en\/product\/porebright-n10-serum\/","title":{"rendered":"FACETHEORY Porebright Serum N10"},"content":{"rendered":"<p><span style=\"vertical-align: inherit;\"><span style=\"vertical-align: inherit;\">D\u00e9couvrez le S\u00e9rum Porebright N10 de la marque Facetheory, un s\u00e9rum concentr\u00e9 en actifs pour aider \u00e0 r\u00e9duire l&#8217;apparence des l\u00e9sions d&#8217;acn\u00e9, des pores dilat\u00e9s et de l&#8217;hyperpigmentation. <\/span><span style=\"vertical-align: inherit;\">Formul\u00e9 avec de la niacinamide (vitamine B3) pour r\u00e9duire l&#8217;apparence des pores dilat\u00e9s, de l&#8217;acide hyaluronique pour r\u00e9g\u00e9n\u00e9rer et maintenir l&#8217;\u00e9quilibre hydrique de la peau, de l&#8217;acide salicylique pour exfolier en douceur et de l&#8217;acide az\u00e9la\u00efque d\u00e9riv\u00e9 du bl\u00e9, du seigle et de l&#8217;orge pour lutter contre les pores obstru\u00e9s et l&#8217;acn\u00e9, ainsi que pour r\u00e9duire l&#8217;hyperpigmentation. <\/span><span style=\"vertical-align: inherit;\">Ce s\u00e9rum est recommand\u00e9 pour la plupart des types de peau, y compris les peaux grasses ou mixtes aux pores dilat\u00e9s et les peaux sensibles et matures. <\/span><span style=\"vertical-align: inherit;\">Sans parab\u00e8nes, silicones, PEG, SLS, SLES et huiles min\u00e9rales, <\/span><span style=\"vertical-align: inherit;\">il est \u00e9galement v\u00e9g\u00e9talien et sans cruaut\u00e9. <\/span><span style=\"vertical-align: inherit;\">Utilisez-le seul ou sous votre hydratant pr\u00e9f\u00e9r\u00e9 pour un teint radieux et unifi\u00e9. <\/span><span style=\"vertical-align: inherit;\">Appliquez quelques gouttes sur une peau propre et humide, en vous concentrant sur les imperfections, les ridules, les taches brunes et les zones d&#8217;hyperpigmentation. <\/span><span style=\"vertical-align: inherit;\">Cesser l&#8217;utilisation en cas d&#8217;irritation. <\/span><span style=\"vertical-align: inherit;\">Fabriqu\u00e9s au Royaume-Uni, les produits Facetheory contiennent une forte concentration d&#8217;actifs, donc seule une petite quantit\u00e9 est n\u00e9cessaire par utilisation.<\/span><\/span><\/p>","protected":false},"excerpt":{"rendered":"<p>D\u00e9couvrez le S\u00e9rum Porebright N10 de la marque Facetheory, un s\u00e9rum concentr\u00e9 en actifs pour aider \u00e0 r\u00e9duire l&#8217;apparence des l\u00e9sions d&#8217;acn\u00e9, des pores dilat\u00e9s et de l&#8217;hyperpigmentation. Formul\u00e9 avec de la niacinamide (vitamine B3) pour r\u00e9duire l&#8217;apparence des pores dilat\u00e9s, de l&#8217;acide hyaluronique pour r\u00e9g\u00e9n\u00e9rer et maintenir l&#8217;\u00e9quilibre hydrique de la peau, de l&#8217;acide<span class=\"read-more-faq\"><a href=\"https:\/\/sakaba.mghosteur.com\/en\/product\/porebright-n10-serum\/\">Read More<\/a><\/span><\/p>","protected":false},"featured_media":0,"comment_status":"closed","ping_status":"closed","template":"","meta":[],"product_brand":[],"product_cat":[377],"product_tag":[],"class_list":{"0":"post-26957","1":"product","2":"type-product","3":"status-publish","5":"product_cat-bath-body-works","7":"first","8":"instock","9":"shipping-taxable","10":"product-type-simple"},"jetpack-related-posts":[{"id":26954,"url":"https:\/\/sakaba.mghosteur.com\/en\/product\/facetheory-cera-c-pore-reducing-toner\/","url_meta":{"origin":26957,"position":0},"title":"FACETHEORY Cera-C Pore Reducing Toner T1","author":"admin","date":"November 28, 2022","format":false,"excerpt":"Le toner Cera-C R\u00e9ducteur de Pores T1 de Facetheory est un toner l\u00e9ger et \u00e9quilibrant formul\u00e9 avec des c\u00e9ramides et de la niacinamide (vitamine B3) pour aider \u00e0 r\u00e9duire l'apparence des pores dilat\u00e9s et restaurer l'\u00e9lasticit\u00e9 naturelle de la peau. La vitamine C stabilis\u00e9e aide \u00e0 combattre les bact\u00e9ries responsables\u2026","rel":"","context":"Similar post","block_context":{"text":"Similar post","link":""},"img":{"alt_text":"","src":"","width":0,"height":0},"classes":[]},{"id":26948,"url":"https:\/\/sakaba.mghosteur.com\/en\/product\/facetheory-glycolacsal-solution\/","url_meta":{"origin":26957,"position":1},"title":"FACETHEORY Glycolacsal Solution T4","author":"admin","date":"November 28, 2022","format":false,"excerpt":"Produit: Solution T4 Glycolacsal de la marque Facetheory La Solution T4 Glycolacsal de Facetheory est un toner exfoliant formul\u00e9 avec un trio d'acides: l'acide glycolique (8,5%), l'acide salicylique (1%) et l'acide lactique (0,5%) pour clarifier, \u00e9claircir et unifier le teint. Ces actifs acc\u00e9l\u00e8rent le renouvellement cellulaire, r\u00e9duisent les ridules, les\u2026","rel":"","context":"Similar post","block_context":{"text":"Similar post","link":""},"img":{"alt_text":"","src":"","width":0,"height":0},"classes":[]},{"id":26969,"url":"https:\/\/sakaba.mghosteur.com\/en\/product\/facetheory-lumizela-a10-serum\/","url_meta":{"origin":26957,"position":2},"title":"FACETHEORY Lumizela Azelaic Acid Serum A10","author":"admin","date":"November 28, 2022","format":false,"excerpt":"Le Lumizela Azelaic Acid Serum A10 de la marque Facetheory est un s\u00e9rum v\u00e9g\u00e9tal contenant 10% d'acide az\u00e9la\u00efque, un antioxydant naturellement pr\u00e9sent dans le bl\u00e9, le seigle et l'orge. Les \u00e9tudes cliniques ont montr\u00e9 que les produits \u00e0 base d'acide az\u00e9la\u00efque peuvent r\u00e9duire l'inflammation, minimiser l'apparition de vaisseaux sanguins visibles\u2026","rel":"","context":"Similar post","block_context":{"text":"Similar post","link":""},"img":{"alt_text":"","src":"","width":0,"height":0},"classes":[]},{"id":26871,"url":"https:\/\/sakaba.mghosteur.com\/en\/product\/skin-perfecting-bha-9-salicylic-acid\/","url_meta":{"origin":26957,"position":3},"title":"BHA 9 Treatment","author":"admin","date":"November 28, 2022","format":false,"excerpt":"Cet exfoliant BHA concentr\u00e9 et unique sans rin\u00e7age \u00e0 l'acide salicylique fait des merveilles pour am\u00e9liorer l'apparence des probl\u00e8mes de peau tenaces tels que les pores dilat\u00e9s ou obstru\u00e9s, les bosses et les plaques de peau rugueuse et s\u00e8che. Il convient m\u00eame aux peaux sujettes aux miliums. Offre une lib\u00e9ration\u2026","rel":"","context":"Similar post","block_context":{"text":"Similar post","link":""},"img":{"alt_text":"","src":"","width":0,"height":0},"classes":[]},{"id":26972,"url":"https:\/\/sakaba.mghosteur.com\/en\/product\/exaglow-serum-5tranexamic-acid\/","url_meta":{"origin":26957,"position":4},"title":"FACETHEO S\u00e9rum Exaglow S10 5% acide tranexamique","author":"admin","date":"November 28, 2022","format":false,"excerpt":"D\u00e9couvrez le s\u00e9rum Exaglow S10 de FACETHEORY, un s\u00e9rum \u00e9claircissant qui utilise des actifs cl\u00e9s pour un maximum de r\u00e9sultats. Formul\u00e9 avec de l'acide tranexamique, de la vitamine C et de la r\u00e9glisse, ce s\u00e9rum est con\u00e7u pour \u00e9claircir les taches brunes et la pigmentation, ainsi que pour lisser les\u2026","rel":"","context":"Similar post","block_context":{"text":"Similar post","link":""},"img":{"alt_text":"","src":"","width":0,"height":0},"classes":[]},{"id":26960,"url":"https:\/\/sakaba.mghosteur.com\/en\/product\/supergel-moisturiser-oil-free\/","url_meta":{"origin":26957,"position":5},"title":"FACETHEORY Supergel Oil-free Moisturiser M3 for Oily and Acne","author":"admin","date":"November 28, 2022","format":false,"excerpt":"D\u00e9couvrez le Supergel Hydratant sans huile M3 de FACETHEORY, sp\u00e9cialement formul\u00e9 pour les peaux grasses et sujettes \u00e0 l'acn\u00e9. Ce gel d'aloe vera l\u00e9ger hydrate la peau sans laisser de r\u00e9sidus gras et aide \u00e0 r\u00e9duire la taille des pores gr\u00e2ce au niacinamide et \u00e0 soulager la congestion cutan\u00e9e gr\u00e2ce\u2026","rel":"","context":"Similar post","block_context":{"text":"Similar post","link":""},"img":{"alt_text":"","src":"","width":0,"height":0},"classes":[]}],"_links":{"self":[{"href":"https:\/\/sakaba.mghosteur.com\/en\/wp-json\/wp\/v2\/product\/26957","targetHints":{"allow":["GET"]}}],"collection":[{"href":"https:\/\/sakaba.mghosteur.com\/en\/wp-json\/wp\/v2\/product"}],"about":[{"href":"https:\/\/sakaba.mghosteur.com\/en\/wp-json\/wp\/v2\/types\/product"}],"replies":[{"embeddable":true,"href":"https:\/\/sakaba.mghosteur.com\/en\/wp-json\/wp\/v2\/comments?post=26957"}],"version-history":[{"count":0,"href":"https:\/\/sakaba.mghosteur.com\/en\/wp-json\/wp\/v2\/product\/26957\/revisions"}],"wp:attachment":[{"href":"https:\/\/sakaba.mghosteur.com\/en\/wp-json\/wp\/v2\/media?parent=26957"}],"wp:term":[{"taxonomy":"product_brand","embeddable":true,"href":"https:\/\/sakaba.mghosteur.com\/en\/wp-json\/wp\/v2\/product_brand?post=26957"},{"taxonomy":"product_cat","embeddable":true,"href":"https:\/\/sakaba.mghosteur.com\/en\/wp-json\/wp\/v2\/product_cat?post=26957"},{"taxonomy":"product_tag","embeddable":true,"href":"https:\/\/sakaba.mghosteur.com\/en\/wp-json\/wp\/v2\/product_tag?post=26957"}],"curies":[{"name":"wp","href":"https:\/\/api.w.org\/{rel}","templated":true}]}}