{"id":26963,"date":"2022-11-28T17:56:22","date_gmt":"2022-11-28T17:56:22","guid":{"rendered":"http:\/\/www.sakababeauty.com\/?post_type=product&#038;p=26963"},"modified":"2023-05-11T15:31:32","modified_gmt":"2023-05-11T15:31:32","slug":"facetheory-ocuwake-eye-cream","status":"publish","type":"product","link":"https:\/\/sakaba.mghosteur.com\/en\/product\/facetheory-ocuwake-eye-cream\/","title":{"rendered":"FACETHEORY Ocuwake Eye Cream EYE1"},"content":{"rendered":"<p>Produit : FACETHEORY Ocuwake Eye Cream EYE1<\/p>\n<p>La cr\u00e8me pour les yeux FACETHEORY Ocuwake Eye Cream EYE1 est un m\u00e9lange d&#8217;actifs de pointe, con\u00e7u pour r\u00e9duire les cernes et les poches sous les yeux. La formule contient un m\u00e9lange de vitamine C, acide f\u00e9rulique, r\u00e9glisse et camomille, ainsi que la technologie d&#8217;embellissement des yeux la plus r\u00e9cente.<\/p>\n<p>La cr\u00e8me pour les yeux contient de l&#8217;hexylr\u00e9sorcinol, qui \u00e9claircit la peau et rend le contour des yeux plus lumineux. Meiview\u2122, un principe actif obtenu \u00e0 partir d&#8217;un micro-organisme extr\u00eamophile, renforce et raffermit le contour de l&#8217;\u0153il et pr\u00e9serve l&#8217;\u00e9lasticit\u00e9 de la peau. Meiview\u2122 am\u00e9liore \u00e9galement la microcirculation en r\u00e9duisant le facteur de croissance de l&#8217;endoth\u00e9lium vasculaire (VEGF), ce qui le rend parfait pour les rides et les poches au niveau des yeux.<\/p>\n<p>La cr\u00e8me pour les yeux FACETHEORY Ocuwake Eye Cream EYE1 contient \u00e9galement de la vitamine C stabilis\u00e9e, qui \u00e9claircit les cernes, de la r\u00e9glisse qui cible l&#8217;hyperpigmentation et de la camomille extraite au CO2 qui apaise les peaux d\u00e9licates. Les antioxydants contenus dans la vitamine C stabilis\u00e9e, l&#8217;acide f\u00e9rulique et la vitamine E combattent les signes de l&#8217;\u00e2ge.<\/p>\n<p>La cr\u00e8me pour les yeux FACETHEORY Ocuwake Eye Cream EYE1 ne contient pas de parab\u00e8nes, silicones, PEG, SLS, SLES et huiles min\u00e9rales. Elle est v\u00e9g\u00e9talienne et non test\u00e9e sur les animaux. Elle est recommand\u00e9e pour tous les types de peau et contient une forte concentration d&#8217;actifs, donc seule une petite quantit\u00e9 est n\u00e9cessaire par utilisation.<\/p>\n<p>Les ingr\u00e9dients actifs de la cr\u00e8me pour les yeux FACETHEORY Ocuwake Eye Cream EYE1 incluent de l&#8217;huile d&#8217;argan biologique, de l&#8217;extrait de camomille (CO2), de l&#8217;acide f\u00e9rulique, de l&#8217;hexylr\u00e9sorcinol, de l&#8217;huile de jojoba et de Meiview\u2122, un extrait de ferment bact\u00e9rien qui renforce et raffermit le contour des yeux et prot\u00e8ge contre la perte d&#8217;\u00e9lasticit\u00e9.<\/p>","protected":false},"excerpt":{"rendered":"<p>Produit : FACETHEORY Ocuwake Eye Cream EYE1 La cr\u00e8me pour les yeux FACETHEORY Ocuwake Eye Cream EYE1 est un m\u00e9lange d&#8217;actifs de pointe, con\u00e7u pour r\u00e9duire les cernes et les poches sous les yeux. La formule contient un m\u00e9lange de vitamine C, acide f\u00e9rulique, r\u00e9glisse et camomille, ainsi que la technologie d&#8217;embellissement des yeux la<span class=\"read-more-faq\"><a href=\"https:\/\/sakaba.mghosteur.com\/en\/product\/facetheory-ocuwake-eye-cream\/\">Read More<\/a><\/span><\/p>","protected":false},"featured_media":0,"comment_status":"closed","ping_status":"closed","template":"","meta":[],"product_brand":[],"product_cat":[377],"product_tag":[],"class_list":{"0":"post-26963","1":"product","2":"type-product","3":"status-publish","5":"product_cat-bath-body-works","7":"first","8":"instock","9":"shipping-taxable","10":"product-type-simple"},"jetpack-related-posts":[{"id":23938,"url":"https:\/\/sakaba.mghosteur.com\/en\/product\/cerave-eye-repair-cream\/","url_meta":{"origin":26963,"position":0},"title":"CERAVE EYE REPAIR CREAM","author":"admin","date":"November 9, 2022","format":false,"excerpt":"La Cr\u00e8me R\u00e9paratrice Yeux s\u00e8che des diab\u00e9tiques de CeraVe est sp\u00e9cialement con\u00e7ue pour les personnes atteintes de diab\u00e8te qui souffrent de s\u00e9cheresse oculaire. Cette cr\u00e8me hydratante pour les yeux est formul\u00e9e avec de l'acide hyaluronique et des c\u00e9ramides qui aident \u00e0 hydrater et \u00e0 renforcer la barri\u00e8re protectrice de la\u2026","rel":"","context":"Similar post","block_context":{"text":"Similar post","link":""},"img":{"alt_text":"","src":"","width":0,"height":0},"classes":[]},{"id":27622,"url":"https:\/\/sakaba.mghosteur.com\/en\/product\/age-correcting-eye-cream\/","url_meta":{"origin":26963,"position":1},"title":"AGE CORRECTING EYE CREAM","author":"admin","date":"November 29, 2022","format":false,"excerpt":"La marque HadaLabo vous pr\u00e9sente sa cr\u00e8me contour des yeux anti-\u00e2ge, une formule l\u00e9g\u00e8re et multifonctionnelle con\u00e7ue pour traiter les principaux signes de l'\u00e2ge et de la fatigue pour transformer visiblement toute la zone des yeux. Cette cr\u00e8me de 0,5 oz est id\u00e9ale pour restaurer l'humidit\u00e9, lisser les rides et\u2026","rel":"","context":"Similar post","block_context":{"text":"Similar post","link":""},"img":{"alt_text":"","src":"","width":0,"height":0},"classes":[]},{"id":31840,"url":"https:\/\/sakaba.mghosteur.com\/en\/product\/olay-ultimate-eye-cream\/","url_meta":{"origin":26963,"position":2},"title":"Olay Ultimate Eye Cream","author":"admin","date":"May 10, 2024","format":false,"excerpt":"La cr\u00e8me pour les yeux Olay Eyes Ultimate est une cr\u00e8me pour les yeux 3 en 1 qui combat les rides, les yeux gonfl\u00e9s et les cernes. Elle contient des peptides et des vitamines pour renouveler la surface de la peau et r\u00e9duire les poches. Elle dispose \u00e9galement d'une technologie\u2026","rel":"","context":"Similar post","block_context":{"text":"Similar post","link":""},"img":{"alt_text":"","src":"","width":0,"height":0},"classes":[]},{"id":26984,"url":"https:\/\/sakaba.mghosteur.com\/en\/product\/facetheory-regena-c-moisturiser\/","url_meta":{"origin":26963,"position":3},"title":"FACETHEORY Regena-C Moisturiser M4","author":"admin","date":"November 28, 2022","format":false,"excerpt":"Le Regena-C Moisturiser M4 de la marque FACETHEORY est une cr\u00e8me hydratante rapidement absorb\u00e9e qui contient de l'ester de r\u00e9tinol pour prot\u00e9ger la peau contre les dommages environnementaux et favoriser son renouvellement cellulaire. Cette cr\u00e8me est formul\u00e9e avec de la vitamine C et de la vitamine E, qui aident \u00e0\u2026","rel":"","context":"Similar post","block_context":{"text":"Similar post","link":""},"img":{"alt_text":"","src":"","width":0,"height":0},"classes":[]},{"id":31801,"url":"https:\/\/sakaba.mghosteur.com\/en\/product\/olay-eyes-brigthtening-eye-cream\/","url_meta":{"origin":26963,"position":4},"title":"Olay Eyes Brigthtening eye cream","author":"admin","date":"May 10, 2024","format":false,"excerpt":"La cr\u00e8me \u00e9claircissante pour les yeux Olay pour les cernes est une cr\u00e8me qui hydrate le contour des yeux pour aider \u00e0 r\u00e9duire les cernes, les rides et \u00e0 lisser les ridules. Elle contient de la vitamine E, de la vitamine C, de la caf\u00e9ine, de la niacinamide et du\u2026","rel":"","context":"Similar post","block_context":{"text":"Similar post","link":""},"img":{"alt_text":"","src":"","width":0,"height":0},"classes":[]},{"id":29435,"url":"https:\/\/sakaba.mghosteur.com\/en\/product\/cosrx-advanced-snail-peptide-eye-cream\/","url_meta":{"origin":26963,"position":5},"title":"COSRX ADVANCED SNAIL PEPTIDE EYE CREAM","author":"admin","date":"April 4, 2023","format":false,"excerpt":"La cr\u00e8me pour les yeux aux peptides d'escargot avanc\u00e9e de la marque COSRX est un produit efficace pour illuminer le contour des yeux et \u00e9liminer l'apparence de fatigue. Cette cr\u00e8me pour les yeux est l\u00e9g\u00e8re et hydratante avec une absorption rapide pour tous les \u00e2ges, y compris les adolescents. Elle\u2026","rel":"","context":"Similar post","block_context":{"text":"Similar post","link":""},"img":{"alt_text":"","src":"","width":0,"height":0},"classes":[]}],"_links":{"self":[{"href":"https:\/\/sakaba.mghosteur.com\/en\/wp-json\/wp\/v2\/product\/26963","targetHints":{"allow":["GET"]}}],"collection":[{"href":"https:\/\/sakaba.mghosteur.com\/en\/wp-json\/wp\/v2\/product"}],"about":[{"href":"https:\/\/sakaba.mghosteur.com\/en\/wp-json\/wp\/v2\/types\/product"}],"replies":[{"embeddable":true,"href":"https:\/\/sakaba.mghosteur.com\/en\/wp-json\/wp\/v2\/comments?post=26963"}],"version-history":[{"count":0,"href":"https:\/\/sakaba.mghosteur.com\/en\/wp-json\/wp\/v2\/product\/26963\/revisions"}],"wp:attachment":[{"href":"https:\/\/sakaba.mghosteur.com\/en\/wp-json\/wp\/v2\/media?parent=26963"}],"wp:term":[{"taxonomy":"product_brand","embeddable":true,"href":"https:\/\/sakaba.mghosteur.com\/en\/wp-json\/wp\/v2\/product_brand?post=26963"},{"taxonomy":"product_cat","embeddable":true,"href":"https:\/\/sakaba.mghosteur.com\/en\/wp-json\/wp\/v2\/product_cat?post=26963"},{"taxonomy":"product_tag","embeddable":true,"href":"https:\/\/sakaba.mghosteur.com\/en\/wp-json\/wp\/v2\/product_tag?post=26963"}],"curies":[{"name":"wp","href":"https:\/\/api.w.org\/{rel}","templated":true}]}}