{"id":26966,"date":"2022-11-28T17:57:42","date_gmt":"2022-11-28T17:57:42","guid":{"rendered":"http:\/\/www.sakababeauty.com\/?post_type=product&#038;p=26966"},"modified":"2023-05-11T13:01:13","modified_gmt":"2023-05-11T13:01:13","slug":"bha-exfoliant-serum-2salicylic-acid-with-green-te","status":"publish","type":"product","link":"https:\/\/sakaba.mghosteur.com\/en\/product\/bha-exfoliant-serum-2salicylic-acid-with-green-te\/","title":{"rendered":"FACETHEORY BHA Exfoliating Serum S3"},"content":{"rendered":"<p>Le BHA Exfoliating Serum S3 de FACETHEORY est un exfoliant liquide sans rin\u00e7age reformul\u00e9 avec 5 % de BHA &#8211; 2 % d&#8217;acide salicylique et maintenant avec 3 % de carnitine &#8211; pour cibler l&#8217;acn\u00e9, les cellules mortes, les rides et les ridules tout en hydratant et nourrissant la peau. Ce produit contient un ingr\u00e9dient actif cl\u00e9, la carnitine, qui est un acide b\u00eata-hydroxy aux propri\u00e9t\u00e9s antioxydantes et anti-inflammatoires prouv\u00e9es pour am\u00e9liorer l&#8217;hydratation de la peau et aider \u00e0 contr\u00f4ler la production de s\u00e9bum. L&#8217;acide salicylique acc\u00e9l\u00e8re le renouvellement cellulaire de la peau pour r\u00e9v\u00e9ler un teint plus doux et plus lumineux. Les extraits de th\u00e9 vert, de camomille, d&#8217;aloe vera et la vitamine E apaisent et revitalisent la peau, tandis que ce produit est exempt de parab\u00e8nes, silicones, PEG, SLS, SLES et huiles min\u00e9rales. Ce produit est v\u00e9g\u00e9talien et sans cruaut\u00e9, fabriqu\u00e9 au Royaume-Uni. Il est recommand\u00e9 pour la plupart des types de peau, y compris les peaux grasses et \u00e0 tendance acn\u00e9ique. Les ingr\u00e9dients actifs de ce produit sont la carnitine, l&#8217;extrait de camomille (CO2), l&#8217;extrait de th\u00e9 vert, l&#8217;acide salicylique, l&#8217;hyaluronate de sodium et la vitamine E. Pour l&#8217;utiliser, il suffit d&#8217;appliquer quelques gouttes sur une peau propre et humide, en se concentrant sur les imperfections, les ridules, les taches brunes et les zones d&#8217;hyperpigmentation, puis de suivre avec votre cr\u00e8me hydratante pr\u00e9f\u00e9r\u00e9e. Veuillez noter que ce produit contient un acide b\u00eata-hydroxy (BHA) qui peut augmenter la sensibilit\u00e9 de votre peau au soleil, il est donc recommand\u00e9 d&#8217;utiliser un \u00e9cran solaire, de porter des v\u00eatements de protection et de limiter l&#8217;exposition au soleil pendant l&#8217;utilisation de ce produit et pendant une semaine apr\u00e8s. Il est conseill\u00e9 de tester d&#8217;abord sur une petite surface et d&#8217;arr\u00eater en cas d&#8217;irritation. Ce produit ne doit pas \u00eatre utilis\u00e9 simultan\u00e9ment avec des produits \u00e0 base de r\u00e9tinol tant que vous n&#8217;avez pas vu comment votre peau r\u00e9agit au BHA, et il ne doit pas \u00eatre utilis\u00e9 si vous \u00eates allergique \u00e0 l&#8217;aspirine, si vous avez moins de 18 ans ou si vous \u00eates enceinte. Il est recommand\u00e9 de demander conseil \u00e0 votre m\u00e9decin avant utilisation.<\/p>","protected":false},"excerpt":{"rendered":"<p>Le BHA Exfoliating Serum S3 de FACETHEORY est un exfoliant liquide sans rin\u00e7age reformul\u00e9 avec 5 % de BHA &#8211; 2 % d&#8217;acide salicylique et maintenant avec 3 % de carnitine &#8211; pour cibler l&#8217;acn\u00e9, les cellules mortes, les rides et les ridules tout en hydratant et nourrissant la peau. Ce produit contient un ingr\u00e9dient<span class=\"read-more-faq\"><a href=\"https:\/\/sakaba.mghosteur.com\/en\/product\/bha-exfoliant-serum-2salicylic-acid-with-green-te\/\">Read More<\/a><\/span><\/p>","protected":false},"featured_media":0,"comment_status":"closed","ping_status":"closed","template":"","meta":[],"product_brand":[],"product_cat":[377],"product_tag":[],"class_list":{"0":"post-26966","1":"product","2":"type-product","3":"status-publish","5":"product_cat-bath-body-works","7":"first","8":"instock","9":"shipping-taxable","10":"product-type-simple"},"jetpack-related-posts":[{"id":27417,"url":"https:\/\/sakaba.mghosteur.com\/en\/product\/the-inkey-list-beta-hydroxy-acid\/","url_meta":{"origin":26966,"position":0},"title":"THE INKEY LIST BETA HYDROXY ACID","author":"admin","date":"November 29, 2022","format":false,"excerpt":"Ce s\u00e9rum d'acide b\u00eata-hydroxyl\u00e9 (BHA) de la marque The Inkey List est un must-have pour tous ceux qui cherchent \u00e0 am\u00e9liorer leur routine de soin de la peau. Avec une concentration de 2 % d'acide salicylique, il est capable de p\u00e9n\u00e9trer profond\u00e9ment dans les pores de votre peau, aidant \u00e0\u2026","rel":"","context":"Similar post","block_context":{"text":"Similar post","link":""},"img":{"alt_text":"","src":"","width":0,"height":0},"classes":[]},{"id":26945,"url":"https:\/\/sakaba.mghosteur.com\/en\/product\/clarifying-cleanser\/","url_meta":{"origin":26966,"position":1},"title":"FACETHEORY Clarifying Cleanser C2","author":"admin","date":"November 28, 2022","format":false,"excerpt":"Le FACETHEORY Clarifying Cleanser C2 est une cr\u00e8me nettoyante clarifiante qui contient un puissant m\u00e9lange d'acides \u00e0 faible pH pour les peaux mixtes ou grasses, congestionn\u00e9es et sujettes aux imperfections. Il contient 2% d'acide salicylique qui p\u00e9n\u00e8tre profond\u00e9ment dans les pores pour \u00e9liminer la salet\u00e9 emprisonn\u00e9e et r\u00e9duire l'apparence des\u2026","rel":"","context":"Similar post","block_context":{"text":"Similar post","link":""},"img":{"alt_text":"","src":"","width":0,"height":0},"classes":[]},{"id":26948,"url":"https:\/\/sakaba.mghosteur.com\/en\/product\/facetheory-glycolacsal-solution\/","url_meta":{"origin":26966,"position":2},"title":"FACETHEORY Glycolacsal Solution T4","author":"admin","date":"November 28, 2022","format":false,"excerpt":"Produit: Solution T4 Glycolacsal de la marque Facetheory La Solution T4 Glycolacsal de Facetheory est un toner exfoliant formul\u00e9 avec un trio d'acides: l'acide glycolique (8,5%), l'acide salicylique (1%) et l'acide lactique (0,5%) pour clarifier, \u00e9claircir et unifier le teint. Ces actifs acc\u00e9l\u00e8rent le renouvellement cellulaire, r\u00e9duisent les ridules, les\u2026","rel":"","context":"Similar post","block_context":{"text":"Similar post","link":""},"img":{"alt_text":"","src":"","width":0,"height":0},"classes":[]},{"id":29216,"url":"https:\/\/sakaba.mghosteur.com\/en\/product\/bha-clarify-gel-cream\/","url_meta":{"origin":26966,"position":3},"title":"BHA CLARIFY GEL CREAM","author":"admin","date":"March 21, 2023","format":false,"excerpt":"Le Gel-Cr\u00e8me Clarifiant BHA est une solution parfaite pour apaiser les peaux irrit\u00e9es sujettes aux imperfections. Ce produit est con\u00e7u avec une formule l\u00e9g\u00e8re qui contient un m\u00e9lange d'acide salicylique, d'extraits de th\u00e9 vert et de centella asiatica pour calmer la peau et lutter contre l'apparition des \u00e9ruptions cutan\u00e9es. De\u2026","rel":"","context":"Similar post","block_context":{"text":"Similar post","link":""},"img":{"alt_text":"","src":"","width":0,"height":0},"classes":[]},{"id":26957,"url":"https:\/\/sakaba.mghosteur.com\/en\/product\/porebright-n10-serum\/","url_meta":{"origin":26966,"position":4},"title":"FACETHEORY Porebright Serum N10","author":"admin","date":"November 28, 2022","format":false,"excerpt":"D\u00e9couvrez le S\u00e9rum Porebright N10 de la marque Facetheory, un s\u00e9rum concentr\u00e9 en actifs pour aider \u00e0 r\u00e9duire l'apparence des l\u00e9sions d'acn\u00e9, des pores dilat\u00e9s et de l'hyperpigmentation. Formul\u00e9 avec de la niacinamide (vitamine B3) pour r\u00e9duire l'apparence des pores dilat\u00e9s, de l'acide hyaluronique pour r\u00e9g\u00e9n\u00e9rer et maintenir l'\u00e9quilibre hydrique\u2026","rel":"","context":"Similar post","block_context":{"text":"Similar post","link":""},"img":{"alt_text":"","src":"","width":0,"height":0},"classes":[]},{"id":26969,"url":"https:\/\/sakaba.mghosteur.com\/en\/product\/facetheory-lumizela-a10-serum\/","url_meta":{"origin":26966,"position":5},"title":"FACETHEORY Lumizela Azelaic Acid Serum A10","author":"admin","date":"November 28, 2022","format":false,"excerpt":"Le Lumizela Azelaic Acid Serum A10 de la marque Facetheory est un s\u00e9rum v\u00e9g\u00e9tal contenant 10% d'acide az\u00e9la\u00efque, un antioxydant naturellement pr\u00e9sent dans le bl\u00e9, le seigle et l'orge. Les \u00e9tudes cliniques ont montr\u00e9 que les produits \u00e0 base d'acide az\u00e9la\u00efque peuvent r\u00e9duire l'inflammation, minimiser l'apparition de vaisseaux sanguins visibles\u2026","rel":"","context":"Similar post","block_context":{"text":"Similar post","link":""},"img":{"alt_text":"","src":"","width":0,"height":0},"classes":[]}],"_links":{"self":[{"href":"https:\/\/sakaba.mghosteur.com\/en\/wp-json\/wp\/v2\/product\/26966","targetHints":{"allow":["GET"]}}],"collection":[{"href":"https:\/\/sakaba.mghosteur.com\/en\/wp-json\/wp\/v2\/product"}],"about":[{"href":"https:\/\/sakaba.mghosteur.com\/en\/wp-json\/wp\/v2\/types\/product"}],"replies":[{"embeddable":true,"href":"https:\/\/sakaba.mghosteur.com\/en\/wp-json\/wp\/v2\/comments?post=26966"}],"version-history":[{"count":0,"href":"https:\/\/sakaba.mghosteur.com\/en\/wp-json\/wp\/v2\/product\/26966\/revisions"}],"wp:attachment":[{"href":"https:\/\/sakaba.mghosteur.com\/en\/wp-json\/wp\/v2\/media?parent=26966"}],"wp:term":[{"taxonomy":"product_brand","embeddable":true,"href":"https:\/\/sakaba.mghosteur.com\/en\/wp-json\/wp\/v2\/product_brand?post=26966"},{"taxonomy":"product_cat","embeddable":true,"href":"https:\/\/sakaba.mghosteur.com\/en\/wp-json\/wp\/v2\/product_cat?post=26966"},{"taxonomy":"product_tag","embeddable":true,"href":"https:\/\/sakaba.mghosteur.com\/en\/wp-json\/wp\/v2\/product_tag?post=26966"}],"curies":[{"name":"wp","href":"https:\/\/api.w.org\/{rel}","templated":true}]}}